{"id":20424,"date":"2023-06-12T08:08:06","date_gmt":"2023-06-12T08:08:06","guid":{"rendered":"https:\/\/365-housse.com\/products\/housse-chaise-scandinave-impermeable-beige\/"},"modified":"2024-09-17T15:10:06","modified_gmt":"2024-09-17T15:10:06","slug":"housse-chaise-scandinave-impermeable-beige","status":"publish","type":"product","link":"https:\/\/365-housse.com\/es\/productos\/housse-chaise-scandinave-impermeable-beige\/","title":{"rendered":"Funda para silla escandinava impermeable Beige"},"content":{"rendered":"<h2 data-mce-fragment=\"1\" data-pm-slice=\"1 1 []\">Esta <strong data-mce-fragment=\"1\">funda impermeable para silla escandinava beige<\/strong> proteger\u00e1 su asiento polvo, manchas y da\u00f1os. El color beige ofrece un toque suave a la decoraci\u00f3n interior y combina con casi cualquier tono, lo que lo hace vers\u00e1til para una amplia gama de ocasiones. Se adapta a una variedad de entornos y complementar\u00e1 el estilo.<\/h2>\n<p data-mce-fragment=\"1\"><span data-mce-fragment=\"1\"><strong data-mce-fragment=\" 1\">Ventajas:<\/strong><\/span><\/p>\n<ul data-mce-fragment=\"1\">\n<li data-mce-fragment=\"1\">\n<p data-mce-fragment=\" 1\">A\u00f1ade un toque elegante y de dise\u00f1o a su interior<\/p>\n<\/li>\n<li data-mce-fragment=\"1\">\n<p data-mce-fragment=\"1\">La funda ofrece una protecci\u00f3n \u00f3ptima contra desgaste, suciedad, manchas, mascotas,&#8230;<\/p>\n<\/li>\n<li data-mce-fragment=\"1\">\n<p data-mce-fragment=\"1\">Se adapta en segundos, <span>nuestras fundas tienen propiedades el\u00e1sticas para adaptarse perfectamente al 99% de los modelos de sillas<\/span><\/p>\n<\/li>\n<li data-mce-fragment=\"1\"><span>Hecho de tela premium<\/span><\/li>\n<\/ul>\n<p><span data-mce-fragment=\"1\"><strong data-mce-fragment=\"1\">Caracter\u00edsticas: <\/strong><\/span><\/p>\n<ul>\n<li data-mce-fragment=\"1\">\n<p data-mce-fragment=\"1\"><span data-mce-fragment=\"1\">Hardware:<\/span><span data-mce-fragment=\"1\">Poli\u00e9ster el\u00e1stico de primera calidad<\/span><\/ p> <\/li>\n<li data-mce-fragment=\"1\">\n<p data-mce-fragment=\"1\"><span data-mce-fragment=\"1\">La tela de alta densidad protege su silla de imprevistos. manchas<\/span><\/p>\n<\/li>\n<li data-mce-fragment=\"1\">\n<p data-mce-fragment=\"1\"><span data-mce-fragment=\"1\">Alta -rendimiento <strong data-mce-fragment=\"1\">tecnolog\u00eda de impresi\u00f3n<\/strong> para una mayor durabilidad del color a la luz y al lavado<\/span><\/p>\n<\/li>\n<li data-mce-fragment=\" 1\">\n<p data-mce-fragment=\"1\"><span>F\u00e1cil de colocar<\/span><\/p>\n<\/li>\n<li data-mce-fragment=\"1\">\n<p data-mce-fragment=\"1\"><span>Mantiene su silla limpia y en buenas condiciones<\/span><br data-mce-fragment=\" 1\" \/><\/p>\n<\/li>\n<li data-mce-fragment=\"1\">\n<p data-mce-fragment=\"1\"><span data-mce-fragment=\"1\">Banda el\u00e1stica su dise\u00f1o garantiza un ajuste perfecto y un agarre antideslizante<\/span><\/p>\n<\/li>\n<li data-mce-fragment=\"1\">\n<p data-mce-fragment=\"1\">Lavar a m\u00e1quina<\/ p> <\/li>\n<\/ul>\n<p data-mce-fragment=\"1\"><span data-mce-fragment=\"1\"><strong data-mce-fragment=\"1\">Gu\u00eda de tallas:<\/strong><\/span><\/p>\n<p data-mce data-mce-style=\"text-align: center;\" style=\"text-align: center\"><img decoding=\"async\" alt=\"\" src=\"https:\/\/365-housse.com\/wp-content\/uploads\/2023\/06\/housse-de-chaise-scandinave-universelle-taille_480x480 .jpg?v=1676402390\" \/><\/p>\n<div data-mce-fragment=\"1\">\n<div data-mce-fragment=\"1\"><span data-mce-fragment=\"1\">Nuestro Las fundas para sillas escandinavas son universales y se adaptan a muchos asientos<\/span><\/div>\n<div data-mce-fragment=\"1\"> <span data-mce-fragment=\"1\"><\/span> <br data-mce \/><\/div>\n<div data-mce-fragment=\"1\"><span data-mce-fragment=\"1\"><img decoding=\"async\" alt=\"\" data-mce data-mce-src=\"https:\/\/365-housse.com\/wp-content\/uploads\/2023\/06\/Capture_d_ecran_2021-06-22_a_15.41.07_480x480.png?v=1624369341\" data-mce-style=\" mostrar: bloque; margen izquierdo: autom\u00e1tico; margen derecho: autom\u00e1tico;\" src=\"https:\/\/365-housse.com\/wp-content\/uploads\/2023\/06\/Capture_d_ecran_2021-06-22_a_15.41.07_480x480.png?v=1624369341\" \/><\/span><\/div>\n<div data-mce-fragment=\"1\"> <span data-mce-fragment=\"1\"><\/span> <\/div>\n<\/p><\/div>\n<div data-mce-fragment=\"1\"><span> <\/span><\/div>\n<div data-mce-fragment=\"1\"><span>La diferencia antes\/despu\u00e9s: <\/span><\/div>\n<div data-mce-fragment=\"1\"><span><img decoding=\"async\" alt=\"\" src=\"https:\/\/365-housse.com\/wp-content\/uploads\/2023\/06\/housse -of-scandinave-chair-usage_480x480.jpg?v=1676225221\" style=\"margin-left: auto;margin-right: auto\" \/><\/span><\/div>\n<h3>Destaca tu hogar con un <strong>Funda para silla escandinava impermeable color beige<\/strong>!<\/h3>\n<p>Dale a tu decoraci\u00f3n un aire escandinavo moderno con esta <a href=\"https:\/\/365-housse.com\/es\/collections\/funda-para-silla-escandinava\/\" rel=\"noopener noreferrer\" target=\" _blank \" title=\"Funda para silla escandinava\"><strong>Funda para silla escandinava<\/strong><\/a> pr\u00e1ctica e impermeable. Es perfecto para restaurantes, hoteles, pubs y cafeter\u00edas. Dise\u00f1ado para adaptarse a sillas de tama\u00f1o est\u00e1ndar, viene en varios colores para combinar con su decoraci\u00f3n.<\/p>\n<p>Nuestra <a href=\"https:\/\/365-housse.com\/products\/scandinave-chaise-cover-impermeable-beige\/\" rel=\"noopener noreferrer\" target=\"_blank\" title=\"Funda para silla escandinava impermeable Beige\"><strong>Funda para silla escandinava impermeable en color beige<\/strong><\/a> tambi\u00e9n a\u00f1adir\u00e1 estilo a tu mesa. Es ideal para el hogar o la oficina, ya que cabe en casi cualquier habitaci\u00f3n.<\/p>\n<h3>\u00a1Empieza poniendo la <strong>funda impermeable para silla escandinava beige<\/strong> en tu espalda!<\/h3>\n","protected":false},"excerpt":{"rendered":"<p>Esta funda impermeable para silla escandinava beige proteger\u00e1 su asiento polvo, manchas y da\u00f1os. El color beige ofrece un toque suave a la decoraci\u00f3n interior y combina con casi cualquier tono, lo que lo hace vers\u00e1til para una amplia gama de ocasiones. Se adapta a una variedad de entornos y complementar\u00e1 el estilo. Ventajas: A\u00f1ade [&hellip;]<\/p>\n","protected":false},"featured_media":15755,"comment_status":"open","ping_status":"closed","template":"","meta":[],"product_cat":[156,161],"product_tag":[212],"class_list":{"0":"post-20424","1":"product","2":"type-product","3":"status-publish","4":"has-post-thumbnail","6":"product_cat-funda-para-silla-escandinava","7":"product_cat-portada-interior","8":"product_tag-chaise-es","10":"first","11":"instock","12":"shipping-taxable","13":"purchasable","14":"product-type-simple"},"yoast_head":"<title>Funda para silla escandinava impermeable Beige en entrega - gratis Ahorra un 30% en tu pedido<\/title>\n<meta name=\"description\" content=\"Recibe tu Funda para silla escandinava impermeable Beige hoy y benef\u00edciate de la entrega - gratuita Env\u00edo en 24\/48h\" \/>\n<meta name=\"robots\" content=\"index, follow, max-snippet:-1, max-image-preview:large, max-video-preview:-1\" \/>\n<link rel=\"canonical\" href=\"https:\/\/365-housse.com\/es\/productos\/housse-chaise-scandinave-impermeable-beige\/\" \/>\n<meta property=\"og:locale\" content=\"es_ES\" \/>\n<meta property=\"og:type\" content=\"article\" \/>\n<meta property=\"og:title\" content=\"Funda para silla escandinava impermeable Beige en entrega - gratis Ahorra un 30% en tu pedido\" \/>\n<meta property=\"og:description\" content=\"Recibe tu Funda para silla escandinava impermeable Beige hoy y benef\u00edciate de la entrega - gratuita Env\u00edo en 24\/48h\" \/>\n<meta property=\"og:url\" content=\"https:\/\/365-housse.com\/es\/productos\/housse-chaise-scandinave-impermeable-beige\/\" \/>\n<meta property=\"og:site_name\" content=\"Housse de Canap\u00e9\" \/>\n<meta property=\"article:modified_time\" content=\"2024-09-17T15:10:06+00:00\" \/>\n<meta property=\"og:image\" content=\"https:\/\/365-housse.com\/wp-content\/uploads\/2023\/06\/housse-de-chaise-scandinave-impermeable-beige.png\" \/>\n\t<meta property=\"og:image:width\" content=\"447\" \/>\n\t<meta property=\"og:image:height\" content=\"448\" \/>\n\t<meta property=\"og:image:type\" content=\"image\/png\" \/>\n<meta name=\"twitter:card\" content=\"summary_large_image\" \/>\n<meta name=\"twitter:label1\" content=\"Tiempo de lectura\" \/>\n\t<meta name=\"twitter:data1\" content=\"2 minutos\" \/>\n<script type=\"application\/ld+json\" class=\"yoast-schema-graph\">{\"@context\":\"https:\/\/schema.org\",\"@graph\":[{\"@type\":\"WebPage\",\"@id\":\"https:\/\/365-housse.com\/es\/productos\/housse-chaise-scandinave-impermeable-beige\/\",\"url\":\"https:\/\/365-housse.com\/es\/productos\/housse-chaise-scandinave-impermeable-beige\/\",\"name\":\"Funda para silla escandinava impermeable Beige en entrega - gratis Ahorra un 30% en tu pedido\",\"isPartOf\":{\"@id\":\"https:\/\/365-housse.com\/es\/#website\"},\"primaryImageOfPage\":{\"@id\":\"https:\/\/365-housse.com\/es\/productos\/housse-chaise-scandinave-impermeable-beige\/#primaryimage\"},\"image\":{\"@id\":\"https:\/\/365-housse.com\/es\/productos\/housse-chaise-scandinave-impermeable-beige\/#primaryimage\"},\"thumbnailUrl\":\"https:\/\/365-housse.com\/wp-content\/uploads\/2023\/06\/housse-de-chaise-scandinave-impermeable-beige.png\",\"datePublished\":\"2023-06-12T08:08:06+00:00\",\"dateModified\":\"2024-09-17T15:10:06+00:00\",\"description\":\"Recibe tu Funda para silla escandinava impermeable Beige hoy y benef\u00edciate de la entrega - gratuita Env\u00edo en 24\/48h\",\"breadcrumb\":{\"@id\":\"https:\/\/365-housse.com\/es\/productos\/housse-chaise-scandinave-impermeable-beige\/#breadcrumb\"},\"inLanguage\":\"es\",\"potentialAction\":[{\"@type\":\"ReadAction\",\"target\":[\"https:\/\/365-housse.com\/es\/productos\/housse-chaise-scandinave-impermeable-beige\/\"]}]},{\"@type\":\"ImageObject\",\"inLanguage\":\"es\",\"@id\":\"https:\/\/365-housse.com\/es\/productos\/housse-chaise-scandinave-impermeable-beige\/#primaryimage\",\"url\":\"https:\/\/365-housse.com\/wp-content\/uploads\/2023\/06\/housse-de-chaise-scandinave-impermeable-beige.png\",\"contentUrl\":\"https:\/\/365-housse.com\/wp-content\/uploads\/2023\/06\/housse-de-chaise-scandinave-impermeable-beige.png\",\"width\":447,\"height\":448},{\"@type\":\"BreadcrumbList\",\"@id\":\"https:\/\/365-housse.com\/es\/productos\/housse-chaise-scandinave-impermeable-beige\/#breadcrumb\",\"itemListElement\":[{\"@type\":\"ListItem\",\"position\":1,\"name\":\"Accueil\",\"item\":\"https:\/\/365-housse.com\/es\/\"},{\"@type\":\"ListItem\",\"position\":2,\"name\":\"Tienda\",\"item\":\"https:\/\/365-housse.com\/es\/tienda\/\"},{\"@type\":\"ListItem\",\"position\":3,\"name\":\"Funda para silla escandinava impermeable Beige\"}]},{\"@type\":\"WebSite\",\"@id\":\"https:\/\/365-housse.com\/es\/#website\",\"url\":\"https:\/\/365-housse.com\/es\/\",\"name\":\"Housse de Canap\u00e9\",\"description\":\"Le N\u00b01 de la Housse\",\"publisher\":{\"@id\":\"https:\/\/365-housse.com\/es\/#organization\"},\"potentialAction\":[{\"@type\":\"SearchAction\",\"target\":{\"@type\":\"EntryPoint\",\"urlTemplate\":\"https:\/\/365-housse.com\/es\/?s={search_term_string}\"},\"query-input\":{\"@type\":\"PropertyValueSpecification\",\"valueRequired\":true,\"valueName\":\"search_term_string\"}}],\"inLanguage\":\"es\"},{\"@type\":\"Organization\",\"@id\":\"https:\/\/365-housse.com\/es\/#organization\",\"name\":\"Housse de Canap\u00e9\",\"url\":\"https:\/\/365-housse.com\/es\/\",\"logo\":{\"@type\":\"ImageObject\",\"inLanguage\":\"es\",\"@id\":\"https:\/\/365-housse.com\/es\/#\/schema\/logo\/image\/\",\"url\":\"https:\/\/365-housse.com\/wp-content\/uploads\/2023\/06\/LOGO-400-\u00d7-200-px-392-x-134-px-16.png\",\"contentUrl\":\"https:\/\/365-housse.com\/wp-content\/uploads\/2023\/06\/LOGO-400-\u00d7-200-px-392-x-134-px-16.png\",\"width\":392,\"height\":134,\"caption\":\"Housse de Canap\u00e9\"},\"image\":{\"@id\":\"https:\/\/365-housse.com\/es\/#\/schema\/logo\/image\/\"}}]}<\/script>","yoast_head_json":{"title":"Funda para silla escandinava impermeable Beige en entrega - gratis Ahorra un 30% en tu pedido","description":"Recibe tu Funda para silla escandinava impermeable Beige hoy y benef\u00edciate de la entrega - gratuita Env\u00edo en 24\/48h","robots":{"index":"index","follow":"follow","max-snippet":"max-snippet:-1","max-image-preview":"max-image-preview:large","max-video-preview":"max-video-preview:-1"},"canonical":"https:\/\/365-housse.com\/es\/productos\/housse-chaise-scandinave-impermeable-beige\/","og_locale":"es_ES","og_type":"article","og_title":"Funda para silla escandinava impermeable Beige en entrega - gratis Ahorra un 30% en tu pedido","og_description":"Recibe tu Funda para silla escandinava impermeable Beige hoy y benef\u00edciate de la entrega - gratuita Env\u00edo en 24\/48h","og_url":"https:\/\/365-housse.com\/es\/productos\/housse-chaise-scandinave-impermeable-beige\/","og_site_name":"Housse de Canap\u00e9","article_modified_time":"2024-09-17T15:10:06+00:00","og_image":[{"width":447,"height":448,"url":"https:\/\/365-housse.com\/wp-content\/uploads\/2023\/06\/housse-de-chaise-scandinave-impermeable-beige.png","type":"image\/png"}],"twitter_card":"summary_large_image","twitter_misc":{"Tiempo de lectura":"2 minutos"},"schema":{"@context":"https:\/\/schema.org","@graph":[{"@type":"WebPage","@id":"https:\/\/365-housse.com\/es\/productos\/housse-chaise-scandinave-impermeable-beige\/","url":"https:\/\/365-housse.com\/es\/productos\/housse-chaise-scandinave-impermeable-beige\/","name":"Funda para silla escandinava impermeable Beige en entrega - gratis Ahorra un 30% en tu pedido","isPartOf":{"@id":"https:\/\/365-housse.com\/es\/#website"},"primaryImageOfPage":{"@id":"https:\/\/365-housse.com\/es\/productos\/housse-chaise-scandinave-impermeable-beige\/#primaryimage"},"image":{"@id":"https:\/\/365-housse.com\/es\/productos\/housse-chaise-scandinave-impermeable-beige\/#primaryimage"},"thumbnailUrl":"https:\/\/365-housse.com\/wp-content\/uploads\/2023\/06\/housse-de-chaise-scandinave-impermeable-beige.png","datePublished":"2023-06-12T08:08:06+00:00","dateModified":"2024-09-17T15:10:06+00:00","description":"Recibe tu Funda para silla escandinava impermeable Beige hoy y benef\u00edciate de la entrega - gratuita Env\u00edo en 24\/48h","breadcrumb":{"@id":"https:\/\/365-housse.com\/es\/productos\/housse-chaise-scandinave-impermeable-beige\/#breadcrumb"},"inLanguage":"es","potentialAction":[{"@type":"ReadAction","target":["https:\/\/365-housse.com\/es\/productos\/housse-chaise-scandinave-impermeable-beige\/"]}]},{"@type":"ImageObject","inLanguage":"es","@id":"https:\/\/365-housse.com\/es\/productos\/housse-chaise-scandinave-impermeable-beige\/#primaryimage","url":"https:\/\/365-housse.com\/wp-content\/uploads\/2023\/06\/housse-de-chaise-scandinave-impermeable-beige.png","contentUrl":"https:\/\/365-housse.com\/wp-content\/uploads\/2023\/06\/housse-de-chaise-scandinave-impermeable-beige.png","width":447,"height":448},{"@type":"BreadcrumbList","@id":"https:\/\/365-housse.com\/es\/productos\/housse-chaise-scandinave-impermeable-beige\/#breadcrumb","itemListElement":[{"@type":"ListItem","position":1,"name":"Accueil","item":"https:\/\/365-housse.com\/es\/"},{"@type":"ListItem","position":2,"name":"Tienda","item":"https:\/\/365-housse.com\/es\/tienda\/"},{"@type":"ListItem","position":3,"name":"Funda para silla escandinava impermeable Beige"}]},{"@type":"WebSite","@id":"https:\/\/365-housse.com\/es\/#website","url":"https:\/\/365-housse.com\/es\/","name":"Housse de Canap\u00e9","description":"Le N\u00b01 de la Housse","publisher":{"@id":"https:\/\/365-housse.com\/es\/#organization"},"potentialAction":[{"@type":"SearchAction","target":{"@type":"EntryPoint","urlTemplate":"https:\/\/365-housse.com\/es\/?s={search_term_string}"},"query-input":{"@type":"PropertyValueSpecification","valueRequired":true,"valueName":"search_term_string"}}],"inLanguage":"es"},{"@type":"Organization","@id":"https:\/\/365-housse.com\/es\/#organization","name":"Housse de Canap\u00e9","url":"https:\/\/365-housse.com\/es\/","logo":{"@type":"ImageObject","inLanguage":"es","@id":"https:\/\/365-housse.com\/es\/#\/schema\/logo\/image\/","url":"https:\/\/365-housse.com\/wp-content\/uploads\/2023\/06\/LOGO-400-\u00d7-200-px-392-x-134-px-16.png","contentUrl":"https:\/\/365-housse.com\/wp-content\/uploads\/2023\/06\/LOGO-400-\u00d7-200-px-392-x-134-px-16.png","width":392,"height":134,"caption":"Housse de Canap\u00e9"},"image":{"@id":"https:\/\/365-housse.com\/es\/#\/schema\/logo\/image\/"}}]}},"_links":{"self":[{"href":"https:\/\/365-housse.com\/es\/wp-json\/wp\/v2\/product\/20424"}],"collection":[{"href":"https:\/\/365-housse.com\/es\/wp-json\/wp\/v2\/product"}],"about":[{"href":"https:\/\/365-housse.com\/es\/wp-json\/wp\/v2\/types\/product"}],"replies":[{"embeddable":true,"href":"https:\/\/365-housse.com\/es\/wp-json\/wp\/v2\/comments?post=20424"}],"wp:featuredmedia":[{"embeddable":true,"href":"https:\/\/365-housse.com\/es\/wp-json\/wp\/v2\/media\/15755"}],"wp:attachment":[{"href":"https:\/\/365-housse.com\/es\/wp-json\/wp\/v2\/media?parent=20424"}],"wp:term":[{"taxonomy":"product_cat","embeddable":true,"href":"https:\/\/365-housse.com\/es\/wp-json\/wp\/v2\/product_cat?post=20424"},{"taxonomy":"product_tag","embeddable":true,"href":"https:\/\/365-housse.com\/es\/wp-json\/wp\/v2\/product_tag?post=20424"}],"curies":[{"name":"wp","href":"https:\/\/api.w.org\/{rel}","templated":true}]}}