{"id":20431,"date":"2023-06-12T08:08:03","date_gmt":"2023-06-12T08:08:03","guid":{"rendered":"https:\/\/365-housse.com\/products\/housse-chaise-scandinave-geometrique-grise\/"},"modified":"2024-09-17T15:10:08","modified_gmt":"2024-09-17T15:10:08","slug":"housse-chaise-scandinave-geometrique-grise","status":"publish","type":"product","link":"https:\/\/365-housse.com\/es\/productos\/housse-chaise-scandinave-geometrique-grise\/","title":{"rendered":"Funda para silla escandinava geom\u00e9trica gris"},"content":{"rendered":"<h2 data-mce-fragment=\"1\" data-pm-slice=\"1 1 []\">Esta <strong data-mce-fragment=\"1\">magn\u00edfica funda para silla escandinava con estampado geom\u00e9trico y fondo gris <\/ strong >est\u00e1 hecho para quienes aprecian las l\u00edneas simples y modernas. Su patr\u00f3n geom\u00e9trico y su fondo gris claro con delicadas costuras lo hacen neutro y elegante. Decora tu interior con el estilo limpio y moderno de esta funda para silla. Tiene un estilo vers\u00e1til y combina con cualquier decoraci\u00f3n.<\/h2>\n<p data-mce-fragment=\"1\"><span data-mce-fragment=\"1\"><strong data-mce-fragment=\"1\"> Ventajas:<\/strong><\/span><\/p>\n<ul data-mce-fragment=\"1\">\n<li data-mce-fragment=\"1\">\n<p data-mce-fragment=\"1\"> Da un toque elegante y de dise\u00f1o a tu decoraci\u00f3n<\/p>\n<\/li>\n<li data-mce-fragment=\"1\">\n<p data-mce-fragment=\"1\">La funda est\u00e1 dise\u00f1ada para proteger tu silla de desgaste, suciedad, derrames, mascotas,&#8230;<\/p>\n<\/li>\n<li data-mce-fragment=\"1\">\n<p data-mce->F\u00e1cil de montar, <span>nuestra funda tiene caracter\u00edsticas el\u00e1sticas que se adaptan perfectamente al 99% de los modelos de sillas<\/span><\/p>\n<p> <\/ li> <\/p>\n<li data-mce-fragment=\"1\"><span>Hecho de tela de primera calidad<\/span><\/li>\n<\/ul>\n<p data-mce-fragment=\"1\"><span data-mce-fragment=\"1\"> <strong data-mce-fragment=\"1\">Caracter\u00edsticas: <\/strong><\/span><\/p>\n<ul data-mce-fragment=\"1\">\n<li data-mce-fragment=\"1\">\n<p data-mce-fragment=\"1\"><span data-mce-fragment=\"1\">Material: <\/span><span data-mce-fragment=\"1\">Poli\u00e9ster el\u00e1stico de alta calidad + spandex<\/span><\/p>\n<\/li>\n<li data-mce-fragment=\"1\">\n<p data-mce-fragment=\" 1\"><span data-mce-fragment=\"1\">Tela de alta densidad protege tu silla de manchas inesperadas<\/span><\/p>\n<\/li>\n<li data-mce-fragment=\"1\">\n<p data-mce-fragment=\"1\"><span data-mce-fragment=\"1\">Tecnolog\u00eda de impresi\u00f3n de alto rendimiento<strong data-mce-fragment=\"1\"><\/strong>para mayor resistencia de los colores a la luz solar y a m\u00e1quina<\/span><\/p>\n<\/li>\n<li>\n<p data-mce-fragment=\"1\"><span data-mce>F\u00e1cil de instalar<\/span><\/p>\n<\/li>\n<li>\n<p data-mce-fragment=\"1\"><span>Mant\u00e9n tu silla limpia y en buen estado<\/span><br data-mce \/><\/p>\n<\/li>\n<li data-mce-fragment=\" 1\">\n<p data-mce-fragment=\"1\"><span data-mce-fragment=\"1 \">El dise\u00f1o el\u00e1stico proporciona un ajuste \u00f3ptimo y un agarre mejorado<\/span><\/p>\n<\/li>\n<li data-mce-fragment=\"1\">\n<p data-mce-fragment=\"1\">Lavable a m\u00e1quina<\/ p> <\/li>\n<\/ul>\n<p data-mce-fragment=\"1\"><span data-mce-fragment=\"1\"><strong data-mce-fragment=\"1\">Gu\u00eda de tallas:<\/strong><\/span><\/p>\n<p data-mce-fragment=\"1\" data-mce-style=\"text-align: center;\" style=\"text-align: center\"><img decoding=\"async\" alt=\"\" src=\"https:\/\/365-housse.com\/wp-content\/uploads\/2023\/06\/housse-de-chaise-scandinave-universelle-taille_480x480 .jpg?v=1676402390\" \/><\/p>\n<div data-mce-fragment=\"1\">\n<div data-mce-fragment=\"1\"><span data-mce-fragment=\"1\">Nuestro Las fundas para sillas escandinavas son universales y se adaptan a muchos modelos de sillas<\/span><\/div>\n<div data-mce-fragment=\"1\"> <span data-mce-fragment=\"1\"><\/ span><\/div>\n<div data-mce-fragment=\"1\"><span data-mce-fragment=\"1\"><img decoding=\"async\" alt=\"\" data-mce-src=\"https:\/\/365-housse.com\/wp-content\/uploads\/2023\/06\/Capture_d_ecran_2021-06-22_a_15.41.07_480x480.png?v=1624369341\" data-mce-style=\"pantalla: bloque; margen izquierdo: autom\u00e1tico; margen derecho: autom\u00e1tico;\" src=\"https:\/\/365-housse.com\/wp-content\/uploads\/2023\/06\/Capture_d_ecran_2021-06-22_a_15.41.07_480x480.png?v=1624369341\" \/><\/span><\/div>\n<div data-mce-fragment=\"1\"> <span data-mce-fragment=\"1\"><\/span> <\/div>\n<\/p><\/div>\n<div data-mce-fragment=\"1\"><span> <\/span><\/div>\n<div data-mce-fragment=\"1\"><span>Vea la diferencia: <\/span><\/div>\n<div data-mce-fragment=\"1\"><span><img decoding=\"async\" alt=\"\" src=\"https:\/\/365-housse.com\/wp-content\/uploads\/2023\/06\/housse-de -scandinavian-chair-usage_480x480.jpg?v=1676225221\" style=\"margin-left: auto;margin-right: auto\" \/><\/span><\/p>\n<h3>Nota: Comience poniendo la <strong>Silla escandinava geom\u00e9trica \u00a1Cubre a Gray<\/strong>desde atr\u00e1s!<\/h3>\n<p style=\"text-align: center\"><img decoding=\"async\" alt=\"\" data-mce-src=\"https:\/\/365-housse.com\/wp-content\/uploads\/2023\/06\/housse-de-chaise -scandinave-installation_d3b6f09d-b453-4b54-a6f8-2e488db2e138_480x480.jpg?v=1676224980\" src=\"https:\/\/365-housse.com\/wp-content\/uploads\/2023\/06\/housse-de-chaise-scandinave- instalaci\u00f3n_d3b6f09d-b453-4b54-a6f8-2e488db2e138_480x480.jpg?v=1676224980\" \/><\/p>\n<p>Nuestras <a href=\"https:\/\/365-housse.com\/es\/collections\/funda-para-silla-escandinava\/\" rel=\"noopener noreferrer\" target=\"_blank\" title=\"Fundas para sillas escandinavas \"><strong>fundas para sillas escandinavas<\/strong><\/a> est\u00e1n creadas con materiales de primera calidad y se adaptan a la mayor\u00eda de las sillas escandinavas. Siempre conservar\u00e1n su magn\u00edfica apariencia y agregar\u00e1n un toque profesional adicional a su evento. Nuestra <a href=\"https:\/\/365-housse.com\/es\/products\/scandinave-geometrique-blue-chair-cover\/\" rel=\"noopener noreferrer\" target=\"_blank\" title=\"Funda para silla escandinava geom\u00e9trica azul \"><strong data-mce-fragment=\"1\">Funda para silla escandinava geom\u00e9trica azul<\/strong><\/a> agregar\u00e1 el toque final a su restaurante, sal\u00f3n de banquetes o evento culinario.<\/p>\n","protected":false},"excerpt":{"rendered":"<p>Esta magn\u00edfica funda para silla escandinava con estampado geom\u00e9trico y fondo gris est\u00e1 hecho para quienes aprecian las l\u00edneas simples y modernas. Su patr\u00f3n geom\u00e9trico y su fondo gris claro con delicadas costuras lo hacen neutro y elegante. Decora tu interior con el estilo limpio y moderno de esta funda para silla. Tiene un estilo [&hellip;]<\/p>\n","protected":false},"featured_media":15747,"comment_status":"open","ping_status":"closed","template":"","meta":[],"product_cat":[156,161],"product_tag":[212],"class_list":{"0":"post-20431","1":"product","2":"type-product","3":"status-publish","4":"has-post-thumbnail","6":"product_cat-funda-para-silla-escandinava","7":"product_cat-portada-interior","8":"product_tag-chaise-es","10":"first","11":"instock","12":"shipping-taxable","13":"purchasable","14":"product-type-simple"},"yoast_head":"<title>Funda para silla escandinava geom\u00e9trica gris en entrega - gratis Ahorra un 30% en tu pedido<\/title>\n<meta name=\"description\" content=\"Recibe tu Funda para silla escandinava geom\u00e9trica gris hoy y benef\u00edciate de la entrega - gratuita Env\u00edo en 24\/48h\" \/>\n<meta name=\"robots\" content=\"index, follow, max-snippet:-1, max-image-preview:large, max-video-preview:-1\" \/>\n<link rel=\"canonical\" href=\"https:\/\/365-housse.com\/es\/productos\/housse-chaise-scandinave-geometrique-grise\/\" \/>\n<meta property=\"og:locale\" content=\"es_ES\" \/>\n<meta property=\"og:type\" content=\"article\" \/>\n<meta property=\"og:title\" content=\"Funda para silla escandinava geom\u00e9trica gris en entrega - gratis Ahorra un 30% en tu pedido\" \/>\n<meta property=\"og:description\" content=\"Recibe tu Funda para silla escandinava geom\u00e9trica gris hoy y benef\u00edciate de la entrega - gratuita Env\u00edo en 24\/48h\" \/>\n<meta property=\"og:url\" content=\"https:\/\/365-housse.com\/es\/productos\/housse-chaise-scandinave-geometrique-grise\/\" \/>\n<meta property=\"og:site_name\" content=\"Housse de Canap\u00e9\" \/>\n<meta property=\"article:modified_time\" content=\"2024-09-17T15:10:08+00:00\" \/>\n<meta property=\"og:image\" content=\"https:\/\/365-housse.com\/wp-content\/uploads\/2023\/06\/housse-chaise-scandinave-geometrique-grise.png\" \/>\n\t<meta property=\"og:image:width\" content=\"498\" \/>\n\t<meta property=\"og:image:height\" content=\"501\" \/>\n\t<meta property=\"og:image:type\" content=\"image\/png\" \/>\n<meta name=\"twitter:card\" content=\"summary_large_image\" \/>\n<meta name=\"twitter:label1\" content=\"Tiempo de lectura\" \/>\n\t<meta name=\"twitter:data1\" content=\"1 minuto\" \/>\n<script type=\"application\/ld+json\" class=\"yoast-schema-graph\">{\"@context\":\"https:\/\/schema.org\",\"@graph\":[{\"@type\":\"WebPage\",\"@id\":\"https:\/\/365-housse.com\/es\/productos\/housse-chaise-scandinave-geometrique-grise\/\",\"url\":\"https:\/\/365-housse.com\/es\/productos\/housse-chaise-scandinave-geometrique-grise\/\",\"name\":\"Funda para silla escandinava geom\u00e9trica gris en entrega - gratis Ahorra un 30% en tu pedido\",\"isPartOf\":{\"@id\":\"https:\/\/365-housse.com\/es\/#website\"},\"primaryImageOfPage\":{\"@id\":\"https:\/\/365-housse.com\/es\/productos\/housse-chaise-scandinave-geometrique-grise\/#primaryimage\"},\"image\":{\"@id\":\"https:\/\/365-housse.com\/es\/productos\/housse-chaise-scandinave-geometrique-grise\/#primaryimage\"},\"thumbnailUrl\":\"https:\/\/365-housse.com\/wp-content\/uploads\/2023\/06\/housse-chaise-scandinave-geometrique-grise.png\",\"datePublished\":\"2023-06-12T08:08:03+00:00\",\"dateModified\":\"2024-09-17T15:10:08+00:00\",\"description\":\"Recibe tu Funda para silla escandinava geom\u00e9trica gris hoy y benef\u00edciate de la entrega - gratuita Env\u00edo en 24\/48h\",\"breadcrumb\":{\"@id\":\"https:\/\/365-housse.com\/es\/productos\/housse-chaise-scandinave-geometrique-grise\/#breadcrumb\"},\"inLanguage\":\"es\",\"potentialAction\":[{\"@type\":\"ReadAction\",\"target\":[\"https:\/\/365-housse.com\/es\/productos\/housse-chaise-scandinave-geometrique-grise\/\"]}]},{\"@type\":\"ImageObject\",\"inLanguage\":\"es\",\"@id\":\"https:\/\/365-housse.com\/es\/productos\/housse-chaise-scandinave-geometrique-grise\/#primaryimage\",\"url\":\"https:\/\/365-housse.com\/wp-content\/uploads\/2023\/06\/housse-chaise-scandinave-geometrique-grise.png\",\"contentUrl\":\"https:\/\/365-housse.com\/wp-content\/uploads\/2023\/06\/housse-chaise-scandinave-geometrique-grise.png\",\"width\":498,\"height\":501},{\"@type\":\"BreadcrumbList\",\"@id\":\"https:\/\/365-housse.com\/es\/productos\/housse-chaise-scandinave-geometrique-grise\/#breadcrumb\",\"itemListElement\":[{\"@type\":\"ListItem\",\"position\":1,\"name\":\"Accueil\",\"item\":\"https:\/\/365-housse.com\/es\/\"},{\"@type\":\"ListItem\",\"position\":2,\"name\":\"Tienda\",\"item\":\"https:\/\/365-housse.com\/es\/tienda\/\"},{\"@type\":\"ListItem\",\"position\":3,\"name\":\"Funda para silla escandinava geom\u00e9trica gris\"}]},{\"@type\":\"WebSite\",\"@id\":\"https:\/\/365-housse.com\/es\/#website\",\"url\":\"https:\/\/365-housse.com\/es\/\",\"name\":\"Housse de Canap\u00e9\",\"description\":\"Le N\u00b01 de la Housse\",\"publisher\":{\"@id\":\"https:\/\/365-housse.com\/es\/#organization\"},\"potentialAction\":[{\"@type\":\"SearchAction\",\"target\":{\"@type\":\"EntryPoint\",\"urlTemplate\":\"https:\/\/365-housse.com\/es\/?s={search_term_string}\"},\"query-input\":{\"@type\":\"PropertyValueSpecification\",\"valueRequired\":true,\"valueName\":\"search_term_string\"}}],\"inLanguage\":\"es\"},{\"@type\":\"Organization\",\"@id\":\"https:\/\/365-housse.com\/es\/#organization\",\"name\":\"Housse de Canap\u00e9\",\"url\":\"https:\/\/365-housse.com\/es\/\",\"logo\":{\"@type\":\"ImageObject\",\"inLanguage\":\"es\",\"@id\":\"https:\/\/365-housse.com\/es\/#\/schema\/logo\/image\/\",\"url\":\"https:\/\/365-housse.com\/wp-content\/uploads\/2023\/06\/LOGO-400-\u00d7-200-px-392-x-134-px-16.png\",\"contentUrl\":\"https:\/\/365-housse.com\/wp-content\/uploads\/2023\/06\/LOGO-400-\u00d7-200-px-392-x-134-px-16.png\",\"width\":392,\"height\":134,\"caption\":\"Housse de Canap\u00e9\"},\"image\":{\"@id\":\"https:\/\/365-housse.com\/es\/#\/schema\/logo\/image\/\"}}]}<\/script>","yoast_head_json":{"title":"Funda para silla escandinava geom\u00e9trica gris en entrega - gratis Ahorra un 30% en tu pedido","description":"Recibe tu Funda para silla escandinava geom\u00e9trica gris hoy y benef\u00edciate de la entrega - gratuita Env\u00edo en 24\/48h","robots":{"index":"index","follow":"follow","max-snippet":"max-snippet:-1","max-image-preview":"max-image-preview:large","max-video-preview":"max-video-preview:-1"},"canonical":"https:\/\/365-housse.com\/es\/productos\/housse-chaise-scandinave-geometrique-grise\/","og_locale":"es_ES","og_type":"article","og_title":"Funda para silla escandinava geom\u00e9trica gris en entrega - gratis Ahorra un 30% en tu pedido","og_description":"Recibe tu Funda para silla escandinava geom\u00e9trica gris hoy y benef\u00edciate de la entrega - gratuita Env\u00edo en 24\/48h","og_url":"https:\/\/365-housse.com\/es\/productos\/housse-chaise-scandinave-geometrique-grise\/","og_site_name":"Housse de Canap\u00e9","article_modified_time":"2024-09-17T15:10:08+00:00","og_image":[{"width":498,"height":501,"url":"https:\/\/365-housse.com\/wp-content\/uploads\/2023\/06\/housse-chaise-scandinave-geometrique-grise.png","type":"image\/png"}],"twitter_card":"summary_large_image","twitter_misc":{"Tiempo de lectura":"1 minuto"},"schema":{"@context":"https:\/\/schema.org","@graph":[{"@type":"WebPage","@id":"https:\/\/365-housse.com\/es\/productos\/housse-chaise-scandinave-geometrique-grise\/","url":"https:\/\/365-housse.com\/es\/productos\/housse-chaise-scandinave-geometrique-grise\/","name":"Funda para silla escandinava geom\u00e9trica gris en entrega - gratis Ahorra un 30% en tu pedido","isPartOf":{"@id":"https:\/\/365-housse.com\/es\/#website"},"primaryImageOfPage":{"@id":"https:\/\/365-housse.com\/es\/productos\/housse-chaise-scandinave-geometrique-grise\/#primaryimage"},"image":{"@id":"https:\/\/365-housse.com\/es\/productos\/housse-chaise-scandinave-geometrique-grise\/#primaryimage"},"thumbnailUrl":"https:\/\/365-housse.com\/wp-content\/uploads\/2023\/06\/housse-chaise-scandinave-geometrique-grise.png","datePublished":"2023-06-12T08:08:03+00:00","dateModified":"2024-09-17T15:10:08+00:00","description":"Recibe tu Funda para silla escandinava geom\u00e9trica gris hoy y benef\u00edciate de la entrega - gratuita Env\u00edo en 24\/48h","breadcrumb":{"@id":"https:\/\/365-housse.com\/es\/productos\/housse-chaise-scandinave-geometrique-grise\/#breadcrumb"},"inLanguage":"es","potentialAction":[{"@type":"ReadAction","target":["https:\/\/365-housse.com\/es\/productos\/housse-chaise-scandinave-geometrique-grise\/"]}]},{"@type":"ImageObject","inLanguage":"es","@id":"https:\/\/365-housse.com\/es\/productos\/housse-chaise-scandinave-geometrique-grise\/#primaryimage","url":"https:\/\/365-housse.com\/wp-content\/uploads\/2023\/06\/housse-chaise-scandinave-geometrique-grise.png","contentUrl":"https:\/\/365-housse.com\/wp-content\/uploads\/2023\/06\/housse-chaise-scandinave-geometrique-grise.png","width":498,"height":501},{"@type":"BreadcrumbList","@id":"https:\/\/365-housse.com\/es\/productos\/housse-chaise-scandinave-geometrique-grise\/#breadcrumb","itemListElement":[{"@type":"ListItem","position":1,"name":"Accueil","item":"https:\/\/365-housse.com\/es\/"},{"@type":"ListItem","position":2,"name":"Tienda","item":"https:\/\/365-housse.com\/es\/tienda\/"},{"@type":"ListItem","position":3,"name":"Funda para silla escandinava geom\u00e9trica gris"}]},{"@type":"WebSite","@id":"https:\/\/365-housse.com\/es\/#website","url":"https:\/\/365-housse.com\/es\/","name":"Housse de Canap\u00e9","description":"Le N\u00b01 de la Housse","publisher":{"@id":"https:\/\/365-housse.com\/es\/#organization"},"potentialAction":[{"@type":"SearchAction","target":{"@type":"EntryPoint","urlTemplate":"https:\/\/365-housse.com\/es\/?s={search_term_string}"},"query-input":{"@type":"PropertyValueSpecification","valueRequired":true,"valueName":"search_term_string"}}],"inLanguage":"es"},{"@type":"Organization","@id":"https:\/\/365-housse.com\/es\/#organization","name":"Housse de Canap\u00e9","url":"https:\/\/365-housse.com\/es\/","logo":{"@type":"ImageObject","inLanguage":"es","@id":"https:\/\/365-housse.com\/es\/#\/schema\/logo\/image\/","url":"https:\/\/365-housse.com\/wp-content\/uploads\/2023\/06\/LOGO-400-\u00d7-200-px-392-x-134-px-16.png","contentUrl":"https:\/\/365-housse.com\/wp-content\/uploads\/2023\/06\/LOGO-400-\u00d7-200-px-392-x-134-px-16.png","width":392,"height":134,"caption":"Housse de Canap\u00e9"},"image":{"@id":"https:\/\/365-housse.com\/es\/#\/schema\/logo\/image\/"}}]}},"_links":{"self":[{"href":"https:\/\/365-housse.com\/es\/wp-json\/wp\/v2\/product\/20431"}],"collection":[{"href":"https:\/\/365-housse.com\/es\/wp-json\/wp\/v2\/product"}],"about":[{"href":"https:\/\/365-housse.com\/es\/wp-json\/wp\/v2\/types\/product"}],"replies":[{"embeddable":true,"href":"https:\/\/365-housse.com\/es\/wp-json\/wp\/v2\/comments?post=20431"}],"wp:featuredmedia":[{"embeddable":true,"href":"https:\/\/365-housse.com\/es\/wp-json\/wp\/v2\/media\/15747"}],"wp:attachment":[{"href":"https:\/\/365-housse.com\/es\/wp-json\/wp\/v2\/media?parent=20431"}],"wp:term":[{"taxonomy":"product_cat","embeddable":true,"href":"https:\/\/365-housse.com\/es\/wp-json\/wp\/v2\/product_cat?post=20431"},{"taxonomy":"product_tag","embeddable":true,"href":"https:\/\/365-housse.com\/es\/wp-json\/wp\/v2\/product_tag?post=20431"}],"curies":[{"name":"wp","href":"https:\/\/api.w.org\/{rel}","templated":true}]}}