{"id":20457,"date":"2023-06-12T08:07:45","date_gmt":"2023-06-12T08:07:45","guid":{"rendered":"https:\/\/365-housse.com\/products\/housse-chaise-scandinave-tendance-rouge\/"},"modified":"2024-09-17T15:10:22","modified_gmt":"2024-09-17T15:10:22","slug":"housse-chaise-scandinave-tendance-rouge","status":"publish","type":"product","link":"https:\/\/365-housse.com\/es\/productos\/housse-chaise-scandinave-tendance-rouge\/","title":{"rendered":"Funda para silla escandinava Trendy Rojo"},"content":{"rendered":"<h2>A\u00f1ade un <strong>toque de romanticismo<\/strong> y <strong>calidez a tu decoraci\u00f3n interior<\/strong> con la <strong>Funda para Silla Scandinavian Trendy Roja<\/strong>, el complemento ideal para un interior \u00fanico .<\/h3>\n<h3>Dale a tu interior un estilo de dise\u00f1o con la moderna funda roja para silla escandinava:<\/h3>\n<p><span><strong>Ventajas:<\/strong><\/span><\/p>\n<ul>\n<li>Aporta un <strong>toque de elegancia<\/strong> y <strong>modernidad<\/strong> a tu interior<\/li>\n<li>La funda de la Silla Escandinava ofrece una <strong>protecci\u00f3n \u00f3ptima<\/strong> contra el desgaste, la suciedad, las manchas, las mascotas, etc.<\/li>\n<li>Fabricada con un <strong>textil de calidad superior<\/strong>, se adapta en pocos segundos al <strong>99%<\/strong> de los modelos de sillas gracias a sus caracter\u00edsticas el\u00e1sticas<\/li>\n<\/ul>\n<p><span><strong>Caracter\u00edsticas:<\/strong><\/span><\/p>\n<ul>\n<li>Material: Terciopelo brillante (suave y c\u00f3modo)<\/li>\n<li>Tela <strong>de alta densidad que protege tu silla de manchas inesperadas<\/li>\n<li>Tecnolog\u00eda de impresi\u00f3n de alto rendimiento para una mayor solidez del color a la luz y al lavado<\/li>\n<li>F\u00e1cil de poner<\/li>\n<li>Mant\u00e9n tu silla <strong>limpia<\/strong> y en <strong>buen estado<\/strong><\/li>\n<li>El dise\u00f1o de banda el\u00e1stica proporciona un <strong>ajuste perfecto<\/strong> y un <strong>agarre antideslizante<\/strong><\/li>\n<li>Lavable a m\u00e1quina<\/li>\n<\/ul>\n<p><span><strong>Gu\u00eda de tallas:<\/strong><\/span><\/p>\n<p style=\"text-align: start\"><img fetchpriority=\"high\" decoding=\"async\" alt=\"size-cover-scandinavian-chair-blue\" height=\"277\" src=\"https:\/\/365-housse.com\/wp-content\/uploads \/2023\/06\/Capture_d_ecran_2021-06-22_a_09.32.36_480x480.png?v=1624347177\" style=\"margin-right: 103.5px;margin-left: 103.5px;float: none\" width=\"316\" \/><\/ p><\/p>\n<div>\n<div>Nuestras <strong>fundas para sillas escandinavas<\/strong> son de <strong>tama\u00f1os universales<\/strong> y se adaptan a muchas sillas<\/div>\n<div>\n    <span><\/span>\n  <\/div>\n<div><span><img decoding=\"async\" alt=\"\" data-mce-src=\"https:\/\/365-housse.com\/wp-content\/uploads\/2023\/06\/Capture_d_ecran_2021-06-22_a_15.41.07_480x480.png? v=1624369341\" src=\"https:\/\/365-housse.com\/wp-content\/uploads\/2023\/06\/Capture_d_ecran_2021-06-22_a_15.41.07_480x480.png?v=1624369341\" style=\"margin-left: auto\" \/><\/span><\/div>\n<\/div>\n<div><\/div>\n<p><strong>NOTA<\/strong>: \u00a1Empiece por colocar la <strong><\/strong>funda de silla escandinava<strong><span><\/span><\/strong>por la parte posterior!\u00a0<\/p>\n<p><img decoding=\"async\" alt=\"housse-de-chaise\" src=\"https:\/\/365-housse.com\/wp-content\/uploads\/2023\/06\/housse-de-protection-chaise_480x480.jpg?v=1623509317 \" \/><\/p>\n<p>Descubre m\u00faltiples modelos modernos y de tendencia en nuestra colecci\u00f3n <a data-mce-href=\"\/?product_cat=housse-chaise-scandinave\" href=\"https:\/\/365-housse.com\/es\/collections\/ funda- para-silla-escandinava\/\" rel=\"noopener\" target=\"_blank\" title=\"Funda para silla escandinava\">Funda para silla escandinava<\/a>, como la <a href=\"https:\/\/365-cover. es\/products\/scandinavian-cocktail-chair-cover\/\" rel=\"noopener noreferrer\" target=\"_blank\" title=\"casa silla de c\u00f3ctel escandinava\">funda de silla de c\u00f3ctel escandinava<\/a>. Si este estilo no te va, encuentra el tuyo, en un estilo m\u00e1s sencillo con nuestra colecci\u00f3n <a data-mce-href=\"\/?product_cat=chousse-de-chaise\" href=\"https:\/\/365-housse.com \/es\/collections\/funda-de-silla\/\" rel=\"noopener\" target=\"_blank\" title=\"funda de silla\">funda de silla.<\/a><\/p>\n","protected":false},"excerpt":{"rendered":"<p>A\u00f1ade un toque de romanticismo y calidez a tu decoraci\u00f3n interior con la Funda para Silla Scandinavian Trendy Roja, el complemento ideal para un interior \u00fanico . Dale a tu interior un estilo de dise\u00f1o con la moderna funda roja para silla escandinava: Ventajas: Aporta un toque de elegancia y modernidad a tu interior La [&hellip;]<\/p>\n","protected":false},"featured_media":15688,"comment_status":"open","ping_status":"closed","template":"","meta":[],"product_cat":[156,161],"product_tag":[212],"class_list":{"0":"post-20457","1":"product","2":"type-product","3":"status-publish","4":"has-post-thumbnail","6":"product_cat-funda-para-silla-escandinava","7":"product_cat-portada-interior","8":"product_tag-chaise-es","10":"first","11":"instock","12":"shipping-taxable","13":"purchasable","14":"product-type-simple"},"yoast_head":"<title>Funda para silla escandinava Trendy Rojo en entrega - gratis Ahorra un 30% en tu pedido<\/title>\n<meta name=\"description\" content=\"Recibe tu Funda para silla escandinava Trendy Rojo hoy y benef\u00edciate de la entrega - gratuita Env\u00edo en 24\/48h\" \/>\n<meta name=\"robots\" content=\"index, follow, max-snippet:-1, max-image-preview:large, max-video-preview:-1\" \/>\n<link rel=\"canonical\" href=\"https:\/\/365-housse.com\/es\/productos\/housse-chaise-scandinave-tendance-rouge\/\" \/>\n<meta property=\"og:locale\" content=\"es_ES\" \/>\n<meta property=\"og:type\" content=\"article\" \/>\n<meta property=\"og:title\" content=\"Funda para silla escandinava Trendy Rojo en entrega - gratis Ahorra un 30% en tu pedido\" \/>\n<meta property=\"og:description\" content=\"Recibe tu Funda para silla escandinava Trendy Rojo hoy y benef\u00edciate de la entrega - gratuita Env\u00edo en 24\/48h\" \/>\n<meta property=\"og:url\" content=\"https:\/\/365-housse.com\/es\/productos\/housse-chaise-scandinave-tendance-rouge\/\" \/>\n<meta property=\"og:site_name\" content=\"Housse de Canap\u00e9\" \/>\n<meta property=\"article:modified_time\" content=\"2024-09-17T15:10:22+00:00\" \/>\n<meta property=\"og:image\" content=\"https:\/\/365-housse.com\/wp-content\/uploads\/2023\/06\/housse-de-chaise-scandinave-tendance-rouge.png\" \/>\n\t<meta property=\"og:image:width\" content=\"491\" \/>\n\t<meta property=\"og:image:height\" content=\"508\" \/>\n\t<meta property=\"og:image:type\" content=\"image\/png\" \/>\n<meta name=\"twitter:card\" content=\"summary_large_image\" \/>\n<meta name=\"twitter:label1\" content=\"Tiempo de lectura\" \/>\n\t<meta name=\"twitter:data1\" content=\"1 minuto\" \/>\n<script type=\"application\/ld+json\" class=\"yoast-schema-graph\">{\"@context\":\"https:\/\/schema.org\",\"@graph\":[{\"@type\":\"WebPage\",\"@id\":\"https:\/\/365-housse.com\/es\/productos\/housse-chaise-scandinave-tendance-rouge\/\",\"url\":\"https:\/\/365-housse.com\/es\/productos\/housse-chaise-scandinave-tendance-rouge\/\",\"name\":\"Funda para silla escandinava Trendy Rojo en entrega - gratis Ahorra un 30% en tu pedido\",\"isPartOf\":{\"@id\":\"https:\/\/365-housse.com\/es\/#website\"},\"primaryImageOfPage\":{\"@id\":\"https:\/\/365-housse.com\/es\/productos\/housse-chaise-scandinave-tendance-rouge\/#primaryimage\"},\"image\":{\"@id\":\"https:\/\/365-housse.com\/es\/productos\/housse-chaise-scandinave-tendance-rouge\/#primaryimage\"},\"thumbnailUrl\":\"https:\/\/365-housse.com\/wp-content\/uploads\/2023\/06\/housse-de-chaise-scandinave-tendance-rouge.png\",\"datePublished\":\"2023-06-12T08:07:45+00:00\",\"dateModified\":\"2024-09-17T15:10:22+00:00\",\"description\":\"Recibe tu Funda para silla escandinava Trendy Rojo hoy y benef\u00edciate de la entrega - gratuita Env\u00edo en 24\/48h\",\"breadcrumb\":{\"@id\":\"https:\/\/365-housse.com\/es\/productos\/housse-chaise-scandinave-tendance-rouge\/#breadcrumb\"},\"inLanguage\":\"es\",\"potentialAction\":[{\"@type\":\"ReadAction\",\"target\":[\"https:\/\/365-housse.com\/es\/productos\/housse-chaise-scandinave-tendance-rouge\/\"]}]},{\"@type\":\"ImageObject\",\"inLanguage\":\"es\",\"@id\":\"https:\/\/365-housse.com\/es\/productos\/housse-chaise-scandinave-tendance-rouge\/#primaryimage\",\"url\":\"https:\/\/365-housse.com\/wp-content\/uploads\/2023\/06\/housse-de-chaise-scandinave-tendance-rouge.png\",\"contentUrl\":\"https:\/\/365-housse.com\/wp-content\/uploads\/2023\/06\/housse-de-chaise-scandinave-tendance-rouge.png\",\"width\":491,\"height\":508},{\"@type\":\"BreadcrumbList\",\"@id\":\"https:\/\/365-housse.com\/es\/productos\/housse-chaise-scandinave-tendance-rouge\/#breadcrumb\",\"itemListElement\":[{\"@type\":\"ListItem\",\"position\":1,\"name\":\"Accueil\",\"item\":\"https:\/\/365-housse.com\/es\/\"},{\"@type\":\"ListItem\",\"position\":2,\"name\":\"Tienda\",\"item\":\"https:\/\/365-housse.com\/es\/tienda\/\"},{\"@type\":\"ListItem\",\"position\":3,\"name\":\"Funda para silla escandinava Trendy Rojo\"}]},{\"@type\":\"WebSite\",\"@id\":\"https:\/\/365-housse.com\/es\/#website\",\"url\":\"https:\/\/365-housse.com\/es\/\",\"name\":\"Housse de Canap\u00e9\",\"description\":\"Le N\u00b01 de la Housse\",\"publisher\":{\"@id\":\"https:\/\/365-housse.com\/es\/#organization\"},\"potentialAction\":[{\"@type\":\"SearchAction\",\"target\":{\"@type\":\"EntryPoint\",\"urlTemplate\":\"https:\/\/365-housse.com\/es\/?s={search_term_string}\"},\"query-input\":{\"@type\":\"PropertyValueSpecification\",\"valueRequired\":true,\"valueName\":\"search_term_string\"}}],\"inLanguage\":\"es\"},{\"@type\":\"Organization\",\"@id\":\"https:\/\/365-housse.com\/es\/#organization\",\"name\":\"Housse de Canap\u00e9\",\"url\":\"https:\/\/365-housse.com\/es\/\",\"logo\":{\"@type\":\"ImageObject\",\"inLanguage\":\"es\",\"@id\":\"https:\/\/365-housse.com\/es\/#\/schema\/logo\/image\/\",\"url\":\"https:\/\/365-housse.com\/wp-content\/uploads\/2023\/06\/LOGO-400-\u00d7-200-px-392-x-134-px-16.png\",\"contentUrl\":\"https:\/\/365-housse.com\/wp-content\/uploads\/2023\/06\/LOGO-400-\u00d7-200-px-392-x-134-px-16.png\",\"width\":392,\"height\":134,\"caption\":\"Housse de Canap\u00e9\"},\"image\":{\"@id\":\"https:\/\/365-housse.com\/es\/#\/schema\/logo\/image\/\"}}]}<\/script>","yoast_head_json":{"title":"Funda para silla escandinava Trendy Rojo en entrega - gratis Ahorra un 30% en tu pedido","description":"Recibe tu Funda para silla escandinava Trendy Rojo hoy y benef\u00edciate de la entrega - gratuita Env\u00edo en 24\/48h","robots":{"index":"index","follow":"follow","max-snippet":"max-snippet:-1","max-image-preview":"max-image-preview:large","max-video-preview":"max-video-preview:-1"},"canonical":"https:\/\/365-housse.com\/es\/productos\/housse-chaise-scandinave-tendance-rouge\/","og_locale":"es_ES","og_type":"article","og_title":"Funda para silla escandinava Trendy Rojo en entrega - gratis Ahorra un 30% en tu pedido","og_description":"Recibe tu Funda para silla escandinava Trendy Rojo hoy y benef\u00edciate de la entrega - gratuita Env\u00edo en 24\/48h","og_url":"https:\/\/365-housse.com\/es\/productos\/housse-chaise-scandinave-tendance-rouge\/","og_site_name":"Housse de Canap\u00e9","article_modified_time":"2024-09-17T15:10:22+00:00","og_image":[{"width":491,"height":508,"url":"https:\/\/365-housse.com\/wp-content\/uploads\/2023\/06\/housse-de-chaise-scandinave-tendance-rouge.png","type":"image\/png"}],"twitter_card":"summary_large_image","twitter_misc":{"Tiempo de lectura":"1 minuto"},"schema":{"@context":"https:\/\/schema.org","@graph":[{"@type":"WebPage","@id":"https:\/\/365-housse.com\/es\/productos\/housse-chaise-scandinave-tendance-rouge\/","url":"https:\/\/365-housse.com\/es\/productos\/housse-chaise-scandinave-tendance-rouge\/","name":"Funda para silla escandinava Trendy Rojo en entrega - gratis Ahorra un 30% en tu pedido","isPartOf":{"@id":"https:\/\/365-housse.com\/es\/#website"},"primaryImageOfPage":{"@id":"https:\/\/365-housse.com\/es\/productos\/housse-chaise-scandinave-tendance-rouge\/#primaryimage"},"image":{"@id":"https:\/\/365-housse.com\/es\/productos\/housse-chaise-scandinave-tendance-rouge\/#primaryimage"},"thumbnailUrl":"https:\/\/365-housse.com\/wp-content\/uploads\/2023\/06\/housse-de-chaise-scandinave-tendance-rouge.png","datePublished":"2023-06-12T08:07:45+00:00","dateModified":"2024-09-17T15:10:22+00:00","description":"Recibe tu Funda para silla escandinava Trendy Rojo hoy y benef\u00edciate de la entrega - gratuita Env\u00edo en 24\/48h","breadcrumb":{"@id":"https:\/\/365-housse.com\/es\/productos\/housse-chaise-scandinave-tendance-rouge\/#breadcrumb"},"inLanguage":"es","potentialAction":[{"@type":"ReadAction","target":["https:\/\/365-housse.com\/es\/productos\/housse-chaise-scandinave-tendance-rouge\/"]}]},{"@type":"ImageObject","inLanguage":"es","@id":"https:\/\/365-housse.com\/es\/productos\/housse-chaise-scandinave-tendance-rouge\/#primaryimage","url":"https:\/\/365-housse.com\/wp-content\/uploads\/2023\/06\/housse-de-chaise-scandinave-tendance-rouge.png","contentUrl":"https:\/\/365-housse.com\/wp-content\/uploads\/2023\/06\/housse-de-chaise-scandinave-tendance-rouge.png","width":491,"height":508},{"@type":"BreadcrumbList","@id":"https:\/\/365-housse.com\/es\/productos\/housse-chaise-scandinave-tendance-rouge\/#breadcrumb","itemListElement":[{"@type":"ListItem","position":1,"name":"Accueil","item":"https:\/\/365-housse.com\/es\/"},{"@type":"ListItem","position":2,"name":"Tienda","item":"https:\/\/365-housse.com\/es\/tienda\/"},{"@type":"ListItem","position":3,"name":"Funda para silla escandinava Trendy Rojo"}]},{"@type":"WebSite","@id":"https:\/\/365-housse.com\/es\/#website","url":"https:\/\/365-housse.com\/es\/","name":"Housse de Canap\u00e9","description":"Le N\u00b01 de la Housse","publisher":{"@id":"https:\/\/365-housse.com\/es\/#organization"},"potentialAction":[{"@type":"SearchAction","target":{"@type":"EntryPoint","urlTemplate":"https:\/\/365-housse.com\/es\/?s={search_term_string}"},"query-input":{"@type":"PropertyValueSpecification","valueRequired":true,"valueName":"search_term_string"}}],"inLanguage":"es"},{"@type":"Organization","@id":"https:\/\/365-housse.com\/es\/#organization","name":"Housse de Canap\u00e9","url":"https:\/\/365-housse.com\/es\/","logo":{"@type":"ImageObject","inLanguage":"es","@id":"https:\/\/365-housse.com\/es\/#\/schema\/logo\/image\/","url":"https:\/\/365-housse.com\/wp-content\/uploads\/2023\/06\/LOGO-400-\u00d7-200-px-392-x-134-px-16.png","contentUrl":"https:\/\/365-housse.com\/wp-content\/uploads\/2023\/06\/LOGO-400-\u00d7-200-px-392-x-134-px-16.png","width":392,"height":134,"caption":"Housse de Canap\u00e9"},"image":{"@id":"https:\/\/365-housse.com\/es\/#\/schema\/logo\/image\/"}}]}},"_links":{"self":[{"href":"https:\/\/365-housse.com\/es\/wp-json\/wp\/v2\/product\/20457"}],"collection":[{"href":"https:\/\/365-housse.com\/es\/wp-json\/wp\/v2\/product"}],"about":[{"href":"https:\/\/365-housse.com\/es\/wp-json\/wp\/v2\/types\/product"}],"replies":[{"embeddable":true,"href":"https:\/\/365-housse.com\/es\/wp-json\/wp\/v2\/comments?post=20457"}],"wp:featuredmedia":[{"embeddable":true,"href":"https:\/\/365-housse.com\/es\/wp-json\/wp\/v2\/media\/15688"}],"wp:attachment":[{"href":"https:\/\/365-housse.com\/es\/wp-json\/wp\/v2\/media?parent=20457"}],"wp:term":[{"taxonomy":"product_cat","embeddable":true,"href":"https:\/\/365-housse.com\/es\/wp-json\/wp\/v2\/product_cat?post=20457"},{"taxonomy":"product_tag","embeddable":true,"href":"https:\/\/365-housse.com\/es\/wp-json\/wp\/v2\/product_tag?post=20457"}],"curies":[{"name":"wp","href":"https:\/\/api.w.org\/{rel}","templated":true}]}}