{"id":20463,"date":"2023-06-12T08:07:42","date_gmt":"2023-06-12T08:07:42","guid":{"rendered":"https:\/\/365-housse.com\/products\/housse-chaise-scandinave-moderne-bleue\/"},"modified":"2024-09-17T15:10:31","modified_gmt":"2024-09-17T15:10:31","slug":"housse-chaise-scandinave-moderne-bleue","status":"publish","type":"product","link":"https:\/\/365-housse.com\/es\/productos\/housse-chaise-scandinave-moderne-bleue\/","title":{"rendered":"Funda para silla escandinava moderna azul"},"content":{"rendered":"<h2 data-mce-fragment=\"1\" data-pm-slice=\"1 1 []\">El<span data-mce-fragment=\"1\"> <\/span><strong data-mce-fragment=\" 1\">Funda para silla escandinava azul moderna<\/strong><span data-mce-fragment=\"1\"> <\/span>es la mejor opci\u00f3n para darle un toque extra de estilo a tu sal\u00f3n u oficina. Su color de rayas azules y blancas se adapta a la paleta de colores y la decoraci\u00f3n interior de tu hogar. Esta portada tiene una apariencia moderna y limpia.<\/h2>\n<p data-mce-fragment=\"1\"><strong data-mce-fragment=\"1\">Beneficios:<\/strong><br data-mce-fragment=\"1\" \/><\/p>\n<ul data-mce-fragment=\"1\">\n<li data-mce-fragment=\"1\">\n<p data-mce-fragment=\"1\">Agrega una apariencia elegante a tu interior<\/p>\n<\/li>\n<li data-mce-fragment=\"1\">\n<p data-mce-fragment=\"1\">Protege contra el desgaste, suciedad, manchas, mascotas,&#8230;<\/ p> <\/li>\n<li data-mce-fragment=\"1\">\n<p data-mce-fragment=\"1\">Tama\u00f1o universal <span data-mce-fragment=\"1\"> gracias a las caracter\u00edsticas el\u00e1sticas, se adapta al 99% de los modelos de sillas<\/span><\/p>\n<\/li>\n<li data-mce-fragment=\"1\"><span data-mce-fragment=\"1\">Fabricado con tela de calidad&lt;\/span <\/li>\n<\/ul>\n<p data-mce-fragment=\"1\"><span data-mce-fragment=\"1\"><strong data-mce-fragment=\"1\">Caracter\u00edsticas: &lt;\/strong <\/span><\/p>\n<ul>\n<li>\n<p><span>Material: Fibra de poli\u00e9ster<\/span><\/p>\n<\/li>\n<li data-mce-fragment=\"1\">\n<p><span>Tela de alta densidad para proteger tu silla de manchas inesperadas<\/span><\/p>\n<\/li>\n<li data-mce-fragment=\"1\">\n<p data-mce-fragment=\"1\"><span data-mce-fragment=\"1\"><strong data-mce-fragment=\"1\">tecnolog\u00eda de impresi\u00f3n de alto rendimiento<\/strong> para una mayor solidez del color a la luz y al lavado<\/span><\/p>\n<\/li>\n<li data-mce-fragment=\"1\">\n<p data-mce-fragment=\"1\"><span data-mce-fragment=\"1\">F\u00e1cil de instalar<\/span> <\/p>\n<\/li>\n<li data-mce-fragment=\"1\">\n<p data-mce-fragment=\"1\"><span data-mce-fragment=\"1\">Mantenga su silla limpia y en buen estado<\/span><br data-mce-fragment=\"1\" \/><\/p>\n<\/li>\n<li data-mce-fragment=\"1\">\n<p data-mce-fragment=\"1\"><span data-mce-fragment=\"1\">El dise\u00f1o de banda el\u00e1stica proporciona un ajuste c\u00f3modo y un agarre antideslizante<\/span><\/ p> <\/li>\n<li data-mce-fragment=\"1\">\n<p data-mce-fragment=\"1\">Lavable a m\u00e1quina<\/p>\n<\/li>\n<\/ul>\n<p data-mce><span data-mce-fragment=\"1\"><strong data-mce-fragment=\"1\">Gu\u00eda de tallas:<\/strong><\/span><\/p>\n<p><img fetchpriority=\"high\" decoding=\"async\" alt=\"talla-funda-silla-escandinava -blue\" data-mce-fragment=\"1\" data-mce-src=\"https:\/\/365-housse.com\/ wp-content\/uploads\/2023\/06\/Capture_d_ecran_2021-06-22_a_09.32.36_480x480.png? v=1624347177\" data-mce-style=\"display: bloque; margen izquierdo: autom\u00e1tico; margen derecho: autom\u00e1tico;\" height=\"277\" src=\"https:\/\/365-housse.com\/wp-content\/uploads\/2023\/06\/Capture_d_ecran_2021-06-22_a_09.32.36_480x480.png?v=1624347177\" style=\"margin-left: auto;margin-right: auto\" width=\"316\" \/><\/p>\n<div data-mce-fragment=\"1\">\n<div data-mce-fragment=\"1\"> <span data-mce-fragment=\"1\">Las fundas para sillas escandinavas son de tama\u00f1o universal y se adaptan a muchas sillas<\/span><\/div>\n<div data-mce-fragment=\"1\"> <span data-mce-fragment=\"1\"><\/span><br data-mce-fragment=\"1\" \/> <\/div>\n<div data-mce-fragment=\"1\"><span data-mce-fragment=\"1\"><img decoding=\"async\" alt=\"\" data-mce-fragment=\"1\" data-mce-src=\"https:\/\/365-housse.com\/wp-content\/uploads\/2023\/06\/Capture_d_ecran_2021-06-22_a_15.41.07_480x480. png?v=1624369341\" data-mce-style=\"display: bloque; margen izquierdo: autom\u00e1tico; margen derecho: autom\u00e1tico;\" src=\"https:\/\/365-housse.com\/wp-content\/uploads\/2023\/06\/Capture_d_ecran_2021-06-22_a_15.41.07_480x480.png?v=1624369341\" \/><\/span><\/div>\n<\/p><\/div>\n<div data-mce-fragment=\"1\"><br data-mce-fragment=\"1\" \/>&amp;lt ;\/<\/p>\n<h2 data-mce-fragment=\"1\" data-pm-slice=\"1 1 []\">El <span data-mce-fragment=\"1\"> <\/span><strong data-mce-fragment=\" 1\">Funda para silla escandinava azul moderna<\/strong><span data-mce-fragment=\"1\"> <\/span>es la mejor soluci\u00f3n para agregar un toque extra de estilo a su sala de estar u oficina. Su color de rayas azules y blancas combinar\u00e1 con cualquier paleta de colores y dise\u00f1o interior de su hogar. La portada tiene un dise\u00f1o moderno y limpio.<\/h2>\n<p data-mce-fragment=\"1\"><strong data-mce-fragment=\"1\">Ventajas:<\/strong><br data-mce-fragment=\"1\" \/><\/p>\n<ul data-mce-fragment=\"1\">\n<li data-mce-fragment=\"1\">\n<p data-mce-fragment=\"1\">Agrega lujo y desde dise\u00f1o para tu interior<\/p>\n<\/li>\n<li data-mce-fragment=\"1\">\n<p data-mce-fragment=\"1\">Protege contra el desgaste, la suciedad, las manchas, las mascotas,&#8230;<\/p>\n<\/li>\n<li data-mce-fragment=\"1\">\n<p data-mce-fragment=\"1\">Tama\u00f1o universal <span data-mce-fragment=\" 1\">gracias a las caracter\u00edsticas el\u00e1sticas , se adapta al 99% de los modelos de sillas<\/span><\/p>\n<\/li>\n<li data-mce-fragment=\"1\">&lt;span data-mce-fragment =&quot;\n<div>\n<h3>NOTA: Empiece por colocar la <strong data-mce-fragment=\"1\"> <\/strong>funda para silla azul moderna escandinava<strong> <\/ fuerte>en la espalda!\u00a0<\/h3>\n<p data-mce-fragment=\"1\"><img decoding=\"async\" alt=\"funda-silla\" data-mce-fragment=\"1\" data-mce-src=\"https:\/\/365-housse .com \/wp-content\/uploads\/2023\/06\/housse-de-protection-chaise_480x480.jpg?v=1623509317\" data-mce-style=\"display: block; margen izquierdo: autom\u00e1tico; margen derecho: autom\u00e1tico \" src=\"https:\/\/365-housse.com\/wp-content\/uploads\/2023\/06\/housse-de-protection-chaise_480x480.jpg?v=1623509317\" \/><\/p>\n<p data-mce-fragment=\"1\" data-pm-slice=\"1 1 []\">Si te ha gustado esta portada, espera a descubrir otros modelos y tonalidades m\u00e1s originales, desde la amplia variedad de<span data-mce-fragment=\"1\"> <\/span><a data-mce-fragment=\"1\" data-mce-href=\"\/?product_cat=scandinavian-chair-cover\" href=\"https:\/\/365-housse.com\/es\/collections\/funda-para-silla-escandinava\/\" rel=\"noopener\" target=\"_blank\" title=\"Funda para silla escandinava\"><strong data-mce>Fundas para sillas escandinavas<\/strong><\/a><span data-mce-fragment=\"1\"> <\/span>que ofrecemos en nuestro sitio.<\/p>\n<p>Si buscas una funda de estilo sencillo con l\u00edneas limpias y modernas, tambi\u00e9n puedes optar por nuestra <a href=\"https:\/\/365-housse.com\/products\/housse-chaise -scandinavian- modern-white\/\" rel=\"noopener\" target=\"_blank\" title=\"Funda para silla blanca moderna escandinava\"><strong data-mce-fragment=\"1\">Funda para silla blanca moderna escandinava<\/strong><\/a> .<\/p>\n","protected":false},"excerpt":{"rendered":"<p>El Funda para silla escandinava azul moderna es la mejor opci\u00f3n para darle un toque extra de estilo a tu sal\u00f3n u oficina. Su color de rayas azules y blancas se adapta a la paleta de colores y la decoraci\u00f3n interior de tu hogar. Esta portada tiene una apariencia moderna y limpia. Beneficios: Agrega una [&hellip;]<\/p>\n","protected":false},"featured_media":15683,"comment_status":"open","ping_status":"closed","template":"","meta":[],"product_cat":[156,161],"product_tag":[],"class_list":{"0":"post-20463","1":"product","2":"type-product","3":"status-publish","4":"has-post-thumbnail","6":"product_cat-funda-para-silla-escandinava","7":"product_cat-portada-interior","9":"first","10":"instock","11":"shipping-taxable","12":"purchasable","13":"product-type-simple"},"yoast_head":"<title>Funda para silla escandinava moderna azul en entrega - gratis Ahorra un 30% en tu pedido<\/title>\n<meta name=\"description\" content=\"Recibe tu Funda para silla escandinava moderna azul hoy y benef\u00edciate de la entrega - gratuita Env\u00edo en 24\/48h\" \/>\n<meta name=\"robots\" content=\"index, follow, max-snippet:-1, max-image-preview:large, max-video-preview:-1\" \/>\n<link rel=\"canonical\" href=\"https:\/\/365-housse.com\/es\/productos\/housse-chaise-scandinave-moderne-bleue\/\" \/>\n<meta property=\"og:locale\" content=\"es_ES\" \/>\n<meta property=\"og:type\" content=\"article\" \/>\n<meta property=\"og:title\" content=\"Funda para silla escandinava moderna azul en entrega - gratis Ahorra un 30% en tu pedido\" \/>\n<meta property=\"og:description\" content=\"Recibe tu Funda para silla escandinava moderna azul hoy y benef\u00edciate de la entrega - gratuita Env\u00edo en 24\/48h\" \/>\n<meta property=\"og:url\" content=\"https:\/\/365-housse.com\/es\/productos\/housse-chaise-scandinave-moderne-bleue\/\" \/>\n<meta property=\"og:site_name\" content=\"Housse de Canap\u00e9\" \/>\n<meta property=\"article:modified_time\" content=\"2024-09-17T15:10:31+00:00\" \/>\n<meta property=\"og:image\" content=\"https:\/\/365-housse.com\/wp-content\/uploads\/2023\/06\/housse-de-chaise-scandinave-moderne-bleue.png\" \/>\n\t<meta property=\"og:image:width\" content=\"450\" \/>\n\t<meta property=\"og:image:height\" content=\"448\" \/>\n\t<meta property=\"og:image:type\" content=\"image\/png\" \/>\n<meta name=\"twitter:card\" content=\"summary_large_image\" \/>\n<meta name=\"twitter:label1\" content=\"Tiempo de lectura\" \/>\n\t<meta name=\"twitter:data1\" content=\"2 minutos\" \/>\n<script type=\"application\/ld+json\" class=\"yoast-schema-graph\">{\"@context\":\"https:\/\/schema.org\",\"@graph\":[{\"@type\":\"WebPage\",\"@id\":\"https:\/\/365-housse.com\/es\/productos\/housse-chaise-scandinave-moderne-bleue\/\",\"url\":\"https:\/\/365-housse.com\/es\/productos\/housse-chaise-scandinave-moderne-bleue\/\",\"name\":\"Funda para silla escandinava moderna azul en entrega - gratis Ahorra un 30% en tu pedido\",\"isPartOf\":{\"@id\":\"https:\/\/365-housse.com\/es\/#website\"},\"primaryImageOfPage\":{\"@id\":\"https:\/\/365-housse.com\/es\/productos\/housse-chaise-scandinave-moderne-bleue\/#primaryimage\"},\"image\":{\"@id\":\"https:\/\/365-housse.com\/es\/productos\/housse-chaise-scandinave-moderne-bleue\/#primaryimage\"},\"thumbnailUrl\":\"https:\/\/365-housse.com\/wp-content\/uploads\/2023\/06\/housse-de-chaise-scandinave-moderne-bleue.png\",\"datePublished\":\"2023-06-12T08:07:42+00:00\",\"dateModified\":\"2024-09-17T15:10:31+00:00\",\"description\":\"Recibe tu Funda para silla escandinava moderna azul hoy y benef\u00edciate de la entrega - gratuita Env\u00edo en 24\/48h\",\"breadcrumb\":{\"@id\":\"https:\/\/365-housse.com\/es\/productos\/housse-chaise-scandinave-moderne-bleue\/#breadcrumb\"},\"inLanguage\":\"es\",\"potentialAction\":[{\"@type\":\"ReadAction\",\"target\":[\"https:\/\/365-housse.com\/es\/productos\/housse-chaise-scandinave-moderne-bleue\/\"]}]},{\"@type\":\"ImageObject\",\"inLanguage\":\"es\",\"@id\":\"https:\/\/365-housse.com\/es\/productos\/housse-chaise-scandinave-moderne-bleue\/#primaryimage\",\"url\":\"https:\/\/365-housse.com\/wp-content\/uploads\/2023\/06\/housse-de-chaise-scandinave-moderne-bleue.png\",\"contentUrl\":\"https:\/\/365-housse.com\/wp-content\/uploads\/2023\/06\/housse-de-chaise-scandinave-moderne-bleue.png\",\"width\":450,\"height\":448},{\"@type\":\"BreadcrumbList\",\"@id\":\"https:\/\/365-housse.com\/es\/productos\/housse-chaise-scandinave-moderne-bleue\/#breadcrumb\",\"itemListElement\":[{\"@type\":\"ListItem\",\"position\":1,\"name\":\"Accueil\",\"item\":\"https:\/\/365-housse.com\/es\/\"},{\"@type\":\"ListItem\",\"position\":2,\"name\":\"Tienda\",\"item\":\"https:\/\/365-housse.com\/es\/tienda\/\"},{\"@type\":\"ListItem\",\"position\":3,\"name\":\"Funda para silla escandinava moderna azul\"}]},{\"@type\":\"WebSite\",\"@id\":\"https:\/\/365-housse.com\/es\/#website\",\"url\":\"https:\/\/365-housse.com\/es\/\",\"name\":\"Housse de Canap\u00e9\",\"description\":\"Le N\u00b01 de la Housse\",\"publisher\":{\"@id\":\"https:\/\/365-housse.com\/es\/#organization\"},\"potentialAction\":[{\"@type\":\"SearchAction\",\"target\":{\"@type\":\"EntryPoint\",\"urlTemplate\":\"https:\/\/365-housse.com\/es\/?s={search_term_string}\"},\"query-input\":{\"@type\":\"PropertyValueSpecification\",\"valueRequired\":true,\"valueName\":\"search_term_string\"}}],\"inLanguage\":\"es\"},{\"@type\":\"Organization\",\"@id\":\"https:\/\/365-housse.com\/es\/#organization\",\"name\":\"Housse de Canap\u00e9\",\"url\":\"https:\/\/365-housse.com\/es\/\",\"logo\":{\"@type\":\"ImageObject\",\"inLanguage\":\"es\",\"@id\":\"https:\/\/365-housse.com\/es\/#\/schema\/logo\/image\/\",\"url\":\"https:\/\/365-housse.com\/wp-content\/uploads\/2023\/06\/LOGO-400-\u00d7-200-px-392-x-134-px-16.png\",\"contentUrl\":\"https:\/\/365-housse.com\/wp-content\/uploads\/2023\/06\/LOGO-400-\u00d7-200-px-392-x-134-px-16.png\",\"width\":392,\"height\":134,\"caption\":\"Housse de Canap\u00e9\"},\"image\":{\"@id\":\"https:\/\/365-housse.com\/es\/#\/schema\/logo\/image\/\"}}]}<\/script>","yoast_head_json":{"title":"Funda para silla escandinava moderna azul en entrega - gratis Ahorra un 30% en tu pedido","description":"Recibe tu Funda para silla escandinava moderna azul hoy y benef\u00edciate de la entrega - gratuita Env\u00edo en 24\/48h","robots":{"index":"index","follow":"follow","max-snippet":"max-snippet:-1","max-image-preview":"max-image-preview:large","max-video-preview":"max-video-preview:-1"},"canonical":"https:\/\/365-housse.com\/es\/productos\/housse-chaise-scandinave-moderne-bleue\/","og_locale":"es_ES","og_type":"article","og_title":"Funda para silla escandinava moderna azul en entrega - gratis Ahorra un 30% en tu pedido","og_description":"Recibe tu Funda para silla escandinava moderna azul hoy y benef\u00edciate de la entrega - gratuita Env\u00edo en 24\/48h","og_url":"https:\/\/365-housse.com\/es\/productos\/housse-chaise-scandinave-moderne-bleue\/","og_site_name":"Housse de Canap\u00e9","article_modified_time":"2024-09-17T15:10:31+00:00","og_image":[{"width":450,"height":448,"url":"https:\/\/365-housse.com\/wp-content\/uploads\/2023\/06\/housse-de-chaise-scandinave-moderne-bleue.png","type":"image\/png"}],"twitter_card":"summary_large_image","twitter_misc":{"Tiempo de lectura":"2 minutos"},"schema":{"@context":"https:\/\/schema.org","@graph":[{"@type":"WebPage","@id":"https:\/\/365-housse.com\/es\/productos\/housse-chaise-scandinave-moderne-bleue\/","url":"https:\/\/365-housse.com\/es\/productos\/housse-chaise-scandinave-moderne-bleue\/","name":"Funda para silla escandinava moderna azul en entrega - gratis Ahorra un 30% en tu pedido","isPartOf":{"@id":"https:\/\/365-housse.com\/es\/#website"},"primaryImageOfPage":{"@id":"https:\/\/365-housse.com\/es\/productos\/housse-chaise-scandinave-moderne-bleue\/#primaryimage"},"image":{"@id":"https:\/\/365-housse.com\/es\/productos\/housse-chaise-scandinave-moderne-bleue\/#primaryimage"},"thumbnailUrl":"https:\/\/365-housse.com\/wp-content\/uploads\/2023\/06\/housse-de-chaise-scandinave-moderne-bleue.png","datePublished":"2023-06-12T08:07:42+00:00","dateModified":"2024-09-17T15:10:31+00:00","description":"Recibe tu Funda para silla escandinava moderna azul hoy y benef\u00edciate de la entrega - gratuita Env\u00edo en 24\/48h","breadcrumb":{"@id":"https:\/\/365-housse.com\/es\/productos\/housse-chaise-scandinave-moderne-bleue\/#breadcrumb"},"inLanguage":"es","potentialAction":[{"@type":"ReadAction","target":["https:\/\/365-housse.com\/es\/productos\/housse-chaise-scandinave-moderne-bleue\/"]}]},{"@type":"ImageObject","inLanguage":"es","@id":"https:\/\/365-housse.com\/es\/productos\/housse-chaise-scandinave-moderne-bleue\/#primaryimage","url":"https:\/\/365-housse.com\/wp-content\/uploads\/2023\/06\/housse-de-chaise-scandinave-moderne-bleue.png","contentUrl":"https:\/\/365-housse.com\/wp-content\/uploads\/2023\/06\/housse-de-chaise-scandinave-moderne-bleue.png","width":450,"height":448},{"@type":"BreadcrumbList","@id":"https:\/\/365-housse.com\/es\/productos\/housse-chaise-scandinave-moderne-bleue\/#breadcrumb","itemListElement":[{"@type":"ListItem","position":1,"name":"Accueil","item":"https:\/\/365-housse.com\/es\/"},{"@type":"ListItem","position":2,"name":"Tienda","item":"https:\/\/365-housse.com\/es\/tienda\/"},{"@type":"ListItem","position":3,"name":"Funda para silla escandinava moderna azul"}]},{"@type":"WebSite","@id":"https:\/\/365-housse.com\/es\/#website","url":"https:\/\/365-housse.com\/es\/","name":"Housse de Canap\u00e9","description":"Le N\u00b01 de la Housse","publisher":{"@id":"https:\/\/365-housse.com\/es\/#organization"},"potentialAction":[{"@type":"SearchAction","target":{"@type":"EntryPoint","urlTemplate":"https:\/\/365-housse.com\/es\/?s={search_term_string}"},"query-input":{"@type":"PropertyValueSpecification","valueRequired":true,"valueName":"search_term_string"}}],"inLanguage":"es"},{"@type":"Organization","@id":"https:\/\/365-housse.com\/es\/#organization","name":"Housse de Canap\u00e9","url":"https:\/\/365-housse.com\/es\/","logo":{"@type":"ImageObject","inLanguage":"es","@id":"https:\/\/365-housse.com\/es\/#\/schema\/logo\/image\/","url":"https:\/\/365-housse.com\/wp-content\/uploads\/2023\/06\/LOGO-400-\u00d7-200-px-392-x-134-px-16.png","contentUrl":"https:\/\/365-housse.com\/wp-content\/uploads\/2023\/06\/LOGO-400-\u00d7-200-px-392-x-134-px-16.png","width":392,"height":134,"caption":"Housse de Canap\u00e9"},"image":{"@id":"https:\/\/365-housse.com\/es\/#\/schema\/logo\/image\/"}}]}},"_links":{"self":[{"href":"https:\/\/365-housse.com\/es\/wp-json\/wp\/v2\/product\/20463"}],"collection":[{"href":"https:\/\/365-housse.com\/es\/wp-json\/wp\/v2\/product"}],"about":[{"href":"https:\/\/365-housse.com\/es\/wp-json\/wp\/v2\/types\/product"}],"replies":[{"embeddable":true,"href":"https:\/\/365-housse.com\/es\/wp-json\/wp\/v2\/comments?post=20463"}],"wp:featuredmedia":[{"embeddable":true,"href":"https:\/\/365-housse.com\/es\/wp-json\/wp\/v2\/media\/15683"}],"wp:attachment":[{"href":"https:\/\/365-housse.com\/es\/wp-json\/wp\/v2\/media?parent=20463"}],"wp:term":[{"taxonomy":"product_cat","embeddable":true,"href":"https:\/\/365-housse.com\/es\/wp-json\/wp\/v2\/product_cat?post=20463"},{"taxonomy":"product_tag","embeddable":true,"href":"https:\/\/365-housse.com\/es\/wp-json\/wp\/v2\/product_tag?post=20463"}],"curies":[{"name":"wp","href":"https:\/\/api.w.org\/{rel}","templated":true}]}}