{"id":20481,"date":"2023-06-12T08:07:33","date_gmt":"2023-06-12T08:07:33","guid":{"rendered":"https:\/\/365-housse.com\/products\/housse-chaise-scandinave-impermeable\/"},"modified":"2024-09-17T15:10:35","modified_gmt":"2024-09-17T15:10:35","slug":"housse-chaise-scandinave-impermeable","status":"publish","type":"product","link":"https:\/\/365-housse.com\/es\/productos\/housse-chaise-scandinave-impermeable\/","title":{"rendered":"Funda impermeable para silla escandinava"},"content":{"rendered":"<h2 data-mce-fragment=\"1\" data-pm-slice=\"1 1 []\">La <strong data-mce-fragment=\"1\">Funda impermeable para silla escandinava<\/strong> es un producto que combina calidad, rendimiento y valor. Fabricada con un tejido duradero y resistente al agua, ofrece una protecci\u00f3n \u00f3ptima contra el desgaste, las manchas, el mal tiempo y las mascotas. Disponible en diferentes tama\u00f1os universales, se adapta a todo tipo de sillas, aparadores y mesas de comedor y aporta un toque de elegancia a tu interior. Su tecnolog\u00eda de impresi\u00f3n de alto rendimiento proporciona una mayor resistencia del color a la luz y al lavado.<\/h2>\n<p data-mce-fragment=\"1\"><span data-mce-fragment=\"1\"><strong data-mce-fragment=\"1\">Ventajas:<\/strong><\/span><\/p>\n<ul>\n<li>\n<p data-mce-fragment=\"1\">Ofrece un dise\u00f1o elegante y atemporal<\/p>\n<\/li>\n<li>\n<p data-mce-fragment=\"1\">Protege tus muebles contra el uso intensivo<\/p>\n<\/li>\n<li>\n<p data-mce-fragment=\"1\">Se adapta en segundos con funciones el\u00e1sticas<\/p>\n<\/li>\n<li>\n<p data-mce-fragment=\"1\">Hecho de un tejido resistente<\/p>\n<\/li>\n<\/ul>\n<p data-mce-fragment=\"1\"><span data-mce-fragment=\"1\"><strong data-mce-fragment=\"1\">Caracter\u00edsticas: <\/strong><\/span><\/p>\n<ul>\n<li>\n<p data-mce-fragment=\"1\"><span data-mce-fragment=\"1\">Material: <\/span><span data-mce-fragment=\"1\">Poli\u00e9ster el\u00e1stico de alta calidad&lt;\/span <\/p>\n<\/li>\n<li>\n<p data-mce-fragment=\"1\"><span data-mce-fragment=\"1\">La tela de alta densidad protege tus sillas de las manchas<\/span><\/p>\n<\/li>\n<li>\n<p data-mce-fragment=\"1\"><span data-mce-fragment=\"1\">Impresi\u00f3n de alto rendimiento para una mejor solidez del color<\/span><\/p>\n<\/li>\n<li>\n<p data-mce-fragment=\"1\"><span data-mce-fragment=\"1\">F\u00e1cil instalaci\u00f3n<\/span><\/p>\n<\/li>\n<li>\n<p data-mce-fragment=\"1\"><span data-mce-fragment=\"1\">Mant\u00e9n tus sillas limpias y en buen estado<\/span><br data-mce-fragment=\"1\" \/><\/p>\n<\/li>\n<li>\n<p data-mce-fragment=\"1\"><span data-mce-fragment=\"1\">Banda el\u00e1stica para un ajuste perfecto y antideslizante<\/span><\/p>\n<\/li>\n<li>\n<p data-mce-fragment=\"1\">Lavable a m\u00e1quina<\/p>\n<\/li>\n<\/ul>\n<p data-mce-fragment=\"1\"><span data-mce-fragment=\"1\"><strong data-mce-fragment=\"1\">Gu\u00eda de tallas:<\/strong><\/span><\/ p ><\/p>\n<p data-mce-fragment=\"1\" data-mce-style=\"text-align: center;\" style=\"text-align: center\"><img decoding=\"async\" alt=\"\" src=\"https:\/\/365-housse.com\/wp-content\/uploads\/2023\/06\/housse-de-chaise-scandinave-universelle-taille_480x480 .jpg?v=1676402390\" \/><\/p>\n<div>\n<div data-mce-fragment=\"1\"><span data-mce-fragment=\"1\">Nuestras fundas se adaptan a muchos modelos de sillas<\/span><\/div>\n<div>\n        <span><\/span><\/div>\n<div><span><img decoding=\"async\" alt=\"\" data-mce-style=\"display: block; margin-left: auto right: auto;\" src=\"https:\/\/365-housse.com\/wp-content\/uploads\/2023\/06\/Capture_d_ecran_2021-06-22_a_15.41.07_480x480.png?v=1624369341\" \/><\/span><\/div>\n<div>\n        <span><\/span>\n    <\/div>\n<\/div>\n<div><span> <\/span><\/div>\n<div data-mce-fragment=\"1\"><span>Diferencia antes\/despu\u00e9s: <\/span><\/div>\n<div data-mce-fragment=\"1\"><span><img decoding=\"async\" alt=\"\" src=\"https:\/\/365-housse.com\/wp-content\/uploads\/2023\/06\/housse-de-chaise- scandinavian-usage_480x480.jpg?v=1676225221\" style=\"margin-left: auto;margin-right: auto\" \/><\/span><\/div>\n<p data-mce-fragment=\"1\" data-mce- style=\"text-align: center\"><img decoding=\"async\" alt=\"\" data-mce-fragment=\"1\" data-mce-src=\"https:\/\/365-housse.com\/wp-content\/uploads\/2023\/ 06\/housse-de-chaise-scandinave-installation_d3b6f09d-b453-4b54-a6f8-2e488db2e138_480x480.jpg?v=1676224980\" src=\"https:\/\/365-housse.com\/wp-content\/uploads\/2023\/06\/housse -de-instalaci\u00f3n-de-silla-escandinava_d3b6f09d-b453-4b54-a6f8-2e488db2e138_480x480.jpg?v=1676224980\" \/><br data-mce-fragment=\"1\" \/><\/p>\n<h3> Consejo: \u00a1empieza por poner <strong>la funda impermeable de la silla escandinava<\/strong> por la parte de atr\u00e1s!<\/h3>\n<p>Nuestra gama <a href=\"https:\/\/365-housse.com\/es\/collections\/funda-para-silla-escandinava\/\" rel=\"noopener noreferrer\" target=\"_blank\" title=\"Fundas para sillas escandinavas \"><strong>Fundas para sillas escandinavas<\/strong><\/a> est\u00e1 dise\u00f1ada para proteger tus muebles durante las recepciones al aire libre, con el\u00e1sticos y varios estampados. Nuestra <a href=\"https:\/\/365-housse.com\/products\/scandinave-universal-black-chair-cover\/\" rel=\"noopener noreferrer\" target=\"_blank\" title=\"Funda universal para silla escandinava negra\"> La <strong>Funda Universal para Silla Escandinava Negra<\/strong><\/a> es perfecta para cubrir sillas durante un evento al aire libre.<\/p>\n","protected":false},"excerpt":{"rendered":"<p>La Funda impermeable para silla escandinava es un producto que combina calidad, rendimiento y valor. Fabricada con un tejido duradero y resistente al agua, ofrece una protecci\u00f3n \u00f3ptima contra el desgaste, las manchas, el mal tiempo y las mascotas. Disponible en diferentes tama\u00f1os universales, se adapta a todo tipo de sillas, aparadores y mesas de [&hellip;]<\/p>\n","protected":false},"featured_media":15663,"comment_status":"open","ping_status":"closed","template":"","meta":[],"product_cat":[156,161],"product_tag":[212],"class_list":{"0":"post-20481","1":"product","2":"type-product","3":"status-publish","4":"has-post-thumbnail","6":"product_cat-funda-para-silla-escandinava","7":"product_cat-portada-interior","8":"product_tag-chaise-es","10":"first","11":"instock","12":"shipping-taxable","13":"purchasable","14":"product-type-simple"},"yoast_head":"<title>Funda impermeable para silla escandinava en entrega - gratis Ahorra un 30% en tu pedido<\/title>\n<meta name=\"description\" content=\"Recibe tu Funda impermeable para silla escandinava hoy y benef\u00edciate de la entrega - gratuita Env\u00edo en 24\/48h\" \/>\n<meta name=\"robots\" content=\"index, follow, max-snippet:-1, max-image-preview:large, max-video-preview:-1\" \/>\n<link rel=\"canonical\" href=\"https:\/\/365-housse.com\/es\/productos\/housse-chaise-scandinave-impermeable\/\" \/>\n<meta property=\"og:locale\" content=\"es_ES\" \/>\n<meta property=\"og:type\" content=\"article\" \/>\n<meta property=\"og:title\" content=\"Funda impermeable para silla escandinava en entrega - gratis Ahorra un 30% en tu pedido\" \/>\n<meta property=\"og:description\" content=\"Recibe tu Funda impermeable para silla escandinava hoy y benef\u00edciate de la entrega - gratuita Env\u00edo en 24\/48h\" \/>\n<meta property=\"og:url\" content=\"https:\/\/365-housse.com\/es\/productos\/housse-chaise-scandinave-impermeable\/\" \/>\n<meta property=\"og:site_name\" content=\"Housse de Canap\u00e9\" \/>\n<meta property=\"article:modified_time\" content=\"2024-09-17T15:10:35+00:00\" \/>\n<meta property=\"og:image\" content=\"https:\/\/365-housse.com\/wp-content\/uploads\/2023\/06\/housse-chaise-scandinave-impermeable.jpg\" \/>\n\t<meta property=\"og:image:width\" content=\"450\" \/>\n\t<meta property=\"og:image:height\" content=\"445\" \/>\n\t<meta property=\"og:image:type\" content=\"image\/jpeg\" \/>\n<meta name=\"twitter:card\" content=\"summary_large_image\" \/>\n<meta name=\"twitter:label1\" content=\"Tiempo de lectura\" \/>\n\t<meta name=\"twitter:data1\" content=\"1 minuto\" \/>\n<script type=\"application\/ld+json\" class=\"yoast-schema-graph\">{\"@context\":\"https:\/\/schema.org\",\"@graph\":[{\"@type\":\"WebPage\",\"@id\":\"https:\/\/365-housse.com\/es\/productos\/housse-chaise-scandinave-impermeable\/\",\"url\":\"https:\/\/365-housse.com\/es\/productos\/housse-chaise-scandinave-impermeable\/\",\"name\":\"Funda impermeable para silla escandinava en entrega - gratis Ahorra un 30% en tu pedido\",\"isPartOf\":{\"@id\":\"https:\/\/365-housse.com\/es\/#website\"},\"primaryImageOfPage\":{\"@id\":\"https:\/\/365-housse.com\/es\/productos\/housse-chaise-scandinave-impermeable\/#primaryimage\"},\"image\":{\"@id\":\"https:\/\/365-housse.com\/es\/productos\/housse-chaise-scandinave-impermeable\/#primaryimage\"},\"thumbnailUrl\":\"https:\/\/365-housse.com\/wp-content\/uploads\/2023\/06\/housse-chaise-scandinave-impermeable.jpg\",\"datePublished\":\"2023-06-12T08:07:33+00:00\",\"dateModified\":\"2024-09-17T15:10:35+00:00\",\"description\":\"Recibe tu Funda impermeable para silla escandinava hoy y benef\u00edciate de la entrega - gratuita Env\u00edo en 24\/48h\",\"breadcrumb\":{\"@id\":\"https:\/\/365-housse.com\/es\/productos\/housse-chaise-scandinave-impermeable\/#breadcrumb\"},\"inLanguage\":\"es\",\"potentialAction\":[{\"@type\":\"ReadAction\",\"target\":[\"https:\/\/365-housse.com\/es\/productos\/housse-chaise-scandinave-impermeable\/\"]}]},{\"@type\":\"ImageObject\",\"inLanguage\":\"es\",\"@id\":\"https:\/\/365-housse.com\/es\/productos\/housse-chaise-scandinave-impermeable\/#primaryimage\",\"url\":\"https:\/\/365-housse.com\/wp-content\/uploads\/2023\/06\/housse-chaise-scandinave-impermeable.jpg\",\"contentUrl\":\"https:\/\/365-housse.com\/wp-content\/uploads\/2023\/06\/housse-chaise-scandinave-impermeable.jpg\",\"width\":450,\"height\":445},{\"@type\":\"BreadcrumbList\",\"@id\":\"https:\/\/365-housse.com\/es\/productos\/housse-chaise-scandinave-impermeable\/#breadcrumb\",\"itemListElement\":[{\"@type\":\"ListItem\",\"position\":1,\"name\":\"Accueil\",\"item\":\"https:\/\/365-housse.com\/es\/\"},{\"@type\":\"ListItem\",\"position\":2,\"name\":\"Tienda\",\"item\":\"https:\/\/365-housse.com\/es\/tienda\/\"},{\"@type\":\"ListItem\",\"position\":3,\"name\":\"Funda impermeable para silla escandinava\"}]},{\"@type\":\"WebSite\",\"@id\":\"https:\/\/365-housse.com\/es\/#website\",\"url\":\"https:\/\/365-housse.com\/es\/\",\"name\":\"Housse de Canap\u00e9\",\"description\":\"Le N\u00b01 de la Housse\",\"publisher\":{\"@id\":\"https:\/\/365-housse.com\/es\/#organization\"},\"potentialAction\":[{\"@type\":\"SearchAction\",\"target\":{\"@type\":\"EntryPoint\",\"urlTemplate\":\"https:\/\/365-housse.com\/es\/?s={search_term_string}\"},\"query-input\":{\"@type\":\"PropertyValueSpecification\",\"valueRequired\":true,\"valueName\":\"search_term_string\"}}],\"inLanguage\":\"es\"},{\"@type\":\"Organization\",\"@id\":\"https:\/\/365-housse.com\/es\/#organization\",\"name\":\"Housse de Canap\u00e9\",\"url\":\"https:\/\/365-housse.com\/es\/\",\"logo\":{\"@type\":\"ImageObject\",\"inLanguage\":\"es\",\"@id\":\"https:\/\/365-housse.com\/es\/#\/schema\/logo\/image\/\",\"url\":\"https:\/\/365-housse.com\/wp-content\/uploads\/2023\/06\/LOGO-400-\u00d7-200-px-392-x-134-px-16.png\",\"contentUrl\":\"https:\/\/365-housse.com\/wp-content\/uploads\/2023\/06\/LOGO-400-\u00d7-200-px-392-x-134-px-16.png\",\"width\":392,\"height\":134,\"caption\":\"Housse de Canap\u00e9\"},\"image\":{\"@id\":\"https:\/\/365-housse.com\/es\/#\/schema\/logo\/image\/\"}}]}<\/script>","yoast_head_json":{"title":"Funda impermeable para silla escandinava en entrega - gratis Ahorra un 30% en tu pedido","description":"Recibe tu Funda impermeable para silla escandinava hoy y benef\u00edciate de la entrega - gratuita Env\u00edo en 24\/48h","robots":{"index":"index","follow":"follow","max-snippet":"max-snippet:-1","max-image-preview":"max-image-preview:large","max-video-preview":"max-video-preview:-1"},"canonical":"https:\/\/365-housse.com\/es\/productos\/housse-chaise-scandinave-impermeable\/","og_locale":"es_ES","og_type":"article","og_title":"Funda impermeable para silla escandinava en entrega - gratis Ahorra un 30% en tu pedido","og_description":"Recibe tu Funda impermeable para silla escandinava hoy y benef\u00edciate de la entrega - gratuita Env\u00edo en 24\/48h","og_url":"https:\/\/365-housse.com\/es\/productos\/housse-chaise-scandinave-impermeable\/","og_site_name":"Housse de Canap\u00e9","article_modified_time":"2024-09-17T15:10:35+00:00","og_image":[{"width":450,"height":445,"url":"https:\/\/365-housse.com\/wp-content\/uploads\/2023\/06\/housse-chaise-scandinave-impermeable.jpg","type":"image\/jpeg"}],"twitter_card":"summary_large_image","twitter_misc":{"Tiempo de lectura":"1 minuto"},"schema":{"@context":"https:\/\/schema.org","@graph":[{"@type":"WebPage","@id":"https:\/\/365-housse.com\/es\/productos\/housse-chaise-scandinave-impermeable\/","url":"https:\/\/365-housse.com\/es\/productos\/housse-chaise-scandinave-impermeable\/","name":"Funda impermeable para silla escandinava en entrega - gratis Ahorra un 30% en tu pedido","isPartOf":{"@id":"https:\/\/365-housse.com\/es\/#website"},"primaryImageOfPage":{"@id":"https:\/\/365-housse.com\/es\/productos\/housse-chaise-scandinave-impermeable\/#primaryimage"},"image":{"@id":"https:\/\/365-housse.com\/es\/productos\/housse-chaise-scandinave-impermeable\/#primaryimage"},"thumbnailUrl":"https:\/\/365-housse.com\/wp-content\/uploads\/2023\/06\/housse-chaise-scandinave-impermeable.jpg","datePublished":"2023-06-12T08:07:33+00:00","dateModified":"2024-09-17T15:10:35+00:00","description":"Recibe tu Funda impermeable para silla escandinava hoy y benef\u00edciate de la entrega - gratuita Env\u00edo en 24\/48h","breadcrumb":{"@id":"https:\/\/365-housse.com\/es\/productos\/housse-chaise-scandinave-impermeable\/#breadcrumb"},"inLanguage":"es","potentialAction":[{"@type":"ReadAction","target":["https:\/\/365-housse.com\/es\/productos\/housse-chaise-scandinave-impermeable\/"]}]},{"@type":"ImageObject","inLanguage":"es","@id":"https:\/\/365-housse.com\/es\/productos\/housse-chaise-scandinave-impermeable\/#primaryimage","url":"https:\/\/365-housse.com\/wp-content\/uploads\/2023\/06\/housse-chaise-scandinave-impermeable.jpg","contentUrl":"https:\/\/365-housse.com\/wp-content\/uploads\/2023\/06\/housse-chaise-scandinave-impermeable.jpg","width":450,"height":445},{"@type":"BreadcrumbList","@id":"https:\/\/365-housse.com\/es\/productos\/housse-chaise-scandinave-impermeable\/#breadcrumb","itemListElement":[{"@type":"ListItem","position":1,"name":"Accueil","item":"https:\/\/365-housse.com\/es\/"},{"@type":"ListItem","position":2,"name":"Tienda","item":"https:\/\/365-housse.com\/es\/tienda\/"},{"@type":"ListItem","position":3,"name":"Funda impermeable para silla escandinava"}]},{"@type":"WebSite","@id":"https:\/\/365-housse.com\/es\/#website","url":"https:\/\/365-housse.com\/es\/","name":"Housse de Canap\u00e9","description":"Le N\u00b01 de la Housse","publisher":{"@id":"https:\/\/365-housse.com\/es\/#organization"},"potentialAction":[{"@type":"SearchAction","target":{"@type":"EntryPoint","urlTemplate":"https:\/\/365-housse.com\/es\/?s={search_term_string}"},"query-input":{"@type":"PropertyValueSpecification","valueRequired":true,"valueName":"search_term_string"}}],"inLanguage":"es"},{"@type":"Organization","@id":"https:\/\/365-housse.com\/es\/#organization","name":"Housse de Canap\u00e9","url":"https:\/\/365-housse.com\/es\/","logo":{"@type":"ImageObject","inLanguage":"es","@id":"https:\/\/365-housse.com\/es\/#\/schema\/logo\/image\/","url":"https:\/\/365-housse.com\/wp-content\/uploads\/2023\/06\/LOGO-400-\u00d7-200-px-392-x-134-px-16.png","contentUrl":"https:\/\/365-housse.com\/wp-content\/uploads\/2023\/06\/LOGO-400-\u00d7-200-px-392-x-134-px-16.png","width":392,"height":134,"caption":"Housse de Canap\u00e9"},"image":{"@id":"https:\/\/365-housse.com\/es\/#\/schema\/logo\/image\/"}}]}},"_links":{"self":[{"href":"https:\/\/365-housse.com\/es\/wp-json\/wp\/v2\/product\/20481"}],"collection":[{"href":"https:\/\/365-housse.com\/es\/wp-json\/wp\/v2\/product"}],"about":[{"href":"https:\/\/365-housse.com\/es\/wp-json\/wp\/v2\/types\/product"}],"replies":[{"embeddable":true,"href":"https:\/\/365-housse.com\/es\/wp-json\/wp\/v2\/comments?post=20481"}],"wp:featuredmedia":[{"embeddable":true,"href":"https:\/\/365-housse.com\/es\/wp-json\/wp\/v2\/media\/15663"}],"wp:attachment":[{"href":"https:\/\/365-housse.com\/es\/wp-json\/wp\/v2\/media?parent=20481"}],"wp:term":[{"taxonomy":"product_cat","embeddable":true,"href":"https:\/\/365-housse.com\/es\/wp-json\/wp\/v2\/product_cat?post=20481"},{"taxonomy":"product_tag","embeddable":true,"href":"https:\/\/365-housse.com\/es\/wp-json\/wp\/v2\/product_tag?post=20481"}],"curies":[{"name":"wp","href":"https:\/\/api.w.org\/{rel}","templated":true}]}}