{"id":20488,"date":"2023-06-12T08:07:27","date_gmt":"2023-06-12T08:07:27","guid":{"rendered":"https:\/\/365-housse.com\/products\/housse-chaise-scandinave-moderne-grise\/"},"modified":"2024-09-17T15:10:46","modified_gmt":"2024-09-17T15:10:46","slug":"housse-chaise-scandinave-moderne-grise","status":"publish","type":"product","link":"https:\/\/365-housse.com\/es\/productos\/housse-chaise-scandinave-moderne-grise\/","title":{"rendered":"Funda para silla escandinava moderna gris"},"content":{"rendered":"<h2>\u00bfEst\u00e1s buscando agregar modernidad a tu interior? \u00a1Descubre la funda para silla Scandinavian Modern Grey! Cuidadosamente dise\u00f1ado para a\u00f1adir un toque de elegancia a tu decoraci\u00f3n.<\/h2>\n<p><span><strong>Ventajas:<\/strong><\/span><\/p>\n<ul>\n<li>\n<p>Protecci\u00f3n \u00f3ptima contra el desgaste, suciedad, manchas, mascotas, etc.<\/p>\n<\/li>\n<li>\n<p>Se adapta en segundos gracias a sus caracter\u00edsticas el\u00e1sticas que se adaptan perfectamente al 99% de los modelos de sillas.<\/p>\n<\/li>\n<li>\n<p>Confeccionado con tejidos de primera calidad.<\/p>\n<\/li>\n<\/ul>\n<p><span><strong>Caracter\u00edsticas: <\/strong><\/span><\/p>\n<ul>\n<li>\n<p>Material: 8% Elastano (material el\u00e1stico) + 92% Poli\u00e9ster<\/p>\n<\/li>\n<li>\n<p>Tejido de alta densidad que protege tu silla de las manchas.<\/p>\n<\/li>\n<li>\n<p>Impresi\u00f3n de alto rendimiento para una mayor resistencia del color a la luz y al lavado.<\/p>\n<\/li>\n<li>\n<p>F\u00e1cil de poner y quitar.<\/p>\n<\/li>\n<li>\n<p>Protege y mantiene tu silla limpia y en buen estado.<\/p>\n<\/li>\n<li>\n<p>El dise\u00f1o de banda el\u00e1stica proporciona un ajuste perfecto y un agarre antideslizante.<\/p>\n<\/li>\n<li>\n<p>Lavable a m\u00e1quina.<\/p>\n<\/li>\n<\/ul>\n<p><span><strong>Gu\u00eda de tallas:<\/strong><\/span><\/p>\n<p><img fetchpriority=\"high\" decoding=\"async\" alt=\"tama\u00f1o-funda-silla-azul-escandinava\" height=\"277\" src=\"https:\/\/365-housse.com\/wp-content\/uploads\/2023\/06\/Capture_d_ecran_2021-06- 22_a_09.32.36_480x480.png?v=1624347177\" style=\"margin-left: auto;margin-right: auto\" width=\"316\" \/><\/p>\n<div>\n<div><span>Nuestras fundas para sillas escandinavas se adaptan a muchos modelos.<\/span><\/div>\n<div>\n<span><\/span>\n<\/div>\n<div><span><img decoding=\"async\" alt=\"\" data-mce-src=\"https:\/\/365-housse.com\/wp-content\/uploads\/2023\/06\/Capture_d_ecran_2021-06-22_a_15.41.07_480x480.png? v=1624369341\" src=\"https:\/\/365-housse.com\/wp-content\/uploads\/2023\/06\/Capture_d_ecran_2021-06-22_a_15.41.07_480x480.png?v=1624369341\" style=\"margin-left: auto\" \/><\/span><\/div>\n<\/div>\n<div><\/div>\n<h3>NOTA: \u00a1Comience insertando la funda para silla escandinava gris moderna desde la parte posterior!\u00a0<\/h3>\n<p><img decoding=\"async\" alt=\"housse-de-chaise\" src=\"https:\/\/365-housse.com\/wp-content\/uploads\/2023\/06\/housse-de-protection-chaise_480x480.jpg?v=1623509317 \" \/><\/p>\n<p>Modelo muy popular entre nuestros interiores, pero quiz\u00e1s te interese otro estilo, como el <a href=\"https:\/\/365-housse.com\/products\/housse-chaise-scandinave-couleur-champagne\/\" rel=\"noopener noreferrer\" target=\"_blank\" title=\"https:\/\/365-housse.com\/collections\/housse-chaise-scandinave\/products\/housse-chaise-scandinave-couleur-champagne\">funda para silla escandinava color champagne <\/a>. Descubre varios de nuestros modelos modernos y de tendencia, en nuestra colecci\u00f3n <a href=\"https:\/\/365-housse.com\/es\/collections\/funda-para-silla-escandinava\/\" rel=\"noopener\" target=\"_blank\" title=\"Funda para silla escandinava\">Funda para silla escandinava<\/a>.<\/p>\n<p>Si este estilo no te va, encuentra el tuyo, en un estilo m\u00e1s sencillo con nuestra colecci\u00f3n <a href=\"https:\/\/365-housse.com\/es\/collections\/funda-de-silla\/\" rel=\"noopener\" target=\"_blank\" title=\"funda de silla\">funda de silla.<\/a><\/p>\n","protected":false},"excerpt":{"rendered":"<p>\u00bfEst\u00e1s buscando agregar modernidad a tu interior? \u00a1Descubre la funda para silla Scandinavian Modern Grey! Cuidadosamente dise\u00f1ado para a\u00f1adir un toque de elegancia a tu decoraci\u00f3n. Ventajas: Protecci\u00f3n \u00f3ptima contra el desgaste, suciedad, manchas, mascotas, etc. Se adapta en segundos gracias a sus caracter\u00edsticas el\u00e1sticas que se adaptan perfectamente al 99% de los modelos de [&hellip;]<\/p>\n","protected":false},"featured_media":15648,"comment_status":"open","ping_status":"closed","template":"","meta":[],"product_cat":[156,189,161],"product_tag":[212],"class_list":{"0":"post-20488","1":"product","2":"type-product","3":"status-publish","4":"has-post-thumbnail","6":"product_cat-funda-para-silla-escandinava","7":"product_cat-los-mas-vendidos","8":"product_cat-portada-interior","9":"product_tag-chaise-es","11":"first","12":"instock","13":"shipping-taxable","14":"purchasable","15":"product-type-simple"},"yoast_head":"<title>Funda para silla escandinava moderna gris en entrega - gratis Ahorra un 30% en tu pedido<\/title>\n<meta name=\"description\" content=\"Recibe tu Funda para silla escandinava moderna gris hoy y benef\u00edciate de la entrega - gratuita Env\u00edo en 24\/48h\" \/>\n<meta name=\"robots\" content=\"index, follow, max-snippet:-1, max-image-preview:large, max-video-preview:-1\" \/>\n<link rel=\"canonical\" href=\"https:\/\/365-housse.com\/es\/productos\/housse-chaise-scandinave-moderne-grise\/\" \/>\n<meta property=\"og:locale\" content=\"es_ES\" \/>\n<meta property=\"og:type\" content=\"article\" \/>\n<meta property=\"og:title\" content=\"Funda para silla escandinava moderna gris en entrega - gratis Ahorra un 30% en tu pedido\" \/>\n<meta property=\"og:description\" content=\"Recibe tu Funda para silla escandinava moderna gris hoy y benef\u00edciate de la entrega - gratuita Env\u00edo en 24\/48h\" \/>\n<meta property=\"og:url\" content=\"https:\/\/365-housse.com\/es\/productos\/housse-chaise-scandinave-moderne-grise\/\" \/>\n<meta property=\"og:site_name\" content=\"Housse de Canap\u00e9\" \/>\n<meta property=\"article:modified_time\" content=\"2024-09-17T15:10:46+00:00\" \/>\n<meta property=\"og:image\" content=\"https:\/\/365-housse.com\/wp-content\/uploads\/2023\/06\/housse-chaise-scandinave-moderne-grise-salon.png\" \/>\n\t<meta property=\"og:image:width\" content=\"496\" \/>\n\t<meta property=\"og:image:height\" content=\"503\" \/>\n\t<meta property=\"og:image:type\" content=\"image\/png\" \/>\n<meta name=\"twitter:card\" content=\"summary_large_image\" \/>\n<meta name=\"twitter:label1\" content=\"Tiempo de lectura\" \/>\n\t<meta name=\"twitter:data1\" content=\"1 minuto\" \/>\n<script type=\"application\/ld+json\" class=\"yoast-schema-graph\">{\"@context\":\"https:\/\/schema.org\",\"@graph\":[{\"@type\":\"WebPage\",\"@id\":\"https:\/\/365-housse.com\/es\/productos\/housse-chaise-scandinave-moderne-grise\/\",\"url\":\"https:\/\/365-housse.com\/es\/productos\/housse-chaise-scandinave-moderne-grise\/\",\"name\":\"Funda para silla escandinava moderna gris en entrega - gratis Ahorra un 30% en tu pedido\",\"isPartOf\":{\"@id\":\"https:\/\/365-housse.com\/es\/#website\"},\"primaryImageOfPage\":{\"@id\":\"https:\/\/365-housse.com\/es\/productos\/housse-chaise-scandinave-moderne-grise\/#primaryimage\"},\"image\":{\"@id\":\"https:\/\/365-housse.com\/es\/productos\/housse-chaise-scandinave-moderne-grise\/#primaryimage\"},\"thumbnailUrl\":\"https:\/\/365-housse.com\/wp-content\/uploads\/2023\/06\/housse-chaise-scandinave-moderne-grise-salon.png\",\"datePublished\":\"2023-06-12T08:07:27+00:00\",\"dateModified\":\"2024-09-17T15:10:46+00:00\",\"description\":\"Recibe tu Funda para silla escandinava moderna gris hoy y benef\u00edciate de la entrega - gratuita Env\u00edo en 24\/48h\",\"breadcrumb\":{\"@id\":\"https:\/\/365-housse.com\/es\/productos\/housse-chaise-scandinave-moderne-grise\/#breadcrumb\"},\"inLanguage\":\"es\",\"potentialAction\":[{\"@type\":\"ReadAction\",\"target\":[\"https:\/\/365-housse.com\/es\/productos\/housse-chaise-scandinave-moderne-grise\/\"]}]},{\"@type\":\"ImageObject\",\"inLanguage\":\"es\",\"@id\":\"https:\/\/365-housse.com\/es\/productos\/housse-chaise-scandinave-moderne-grise\/#primaryimage\",\"url\":\"https:\/\/365-housse.com\/wp-content\/uploads\/2023\/06\/housse-chaise-scandinave-moderne-grise-salon.png\",\"contentUrl\":\"https:\/\/365-housse.com\/wp-content\/uploads\/2023\/06\/housse-chaise-scandinave-moderne-grise-salon.png\",\"width\":496,\"height\":503},{\"@type\":\"BreadcrumbList\",\"@id\":\"https:\/\/365-housse.com\/es\/productos\/housse-chaise-scandinave-moderne-grise\/#breadcrumb\",\"itemListElement\":[{\"@type\":\"ListItem\",\"position\":1,\"name\":\"Accueil\",\"item\":\"https:\/\/365-housse.com\/es\/\"},{\"@type\":\"ListItem\",\"position\":2,\"name\":\"Tienda\",\"item\":\"https:\/\/365-housse.com\/es\/tienda\/\"},{\"@type\":\"ListItem\",\"position\":3,\"name\":\"Funda para silla escandinava moderna gris\"}]},{\"@type\":\"WebSite\",\"@id\":\"https:\/\/365-housse.com\/es\/#website\",\"url\":\"https:\/\/365-housse.com\/es\/\",\"name\":\"Housse de Canap\u00e9\",\"description\":\"Le N\u00b01 de la Housse\",\"publisher\":{\"@id\":\"https:\/\/365-housse.com\/es\/#organization\"},\"potentialAction\":[{\"@type\":\"SearchAction\",\"target\":{\"@type\":\"EntryPoint\",\"urlTemplate\":\"https:\/\/365-housse.com\/es\/?s={search_term_string}\"},\"query-input\":{\"@type\":\"PropertyValueSpecification\",\"valueRequired\":true,\"valueName\":\"search_term_string\"}}],\"inLanguage\":\"es\"},{\"@type\":\"Organization\",\"@id\":\"https:\/\/365-housse.com\/es\/#organization\",\"name\":\"Housse de Canap\u00e9\",\"url\":\"https:\/\/365-housse.com\/es\/\",\"logo\":{\"@type\":\"ImageObject\",\"inLanguage\":\"es\",\"@id\":\"https:\/\/365-housse.com\/es\/#\/schema\/logo\/image\/\",\"url\":\"https:\/\/365-housse.com\/wp-content\/uploads\/2023\/06\/LOGO-400-\u00d7-200-px-392-x-134-px-16.png\",\"contentUrl\":\"https:\/\/365-housse.com\/wp-content\/uploads\/2023\/06\/LOGO-400-\u00d7-200-px-392-x-134-px-16.png\",\"width\":392,\"height\":134,\"caption\":\"Housse de Canap\u00e9\"},\"image\":{\"@id\":\"https:\/\/365-housse.com\/es\/#\/schema\/logo\/image\/\"}}]}<\/script>","yoast_head_json":{"title":"Funda para silla escandinava moderna gris en entrega - gratis Ahorra un 30% en tu pedido","description":"Recibe tu Funda para silla escandinava moderna gris hoy y benef\u00edciate de la entrega - gratuita Env\u00edo en 24\/48h","robots":{"index":"index","follow":"follow","max-snippet":"max-snippet:-1","max-image-preview":"max-image-preview:large","max-video-preview":"max-video-preview:-1"},"canonical":"https:\/\/365-housse.com\/es\/productos\/housse-chaise-scandinave-moderne-grise\/","og_locale":"es_ES","og_type":"article","og_title":"Funda para silla escandinava moderna gris en entrega - gratis Ahorra un 30% en tu pedido","og_description":"Recibe tu Funda para silla escandinava moderna gris hoy y benef\u00edciate de la entrega - gratuita Env\u00edo en 24\/48h","og_url":"https:\/\/365-housse.com\/es\/productos\/housse-chaise-scandinave-moderne-grise\/","og_site_name":"Housse de Canap\u00e9","article_modified_time":"2024-09-17T15:10:46+00:00","og_image":[{"width":496,"height":503,"url":"https:\/\/365-housse.com\/wp-content\/uploads\/2023\/06\/housse-chaise-scandinave-moderne-grise-salon.png","type":"image\/png"}],"twitter_card":"summary_large_image","twitter_misc":{"Tiempo de lectura":"1 minuto"},"schema":{"@context":"https:\/\/schema.org","@graph":[{"@type":"WebPage","@id":"https:\/\/365-housse.com\/es\/productos\/housse-chaise-scandinave-moderne-grise\/","url":"https:\/\/365-housse.com\/es\/productos\/housse-chaise-scandinave-moderne-grise\/","name":"Funda para silla escandinava moderna gris en entrega - gratis Ahorra un 30% en tu pedido","isPartOf":{"@id":"https:\/\/365-housse.com\/es\/#website"},"primaryImageOfPage":{"@id":"https:\/\/365-housse.com\/es\/productos\/housse-chaise-scandinave-moderne-grise\/#primaryimage"},"image":{"@id":"https:\/\/365-housse.com\/es\/productos\/housse-chaise-scandinave-moderne-grise\/#primaryimage"},"thumbnailUrl":"https:\/\/365-housse.com\/wp-content\/uploads\/2023\/06\/housse-chaise-scandinave-moderne-grise-salon.png","datePublished":"2023-06-12T08:07:27+00:00","dateModified":"2024-09-17T15:10:46+00:00","description":"Recibe tu Funda para silla escandinava moderna gris hoy y benef\u00edciate de la entrega - gratuita Env\u00edo en 24\/48h","breadcrumb":{"@id":"https:\/\/365-housse.com\/es\/productos\/housse-chaise-scandinave-moderne-grise\/#breadcrumb"},"inLanguage":"es","potentialAction":[{"@type":"ReadAction","target":["https:\/\/365-housse.com\/es\/productos\/housse-chaise-scandinave-moderne-grise\/"]}]},{"@type":"ImageObject","inLanguage":"es","@id":"https:\/\/365-housse.com\/es\/productos\/housse-chaise-scandinave-moderne-grise\/#primaryimage","url":"https:\/\/365-housse.com\/wp-content\/uploads\/2023\/06\/housse-chaise-scandinave-moderne-grise-salon.png","contentUrl":"https:\/\/365-housse.com\/wp-content\/uploads\/2023\/06\/housse-chaise-scandinave-moderne-grise-salon.png","width":496,"height":503},{"@type":"BreadcrumbList","@id":"https:\/\/365-housse.com\/es\/productos\/housse-chaise-scandinave-moderne-grise\/#breadcrumb","itemListElement":[{"@type":"ListItem","position":1,"name":"Accueil","item":"https:\/\/365-housse.com\/es\/"},{"@type":"ListItem","position":2,"name":"Tienda","item":"https:\/\/365-housse.com\/es\/tienda\/"},{"@type":"ListItem","position":3,"name":"Funda para silla escandinava moderna gris"}]},{"@type":"WebSite","@id":"https:\/\/365-housse.com\/es\/#website","url":"https:\/\/365-housse.com\/es\/","name":"Housse de Canap\u00e9","description":"Le N\u00b01 de la Housse","publisher":{"@id":"https:\/\/365-housse.com\/es\/#organization"},"potentialAction":[{"@type":"SearchAction","target":{"@type":"EntryPoint","urlTemplate":"https:\/\/365-housse.com\/es\/?s={search_term_string}"},"query-input":{"@type":"PropertyValueSpecification","valueRequired":true,"valueName":"search_term_string"}}],"inLanguage":"es"},{"@type":"Organization","@id":"https:\/\/365-housse.com\/es\/#organization","name":"Housse de Canap\u00e9","url":"https:\/\/365-housse.com\/es\/","logo":{"@type":"ImageObject","inLanguage":"es","@id":"https:\/\/365-housse.com\/es\/#\/schema\/logo\/image\/","url":"https:\/\/365-housse.com\/wp-content\/uploads\/2023\/06\/LOGO-400-\u00d7-200-px-392-x-134-px-16.png","contentUrl":"https:\/\/365-housse.com\/wp-content\/uploads\/2023\/06\/LOGO-400-\u00d7-200-px-392-x-134-px-16.png","width":392,"height":134,"caption":"Housse de Canap\u00e9"},"image":{"@id":"https:\/\/365-housse.com\/es\/#\/schema\/logo\/image\/"}}]}},"_links":{"self":[{"href":"https:\/\/365-housse.com\/es\/wp-json\/wp\/v2\/product\/20488"}],"collection":[{"href":"https:\/\/365-housse.com\/es\/wp-json\/wp\/v2\/product"}],"about":[{"href":"https:\/\/365-housse.com\/es\/wp-json\/wp\/v2\/types\/product"}],"replies":[{"embeddable":true,"href":"https:\/\/365-housse.com\/es\/wp-json\/wp\/v2\/comments?post=20488"}],"wp:featuredmedia":[{"embeddable":true,"href":"https:\/\/365-housse.com\/es\/wp-json\/wp\/v2\/media\/15648"}],"wp:attachment":[{"href":"https:\/\/365-housse.com\/es\/wp-json\/wp\/v2\/media?parent=20488"}],"wp:term":[{"taxonomy":"product_cat","embeddable":true,"href":"https:\/\/365-housse.com\/es\/wp-json\/wp\/v2\/product_cat?post=20488"},{"taxonomy":"product_tag","embeddable":true,"href":"https:\/\/365-housse.com\/es\/wp-json\/wp\/v2\/product_tag?post=20488"}],"curies":[{"name":"wp","href":"https:\/\/api.w.org\/{rel}","templated":true}]}}