{"id":20492,"date":"2023-06-12T08:07:24","date_gmt":"2023-06-12T08:07:24","guid":{"rendered":"https:\/\/365-housse.com\/products\/housse-chaise-scandinave-imprime-beige\/"},"modified":"2024-09-17T15:10:46","modified_gmt":"2024-09-17T15:10:46","slug":"housse-chaise-scandinave-imprime-beige","status":"publish","type":"product","link":"https:\/\/365-housse.com\/es\/productos\/housse-chaise-scandinave-imprime-beige\/","title":{"rendered":"Funda para silla escandinava con estampado beige"},"content":{"rendered":"<h2 data-pm-slice=\"1 1 []\">\u00a1A\u00f1ade clase a tu comedor con nuestra <strong>funda para silla escandinava estampada en beige<\/strong>! Crea un ambiente relajado y relajante. Su color neutro combina con cualquier decoraci\u00f3n y su dise\u00f1o elegante se adaptar\u00e1 a cualquier estilo moderno o de transici\u00f3n. Pronto estar\u00e1 listo para sentarse y disfrutar de una comida c\u00f3modamente.<\/h2>\n<p data-mce-fragment=\"1\"><span data-mce-fragment=\"1\"><strong data-mce-fragment=\"1\">Ventajas:<\/strong><\/span><\/p>\n<ul data-mce-fragment=\"1\">\n<li data-mce-fragment=\"1\">\n<p data-mce-fragment=\"1\">Aporta un toque de sofisticaci\u00f3n y dise\u00f1o a tu interior<\/p>\n<\/li>\n<li data-mce-fragment=\"1\">\n<p data-mce-fragment=\"1\">Protege tu silla contra el desgaste, suciedad, manchas, animales,&#8230;<\/p>\n<\/li>\n<li data-mce-fragment=\"1\">\n<p data-mce-fragment=\"1\">Un ajuste perfecto gracias a su material el\u00e1stico que se adapta al 99% de las sillas<\/span><\/p>\n<\/li>\n<li data-mce-fragment=\"1\"><span data-mce-fragment=\"1\">Textil de primera calidad<\/ span><\/li>\n<\/ul>\n<p data-mce-fragment=\"1\"><span data-mce-fragment=\"1\"><strong data-mce-fragment=\"1\">Caracter\u00edsticas: <\/ strong><\/span><\/p>\n<ul data-mce-fragment=\"1\">\n<li data-mce-fragment=\"1\">\n<p data-mce-fragment=\"1\"><span>Material: <\/span><span data-mce-fragment=\"1\">Poli\u00e9ster el\u00e1stico + spandex<\/span><\/p>\n<p> <\/ li> <\/p>\n<li data-mce-fragment=\"1\">\n<p data-mce-fragment=\"1\"><span data-mce-fragment=\"1\">Tela de alta densidad para proteger tu silla<\/span><\/p>\n<\/li>\n<li>\n<p data-mce-fragment=\"1\"><span data-mce-fragment=\"1\">Impresi\u00f3n <strong data-mce-fragment=\"1\">alta calidad<\/ strong> para resistencia del color a la luz y al lavado<\/span><\/p>\n<\/li>\n<li data-mce-fragment=\"1\">\n<p><span data-mce>Instalaci\u00f3n r\u00e1pida<\/span><\/p>\n<\/li>\n<li data-mce-fragment=\"1\">\n<p><span data-mce>Mantener su silla limpia y en buenas condiciones<\/span><br data-mce-fragment=\"1\" \/><\/p>\n<\/li>\n<li data-mce-fragment=\"1 \">\n<p data-mce-fragment=\"1\"><span data-mce-fragment=\"1\">Banda el\u00e1stica para un ajuste perfecto y agarre antideslizante <\/span><\/p>\n<\/li>\n<li data-mce-fragment=\"1\">\n<p data-mce-fragment=\"1\">Lavable a m\u00e1quina<\/p>\n<\/li>\n<\/ul>\n<p data-mce-fragment=\"1\"><span data-mce-fragment=\"1\"><strong data-mce-fragment=\"1\">Gu\u00eda de tallas:<\/strong><\/span><\/p>\n<p data-mce-fragment=\"1\" style=\"text-align: center\"><img decoding=\"async\" alt=\"\" data-mce-src=\"https:\/\/365-housse.com\/wp-content\/uploads\/2023\/06\/housse-de-chaise-scandinave -universelle-taille_480x480.jpg?v=1676402390\" src=\"https:\/\/365-housse.com\/wp-content\/uploads\/2023\/06\/housse-de-chaise-scandinave-universelle-taille_480x480.jpg?v= 1676402390\" \/><\/p>\n<div data-mce-fragment=\"1\">\n<div data-mce-fragment=\"1\"><span data-mce-fragment=\"1\">Nuestras fundas para sillas escandinavas son universales tama\u00f1os y se adaptan a muchas sillas<\/span><\/div>\n<div data-mce-fragment=\"1\"> <span data-mce-fragment=\"1\"><\/span><\/div>\n<div data-mce-fragment=\"1\"><span data-mce-fragment=\"1\"><img decoding=\"async\" alt=\"\" data-mce-fragment=\"1\" data-mce-style=\"display: bloquear; margen izquierdo: autom\u00e1tico; margen derecho: autom\u00e1tico;\" src=\"https:\/\/365-housse.com\/wp-content\/uploads\/2023\/06\/Capture_d_ecran_2021-06-22_a_15.41.07_480x480.png?v=1624369341\" \/><\/span><\/div>\n<div data-mce-fragment=\"1\"> <span data-mce-fragment=\"1\"><\/span> <\/div>\n<\/p><\/div>\n<div data-mce-fragment=\"1\"><span> <\/span><\/div>\n<div data-mce-fragment=\"1\"><span>La diferencia antes\/despu\u00e9s: &lt;\/span <\/div>\n<h3>Instrucciones: \u00a1comienza poniendo la <strong>funda de silla con estampado beige escandinavo<\/strong> desde atr\u00e1s!<\/h3>\n<p><img decoding=\"async\" alt=\"\" src=\"https:\/\/365-housse.com\/wp-content\/uploads\/2023\/06\/housse-de-chaise-scandinave-utilization_480x480.jpg?v=1676225221\" \/><\/p>\n<p>Transforma tu comedor con nuestros <a href=\"https:\/\/365-housse.com\/es\/collections\/funda-de-silla\/\" rel=\"noopener noreferrer\" target=\"_blank\" title=\" Escandinavo Fundas para Sillas\"><strong>Fundas para Sillas Escandinavas<\/strong><\/a>. Disponibles en una variedad de colores, est\u00e1n fabricados con tejidos de calidad. Nuestro <a href=\"https:\/\/365-housse.com\/es\/products\/scandinave-chaise-cover-print-pink-light\/\" rel=\"noopener noreferrer\" target=\"_blank\" title=\"Funda para silla escandinava Light Pink Print\"><strong>Funda para silla con estampado escandinavo en rosa claro<\/strong><\/a> a\u00f1adir\u00e1 un toque sofisticado a tu decoraci\u00f3n, ya sea en un ambiente formal o informal.<\/p>\n","protected":false},"excerpt":{"rendered":"<p>\u00a1A\u00f1ade clase a tu comedor con nuestra funda para silla escandinava estampada en beige! Crea un ambiente relajado y relajante. Su color neutro combina con cualquier decoraci\u00f3n y su dise\u00f1o elegante se adaptar\u00e1 a cualquier estilo moderno o de transici\u00f3n. Pronto estar\u00e1 listo para sentarse y disfrutar de una comida c\u00f3modamente. Ventajas: Aporta un toque [&hellip;]<\/p>\n","protected":false},"featured_media":15639,"comment_status":"open","ping_status":"closed","template":"","meta":[],"product_cat":[156,161],"product_tag":[212],"class_list":{"0":"post-20492","1":"product","2":"type-product","3":"status-publish","4":"has-post-thumbnail","6":"product_cat-funda-para-silla-escandinava","7":"product_cat-portada-interior","8":"product_tag-chaise-es","10":"first","11":"instock","12":"shipping-taxable","13":"purchasable","14":"product-type-simple"},"yoast_head":"<title>Funda para silla escandinava con estampado beige en entrega - gratis Ahorra un 30% en tu pedido<\/title>\n<meta name=\"description\" content=\"Recibe tu Funda para silla escandinava con estampado beige hoy y benef\u00edciate de la entrega - gratuita Env\u00edo en 24\/48h\" \/>\n<meta name=\"robots\" content=\"index, follow, max-snippet:-1, max-image-preview:large, max-video-preview:-1\" \/>\n<link rel=\"canonical\" href=\"https:\/\/365-housse.com\/es\/productos\/housse-chaise-scandinave-imprime-beige\/\" \/>\n<meta property=\"og:locale\" content=\"es_ES\" \/>\n<meta property=\"og:type\" content=\"article\" \/>\n<meta property=\"og:title\" content=\"Funda para silla escandinava con estampado beige en entrega - gratis Ahorra un 30% en tu pedido\" \/>\n<meta property=\"og:description\" content=\"Recibe tu Funda para silla escandinava con estampado beige hoy y benef\u00edciate de la entrega - gratuita Env\u00edo en 24\/48h\" \/>\n<meta property=\"og:url\" content=\"https:\/\/365-housse.com\/es\/productos\/housse-chaise-scandinave-imprime-beige\/\" \/>\n<meta property=\"og:site_name\" content=\"Housse de Canap\u00e9\" \/>\n<meta property=\"article:modified_time\" content=\"2024-09-17T15:10:46+00:00\" \/>\n<meta property=\"og:image\" content=\"https:\/\/365-housse.com\/wp-content\/uploads\/2023\/06\/housse-chaise-scandinave-imprime-beige.png\" \/>\n\t<meta property=\"og:image:width\" content=\"499\" \/>\n\t<meta property=\"og:image:height\" content=\"500\" \/>\n\t<meta property=\"og:image:type\" content=\"image\/png\" \/>\n<meta name=\"twitter:card\" content=\"summary_large_image\" \/>\n<meta name=\"twitter:label1\" content=\"Tiempo de lectura\" \/>\n\t<meta name=\"twitter:data1\" content=\"1 minuto\" \/>\n<script type=\"application\/ld+json\" class=\"yoast-schema-graph\">{\"@context\":\"https:\/\/schema.org\",\"@graph\":[{\"@type\":\"WebPage\",\"@id\":\"https:\/\/365-housse.com\/es\/productos\/housse-chaise-scandinave-imprime-beige\/\",\"url\":\"https:\/\/365-housse.com\/es\/productos\/housse-chaise-scandinave-imprime-beige\/\",\"name\":\"Funda para silla escandinava con estampado beige en entrega - gratis Ahorra un 30% en tu pedido\",\"isPartOf\":{\"@id\":\"https:\/\/365-housse.com\/es\/#website\"},\"primaryImageOfPage\":{\"@id\":\"https:\/\/365-housse.com\/es\/productos\/housse-chaise-scandinave-imprime-beige\/#primaryimage\"},\"image\":{\"@id\":\"https:\/\/365-housse.com\/es\/productos\/housse-chaise-scandinave-imprime-beige\/#primaryimage\"},\"thumbnailUrl\":\"https:\/\/365-housse.com\/wp-content\/uploads\/2023\/06\/housse-chaise-scandinave-imprime-beige.png\",\"datePublished\":\"2023-06-12T08:07:24+00:00\",\"dateModified\":\"2024-09-17T15:10:46+00:00\",\"description\":\"Recibe tu Funda para silla escandinava con estampado beige hoy y benef\u00edciate de la entrega - gratuita Env\u00edo en 24\/48h\",\"breadcrumb\":{\"@id\":\"https:\/\/365-housse.com\/es\/productos\/housse-chaise-scandinave-imprime-beige\/#breadcrumb\"},\"inLanguage\":\"es\",\"potentialAction\":[{\"@type\":\"ReadAction\",\"target\":[\"https:\/\/365-housse.com\/es\/productos\/housse-chaise-scandinave-imprime-beige\/\"]}]},{\"@type\":\"ImageObject\",\"inLanguage\":\"es\",\"@id\":\"https:\/\/365-housse.com\/es\/productos\/housse-chaise-scandinave-imprime-beige\/#primaryimage\",\"url\":\"https:\/\/365-housse.com\/wp-content\/uploads\/2023\/06\/housse-chaise-scandinave-imprime-beige.png\",\"contentUrl\":\"https:\/\/365-housse.com\/wp-content\/uploads\/2023\/06\/housse-chaise-scandinave-imprime-beige.png\",\"width\":499,\"height\":500},{\"@type\":\"BreadcrumbList\",\"@id\":\"https:\/\/365-housse.com\/es\/productos\/housse-chaise-scandinave-imprime-beige\/#breadcrumb\",\"itemListElement\":[{\"@type\":\"ListItem\",\"position\":1,\"name\":\"Accueil\",\"item\":\"https:\/\/365-housse.com\/es\/\"},{\"@type\":\"ListItem\",\"position\":2,\"name\":\"Tienda\",\"item\":\"https:\/\/365-housse.com\/es\/tienda\/\"},{\"@type\":\"ListItem\",\"position\":3,\"name\":\"Funda para silla escandinava con estampado beige\"}]},{\"@type\":\"WebSite\",\"@id\":\"https:\/\/365-housse.com\/es\/#website\",\"url\":\"https:\/\/365-housse.com\/es\/\",\"name\":\"Housse de Canap\u00e9\",\"description\":\"Le N\u00b01 de la Housse\",\"publisher\":{\"@id\":\"https:\/\/365-housse.com\/es\/#organization\"},\"potentialAction\":[{\"@type\":\"SearchAction\",\"target\":{\"@type\":\"EntryPoint\",\"urlTemplate\":\"https:\/\/365-housse.com\/es\/?s={search_term_string}\"},\"query-input\":{\"@type\":\"PropertyValueSpecification\",\"valueRequired\":true,\"valueName\":\"search_term_string\"}}],\"inLanguage\":\"es\"},{\"@type\":\"Organization\",\"@id\":\"https:\/\/365-housse.com\/es\/#organization\",\"name\":\"Housse de Canap\u00e9\",\"url\":\"https:\/\/365-housse.com\/es\/\",\"logo\":{\"@type\":\"ImageObject\",\"inLanguage\":\"es\",\"@id\":\"https:\/\/365-housse.com\/es\/#\/schema\/logo\/image\/\",\"url\":\"https:\/\/365-housse.com\/wp-content\/uploads\/2023\/06\/LOGO-400-\u00d7-200-px-392-x-134-px-16.png\",\"contentUrl\":\"https:\/\/365-housse.com\/wp-content\/uploads\/2023\/06\/LOGO-400-\u00d7-200-px-392-x-134-px-16.png\",\"width\":392,\"height\":134,\"caption\":\"Housse de Canap\u00e9\"},\"image\":{\"@id\":\"https:\/\/365-housse.com\/es\/#\/schema\/logo\/image\/\"}}]}<\/script>","yoast_head_json":{"title":"Funda para silla escandinava con estampado beige en entrega - gratis Ahorra un 30% en tu pedido","description":"Recibe tu Funda para silla escandinava con estampado beige hoy y benef\u00edciate de la entrega - gratuita Env\u00edo en 24\/48h","robots":{"index":"index","follow":"follow","max-snippet":"max-snippet:-1","max-image-preview":"max-image-preview:large","max-video-preview":"max-video-preview:-1"},"canonical":"https:\/\/365-housse.com\/es\/productos\/housse-chaise-scandinave-imprime-beige\/","og_locale":"es_ES","og_type":"article","og_title":"Funda para silla escandinava con estampado beige en entrega - gratis Ahorra un 30% en tu pedido","og_description":"Recibe tu Funda para silla escandinava con estampado beige hoy y benef\u00edciate de la entrega - gratuita Env\u00edo en 24\/48h","og_url":"https:\/\/365-housse.com\/es\/productos\/housse-chaise-scandinave-imprime-beige\/","og_site_name":"Housse de Canap\u00e9","article_modified_time":"2024-09-17T15:10:46+00:00","og_image":[{"width":499,"height":500,"url":"https:\/\/365-housse.com\/wp-content\/uploads\/2023\/06\/housse-chaise-scandinave-imprime-beige.png","type":"image\/png"}],"twitter_card":"summary_large_image","twitter_misc":{"Tiempo de lectura":"1 minuto"},"schema":{"@context":"https:\/\/schema.org","@graph":[{"@type":"WebPage","@id":"https:\/\/365-housse.com\/es\/productos\/housse-chaise-scandinave-imprime-beige\/","url":"https:\/\/365-housse.com\/es\/productos\/housse-chaise-scandinave-imprime-beige\/","name":"Funda para silla escandinava con estampado beige en entrega - gratis Ahorra un 30% en tu pedido","isPartOf":{"@id":"https:\/\/365-housse.com\/es\/#website"},"primaryImageOfPage":{"@id":"https:\/\/365-housse.com\/es\/productos\/housse-chaise-scandinave-imprime-beige\/#primaryimage"},"image":{"@id":"https:\/\/365-housse.com\/es\/productos\/housse-chaise-scandinave-imprime-beige\/#primaryimage"},"thumbnailUrl":"https:\/\/365-housse.com\/wp-content\/uploads\/2023\/06\/housse-chaise-scandinave-imprime-beige.png","datePublished":"2023-06-12T08:07:24+00:00","dateModified":"2024-09-17T15:10:46+00:00","description":"Recibe tu Funda para silla escandinava con estampado beige hoy y benef\u00edciate de la entrega - gratuita Env\u00edo en 24\/48h","breadcrumb":{"@id":"https:\/\/365-housse.com\/es\/productos\/housse-chaise-scandinave-imprime-beige\/#breadcrumb"},"inLanguage":"es","potentialAction":[{"@type":"ReadAction","target":["https:\/\/365-housse.com\/es\/productos\/housse-chaise-scandinave-imprime-beige\/"]}]},{"@type":"ImageObject","inLanguage":"es","@id":"https:\/\/365-housse.com\/es\/productos\/housse-chaise-scandinave-imprime-beige\/#primaryimage","url":"https:\/\/365-housse.com\/wp-content\/uploads\/2023\/06\/housse-chaise-scandinave-imprime-beige.png","contentUrl":"https:\/\/365-housse.com\/wp-content\/uploads\/2023\/06\/housse-chaise-scandinave-imprime-beige.png","width":499,"height":500},{"@type":"BreadcrumbList","@id":"https:\/\/365-housse.com\/es\/productos\/housse-chaise-scandinave-imprime-beige\/#breadcrumb","itemListElement":[{"@type":"ListItem","position":1,"name":"Accueil","item":"https:\/\/365-housse.com\/es\/"},{"@type":"ListItem","position":2,"name":"Tienda","item":"https:\/\/365-housse.com\/es\/tienda\/"},{"@type":"ListItem","position":3,"name":"Funda para silla escandinava con estampado beige"}]},{"@type":"WebSite","@id":"https:\/\/365-housse.com\/es\/#website","url":"https:\/\/365-housse.com\/es\/","name":"Housse de Canap\u00e9","description":"Le N\u00b01 de la Housse","publisher":{"@id":"https:\/\/365-housse.com\/es\/#organization"},"potentialAction":[{"@type":"SearchAction","target":{"@type":"EntryPoint","urlTemplate":"https:\/\/365-housse.com\/es\/?s={search_term_string}"},"query-input":{"@type":"PropertyValueSpecification","valueRequired":true,"valueName":"search_term_string"}}],"inLanguage":"es"},{"@type":"Organization","@id":"https:\/\/365-housse.com\/es\/#organization","name":"Housse de Canap\u00e9","url":"https:\/\/365-housse.com\/es\/","logo":{"@type":"ImageObject","inLanguage":"es","@id":"https:\/\/365-housse.com\/es\/#\/schema\/logo\/image\/","url":"https:\/\/365-housse.com\/wp-content\/uploads\/2023\/06\/LOGO-400-\u00d7-200-px-392-x-134-px-16.png","contentUrl":"https:\/\/365-housse.com\/wp-content\/uploads\/2023\/06\/LOGO-400-\u00d7-200-px-392-x-134-px-16.png","width":392,"height":134,"caption":"Housse de Canap\u00e9"},"image":{"@id":"https:\/\/365-housse.com\/es\/#\/schema\/logo\/image\/"}}]}},"_links":{"self":[{"href":"https:\/\/365-housse.com\/es\/wp-json\/wp\/v2\/product\/20492"}],"collection":[{"href":"https:\/\/365-housse.com\/es\/wp-json\/wp\/v2\/product"}],"about":[{"href":"https:\/\/365-housse.com\/es\/wp-json\/wp\/v2\/types\/product"}],"replies":[{"embeddable":true,"href":"https:\/\/365-housse.com\/es\/wp-json\/wp\/v2\/comments?post=20492"}],"wp:featuredmedia":[{"embeddable":true,"href":"https:\/\/365-housse.com\/es\/wp-json\/wp\/v2\/media\/15639"}],"wp:attachment":[{"href":"https:\/\/365-housse.com\/es\/wp-json\/wp\/v2\/media?parent=20492"}],"wp:term":[{"taxonomy":"product_cat","embeddable":true,"href":"https:\/\/365-housse.com\/es\/wp-json\/wp\/v2\/product_cat?post=20492"},{"taxonomy":"product_tag","embeddable":true,"href":"https:\/\/365-housse.com\/es\/wp-json\/wp\/v2\/product_tag?post=20492"}],"curies":[{"name":"wp","href":"https:\/\/api.w.org\/{rel}","templated":true}]}}