{"id":20495,"date":"2023-06-12T08:07:24","date_gmt":"2023-06-12T08:07:24","guid":{"rendered":"https:\/\/365-housse.com\/products\/housse-chaise-scandinave-tendance-doree\/"},"modified":"2024-09-17T15:10:47","modified_gmt":"2024-09-17T15:10:47","slug":"housse-chaise-scandinave-tendance-doree","status":"publish","type":"product","link":"https:\/\/365-housse.com\/es\/productos\/housse-chaise-scandinave-tendance-doree\/","title":{"rendered":"Funda para silla escandinava Trendy Beige claro"},"content":{"rendered":"<h2>Renueva tu decoraci\u00f3n interior con la funda para silla escandinava Trendy beige claro, \u00a1una mezcla de modernidad y originalidad!<\/h2>\n<h3>Esta funda de silla escandinava es perfecta para una decoraci\u00f3n neutra o a base de madera:<\/h3>\n<p><span><strong>Ventajas:<\/strong><\/span><\/p>\n<ul>\n<li>\n<p>A\u00f1adir\u00e1 un toque de <strong>elegancia<\/strong> y <strong>estilo<\/strong> a tu decoraci\u00f3n<\/p>\n<\/li>\n<li>\n<p>Proteger\u00e1 tu silla de manchas, desgaste, suciedad, mascotas, etc.<\/p>\n<\/li>\n<li>\n<p>Se adapta en un abrir y cerrar de ojos gracias a su <strong>banda el\u00e1stica<\/strong> que se ajusta al 99% de los modelos de sillas.<\/p>\n<\/li>\n<li>\n<p>Fabricado con <strong>textil de calidad<\/strong>.<\/p>\n<\/li>\n<\/ul>\n<p><span><strong>Caracter\u00edsticas: <\/strong><\/span><\/p>\n<ul>\n<li>\n<p><span>Material:<\/span>Terciopelo brillante (suave y c\u00f3modo)<\/p>\n<\/li>\n<li>\n<p><span><strong>tejido de alta densidad<\/strong> para una protecci\u00f3n \u00f3ptima<\/span><\/p>\n<\/li>\n<li>\n<p><span><strong>impresi\u00f3n de ultra rendimiento<\/strong> para una mejor resistencia al lavado y a la luz<\/span><\/p>\n<\/li>\n<li>\n<p><span>F\u00e1cil de poner<\/span><\/p>\n<\/li>\n<li>\n<p><span>Tu silla permanecer\u00e1 <strong>limpia<\/strong> y en <strong>buen estado<\/strong><\/span><\/p>\n<\/li>\n<li>\n<p><span>La banda el\u00e1stica proporciona un <strong>ajuste \u00f3ptimo<\/strong> y un <strong>agarre antideslizante<\/strong><\/span><\/p>\n<\/li>\n<li>\n<p>Lavable a m\u00e1quina<\/p>\n<\/li>\n<\/ul>\n<p><span><strong>Gu\u00eda de tallas:<\/strong><\/span><\/p>\n<p style=\"text-align: start\"><img fetchpriority=\"high\" decoding=\"async\" alt=\"size-cover-scandinavian-chair-blue\" height=\"277\" src=\"https:\/\/365-housse.com\/wp-content\/uploads \/2023\/06\/Capture_d_ecran_2021-06-22_a_09.32.36_480x480.png?v=1624347177\" style=\"margin-right: 103.5px;margin-left: 103.5px;float: none\" width=\"316\" \/><\/ p><\/p>\n<div>\n<div><span>Nuestras <strong>fundas para sillas escandinavas<\/strong> son universales y se adaptan a una gran cantidad de sillas.<\/span><\/div>\n<div>\n    <span><\/span>\n  <\/div>\n<div><span><img decoding=\"async\" alt=\"\" data-mce-src=\"https:\/\/365-housse.com\/wp-content\/uploads\/2023\/06\/Capture_d_ecran_2021-06-22_a_15.41.07_480x480.png? v=1624369341\" src=\"https:\/\/365-housse.com\/wp-content\/uploads\/2023\/06\/Capture_d_ecran_2021-06-22_a_15.41.07_480x480.png?v=1624369341\" style=\"margin-left: auto\" \/><\/span><\/div>\n<\/div>\n<div><\/div>\n<p><strong>NOTA<\/strong>: \u00a1Pon tu <strong>funda de silla escandinava<\/strong> en el respaldo!\u00a0<\/p>\n<p><img decoding=\"async\" alt=\"housse-de-chaise\" src=\"https:\/\/365-housse.com\/wp-content\/uploads\/2023\/06\/housse-de-protection-chaise_480x480.jpg?v=1623509317 \" \/><\/p>\n<p>Esta funda est\u00e1 muy de moda, pero puedes recurrir a otros modelos, como la\u00a0<a href=\"https:\/\/365-housse.com\/es\/products\/housse-chaise-scandinave-velours -brown\/\" rel=\"noopener\" target=\"_blank\" title=\"Funda de silla escandinava de terciopelo marr\u00f3n\">Funda de silla escandinava de terciopelo marr\u00f3n<\/a>. Descubre nuestros modelos modernos y de tendencia en nuestra colecci\u00f3n <a data-mce-href=\"\/?product_cat=housse-chaise-scandinave\" href=\"https:\/\/365-housse.com\/es\/collections\/funda-para-silla -escandinava\/\" rel=\"noopener\" target=\"_blank\" title=\"Funda para silla escandinava\">Funda para silla escandinava<\/a>.<\/p>\n<p>Si este estilo no te atrae, encuentra el tuyo en una gama m\u00e1s cl\u00e1sica con nuestra colecci\u00f3n <a data-mce-href=\"\/?product_cat=chousse-de-chaise\" href=\"https:\/\/365 - cover.com\/es\/collections\/funda-de-silla\/\" rel=\"noopener\" target=\"_blank\" title=\"funda de silla\">funda de silla.<\/a> <\/p>\n","protected":false},"excerpt":{"rendered":"<p>Renueva tu decoraci\u00f3n interior con la funda para silla escandinava Trendy beige claro, \u00a1una mezcla de modernidad y originalidad! Esta funda de silla escandinava es perfecta para una decoraci\u00f3n neutra o a base de madera: Ventajas: A\u00f1adir\u00e1 un toque de elegancia y estilo a tu decoraci\u00f3n Proteger\u00e1 tu silla de manchas, desgaste, suciedad, mascotas, etc. [&hellip;]<\/p>\n","protected":false},"featured_media":15644,"comment_status":"open","ping_status":"closed","template":"","meta":[],"product_cat":[156,161],"product_tag":[212],"class_list":{"0":"post-20495","1":"product","2":"type-product","3":"status-publish","4":"has-post-thumbnail","6":"product_cat-funda-para-silla-escandinava","7":"product_cat-portada-interior","8":"product_tag-chaise-es","10":"first","11":"instock","12":"shipping-taxable","13":"purchasable","14":"product-type-simple"},"yoast_head":"<title>Funda para silla escandinava Trendy Beige claro en entrega - gratis Ahorra un 30% en tu pedido<\/title>\n<meta name=\"description\" content=\"Recibe tu Funda para silla escandinava Trendy Beige claro hoy y benef\u00edciate de la entrega - gratuita Env\u00edo en 24\/48h\" \/>\n<meta name=\"robots\" content=\"index, follow, max-snippet:-1, max-image-preview:large, max-video-preview:-1\" \/>\n<link rel=\"canonical\" href=\"https:\/\/365-housse.com\/es\/productos\/housse-chaise-scandinave-tendance-doree\/\" \/>\n<meta property=\"og:locale\" content=\"es_ES\" \/>\n<meta property=\"og:type\" content=\"article\" \/>\n<meta property=\"og:title\" content=\"Funda para silla escandinava Trendy Beige claro en entrega - gratis Ahorra un 30% en tu pedido\" \/>\n<meta property=\"og:description\" content=\"Recibe tu Funda para silla escandinava Trendy Beige claro hoy y benef\u00edciate de la entrega - gratuita Env\u00edo en 24\/48h\" \/>\n<meta property=\"og:url\" content=\"https:\/\/365-housse.com\/es\/productos\/housse-chaise-scandinave-tendance-doree\/\" \/>\n<meta property=\"og:site_name\" content=\"Housse de Canap\u00e9\" \/>\n<meta property=\"article:modified_time\" content=\"2024-09-17T15:10:47+00:00\" \/>\n<meta property=\"og:image\" content=\"https:\/\/365-housse.com\/wp-content\/uploads\/2023\/06\/Juste-de-chaise-en-velours-de-style-europ-en-housse-d.jpg\" \/>\n\t<meta property=\"og:image:width\" content=\"640\" \/>\n\t<meta property=\"og:image:height\" content=\"640\" \/>\n\t<meta property=\"og:image:type\" content=\"image\/jpeg\" \/>\n<meta name=\"twitter:card\" content=\"summary_large_image\" \/>\n<meta name=\"twitter:label1\" content=\"Tiempo de lectura\" \/>\n\t<meta name=\"twitter:data1\" content=\"1 minuto\" \/>\n<script type=\"application\/ld+json\" class=\"yoast-schema-graph\">{\"@context\":\"https:\/\/schema.org\",\"@graph\":[{\"@type\":\"WebPage\",\"@id\":\"https:\/\/365-housse.com\/es\/productos\/housse-chaise-scandinave-tendance-doree\/\",\"url\":\"https:\/\/365-housse.com\/es\/productos\/housse-chaise-scandinave-tendance-doree\/\",\"name\":\"Funda para silla escandinava Trendy Beige claro en entrega - gratis Ahorra un 30% en tu pedido\",\"isPartOf\":{\"@id\":\"https:\/\/365-housse.com\/es\/#website\"},\"primaryImageOfPage\":{\"@id\":\"https:\/\/365-housse.com\/es\/productos\/housse-chaise-scandinave-tendance-doree\/#primaryimage\"},\"image\":{\"@id\":\"https:\/\/365-housse.com\/es\/productos\/housse-chaise-scandinave-tendance-doree\/#primaryimage\"},\"thumbnailUrl\":\"https:\/\/365-housse.com\/wp-content\/uploads\/2023\/06\/Juste-de-chaise-en-velours-de-style-europ-en-housse-d.jpg\",\"datePublished\":\"2023-06-12T08:07:24+00:00\",\"dateModified\":\"2024-09-17T15:10:47+00:00\",\"description\":\"Recibe tu Funda para silla escandinava Trendy Beige claro hoy y benef\u00edciate de la entrega - gratuita Env\u00edo en 24\/48h\",\"breadcrumb\":{\"@id\":\"https:\/\/365-housse.com\/es\/productos\/housse-chaise-scandinave-tendance-doree\/#breadcrumb\"},\"inLanguage\":\"es\",\"potentialAction\":[{\"@type\":\"ReadAction\",\"target\":[\"https:\/\/365-housse.com\/es\/productos\/housse-chaise-scandinave-tendance-doree\/\"]}]},{\"@type\":\"ImageObject\",\"inLanguage\":\"es\",\"@id\":\"https:\/\/365-housse.com\/es\/productos\/housse-chaise-scandinave-tendance-doree\/#primaryimage\",\"url\":\"https:\/\/365-housse.com\/wp-content\/uploads\/2023\/06\/Juste-de-chaise-en-velours-de-style-europ-en-housse-d.jpg\",\"contentUrl\":\"https:\/\/365-housse.com\/wp-content\/uploads\/2023\/06\/Juste-de-chaise-en-velours-de-style-europ-en-housse-d.jpg\",\"width\":640,\"height\":640},{\"@type\":\"BreadcrumbList\",\"@id\":\"https:\/\/365-housse.com\/es\/productos\/housse-chaise-scandinave-tendance-doree\/#breadcrumb\",\"itemListElement\":[{\"@type\":\"ListItem\",\"position\":1,\"name\":\"Accueil\",\"item\":\"https:\/\/365-housse.com\/es\/\"},{\"@type\":\"ListItem\",\"position\":2,\"name\":\"Tienda\",\"item\":\"https:\/\/365-housse.com\/es\/tienda\/\"},{\"@type\":\"ListItem\",\"position\":3,\"name\":\"Funda para silla escandinava Trendy Beige claro\"}]},{\"@type\":\"WebSite\",\"@id\":\"https:\/\/365-housse.com\/es\/#website\",\"url\":\"https:\/\/365-housse.com\/es\/\",\"name\":\"Housse de Canap\u00e9\",\"description\":\"Le N\u00b01 de la Housse\",\"publisher\":{\"@id\":\"https:\/\/365-housse.com\/es\/#organization\"},\"potentialAction\":[{\"@type\":\"SearchAction\",\"target\":{\"@type\":\"EntryPoint\",\"urlTemplate\":\"https:\/\/365-housse.com\/es\/?s={search_term_string}\"},\"query-input\":{\"@type\":\"PropertyValueSpecification\",\"valueRequired\":true,\"valueName\":\"search_term_string\"}}],\"inLanguage\":\"es\"},{\"@type\":\"Organization\",\"@id\":\"https:\/\/365-housse.com\/es\/#organization\",\"name\":\"Housse de Canap\u00e9\",\"url\":\"https:\/\/365-housse.com\/es\/\",\"logo\":{\"@type\":\"ImageObject\",\"inLanguage\":\"es\",\"@id\":\"https:\/\/365-housse.com\/es\/#\/schema\/logo\/image\/\",\"url\":\"https:\/\/365-housse.com\/wp-content\/uploads\/2023\/06\/LOGO-400-\u00d7-200-px-392-x-134-px-16.png\",\"contentUrl\":\"https:\/\/365-housse.com\/wp-content\/uploads\/2023\/06\/LOGO-400-\u00d7-200-px-392-x-134-px-16.png\",\"width\":392,\"height\":134,\"caption\":\"Housse de Canap\u00e9\"},\"image\":{\"@id\":\"https:\/\/365-housse.com\/es\/#\/schema\/logo\/image\/\"}}]}<\/script>","yoast_head_json":{"title":"Funda para silla escandinava Trendy Beige claro en entrega - gratis Ahorra un 30% en tu pedido","description":"Recibe tu Funda para silla escandinava Trendy Beige claro hoy y benef\u00edciate de la entrega - gratuita Env\u00edo en 24\/48h","robots":{"index":"index","follow":"follow","max-snippet":"max-snippet:-1","max-image-preview":"max-image-preview:large","max-video-preview":"max-video-preview:-1"},"canonical":"https:\/\/365-housse.com\/es\/productos\/housse-chaise-scandinave-tendance-doree\/","og_locale":"es_ES","og_type":"article","og_title":"Funda para silla escandinava Trendy Beige claro en entrega - gratis Ahorra un 30% en tu pedido","og_description":"Recibe tu Funda para silla escandinava Trendy Beige claro hoy y benef\u00edciate de la entrega - gratuita Env\u00edo en 24\/48h","og_url":"https:\/\/365-housse.com\/es\/productos\/housse-chaise-scandinave-tendance-doree\/","og_site_name":"Housse de Canap\u00e9","article_modified_time":"2024-09-17T15:10:47+00:00","og_image":[{"width":640,"height":640,"url":"https:\/\/365-housse.com\/wp-content\/uploads\/2023\/06\/Juste-de-chaise-en-velours-de-style-europ-en-housse-d.jpg","type":"image\/jpeg"}],"twitter_card":"summary_large_image","twitter_misc":{"Tiempo de lectura":"1 minuto"},"schema":{"@context":"https:\/\/schema.org","@graph":[{"@type":"WebPage","@id":"https:\/\/365-housse.com\/es\/productos\/housse-chaise-scandinave-tendance-doree\/","url":"https:\/\/365-housse.com\/es\/productos\/housse-chaise-scandinave-tendance-doree\/","name":"Funda para silla escandinava Trendy Beige claro en entrega - gratis Ahorra un 30% en tu pedido","isPartOf":{"@id":"https:\/\/365-housse.com\/es\/#website"},"primaryImageOfPage":{"@id":"https:\/\/365-housse.com\/es\/productos\/housse-chaise-scandinave-tendance-doree\/#primaryimage"},"image":{"@id":"https:\/\/365-housse.com\/es\/productos\/housse-chaise-scandinave-tendance-doree\/#primaryimage"},"thumbnailUrl":"https:\/\/365-housse.com\/wp-content\/uploads\/2023\/06\/Juste-de-chaise-en-velours-de-style-europ-en-housse-d.jpg","datePublished":"2023-06-12T08:07:24+00:00","dateModified":"2024-09-17T15:10:47+00:00","description":"Recibe tu Funda para silla escandinava Trendy Beige claro hoy y benef\u00edciate de la entrega - gratuita Env\u00edo en 24\/48h","breadcrumb":{"@id":"https:\/\/365-housse.com\/es\/productos\/housse-chaise-scandinave-tendance-doree\/#breadcrumb"},"inLanguage":"es","potentialAction":[{"@type":"ReadAction","target":["https:\/\/365-housse.com\/es\/productos\/housse-chaise-scandinave-tendance-doree\/"]}]},{"@type":"ImageObject","inLanguage":"es","@id":"https:\/\/365-housse.com\/es\/productos\/housse-chaise-scandinave-tendance-doree\/#primaryimage","url":"https:\/\/365-housse.com\/wp-content\/uploads\/2023\/06\/Juste-de-chaise-en-velours-de-style-europ-en-housse-d.jpg","contentUrl":"https:\/\/365-housse.com\/wp-content\/uploads\/2023\/06\/Juste-de-chaise-en-velours-de-style-europ-en-housse-d.jpg","width":640,"height":640},{"@type":"BreadcrumbList","@id":"https:\/\/365-housse.com\/es\/productos\/housse-chaise-scandinave-tendance-doree\/#breadcrumb","itemListElement":[{"@type":"ListItem","position":1,"name":"Accueil","item":"https:\/\/365-housse.com\/es\/"},{"@type":"ListItem","position":2,"name":"Tienda","item":"https:\/\/365-housse.com\/es\/tienda\/"},{"@type":"ListItem","position":3,"name":"Funda para silla escandinava Trendy Beige claro"}]},{"@type":"WebSite","@id":"https:\/\/365-housse.com\/es\/#website","url":"https:\/\/365-housse.com\/es\/","name":"Housse de Canap\u00e9","description":"Le N\u00b01 de la Housse","publisher":{"@id":"https:\/\/365-housse.com\/es\/#organization"},"potentialAction":[{"@type":"SearchAction","target":{"@type":"EntryPoint","urlTemplate":"https:\/\/365-housse.com\/es\/?s={search_term_string}"},"query-input":{"@type":"PropertyValueSpecification","valueRequired":true,"valueName":"search_term_string"}}],"inLanguage":"es"},{"@type":"Organization","@id":"https:\/\/365-housse.com\/es\/#organization","name":"Housse de Canap\u00e9","url":"https:\/\/365-housse.com\/es\/","logo":{"@type":"ImageObject","inLanguage":"es","@id":"https:\/\/365-housse.com\/es\/#\/schema\/logo\/image\/","url":"https:\/\/365-housse.com\/wp-content\/uploads\/2023\/06\/LOGO-400-\u00d7-200-px-392-x-134-px-16.png","contentUrl":"https:\/\/365-housse.com\/wp-content\/uploads\/2023\/06\/LOGO-400-\u00d7-200-px-392-x-134-px-16.png","width":392,"height":134,"caption":"Housse de Canap\u00e9"},"image":{"@id":"https:\/\/365-housse.com\/es\/#\/schema\/logo\/image\/"}}]}},"_links":{"self":[{"href":"https:\/\/365-housse.com\/es\/wp-json\/wp\/v2\/product\/20495"}],"collection":[{"href":"https:\/\/365-housse.com\/es\/wp-json\/wp\/v2\/product"}],"about":[{"href":"https:\/\/365-housse.com\/es\/wp-json\/wp\/v2\/types\/product"}],"replies":[{"embeddable":true,"href":"https:\/\/365-housse.com\/es\/wp-json\/wp\/v2\/comments?post=20495"}],"wp:featuredmedia":[{"embeddable":true,"href":"https:\/\/365-housse.com\/es\/wp-json\/wp\/v2\/media\/15644"}],"wp:attachment":[{"href":"https:\/\/365-housse.com\/es\/wp-json\/wp\/v2\/media?parent=20495"}],"wp:term":[{"taxonomy":"product_cat","embeddable":true,"href":"https:\/\/365-housse.com\/es\/wp-json\/wp\/v2\/product_cat?post=20495"},{"taxonomy":"product_tag","embeddable":true,"href":"https:\/\/365-housse.com\/es\/wp-json\/wp\/v2\/product_tag?post=20495"}],"curies":[{"name":"wp","href":"https:\/\/api.w.org\/{rel}","templated":true}]}}