{"id":20530,"date":"2023-06-12T08:06:57","date_gmt":"2023-06-12T08:06:57","guid":{"rendered":"https:\/\/365-housse.com\/products\/housse-chaise-scandinave-bordeaux\/"},"modified":"2024-09-17T15:11:10","modified_gmt":"2024-09-17T15:11:10","slug":"housse-chaise-scandinave-bordeaux","status":"publish","type":"product","link":"https:\/\/365-housse.com\/es\/productos\/housse-chaise-scandinave-bordeaux\/","title":{"rendered":"Funda de silla escandinava burdeos"},"content":{"rendered":"<h2>\u00a1Aporta encanto y comodidad a tu interior con la funda para silla Scandinave Bordeaux! Un color de moda para este estilo de decoraci\u00f3n.<\/h2>\n<p><span><strong>Ventajas:<\/strong><\/span><\/p>\n<ul>\n<li>\n<p>Ofrece un toque de elegancia y dise\u00f1o a tu decoraci\u00f3n<\/p>\n<\/li>\n<li>\n<p>Protege tu silla de manchas, desgaste, suciedad, mascotas,&#8230;<\/p>\n<\/li>\n<li>\n<p>Se adapta en segundos, nuestras fundas est\u00e1n equipadas con un material el\u00e1stico que se ajusta al 99% de las sillas<\/p>\n<\/li>\n<li>\n<p>Confeccionado con tela de primera calidad.<\/p>\n<\/li>\n<\/ul>\n<p><span><strong>Caracter\u00edsticas: <\/strong><\/span><\/p>\n<ul>\n<li>\n<p><span>Material: <\/span><span>8<\/span><span>% spandex (material el\u00e1stico) + 92% <\/span><span>poli\u00e9ster<\/span>&lt;\/p <\/li>\n<li>\n<p><span>Tejido de alta densidad para mantener tu silla impecable<\/span><\/p>\n<\/li>\n<li>\n<p><span><strong>impresi\u00f3n de ultra rendimiento<\/strong> para una mayor solidez del color a la luz y al lavado<\/span><\/p>\n<\/li>\n<li>\n<p><span>F\u00e1cil de poner<\/span><\/p>\n<\/li>\n<li>\n<p><span>Mantiene tu silla limpia y en buen estado<\/span><\/p>\n<\/li>\n<li>\n<p><span>Dise\u00f1o de banda el\u00e1stica para un ajuste perfecto y agarre antideslizante<\/span><\/p>\n<\/li>\n<li>\n<p>Lavar a m\u00e1quina<\/p>\n<\/li>\n<\/ul>\n<p><span><strong>Gu\u00eda de tallas:<\/strong><\/span><\/p>\n<p><img fetchpriority=\"high\" decoding=\"async\" alt=\"size-housse-scandinavian-chair\" height=\"308\" src=\"https:\/\/365-housse.com\/wp-content\/uploads\/2023\/06\/Capture_d_ecran_2021-06-22_a_09. 32.36_480x480.png?v=1624347177\" style=\"margin-left: auto;margin-right: auto\" width=\"308\" \/><\/p>\n<div>\n<div><span>Nuestras fundas para sillas escandinavas son universales y se adaptan a varias sillas<\/span><\/div>\n<div>\n<span><\/span>\n<\/div>\n<div><span><img decoding=\"async\" alt=\"\" data-mce-src=\"https:\/\/365-housse.com\/wp-content\/uploads\/2023\/06\/Capture_d_ecran_2021-06-22_a_15.41.07_480x480.png? v=1624369341\" src=\"https:\/\/365-housse.com\/wp-content\/uploads\/2023\/06\/Capture_d_ecran_2021-06-22_a_15.41.07_480x480.png?v=1624369341\" style=\"margin-left: auto\" \/><\/span><\/div>\n<\/div>\n<div><\/div>\n<h3>NOTA: \u00a1Comience poniendo la<strong><\/strong>funda de silla escandinava burdeos<strong><\/strong>desde la parte posterior!\u00a0<\/h3>\n<div><img alt=\"chousse-de-chaise\" \/><\/div>\n<div><\/div>\n<div>\n<p>\u00bfTu estilo es m\u00e1s escandinavo? Quiz\u00e1s tambi\u00e9n prefieras la suavidad de <a href=\"https:\/\/365-housse.com\/es\/products\/housse-chaise-scandinave-velours-creme\/\" rel=\"noopener noreferrer\" target=\"_blank\" title=\"Funda de silla escandinava de terciopelo crema\">Funda de silla escandinava de terciopelo crema.<\/a><span>\u00a0<\/span>Descubre todas nuestras referencias modernas y de tendencia en nuestra colecci\u00f3n <a href=\"https:\/\/365-housse.com\/ es\/collections\/funda-para-silla-escandinava\/\" rel=\"noopener\" target=\"_blank\" title=\"Funda para silla escandinava\">Funda para silla escandinava<\/a>.<\/p>\n<p>Si no te gusta este estilo, encuentra lo que buscas, en un estilo m\u00e1s cl\u00e1sico, con nuestra colecci\u00f3n <a href=\"https:\/\/365-housse.com\/es\/collections\/funda- de-silla\/\" rel=\"noopener\" target=\"_blank\" title=\"funda de silla\">funda de silla.<\/a><\/p>\n<\/div>\n","protected":false},"excerpt":{"rendered":"<p>\u00a1Aporta encanto y comodidad a tu interior con la funda para silla Scandinave Bordeaux! Un color de moda para este estilo de decoraci\u00f3n. Ventajas: Ofrece un toque de elegancia y dise\u00f1o a tu decoraci\u00f3n Protege tu silla de manchas, desgaste, suciedad, mascotas,&#8230; Se adapta en segundos, nuestras fundas est\u00e1n equipadas con un material el\u00e1stico que [&hellip;]<\/p>\n","protected":false},"featured_media":15589,"comment_status":"open","ping_status":"closed","template":"","meta":[],"product_cat":[156,161],"product_tag":[212],"class_list":{"0":"post-20530","1":"product","2":"type-product","3":"status-publish","4":"has-post-thumbnail","6":"product_cat-funda-para-silla-escandinava","7":"product_cat-portada-interior","8":"product_tag-chaise-es","10":"first","11":"instock","12":"shipping-taxable","13":"purchasable","14":"product-type-simple"},"yoast_head":"<title>Funda de silla escandinava burdeos en entrega - gratis Ahorra un 30% en tu pedido<\/title>\n<meta name=\"description\" content=\"Recibe tu Funda de silla escandinava burdeos hoy y benef\u00edciate de la entrega - gratuita Env\u00edo en 24\/48h\" \/>\n<meta name=\"robots\" content=\"index, follow, max-snippet:-1, max-image-preview:large, max-video-preview:-1\" \/>\n<link rel=\"canonical\" href=\"https:\/\/365-housse.com\/es\/productos\/housse-chaise-scandinave-bordeaux\/\" \/>\n<meta property=\"og:locale\" content=\"es_ES\" \/>\n<meta property=\"og:type\" content=\"article\" \/>\n<meta property=\"og:title\" content=\"Funda de silla escandinava burdeos en entrega - gratis Ahorra un 30% en tu pedido\" \/>\n<meta property=\"og:description\" content=\"Recibe tu Funda de silla escandinava burdeos hoy y benef\u00edciate de la entrega - gratuita Env\u00edo en 24\/48h\" \/>\n<meta property=\"og:url\" content=\"https:\/\/365-housse.com\/es\/productos\/housse-chaise-scandinave-bordeaux\/\" \/>\n<meta property=\"og:site_name\" content=\"Housse de Canap\u00e9\" \/>\n<meta property=\"article:modified_time\" content=\"2024-09-17T15:11:10+00:00\" \/>\n<meta property=\"og:image\" content=\"https:\/\/365-housse.com\/wp-content\/uploads\/2023\/06\/housse-chaise-scandinave-bordeaux.png\" \/>\n\t<meta property=\"og:image:width\" content=\"500\" \/>\n\t<meta property=\"og:image:height\" content=\"499\" \/>\n\t<meta property=\"og:image:type\" content=\"image\/png\" \/>\n<meta name=\"twitter:card\" content=\"summary_large_image\" \/>\n<meta name=\"twitter:label1\" content=\"Tiempo de lectura\" \/>\n\t<meta name=\"twitter:data1\" content=\"1 minuto\" \/>\n<script type=\"application\/ld+json\" class=\"yoast-schema-graph\">{\"@context\":\"https:\/\/schema.org\",\"@graph\":[{\"@type\":\"WebPage\",\"@id\":\"https:\/\/365-housse.com\/es\/productos\/housse-chaise-scandinave-bordeaux\/\",\"url\":\"https:\/\/365-housse.com\/es\/productos\/housse-chaise-scandinave-bordeaux\/\",\"name\":\"Funda de silla escandinava burdeos en entrega - gratis Ahorra un 30% en tu pedido\",\"isPartOf\":{\"@id\":\"https:\/\/365-housse.com\/es\/#website\"},\"primaryImageOfPage\":{\"@id\":\"https:\/\/365-housse.com\/es\/productos\/housse-chaise-scandinave-bordeaux\/#primaryimage\"},\"image\":{\"@id\":\"https:\/\/365-housse.com\/es\/productos\/housse-chaise-scandinave-bordeaux\/#primaryimage\"},\"thumbnailUrl\":\"https:\/\/365-housse.com\/wp-content\/uploads\/2023\/06\/housse-chaise-scandinave-bordeaux.png\",\"datePublished\":\"2023-06-12T08:06:57+00:00\",\"dateModified\":\"2024-09-17T15:11:10+00:00\",\"description\":\"Recibe tu Funda de silla escandinava burdeos hoy y benef\u00edciate de la entrega - gratuita Env\u00edo en 24\/48h\",\"breadcrumb\":{\"@id\":\"https:\/\/365-housse.com\/es\/productos\/housse-chaise-scandinave-bordeaux\/#breadcrumb\"},\"inLanguage\":\"es\",\"potentialAction\":[{\"@type\":\"ReadAction\",\"target\":[\"https:\/\/365-housse.com\/es\/productos\/housse-chaise-scandinave-bordeaux\/\"]}]},{\"@type\":\"ImageObject\",\"inLanguage\":\"es\",\"@id\":\"https:\/\/365-housse.com\/es\/productos\/housse-chaise-scandinave-bordeaux\/#primaryimage\",\"url\":\"https:\/\/365-housse.com\/wp-content\/uploads\/2023\/06\/housse-chaise-scandinave-bordeaux.png\",\"contentUrl\":\"https:\/\/365-housse.com\/wp-content\/uploads\/2023\/06\/housse-chaise-scandinave-bordeaux.png\",\"width\":500,\"height\":499},{\"@type\":\"BreadcrumbList\",\"@id\":\"https:\/\/365-housse.com\/es\/productos\/housse-chaise-scandinave-bordeaux\/#breadcrumb\",\"itemListElement\":[{\"@type\":\"ListItem\",\"position\":1,\"name\":\"Accueil\",\"item\":\"https:\/\/365-housse.com\/es\/\"},{\"@type\":\"ListItem\",\"position\":2,\"name\":\"Tienda\",\"item\":\"https:\/\/365-housse.com\/es\/tienda\/\"},{\"@type\":\"ListItem\",\"position\":3,\"name\":\"Funda de silla escandinava burdeos\"}]},{\"@type\":\"WebSite\",\"@id\":\"https:\/\/365-housse.com\/es\/#website\",\"url\":\"https:\/\/365-housse.com\/es\/\",\"name\":\"Housse de Canap\u00e9\",\"description\":\"Le N\u00b01 de la Housse\",\"publisher\":{\"@id\":\"https:\/\/365-housse.com\/es\/#organization\"},\"potentialAction\":[{\"@type\":\"SearchAction\",\"target\":{\"@type\":\"EntryPoint\",\"urlTemplate\":\"https:\/\/365-housse.com\/es\/?s={search_term_string}\"},\"query-input\":{\"@type\":\"PropertyValueSpecification\",\"valueRequired\":true,\"valueName\":\"search_term_string\"}}],\"inLanguage\":\"es\"},{\"@type\":\"Organization\",\"@id\":\"https:\/\/365-housse.com\/es\/#organization\",\"name\":\"Housse de Canap\u00e9\",\"url\":\"https:\/\/365-housse.com\/es\/\",\"logo\":{\"@type\":\"ImageObject\",\"inLanguage\":\"es\",\"@id\":\"https:\/\/365-housse.com\/es\/#\/schema\/logo\/image\/\",\"url\":\"https:\/\/365-housse.com\/wp-content\/uploads\/2023\/06\/LOGO-400-\u00d7-200-px-392-x-134-px-16.png\",\"contentUrl\":\"https:\/\/365-housse.com\/wp-content\/uploads\/2023\/06\/LOGO-400-\u00d7-200-px-392-x-134-px-16.png\",\"width\":392,\"height\":134,\"caption\":\"Housse de Canap\u00e9\"},\"image\":{\"@id\":\"https:\/\/365-housse.com\/es\/#\/schema\/logo\/image\/\"}}]}<\/script>","yoast_head_json":{"title":"Funda de silla escandinava burdeos en entrega - gratis Ahorra un 30% en tu pedido","description":"Recibe tu Funda de silla escandinava burdeos hoy y benef\u00edciate de la entrega - gratuita Env\u00edo en 24\/48h","robots":{"index":"index","follow":"follow","max-snippet":"max-snippet:-1","max-image-preview":"max-image-preview:large","max-video-preview":"max-video-preview:-1"},"canonical":"https:\/\/365-housse.com\/es\/productos\/housse-chaise-scandinave-bordeaux\/","og_locale":"es_ES","og_type":"article","og_title":"Funda de silla escandinava burdeos en entrega - gratis Ahorra un 30% en tu pedido","og_description":"Recibe tu Funda de silla escandinava burdeos hoy y benef\u00edciate de la entrega - gratuita Env\u00edo en 24\/48h","og_url":"https:\/\/365-housse.com\/es\/productos\/housse-chaise-scandinave-bordeaux\/","og_site_name":"Housse de Canap\u00e9","article_modified_time":"2024-09-17T15:11:10+00:00","og_image":[{"width":500,"height":499,"url":"https:\/\/365-housse.com\/wp-content\/uploads\/2023\/06\/housse-chaise-scandinave-bordeaux.png","type":"image\/png"}],"twitter_card":"summary_large_image","twitter_misc":{"Tiempo de lectura":"1 minuto"},"schema":{"@context":"https:\/\/schema.org","@graph":[{"@type":"WebPage","@id":"https:\/\/365-housse.com\/es\/productos\/housse-chaise-scandinave-bordeaux\/","url":"https:\/\/365-housse.com\/es\/productos\/housse-chaise-scandinave-bordeaux\/","name":"Funda de silla escandinava burdeos en entrega - gratis Ahorra un 30% en tu pedido","isPartOf":{"@id":"https:\/\/365-housse.com\/es\/#website"},"primaryImageOfPage":{"@id":"https:\/\/365-housse.com\/es\/productos\/housse-chaise-scandinave-bordeaux\/#primaryimage"},"image":{"@id":"https:\/\/365-housse.com\/es\/productos\/housse-chaise-scandinave-bordeaux\/#primaryimage"},"thumbnailUrl":"https:\/\/365-housse.com\/wp-content\/uploads\/2023\/06\/housse-chaise-scandinave-bordeaux.png","datePublished":"2023-06-12T08:06:57+00:00","dateModified":"2024-09-17T15:11:10+00:00","description":"Recibe tu Funda de silla escandinava burdeos hoy y benef\u00edciate de la entrega - gratuita Env\u00edo en 24\/48h","breadcrumb":{"@id":"https:\/\/365-housse.com\/es\/productos\/housse-chaise-scandinave-bordeaux\/#breadcrumb"},"inLanguage":"es","potentialAction":[{"@type":"ReadAction","target":["https:\/\/365-housse.com\/es\/productos\/housse-chaise-scandinave-bordeaux\/"]}]},{"@type":"ImageObject","inLanguage":"es","@id":"https:\/\/365-housse.com\/es\/productos\/housse-chaise-scandinave-bordeaux\/#primaryimage","url":"https:\/\/365-housse.com\/wp-content\/uploads\/2023\/06\/housse-chaise-scandinave-bordeaux.png","contentUrl":"https:\/\/365-housse.com\/wp-content\/uploads\/2023\/06\/housse-chaise-scandinave-bordeaux.png","width":500,"height":499},{"@type":"BreadcrumbList","@id":"https:\/\/365-housse.com\/es\/productos\/housse-chaise-scandinave-bordeaux\/#breadcrumb","itemListElement":[{"@type":"ListItem","position":1,"name":"Accueil","item":"https:\/\/365-housse.com\/es\/"},{"@type":"ListItem","position":2,"name":"Tienda","item":"https:\/\/365-housse.com\/es\/tienda\/"},{"@type":"ListItem","position":3,"name":"Funda de silla escandinava burdeos"}]},{"@type":"WebSite","@id":"https:\/\/365-housse.com\/es\/#website","url":"https:\/\/365-housse.com\/es\/","name":"Housse de Canap\u00e9","description":"Le N\u00b01 de la Housse","publisher":{"@id":"https:\/\/365-housse.com\/es\/#organization"},"potentialAction":[{"@type":"SearchAction","target":{"@type":"EntryPoint","urlTemplate":"https:\/\/365-housse.com\/es\/?s={search_term_string}"},"query-input":{"@type":"PropertyValueSpecification","valueRequired":true,"valueName":"search_term_string"}}],"inLanguage":"es"},{"@type":"Organization","@id":"https:\/\/365-housse.com\/es\/#organization","name":"Housse de Canap\u00e9","url":"https:\/\/365-housse.com\/es\/","logo":{"@type":"ImageObject","inLanguage":"es","@id":"https:\/\/365-housse.com\/es\/#\/schema\/logo\/image\/","url":"https:\/\/365-housse.com\/wp-content\/uploads\/2023\/06\/LOGO-400-\u00d7-200-px-392-x-134-px-16.png","contentUrl":"https:\/\/365-housse.com\/wp-content\/uploads\/2023\/06\/LOGO-400-\u00d7-200-px-392-x-134-px-16.png","width":392,"height":134,"caption":"Housse de Canap\u00e9"},"image":{"@id":"https:\/\/365-housse.com\/es\/#\/schema\/logo\/image\/"}}]}},"_links":{"self":[{"href":"https:\/\/365-housse.com\/es\/wp-json\/wp\/v2\/product\/20530"}],"collection":[{"href":"https:\/\/365-housse.com\/es\/wp-json\/wp\/v2\/product"}],"about":[{"href":"https:\/\/365-housse.com\/es\/wp-json\/wp\/v2\/types\/product"}],"replies":[{"embeddable":true,"href":"https:\/\/365-housse.com\/es\/wp-json\/wp\/v2\/comments?post=20530"}],"wp:featuredmedia":[{"embeddable":true,"href":"https:\/\/365-housse.com\/es\/wp-json\/wp\/v2\/media\/15589"}],"wp:attachment":[{"href":"https:\/\/365-housse.com\/es\/wp-json\/wp\/v2\/media?parent=20530"}],"wp:term":[{"taxonomy":"product_cat","embeddable":true,"href":"https:\/\/365-housse.com\/es\/wp-json\/wp\/v2\/product_cat?post=20530"},{"taxonomy":"product_tag","embeddable":true,"href":"https:\/\/365-housse.com\/es\/wp-json\/wp\/v2\/product_tag?post=20530"}],"curies":[{"name":"wp","href":"https:\/\/api.w.org\/{rel}","templated":true}]}}