{"id":20682,"date":"2023-06-12T08:05:36","date_gmt":"2023-06-12T08:05:36","guid":{"rendered":"https:\/\/365-housse.com\/products\/housse-canape-velours-marron-clair\/"},"modified":"2024-09-17T15:12:16","modified_gmt":"2024-09-17T15:12:16","slug":"housse-canape-velours-marron-clair","status":"publish","type":"product","link":"https:\/\/365-housse.com\/es\/productos\/housse-canape-velours-marron-clair\/","title":{"rendered":"Funda de sof\u00e1 de terciopelo marr\u00f3n claro"},"content":{"rendered":"<h2>\u00bfEst\u00e1s buscando una manera de a\u00f1adir un toque de originalidad a tu decoraci\u00f3n en un estilo natural, moderno o bohemio? Nuestra funda de sof\u00e1 de terciopelo marr\u00f3n claro est\u00e1 hecha para ti. El marr\u00f3n claro es un color muy discreto, pero que puede transformar por completo el aspecto de tu sal\u00f3n.<\/h2>\n<h3 data-mce-fragment=\"1\">Las ventajas de la Funda de Sof\u00e1 de Terciopelo Marr\u00f3n Claro, atemporal para una decoraci\u00f3n sutil: <\/h3>\n<ul>\n<li>\n<p data-mce-fragment=\"1\">Aporta un toque de <strong data-mce-fragment=\"1\">sofisticaci\u00f3n<\/strong><span data-mce-fragment=\"1\"><\/span>y un <strong data-mce-fragment=\"1\">ambiente c\u00e1lido<\/strong><span data-mce-fragment=\"1\"> <\/span>en tu interior<\/p>\n<\/li>\n<li>\n<p data-mce-fragment=\"1\">Ideal para cambiar de decoraci\u00f3n o renovar una habitaci\u00f3n<\/p>\n<\/li>\n<li>\n<p data-mce-fragment=\"1\">Ofrece <strong data-mce-fragment=\"1\">protecci\u00f3n \u00f3ptima<\/strong><span data-mce-fragment=\"1\"><\/span>contra manchas y suciedad<\/p>\n<\/li>\n<li>\n<p data-mce-fragment=\"1\">Fabricado con <strong data-mce-fragment=\"1\">materiales de calidad<\/strong><\/p>\n<\/li>\n<li data-mce-fragment=\"1\">F\u00e1cil configuraci\u00f3n e instalaci\u00f3n<\/li>\n<\/ul>\n<p data-mce-fragment=\"1\"><strong data-mce-fragment=\"1\">Caracter\u00edsticas:<\/strong><\/p>\n<ul>\n<li>\n<p data-mce-fragment=\"1\">Material: Terciopelo el\u00e1stico<\/p>\n<\/li>\n<li>\n<p data-mce-fragment=\"1\">Tela de alta gama que preserva tu sof\u00e1<\/p>\n<\/li>\n<li>\n<p data-mce-fragment=\"1\">Impresi\u00f3n de alto rendimiento que garantiza una mejor resistencia a la luz y al lavado<\/p>\n<\/li>\n<li>\n<p data-mce-fragment=\"1\">Lavar a m\u00e1quina a 30\u00b0C como m\u00e1ximo<\/p>\n<\/li>\n<li>\n<p data-mce-fragment=\"1\"><strong data-mce-fragment=\"1\">Multiuso<\/strong><span data-mce-fragment=\"1\"> <\/span>: sal\u00f3n , comedor, oficina, dormitorio, etc.<\/p>\n<\/li>\n<li data-mce-fragment=\"1\">Tama\u00f1os universales disponibles<\/li>\n<\/ul>\n<p data-mce-fragment=\"1\"><strong data-mce-fragment=\"1\">Gu\u00eda de tallas: <\/strong><\/p>\n<p data-mce-fragment=\"1\"><img decoding=\"async\" alt=\"Gu\u00eda de tallas y medidas de una funda de sof\u00e1\" data-mce-fragment=\"1\" data-mce-src=\"https:\/\/365- Housse. com\/wp-content\/uploads\/2023\/06\/Guide-des-tailles-mesures-Housse-de-canape.jpg?v=1581085443\" data-mce-style=\"display: block; margin-left: auto; -derecha: autom\u00e1tico;\" height=\"602\" src=\"https:\/\/365-housse.com\/wp-content\/uploads\/2023\/06\/Guide-des-tailles-mesures-Housse-de-canape.jpg?v=1581085443\" \/><\/p>\n<p data-mce-fragment=\"1\"><span data-mce-fragment=\"1\">Nuestras fundas de sof\u00e1 se adaptan a<strong data-mce-fragment=\"1\">varios modelos y tipos de asientos:<\/ fuerte><\/span><\/p>\n<p data-mce-fragment=\"1\"><img decoding=\"async\" alt=\"Modelos y tipos de sof\u00e1s compatibles con nuestra funda de sof\u00e1 Stretch\" data-mce-fragment=\"1\" data-mce-src=\"https:\/\/ 365 -housse.com\/wp-content\/uploads\/2023\/06\/Modeles-types-canape-compatibles-avec-Housse-de-canape-extensible.jpg?v=1581085279\" data-mce-style=\"display: block ; margen izquierdo: autom\u00e1tico; margen derecho: autom\u00e1tico;\" height=\"146\" src=\"https:\/\/365-housse.com\/wp-content\/uploads\/2023\/06\/Modeles-types-canape-compatibles-avec-Housse-de-canape-extensible.jpg?v= 1581085279\" \/><\/p>\n<p data-mce-fragment=\"1\">C\u00f3mo <strong data-mce-fragment=\"1\"><span data-mce-fragment=\"1\">instalar<\/span><\/strong><span> <\/span>\u00bfmi funda de sof\u00e1?<\/p>\n<p data-mce-fragment=\"1\">Vea la diferencia antes\/despu\u00e9s al instalar una <strong>funda de sof\u00e1 extensible:<\/p>\n<p data-mce-fragment=\"1\"><img decoding=\"async\" alt=\"Explicaci\u00f3n de los pasos e instrucciones para instalar una Funda de Sof\u00e1\" data-mce-fragment=\"1\" data-mce-src=\"https:\/\/365 -housse.com\/wp-content\/uploads\/2023\/06\/Instructions-etapes-installation-pour-Housse-de-Canape.jpg?v=1581085043\" data-mce-style=\"display: block; margin-left: auto; margen derecho: auto;\" height=\"398\" src=\"https:\/\/365-housse.com\/wp-content\/uploads\/2023\/06\/Instructions-etapes-installation-pour-Housse-de-Canape.jpg?v=1581085043\" \/><\/p>\n<p data-mce-fragment=\"1\">Vea la siguiente ilustraci\u00f3n de la diferencia antes\/despu\u00e9s al instalar una <strong>funda de sof\u00e1 el\u00e1stica<\/strong>:<\/p>\n<p data-mce-fragment=\"1\"><img decoding=\"async\" alt=\"Explicaci\u00f3n visual de los pasos e instrucciones para instalar una Funda de Sof\u00e1\" data-mce-fragment=\"1\" data-mce-src=\"https:\/\/ 365-housse.com\/wp-content\/uploads\/2023\/06\/Demonstration-Avant-Apres-Housse-de-canape-extensible.jpg?v=1581085887\" data-mce-style=\"display: block-left: auto; margen derecho: auto;\" height=\"356\" src=\"https:\/\/365-housse.com\/wp-content\/uploads\/2023\/06\/Demostraci\u00f3n-Avant-Apres-Housse-de-canape-extensible.jpg?v=1581085887\" \/><\/p>\n","protected":false},"excerpt":{"rendered":"<p>\u00bfEst\u00e1s buscando una manera de a\u00f1adir un toque de originalidad a tu decoraci\u00f3n en un estilo natural, moderno o bohemio? Nuestra funda de sof\u00e1 de terciopelo marr\u00f3n claro est\u00e1 hecha para ti. El marr\u00f3n claro es un color muy discreto, pero que puede transformar por completo el aspecto de tu sal\u00f3n. Las ventajas de la [&hellip;]<\/p>\n","protected":false},"featured_media":15508,"comment_status":"open","ping_status":"closed","template":"","meta":[],"product_cat":[155,161],"product_tag":[213],"class_list":{"0":"post-20682","1":"product","2":"type-product","3":"status-publish","4":"has-post-thumbnail","6":"product_cat-funda-de-sofa","7":"product_cat-portada-interior","8":"product_tag-canape-es","10":"first","11":"instock","12":"shipping-taxable","13":"product-type-variable"},"yoast_head":"<title>Funda de sof\u00e1 de terciopelo marr\u00f3n claro en entrega - gratis Ahorra un 30% en tu pedido<\/title>\n<meta name=\"description\" content=\"Recibe tu Funda de sof\u00e1 de terciopelo marr\u00f3n claro hoy y benef\u00edciate de la entrega - gratuita Env\u00edo en 24\/48h\" \/>\n<meta name=\"robots\" content=\"index, follow, max-snippet:-1, max-image-preview:large, max-video-preview:-1\" \/>\n<link rel=\"canonical\" href=\"https:\/\/365-housse.com\/es\/productos\/housse-canape-velours-marron-clair\/\" \/>\n<meta property=\"og:locale\" content=\"es_ES\" \/>\n<meta property=\"og:type\" content=\"article\" \/>\n<meta property=\"og:title\" content=\"Funda de sof\u00e1 de terciopelo marr\u00f3n claro en entrega - gratis Ahorra un 30% en tu pedido\" \/>\n<meta property=\"og:description\" content=\"Recibe tu Funda de sof\u00e1 de terciopelo marr\u00f3n claro hoy y benef\u00edciate de la entrega - gratuita Env\u00edo en 24\/48h\" \/>\n<meta property=\"og:url\" content=\"https:\/\/365-housse.com\/es\/productos\/housse-canape-velours-marron-clair\/\" \/>\n<meta property=\"og:site_name\" content=\"Housse de Canap\u00e9\" \/>\n<meta property=\"article:modified_time\" content=\"2024-09-17T15:12:16+00:00\" \/>\n<meta property=\"og:image\" content=\"https:\/\/365-housse.com\/wp-content\/uploads\/2023\/06\/housse-canape-velours-marron-clair.png\" \/>\n\t<meta property=\"og:image:width\" content=\"447\" \/>\n\t<meta property=\"og:image:height\" content=\"304\" \/>\n\t<meta property=\"og:image:type\" content=\"image\/png\" \/>\n<meta name=\"twitter:card\" content=\"summary_large_image\" \/>\n<meta name=\"twitter:label1\" content=\"Tiempo de lectura\" \/>\n\t<meta name=\"twitter:data1\" content=\"1 minuto\" \/>\n<script type=\"application\/ld+json\" class=\"yoast-schema-graph\">{\"@context\":\"https:\/\/schema.org\",\"@graph\":[{\"@type\":\"WebPage\",\"@id\":\"https:\/\/365-housse.com\/es\/productos\/housse-canape-velours-marron-clair\/\",\"url\":\"https:\/\/365-housse.com\/es\/productos\/housse-canape-velours-marron-clair\/\",\"name\":\"Funda de sof\u00e1 de terciopelo marr\u00f3n claro en entrega - gratis Ahorra un 30% en tu pedido\",\"isPartOf\":{\"@id\":\"https:\/\/365-housse.com\/es\/#website\"},\"primaryImageOfPage\":{\"@id\":\"https:\/\/365-housse.com\/es\/productos\/housse-canape-velours-marron-clair\/#primaryimage\"},\"image\":{\"@id\":\"https:\/\/365-housse.com\/es\/productos\/housse-canape-velours-marron-clair\/#primaryimage\"},\"thumbnailUrl\":\"https:\/\/365-housse.com\/wp-content\/uploads\/2023\/06\/housse-canape-velours-marron-clair.png\",\"datePublished\":\"2023-06-12T08:05:36+00:00\",\"dateModified\":\"2024-09-17T15:12:16+00:00\",\"description\":\"Recibe tu Funda de sof\u00e1 de terciopelo marr\u00f3n claro hoy y benef\u00edciate de la entrega - gratuita Env\u00edo en 24\/48h\",\"breadcrumb\":{\"@id\":\"https:\/\/365-housse.com\/es\/productos\/housse-canape-velours-marron-clair\/#breadcrumb\"},\"inLanguage\":\"es\",\"potentialAction\":[{\"@type\":\"ReadAction\",\"target\":[\"https:\/\/365-housse.com\/es\/productos\/housse-canape-velours-marron-clair\/\"]}]},{\"@type\":\"ImageObject\",\"inLanguage\":\"es\",\"@id\":\"https:\/\/365-housse.com\/es\/productos\/housse-canape-velours-marron-clair\/#primaryimage\",\"url\":\"https:\/\/365-housse.com\/wp-content\/uploads\/2023\/06\/housse-canape-velours-marron-clair.png\",\"contentUrl\":\"https:\/\/365-housse.com\/wp-content\/uploads\/2023\/06\/housse-canape-velours-marron-clair.png\",\"width\":447,\"height\":304},{\"@type\":\"BreadcrumbList\",\"@id\":\"https:\/\/365-housse.com\/es\/productos\/housse-canape-velours-marron-clair\/#breadcrumb\",\"itemListElement\":[{\"@type\":\"ListItem\",\"position\":1,\"name\":\"Accueil\",\"item\":\"https:\/\/365-housse.com\/es\/\"},{\"@type\":\"ListItem\",\"position\":2,\"name\":\"Tienda\",\"item\":\"https:\/\/365-housse.com\/es\/tienda\/\"},{\"@type\":\"ListItem\",\"position\":3,\"name\":\"Funda de sof\u00e1 de terciopelo marr\u00f3n claro\"}]},{\"@type\":\"WebSite\",\"@id\":\"https:\/\/365-housse.com\/es\/#website\",\"url\":\"https:\/\/365-housse.com\/es\/\",\"name\":\"Housse de Canap\u00e9\",\"description\":\"Le N\u00b01 de la Housse\",\"publisher\":{\"@id\":\"https:\/\/365-housse.com\/es\/#organization\"},\"potentialAction\":[{\"@type\":\"SearchAction\",\"target\":{\"@type\":\"EntryPoint\",\"urlTemplate\":\"https:\/\/365-housse.com\/es\/?s={search_term_string}\"},\"query-input\":{\"@type\":\"PropertyValueSpecification\",\"valueRequired\":true,\"valueName\":\"search_term_string\"}}],\"inLanguage\":\"es\"},{\"@type\":\"Organization\",\"@id\":\"https:\/\/365-housse.com\/es\/#organization\",\"name\":\"Housse de Canap\u00e9\",\"url\":\"https:\/\/365-housse.com\/es\/\",\"logo\":{\"@type\":\"ImageObject\",\"inLanguage\":\"es\",\"@id\":\"https:\/\/365-housse.com\/es\/#\/schema\/logo\/image\/\",\"url\":\"https:\/\/365-housse.com\/wp-content\/uploads\/2023\/06\/LOGO-400-\u00d7-200-px-392-x-134-px-16.png\",\"contentUrl\":\"https:\/\/365-housse.com\/wp-content\/uploads\/2023\/06\/LOGO-400-\u00d7-200-px-392-x-134-px-16.png\",\"width\":392,\"height\":134,\"caption\":\"Housse de Canap\u00e9\"},\"image\":{\"@id\":\"https:\/\/365-housse.com\/es\/#\/schema\/logo\/image\/\"}}]}<\/script>","yoast_head_json":{"title":"Funda de sof\u00e1 de terciopelo marr\u00f3n claro en entrega - gratis Ahorra un 30% en tu pedido","description":"Recibe tu Funda de sof\u00e1 de terciopelo marr\u00f3n claro hoy y benef\u00edciate de la entrega - gratuita Env\u00edo en 24\/48h","robots":{"index":"index","follow":"follow","max-snippet":"max-snippet:-1","max-image-preview":"max-image-preview:large","max-video-preview":"max-video-preview:-1"},"canonical":"https:\/\/365-housse.com\/es\/productos\/housse-canape-velours-marron-clair\/","og_locale":"es_ES","og_type":"article","og_title":"Funda de sof\u00e1 de terciopelo marr\u00f3n claro en entrega - gratis Ahorra un 30% en tu pedido","og_description":"Recibe tu Funda de sof\u00e1 de terciopelo marr\u00f3n claro hoy y benef\u00edciate de la entrega - gratuita Env\u00edo en 24\/48h","og_url":"https:\/\/365-housse.com\/es\/productos\/housse-canape-velours-marron-clair\/","og_site_name":"Housse de Canap\u00e9","article_modified_time":"2024-09-17T15:12:16+00:00","og_image":[{"width":447,"height":304,"url":"https:\/\/365-housse.com\/wp-content\/uploads\/2023\/06\/housse-canape-velours-marron-clair.png","type":"image\/png"}],"twitter_card":"summary_large_image","twitter_misc":{"Tiempo de lectura":"1 minuto"},"schema":{"@context":"https:\/\/schema.org","@graph":[{"@type":"WebPage","@id":"https:\/\/365-housse.com\/es\/productos\/housse-canape-velours-marron-clair\/","url":"https:\/\/365-housse.com\/es\/productos\/housse-canape-velours-marron-clair\/","name":"Funda de sof\u00e1 de terciopelo marr\u00f3n claro en entrega - gratis Ahorra un 30% en tu pedido","isPartOf":{"@id":"https:\/\/365-housse.com\/es\/#website"},"primaryImageOfPage":{"@id":"https:\/\/365-housse.com\/es\/productos\/housse-canape-velours-marron-clair\/#primaryimage"},"image":{"@id":"https:\/\/365-housse.com\/es\/productos\/housse-canape-velours-marron-clair\/#primaryimage"},"thumbnailUrl":"https:\/\/365-housse.com\/wp-content\/uploads\/2023\/06\/housse-canape-velours-marron-clair.png","datePublished":"2023-06-12T08:05:36+00:00","dateModified":"2024-09-17T15:12:16+00:00","description":"Recibe tu Funda de sof\u00e1 de terciopelo marr\u00f3n claro hoy y benef\u00edciate de la entrega - gratuita Env\u00edo en 24\/48h","breadcrumb":{"@id":"https:\/\/365-housse.com\/es\/productos\/housse-canape-velours-marron-clair\/#breadcrumb"},"inLanguage":"es","potentialAction":[{"@type":"ReadAction","target":["https:\/\/365-housse.com\/es\/productos\/housse-canape-velours-marron-clair\/"]}]},{"@type":"ImageObject","inLanguage":"es","@id":"https:\/\/365-housse.com\/es\/productos\/housse-canape-velours-marron-clair\/#primaryimage","url":"https:\/\/365-housse.com\/wp-content\/uploads\/2023\/06\/housse-canape-velours-marron-clair.png","contentUrl":"https:\/\/365-housse.com\/wp-content\/uploads\/2023\/06\/housse-canape-velours-marron-clair.png","width":447,"height":304},{"@type":"BreadcrumbList","@id":"https:\/\/365-housse.com\/es\/productos\/housse-canape-velours-marron-clair\/#breadcrumb","itemListElement":[{"@type":"ListItem","position":1,"name":"Accueil","item":"https:\/\/365-housse.com\/es\/"},{"@type":"ListItem","position":2,"name":"Tienda","item":"https:\/\/365-housse.com\/es\/tienda\/"},{"@type":"ListItem","position":3,"name":"Funda de sof\u00e1 de terciopelo marr\u00f3n claro"}]},{"@type":"WebSite","@id":"https:\/\/365-housse.com\/es\/#website","url":"https:\/\/365-housse.com\/es\/","name":"Housse de Canap\u00e9","description":"Le N\u00b01 de la Housse","publisher":{"@id":"https:\/\/365-housse.com\/es\/#organization"},"potentialAction":[{"@type":"SearchAction","target":{"@type":"EntryPoint","urlTemplate":"https:\/\/365-housse.com\/es\/?s={search_term_string}"},"query-input":{"@type":"PropertyValueSpecification","valueRequired":true,"valueName":"search_term_string"}}],"inLanguage":"es"},{"@type":"Organization","@id":"https:\/\/365-housse.com\/es\/#organization","name":"Housse de Canap\u00e9","url":"https:\/\/365-housse.com\/es\/","logo":{"@type":"ImageObject","inLanguage":"es","@id":"https:\/\/365-housse.com\/es\/#\/schema\/logo\/image\/","url":"https:\/\/365-housse.com\/wp-content\/uploads\/2023\/06\/LOGO-400-\u00d7-200-px-392-x-134-px-16.png","contentUrl":"https:\/\/365-housse.com\/wp-content\/uploads\/2023\/06\/LOGO-400-\u00d7-200-px-392-x-134-px-16.png","width":392,"height":134,"caption":"Housse de Canap\u00e9"},"image":{"@id":"https:\/\/365-housse.com\/es\/#\/schema\/logo\/image\/"}}]}},"_links":{"self":[{"href":"https:\/\/365-housse.com\/es\/wp-json\/wp\/v2\/product\/20682"}],"collection":[{"href":"https:\/\/365-housse.com\/es\/wp-json\/wp\/v2\/product"}],"about":[{"href":"https:\/\/365-housse.com\/es\/wp-json\/wp\/v2\/types\/product"}],"replies":[{"embeddable":true,"href":"https:\/\/365-housse.com\/es\/wp-json\/wp\/v2\/comments?post=20682"}],"wp:featuredmedia":[{"embeddable":true,"href":"https:\/\/365-housse.com\/es\/wp-json\/wp\/v2\/media\/15508"}],"wp:attachment":[{"href":"https:\/\/365-housse.com\/es\/wp-json\/wp\/v2\/media?parent=20682"}],"wp:term":[{"taxonomy":"product_cat","embeddable":true,"href":"https:\/\/365-housse.com\/es\/wp-json\/wp\/v2\/product_cat?post=20682"},{"taxonomy":"product_tag","embeddable":true,"href":"https:\/\/365-housse.com\/es\/wp-json\/wp\/v2\/product_tag?post=20682"}],"curies":[{"name":"wp","href":"https:\/\/api.w.org\/{rel}","templated":true}]}}