{"id":20787,"date":"2023-06-12T08:05:14","date_gmt":"2023-06-12T08:05:14","guid":{"rendered":"https:\/\/365-housse.com\/products\/housse-canape-moderne-dore\/"},"modified":"2024-09-17T15:12:54","modified_gmt":"2024-09-17T15:12:54","slug":"housse-canape-moderne-dore","status":"publish","type":"product","link":"https:\/\/365-housse.com\/es\/productos\/housse-canape-moderne-dore\/","title":{"rendered":"Funda de sof\u00e1 dorada moderna"},"content":{"rendered":"<h2>Ofrezca un aspecto lujoso y contempor\u00e1neo a su sala de estar con la funda para sof\u00e1 Modern Gold.<\/h2>\n<h3 data-mce-fragment=\"1\"><span data-mce-fragment=\"1\">La funda El sof\u00e1 dorado moderno es imprescindible para la decoraci\u00f3n de tu interior.<\/span><\/h3>\n<ul data-mce-fragment=\"1\">\n<li data-mce-fragment=\"1\">\n<p data-mce>A\u00f1ade un toque de<strong data-mce-fragment=\"1\">elegancia<\/strong><span data-mce-fragment=\"1\"><\/span>y un complemento<span> <\/span><strong data-mce-fragment=\"1\">c\u00e1lido<\/strong><span data-mce-fragment=\"1\"> <\/span>a tu espacio<\/p>\n<\/li>\n<li data-mce-fragment=\"1\">\n<p data-mce-fragment=\"1\">Ideal para cambiar tu decoraci\u00f3n o transformar tu interior<\/p>\n<\/li>\n<li>\n<p data-mce-fragment=\"1\">Evita la suciedad y las manchas<\/p>\n<\/li>\n<li data-mce-fragment=\"1\">\n<p>Fabricado con<span data-mce-fragment=\"1\"><\/span><strong data-mce-fragment=\"1\">tejido de calidad<\/strong><\/p>\n<p> <\/ li> <\/p>\n<li data-mce-fragment=\"1\">F\u00e1cil instalaci\u00f3n y configuraci\u00f3n<\/li>\n<\/ul>\n<p data-mce-fragment=\"1\"><strong data-mce-fragment=\"1\"> Caracter\u00edsticas:<\/strong><\/p>\n<ul data-mce-fragment=\"1\">\n<li data-mce-fragment=\"1\">\n<p data-mce-fragment=\"1\">Material: Poli\u00e9ster y spandex (material el\u00e1stico)<\/p>\n<\/li>\n<li data-mce-fragment=\"1\">\n<p data-mce-fragment=\"1\">Telas de<span data-mce-fragment=\"1\"> <\/span><strong data-mce-fragment=\"1\">calidad premium<\/strong><span data-mce-fragment=\"1\"> <\/span>para proteger su silla<\/p>\n<\/li>\n<li data-mce-fragment=\"1\">\n<p data-mce-fragment=\"1\">Impresi\u00f3n<span data-mce-fragment=\"1\"> <\/span><strong>alto rendimiento<\/strong><span data-mce-fragment=\"1\"> <\/span>para colores que no se desvanecen con el tiempo o el lavado <\/p>\n<\/li>\n<li data-mce-fragment=\"1\">\n<p data-mce-fragment=\"1\">Lavar a m\u00e1quina a 30\u00b0C como m\u00e1ximo.<\/span><\/p>\n<\/li>\n<li data-mce-fragment=\"1\">\n<p data-mce-fragment=\"1\"><strong data-mce-fragment=\"1\">Muchos usos<\/strong><span data-mce> <\/span> : comedor, sal\u00f3n, despacho, dormitorio,&#8230;<\/p>\n<\/li>\n<li data-mce-fragment=\"1\">Diferentes tama\u00f1os disponibles<\/ li> <\/ul>\n<p data-mce><strong data-mce-fragment=\"1\">Gu\u00eda de tallas: <\/strong><\/p>\n<p data-mce-fragment=\"1\"><img fetchpriority=\"high\" decoding=\"async\" alt=\"Talla y medida gu\u00eda para una funda de sof\u00e1\" data-mce-fragment=\"1\" data-mce-src=\"https:\/\/365-housse.com\/wp-content\/ uploads\/2023\/06\/Guide-des-tailles-mesures- Housse-de-canape.jpg?v=1581085443\" data-mce-style=\"display: bloque; margen izquierdo: autom\u00e1tico; margen derecho: auto;\" height=\"602\" src=\"https:\/\/365-housse.com\/wp-content\/uploads\/2023\/06\/Guide-des-tailles-mesures-Housse-de-canape.jpg ?v=1581085443\" style=\"margin-left: auto;margin-right: auto\" width=\"448\" \/><\/p>\n<p data-mce-fragment=\"1\"><span data-mce-fragment=\"1\">Nuestras fundas de sof\u00e1 el\u00e1sticas son<strong data-mce-fragment=\"1\">tama\u00f1os universales<\/strong> y se adaptan a<strong data-mce-fragment=\"1\">muchos sillones: <\/strong><\/span><\/p>\n<p data-mce-fragment=\"1\"><img decoding=\"async\" alt=\"Modelos y tipos de sof\u00e1s compatibles con nuestra funda de sof\u00e1 Stretch\" data-mce-fragment=\"1 \" data-mce-src=\"https:\/\/365-housse.com\/wp-content\/uploads\/2023\/06\/Modeles-types-canape-compatibles-avec-Housse-de-canape-extensible.jpg?v= 1581085279\" data-mce- height=\"146\" src=\"https:\/\/365-housse.com\/wp-content\/uploads\/2023\/06\/Modeles-types-canape-compatibles-avec-Housse-de-canape -extensible.jpg?v=1581085279\" style=\"margin-left: auto;margin-right: auto\" width=\"468\" \/><\/p>\n<p data-mce-fragment=\"1\">Comentario<strong data-mce-fragment=\"1\"><span data-mce-fragment=\"1\"> <\/span>instalar<\/strong><span data-mce-fragment=\"1\"> <\/span>la funda de mi sof\u00e1 ampliable:<\/p>\n<p data-mce-fragment=\"1\"><img decoding=\"async\" alt=\"Instrucciones y pasos a seguir para instalar una Funda de Sof\u00e1\" data-mce-fragment=\"1\" data-mce-src=\" https:\/\/365-housse.com\/wp-content\/uploads\/2023\/06\/Instructions-etapes-installation-pour-Housse-de-Canape.jpg?v=1581085043\" data-mce-style=\"display: bloque ; margen izquierdo: autom\u00e1tico; margin-right: auto;\" height=\"398\" src=\"https:\/\/365-housse.com\/wp-content\/uploads\/2023\/06\/Instructions-etapes-installation-pour-Housse-de-Canape.jpg ?v=1581085043\" style=\"margin-left: auto;margin-right: auto\" width=\"438\" \/><\/p>\n<h2>Dale a tu sal\u00f3n un aspecto lujoso y moderno con la funda para sof\u00e1 Modern Gold.<\/h2>\n<h3 data-mce-fragment=\"1\"><span data-mce-fragment=\"1\">La funda Modern Gold Sofa es imprescindible para darle un toque personal a tu decoraci\u00f3n interior.<\/span><\/h3>\n<ul data-mce-fragment=\"1\">\n<li data-mce-fragment=\"1\">\n<p data-mce-fragment=\"1\">Traiga una nota de<strong data-mce-fragment=\"1\">elegancia<\/strong><span data-mce-fragment=\"1\"><\/span>y una lado c\u00e1lido<span data-mce-fragment=\"1\"> <\/span><strong data-mce-fragment=\"1\"> <\/span> a tu interior<\/p>\n<\/li>\n<li data-mce>\n<p data-mce-fragment=\"1\">Ideal para cambiar de decoraci\u00f3n o darle un nuevo aire a tu habitaci\u00f3n<\/ p> <\/li>\n<p> &lt;<\/p>\n<p data-mce-fragment=\" 1\">Comparaci\u00f3n antes\/despu\u00e9s: <\/p>\n<p data-mce-fragment=\"1\"><img decoding=\"async\" alt=\"Ilustraci\u00f3n del resultado de instalar una funda de sof\u00e1 el\u00e1stica\" data-mce-fragment=\"1\" data-mce-src=\"https :\/\/365- housse.com\/wp-content\/uploads\/2023\/06\/Demonstration-Avant-Apres-Housse-de-canape-extensible.jpg?v=1581085887\" data-mce-style=\"display: block; margin-left: auto ; margen derecho: auto;\" height=\"356\" src=\"https:\/\/365-housse.com\/wp-content\/uploads\/2023\/06\/Demostraci\u00f3n-Avant-Apres-Housse-de-canape-extensible.jpg?v=1581085887\" \/><\/p>\n","protected":false},"excerpt":{"rendered":"<p>Ofrezca un aspecto lujoso y contempor\u00e1neo a su sala de estar con la funda para sof\u00e1 Modern Gold. La funda El sof\u00e1 dorado moderno es imprescindible para la decoraci\u00f3n de tu interior. A\u00f1ade un toque deeleganciay un complemento c\u00e1lido a tu espacio Ideal para cambiar tu decoraci\u00f3n o transformar tu interior Evita la suciedad y [&hellip;]<\/p>\n","protected":false},"featured_media":15466,"comment_status":"open","ping_status":"closed","template":"","meta":[],"product_cat":[155,161],"product_tag":[213],"class_list":{"0":"post-20787","1":"product","2":"type-product","3":"status-publish","4":"has-post-thumbnail","6":"product_cat-funda-de-sofa","7":"product_cat-portada-interior","8":"product_tag-canape-es","10":"first","11":"instock","12":"shipping-taxable","13":"purchasable","14":"product-type-variable"},"yoast_head":"<title>Funda de sof\u00e1 dorada moderna en entrega - gratis Ahorra un 30% en tu pedido<\/title>\n<meta name=\"description\" content=\"Recibe tu Funda de sof\u00e1 dorada moderna hoy y benef\u00edciate de la entrega - gratuita Env\u00edo en 24\/48h\" \/>\n<meta name=\"robots\" content=\"index, follow, max-snippet:-1, max-image-preview:large, max-video-preview:-1\" \/>\n<link rel=\"canonical\" href=\"https:\/\/365-housse.com\/es\/productos\/housse-canape-moderne-dore\/\" \/>\n<meta property=\"og:locale\" content=\"es_ES\" \/>\n<meta property=\"og:type\" content=\"article\" \/>\n<meta property=\"og:title\" content=\"Funda de sof\u00e1 dorada moderna en entrega - gratis Ahorra un 30% en tu pedido\" \/>\n<meta property=\"og:description\" content=\"Recibe tu Funda de sof\u00e1 dorada moderna hoy y benef\u00edciate de la entrega - gratuita Env\u00edo en 24\/48h\" \/>\n<meta property=\"og:url\" content=\"https:\/\/365-housse.com\/es\/productos\/housse-canape-moderne-dore\/\" \/>\n<meta property=\"og:site_name\" content=\"Housse de Canap\u00e9\" \/>\n<meta property=\"article:modified_time\" content=\"2024-09-17T15:12:54+00:00\" \/>\n<meta property=\"og:image\" content=\"https:\/\/365-housse.com\/wp-content\/uploads\/2023\/06\/housse-canape-moderne-dore.png\" \/>\n\t<meta property=\"og:image:width\" content=\"439\" \/>\n\t<meta property=\"og:image:height\" content=\"426\" \/>\n\t<meta property=\"og:image:type\" content=\"image\/png\" \/>\n<meta name=\"twitter:card\" content=\"summary_large_image\" \/>\n<meta name=\"twitter:label1\" content=\"Tiempo de lectura\" \/>\n\t<meta name=\"twitter:data1\" content=\"1 minuto\" \/>\n<script type=\"application\/ld+json\" class=\"yoast-schema-graph\">{\"@context\":\"https:\/\/schema.org\",\"@graph\":[{\"@type\":\"WebPage\",\"@id\":\"https:\/\/365-housse.com\/es\/productos\/housse-canape-moderne-dore\/\",\"url\":\"https:\/\/365-housse.com\/es\/productos\/housse-canape-moderne-dore\/\",\"name\":\"Funda de sof\u00e1 dorada moderna en entrega - gratis Ahorra un 30% en tu pedido\",\"isPartOf\":{\"@id\":\"https:\/\/365-housse.com\/es\/#website\"},\"primaryImageOfPage\":{\"@id\":\"https:\/\/365-housse.com\/es\/productos\/housse-canape-moderne-dore\/#primaryimage\"},\"image\":{\"@id\":\"https:\/\/365-housse.com\/es\/productos\/housse-canape-moderne-dore\/#primaryimage\"},\"thumbnailUrl\":\"https:\/\/365-housse.com\/wp-content\/uploads\/2023\/06\/housse-canape-moderne-dore.png\",\"datePublished\":\"2023-06-12T08:05:14+00:00\",\"dateModified\":\"2024-09-17T15:12:54+00:00\",\"description\":\"Recibe tu Funda de sof\u00e1 dorada moderna hoy y benef\u00edciate de la entrega - gratuita Env\u00edo en 24\/48h\",\"breadcrumb\":{\"@id\":\"https:\/\/365-housse.com\/es\/productos\/housse-canape-moderne-dore\/#breadcrumb\"},\"inLanguage\":\"es\",\"potentialAction\":[{\"@type\":\"ReadAction\",\"target\":[\"https:\/\/365-housse.com\/es\/productos\/housse-canape-moderne-dore\/\"]}]},{\"@type\":\"ImageObject\",\"inLanguage\":\"es\",\"@id\":\"https:\/\/365-housse.com\/es\/productos\/housse-canape-moderne-dore\/#primaryimage\",\"url\":\"https:\/\/365-housse.com\/wp-content\/uploads\/2023\/06\/housse-canape-moderne-dore.png\",\"contentUrl\":\"https:\/\/365-housse.com\/wp-content\/uploads\/2023\/06\/housse-canape-moderne-dore.png\",\"width\":439,\"height\":426},{\"@type\":\"BreadcrumbList\",\"@id\":\"https:\/\/365-housse.com\/es\/productos\/housse-canape-moderne-dore\/#breadcrumb\",\"itemListElement\":[{\"@type\":\"ListItem\",\"position\":1,\"name\":\"Accueil\",\"item\":\"https:\/\/365-housse.com\/es\/\"},{\"@type\":\"ListItem\",\"position\":2,\"name\":\"Tienda\",\"item\":\"https:\/\/365-housse.com\/es\/tienda\/\"},{\"@type\":\"ListItem\",\"position\":3,\"name\":\"Funda de sof\u00e1 dorada moderna\"}]},{\"@type\":\"WebSite\",\"@id\":\"https:\/\/365-housse.com\/es\/#website\",\"url\":\"https:\/\/365-housse.com\/es\/\",\"name\":\"Housse de Canap\u00e9\",\"description\":\"Le N\u00b01 de la Housse\",\"publisher\":{\"@id\":\"https:\/\/365-housse.com\/es\/#organization\"},\"potentialAction\":[{\"@type\":\"SearchAction\",\"target\":{\"@type\":\"EntryPoint\",\"urlTemplate\":\"https:\/\/365-housse.com\/es\/?s={search_term_string}\"},\"query-input\":{\"@type\":\"PropertyValueSpecification\",\"valueRequired\":true,\"valueName\":\"search_term_string\"}}],\"inLanguage\":\"es\"},{\"@type\":\"Organization\",\"@id\":\"https:\/\/365-housse.com\/es\/#organization\",\"name\":\"Housse de Canap\u00e9\",\"url\":\"https:\/\/365-housse.com\/es\/\",\"logo\":{\"@type\":\"ImageObject\",\"inLanguage\":\"es\",\"@id\":\"https:\/\/365-housse.com\/es\/#\/schema\/logo\/image\/\",\"url\":\"https:\/\/365-housse.com\/wp-content\/uploads\/2023\/06\/LOGO-400-\u00d7-200-px-392-x-134-px-16.png\",\"contentUrl\":\"https:\/\/365-housse.com\/wp-content\/uploads\/2023\/06\/LOGO-400-\u00d7-200-px-392-x-134-px-16.png\",\"width\":392,\"height\":134,\"caption\":\"Housse de Canap\u00e9\"},\"image\":{\"@id\":\"https:\/\/365-housse.com\/es\/#\/schema\/logo\/image\/\"}}]}<\/script>","yoast_head_json":{"title":"Funda de sof\u00e1 dorada moderna en entrega - gratis Ahorra un 30% en tu pedido","description":"Recibe tu Funda de sof\u00e1 dorada moderna hoy y benef\u00edciate de la entrega - gratuita Env\u00edo en 24\/48h","robots":{"index":"index","follow":"follow","max-snippet":"max-snippet:-1","max-image-preview":"max-image-preview:large","max-video-preview":"max-video-preview:-1"},"canonical":"https:\/\/365-housse.com\/es\/productos\/housse-canape-moderne-dore\/","og_locale":"es_ES","og_type":"article","og_title":"Funda de sof\u00e1 dorada moderna en entrega - gratis Ahorra un 30% en tu pedido","og_description":"Recibe tu Funda de sof\u00e1 dorada moderna hoy y benef\u00edciate de la entrega - gratuita Env\u00edo en 24\/48h","og_url":"https:\/\/365-housse.com\/es\/productos\/housse-canape-moderne-dore\/","og_site_name":"Housse de Canap\u00e9","article_modified_time":"2024-09-17T15:12:54+00:00","og_image":[{"width":439,"height":426,"url":"https:\/\/365-housse.com\/wp-content\/uploads\/2023\/06\/housse-canape-moderne-dore.png","type":"image\/png"}],"twitter_card":"summary_large_image","twitter_misc":{"Tiempo de lectura":"1 minuto"},"schema":{"@context":"https:\/\/schema.org","@graph":[{"@type":"WebPage","@id":"https:\/\/365-housse.com\/es\/productos\/housse-canape-moderne-dore\/","url":"https:\/\/365-housse.com\/es\/productos\/housse-canape-moderne-dore\/","name":"Funda de sof\u00e1 dorada moderna en entrega - gratis Ahorra un 30% en tu pedido","isPartOf":{"@id":"https:\/\/365-housse.com\/es\/#website"},"primaryImageOfPage":{"@id":"https:\/\/365-housse.com\/es\/productos\/housse-canape-moderne-dore\/#primaryimage"},"image":{"@id":"https:\/\/365-housse.com\/es\/productos\/housse-canape-moderne-dore\/#primaryimage"},"thumbnailUrl":"https:\/\/365-housse.com\/wp-content\/uploads\/2023\/06\/housse-canape-moderne-dore.png","datePublished":"2023-06-12T08:05:14+00:00","dateModified":"2024-09-17T15:12:54+00:00","description":"Recibe tu Funda de sof\u00e1 dorada moderna hoy y benef\u00edciate de la entrega - gratuita Env\u00edo en 24\/48h","breadcrumb":{"@id":"https:\/\/365-housse.com\/es\/productos\/housse-canape-moderne-dore\/#breadcrumb"},"inLanguage":"es","potentialAction":[{"@type":"ReadAction","target":["https:\/\/365-housse.com\/es\/productos\/housse-canape-moderne-dore\/"]}]},{"@type":"ImageObject","inLanguage":"es","@id":"https:\/\/365-housse.com\/es\/productos\/housse-canape-moderne-dore\/#primaryimage","url":"https:\/\/365-housse.com\/wp-content\/uploads\/2023\/06\/housse-canape-moderne-dore.png","contentUrl":"https:\/\/365-housse.com\/wp-content\/uploads\/2023\/06\/housse-canape-moderne-dore.png","width":439,"height":426},{"@type":"BreadcrumbList","@id":"https:\/\/365-housse.com\/es\/productos\/housse-canape-moderne-dore\/#breadcrumb","itemListElement":[{"@type":"ListItem","position":1,"name":"Accueil","item":"https:\/\/365-housse.com\/es\/"},{"@type":"ListItem","position":2,"name":"Tienda","item":"https:\/\/365-housse.com\/es\/tienda\/"},{"@type":"ListItem","position":3,"name":"Funda de sof\u00e1 dorada moderna"}]},{"@type":"WebSite","@id":"https:\/\/365-housse.com\/es\/#website","url":"https:\/\/365-housse.com\/es\/","name":"Housse de Canap\u00e9","description":"Le N\u00b01 de la Housse","publisher":{"@id":"https:\/\/365-housse.com\/es\/#organization"},"potentialAction":[{"@type":"SearchAction","target":{"@type":"EntryPoint","urlTemplate":"https:\/\/365-housse.com\/es\/?s={search_term_string}"},"query-input":{"@type":"PropertyValueSpecification","valueRequired":true,"valueName":"search_term_string"}}],"inLanguage":"es"},{"@type":"Organization","@id":"https:\/\/365-housse.com\/es\/#organization","name":"Housse de Canap\u00e9","url":"https:\/\/365-housse.com\/es\/","logo":{"@type":"ImageObject","inLanguage":"es","@id":"https:\/\/365-housse.com\/es\/#\/schema\/logo\/image\/","url":"https:\/\/365-housse.com\/wp-content\/uploads\/2023\/06\/LOGO-400-\u00d7-200-px-392-x-134-px-16.png","contentUrl":"https:\/\/365-housse.com\/wp-content\/uploads\/2023\/06\/LOGO-400-\u00d7-200-px-392-x-134-px-16.png","width":392,"height":134,"caption":"Housse de Canap\u00e9"},"image":{"@id":"https:\/\/365-housse.com\/es\/#\/schema\/logo\/image\/"}}]}},"_links":{"self":[{"href":"https:\/\/365-housse.com\/es\/wp-json\/wp\/v2\/product\/20787"}],"collection":[{"href":"https:\/\/365-housse.com\/es\/wp-json\/wp\/v2\/product"}],"about":[{"href":"https:\/\/365-housse.com\/es\/wp-json\/wp\/v2\/types\/product"}],"replies":[{"embeddable":true,"href":"https:\/\/365-housse.com\/es\/wp-json\/wp\/v2\/comments?post=20787"}],"wp:featuredmedia":[{"embeddable":true,"href":"https:\/\/365-housse.com\/es\/wp-json\/wp\/v2\/media\/15466"}],"wp:attachment":[{"href":"https:\/\/365-housse.com\/es\/wp-json\/wp\/v2\/media?parent=20787"}],"wp:term":[{"taxonomy":"product_cat","embeddable":true,"href":"https:\/\/365-housse.com\/es\/wp-json\/wp\/v2\/product_cat?post=20787"},{"taxonomy":"product_tag","embeddable":true,"href":"https:\/\/365-housse.com\/es\/wp-json\/wp\/v2\/product_tag?post=20787"}],"curies":[{"name":"wp","href":"https:\/\/api.w.org\/{rel}","templated":true}]}}