{"id":20807,"date":"2023-06-12T08:05:09","date_gmt":"2023-06-12T08:05:09","guid":{"rendered":"https:\/\/365-housse.com\/products\/housse-canape-universelle-geometrique\/"},"modified":"2024-09-17T15:13:03","modified_gmt":"2024-09-17T15:13:03","slug":"housse-canape-universelle-geometrique","status":"publish","type":"product","link":"https:\/\/365-housse.com\/es\/productos\/housse-canape-universelle-geometrique\/","title":{"rendered":"Funda de sof\u00e1 universal geom\u00e9trica"},"content":{"rendered":"<p>\u00a1El estilo <strong>geom\u00e9trico<\/strong> llega a tu interior gracias a la <strong>Funda de Sof\u00e1 Universal Geom\u00e9trica<\/strong>! Es perfecto para decorar tu sal\u00f3n, tu dormitorio o incluso tu sala de espera y aporta un toque de <strong>elegancia<\/strong> y <strong>calidez<\/strong> a tu espacio. Su tejido de calidad proteger\u00e1 su silla contra la suciedad y las manchas, y es f\u00e1cil de instalar. La Funda de Sof\u00e1 Universal Geom\u00e9trica est\u00e1 disponible en varios tama\u00f1os y se adapta a muchos modelos y tipos de sillones.<\/p>\n<p><strong>Caracter\u00edsticas:<\/strong><\/p>\n<ul>\n<li>Material: poli\u00e9ster y spandex (material el\u00e1stico)<\/li>\n<li><strong>tejido de calidad superior<\/strong> preservando tu silla<\/li>\n<li><strong>tecnolog\u00eda de impresi\u00f3n de alto rendimiento<\/strong> para una mayor resistencia del color a la luz y al lavado<\/li>\n<li>Lavable a m\u00e1quina a 30\u00b0C como m\u00e1ximo.<\/li>\n<li><strong>Diferentes usos<\/strong>: comedor, sal\u00f3n, despacho, dormitorio,&#8230;<\/li>\n<li>Diferentes tama\u00f1os disponibles<\/li>\n<\/ul>\n<p><strong>Gu\u00eda de tallas:<\/strong><\/p>\n<p><img fetchpriority=\"high\" decoding=\"async\" alt=\"Gu\u00eda de tallas y medidas de una funda de sof\u00e1\" data-mce-src=\"https:\/\/365-housse.com\/wp-content\/uploads\/2023\/06\/Guide-des-sizes -medidas-Housse-de-canape.jpg?v=1581085443\" height=\"602\" src=\"https:\/\/365-housse.com\/wp-content\/uploads\/2023\/06\/Guide-des-tailes- medidas -funda-sof\u00e1.jpg?v=1581085443\" width=\"448\" \/><\/p>\n<p>Nuestras fundas de sof\u00e1 son de <strong>tama\u00f1os universales<\/strong> y se adaptan a <strong>muchos sillones<\/strong>:<\/p>\n<p><img decoding=\"async\" alt=\"Modelos y tipos de sof\u00e1s compatibles con nuestra funda de sof\u00e1 Stretch\" data-mce-src=\"https:\/\/365-housse.com\/wp-content\/uploads\/2023\/06\/Modeles-types -canape-compatible-con-funda-canape-extensible.jpg?v=1581085279\" height=\"146\" src=\"https:\/\/365-housse.com\/wp-content\/uploads\/2023\/06\/ Sof\u00e1-tipico -modelos-compatibles-con-funda-de-sofa-extensible.jpg?v=1581085279\" width=\"468\" \/><\/p>\n<p>\u00bfC\u00f3mo <strong>instalo<\/strong> la funda de mi sof\u00e1?<\/p>\n<p data-mce-fragment=\"1\"><img decoding=\"async\" alt=\"Instrucciones y pasos a seguir para instalar una funda de sof\u00e1\" data-mce-src=\"https:\/\/365-housse.com\/wp-content\/uploads\/2023\/06\/Instructions-etapes-installation-pour-Housse-de-Canape. jpg ?v=1581085043\" data-mce-style=\"display: block; margen izquierdo: autom\u00e1tico; margen derecho: autom\u00e1tico;\" height=\"398\" src=\"https:\/\/365-housse.com\/wp-content\/uploads\/2023\/06\/Instructions-etapes-installation-pour-Housse-de-Canape.jpg?v=1581085043\" \/><\/p>\n<p data-mce-fragment=\"1\">Vea la diferencia antes\/despu\u00e9s: <\/p>\n<p data-mce-fragment=\"1\"><img decoding=\"async\" alt=\"Demostraci\u00f3n antes y despu\u00e9s con una funda de sof\u00e1 el\u00e1stica\" data-mce-fragment=\"1\" data-mce-src=\"https:\/\/365- Housse .com\/wp-content\/uploads\/2023\/06\/Demonstration-Avant-Apres-Housse-de-canape-extensible.jpg?v=1581085887\" data-mce-style=\"display: block-left: auto margin-; derecha: autom\u00e1tico;\" height=\"356\" src=\"https:\/\/365-housse.com\/wp-content\/uploads\/2023\/06\/Demostraci\u00f3n-Avant-Apres-Housse-de-canape-extensible.jpg?v=1581085887\" \/><\/p>\n","protected":false},"excerpt":{"rendered":"<p>\u00a1El estilo geom\u00e9trico llega a tu interior gracias a la Funda de Sof\u00e1 Universal Geom\u00e9trica! Es perfecto para decorar tu sal\u00f3n, tu dormitorio o incluso tu sala de espera y aporta un toque de elegancia y calidez a tu espacio. Su tejido de calidad proteger\u00e1 su silla contra la suciedad y las manchas, y es [&hellip;]<\/p>\n","protected":false},"featured_media":15456,"comment_status":"open","ping_status":"closed","template":"","meta":[],"product_cat":[155,161],"product_tag":[213],"class_list":{"0":"post-20807","1":"product","2":"type-product","3":"status-publish","4":"has-post-thumbnail","6":"product_cat-funda-de-sofa","7":"product_cat-portada-interior","8":"product_tag-canape-es","10":"first","11":"instock","12":"shipping-taxable","13":"purchasable","14":"product-type-variable"},"yoast_head":"<title>Funda de sof\u00e1 universal geom\u00e9trica en entrega - gratis Ahorra un 30% en tu pedido<\/title>\n<meta name=\"description\" content=\"Recibe tu Funda de sof\u00e1 universal geom\u00e9trica hoy y benef\u00edciate de la entrega - gratuita Env\u00edo en 24\/48h\" \/>\n<meta name=\"robots\" content=\"index, follow, max-snippet:-1, max-image-preview:large, max-video-preview:-1\" \/>\n<link rel=\"canonical\" href=\"https:\/\/365-housse.com\/es\/productos\/housse-canape-universelle-geometrique\/\" \/>\n<meta property=\"og:locale\" content=\"es_ES\" \/>\n<meta property=\"og:type\" content=\"article\" \/>\n<meta property=\"og:title\" content=\"Funda de sof\u00e1 universal geom\u00e9trica en entrega - gratis Ahorra un 30% en tu pedido\" \/>\n<meta property=\"og:description\" content=\"Recibe tu Funda de sof\u00e1 universal geom\u00e9trica hoy y benef\u00edciate de la entrega - gratuita Env\u00edo en 24\/48h\" \/>\n<meta property=\"og:url\" content=\"https:\/\/365-housse.com\/es\/productos\/housse-canape-universelle-geometrique\/\" \/>\n<meta property=\"og:site_name\" content=\"Housse de Canap\u00e9\" \/>\n<meta property=\"article:modified_time\" content=\"2024-09-17T15:13:03+00:00\" \/>\n<meta property=\"og:image\" content=\"https:\/\/365-housse.com\/wp-content\/uploads\/2023\/06\/housse-canape-universelle-geometrique.png\" \/>\n\t<meta property=\"og:image:width\" content=\"447\" \/>\n\t<meta property=\"og:image:height\" content=\"287\" \/>\n\t<meta property=\"og:image:type\" content=\"image\/png\" \/>\n<meta name=\"twitter:card\" content=\"summary_large_image\" \/>\n<meta name=\"twitter:label1\" content=\"Tiempo de lectura\" \/>\n\t<meta name=\"twitter:data1\" content=\"1 minuto\" \/>\n<script type=\"application\/ld+json\" class=\"yoast-schema-graph\">{\"@context\":\"https:\/\/schema.org\",\"@graph\":[{\"@type\":\"WebPage\",\"@id\":\"https:\/\/365-housse.com\/es\/productos\/housse-canape-universelle-geometrique\/\",\"url\":\"https:\/\/365-housse.com\/es\/productos\/housse-canape-universelle-geometrique\/\",\"name\":\"Funda de sof\u00e1 universal geom\u00e9trica en entrega - gratis Ahorra un 30% en tu pedido\",\"isPartOf\":{\"@id\":\"https:\/\/365-housse.com\/es\/#website\"},\"primaryImageOfPage\":{\"@id\":\"https:\/\/365-housse.com\/es\/productos\/housse-canape-universelle-geometrique\/#primaryimage\"},\"image\":{\"@id\":\"https:\/\/365-housse.com\/es\/productos\/housse-canape-universelle-geometrique\/#primaryimage\"},\"thumbnailUrl\":\"https:\/\/365-housse.com\/wp-content\/uploads\/2023\/06\/housse-canape-universelle-geometrique.png\",\"datePublished\":\"2023-06-12T08:05:09+00:00\",\"dateModified\":\"2024-09-17T15:13:03+00:00\",\"description\":\"Recibe tu Funda de sof\u00e1 universal geom\u00e9trica hoy y benef\u00edciate de la entrega - gratuita Env\u00edo en 24\/48h\",\"breadcrumb\":{\"@id\":\"https:\/\/365-housse.com\/es\/productos\/housse-canape-universelle-geometrique\/#breadcrumb\"},\"inLanguage\":\"es\",\"potentialAction\":[{\"@type\":\"ReadAction\",\"target\":[\"https:\/\/365-housse.com\/es\/productos\/housse-canape-universelle-geometrique\/\"]}]},{\"@type\":\"ImageObject\",\"inLanguage\":\"es\",\"@id\":\"https:\/\/365-housse.com\/es\/productos\/housse-canape-universelle-geometrique\/#primaryimage\",\"url\":\"https:\/\/365-housse.com\/wp-content\/uploads\/2023\/06\/housse-canape-universelle-geometrique.png\",\"contentUrl\":\"https:\/\/365-housse.com\/wp-content\/uploads\/2023\/06\/housse-canape-universelle-geometrique.png\",\"width\":447,\"height\":287},{\"@type\":\"BreadcrumbList\",\"@id\":\"https:\/\/365-housse.com\/es\/productos\/housse-canape-universelle-geometrique\/#breadcrumb\",\"itemListElement\":[{\"@type\":\"ListItem\",\"position\":1,\"name\":\"Accueil\",\"item\":\"https:\/\/365-housse.com\/es\/\"},{\"@type\":\"ListItem\",\"position\":2,\"name\":\"Tienda\",\"item\":\"https:\/\/365-housse.com\/es\/tienda\/\"},{\"@type\":\"ListItem\",\"position\":3,\"name\":\"Funda de sof\u00e1 universal geom\u00e9trica\"}]},{\"@type\":\"WebSite\",\"@id\":\"https:\/\/365-housse.com\/es\/#website\",\"url\":\"https:\/\/365-housse.com\/es\/\",\"name\":\"Housse de Canap\u00e9\",\"description\":\"Le N\u00b01 de la Housse\",\"publisher\":{\"@id\":\"https:\/\/365-housse.com\/es\/#organization\"},\"potentialAction\":[{\"@type\":\"SearchAction\",\"target\":{\"@type\":\"EntryPoint\",\"urlTemplate\":\"https:\/\/365-housse.com\/es\/?s={search_term_string}\"},\"query-input\":{\"@type\":\"PropertyValueSpecification\",\"valueRequired\":true,\"valueName\":\"search_term_string\"}}],\"inLanguage\":\"es\"},{\"@type\":\"Organization\",\"@id\":\"https:\/\/365-housse.com\/es\/#organization\",\"name\":\"Housse de Canap\u00e9\",\"url\":\"https:\/\/365-housse.com\/es\/\",\"logo\":{\"@type\":\"ImageObject\",\"inLanguage\":\"es\",\"@id\":\"https:\/\/365-housse.com\/es\/#\/schema\/logo\/image\/\",\"url\":\"https:\/\/365-housse.com\/wp-content\/uploads\/2023\/06\/LOGO-400-\u00d7-200-px-392-x-134-px-16.png\",\"contentUrl\":\"https:\/\/365-housse.com\/wp-content\/uploads\/2023\/06\/LOGO-400-\u00d7-200-px-392-x-134-px-16.png\",\"width\":392,\"height\":134,\"caption\":\"Housse de Canap\u00e9\"},\"image\":{\"@id\":\"https:\/\/365-housse.com\/es\/#\/schema\/logo\/image\/\"}}]}<\/script>","yoast_head_json":{"title":"Funda de sof\u00e1 universal geom\u00e9trica en entrega - gratis Ahorra un 30% en tu pedido","description":"Recibe tu Funda de sof\u00e1 universal geom\u00e9trica hoy y benef\u00edciate de la entrega - gratuita Env\u00edo en 24\/48h","robots":{"index":"index","follow":"follow","max-snippet":"max-snippet:-1","max-image-preview":"max-image-preview:large","max-video-preview":"max-video-preview:-1"},"canonical":"https:\/\/365-housse.com\/es\/productos\/housse-canape-universelle-geometrique\/","og_locale":"es_ES","og_type":"article","og_title":"Funda de sof\u00e1 universal geom\u00e9trica en entrega - gratis Ahorra un 30% en tu pedido","og_description":"Recibe tu Funda de sof\u00e1 universal geom\u00e9trica hoy y benef\u00edciate de la entrega - gratuita Env\u00edo en 24\/48h","og_url":"https:\/\/365-housse.com\/es\/productos\/housse-canape-universelle-geometrique\/","og_site_name":"Housse de Canap\u00e9","article_modified_time":"2024-09-17T15:13:03+00:00","og_image":[{"width":447,"height":287,"url":"https:\/\/365-housse.com\/wp-content\/uploads\/2023\/06\/housse-canape-universelle-geometrique.png","type":"image\/png"}],"twitter_card":"summary_large_image","twitter_misc":{"Tiempo de lectura":"1 minuto"},"schema":{"@context":"https:\/\/schema.org","@graph":[{"@type":"WebPage","@id":"https:\/\/365-housse.com\/es\/productos\/housse-canape-universelle-geometrique\/","url":"https:\/\/365-housse.com\/es\/productos\/housse-canape-universelle-geometrique\/","name":"Funda de sof\u00e1 universal geom\u00e9trica en entrega - gratis Ahorra un 30% en tu pedido","isPartOf":{"@id":"https:\/\/365-housse.com\/es\/#website"},"primaryImageOfPage":{"@id":"https:\/\/365-housse.com\/es\/productos\/housse-canape-universelle-geometrique\/#primaryimage"},"image":{"@id":"https:\/\/365-housse.com\/es\/productos\/housse-canape-universelle-geometrique\/#primaryimage"},"thumbnailUrl":"https:\/\/365-housse.com\/wp-content\/uploads\/2023\/06\/housse-canape-universelle-geometrique.png","datePublished":"2023-06-12T08:05:09+00:00","dateModified":"2024-09-17T15:13:03+00:00","description":"Recibe tu Funda de sof\u00e1 universal geom\u00e9trica hoy y benef\u00edciate de la entrega - gratuita Env\u00edo en 24\/48h","breadcrumb":{"@id":"https:\/\/365-housse.com\/es\/productos\/housse-canape-universelle-geometrique\/#breadcrumb"},"inLanguage":"es","potentialAction":[{"@type":"ReadAction","target":["https:\/\/365-housse.com\/es\/productos\/housse-canape-universelle-geometrique\/"]}]},{"@type":"ImageObject","inLanguage":"es","@id":"https:\/\/365-housse.com\/es\/productos\/housse-canape-universelle-geometrique\/#primaryimage","url":"https:\/\/365-housse.com\/wp-content\/uploads\/2023\/06\/housse-canape-universelle-geometrique.png","contentUrl":"https:\/\/365-housse.com\/wp-content\/uploads\/2023\/06\/housse-canape-universelle-geometrique.png","width":447,"height":287},{"@type":"BreadcrumbList","@id":"https:\/\/365-housse.com\/es\/productos\/housse-canape-universelle-geometrique\/#breadcrumb","itemListElement":[{"@type":"ListItem","position":1,"name":"Accueil","item":"https:\/\/365-housse.com\/es\/"},{"@type":"ListItem","position":2,"name":"Tienda","item":"https:\/\/365-housse.com\/es\/tienda\/"},{"@type":"ListItem","position":3,"name":"Funda de sof\u00e1 universal geom\u00e9trica"}]},{"@type":"WebSite","@id":"https:\/\/365-housse.com\/es\/#website","url":"https:\/\/365-housse.com\/es\/","name":"Housse de Canap\u00e9","description":"Le N\u00b01 de la Housse","publisher":{"@id":"https:\/\/365-housse.com\/es\/#organization"},"potentialAction":[{"@type":"SearchAction","target":{"@type":"EntryPoint","urlTemplate":"https:\/\/365-housse.com\/es\/?s={search_term_string}"},"query-input":{"@type":"PropertyValueSpecification","valueRequired":true,"valueName":"search_term_string"}}],"inLanguage":"es"},{"@type":"Organization","@id":"https:\/\/365-housse.com\/es\/#organization","name":"Housse de Canap\u00e9","url":"https:\/\/365-housse.com\/es\/","logo":{"@type":"ImageObject","inLanguage":"es","@id":"https:\/\/365-housse.com\/es\/#\/schema\/logo\/image\/","url":"https:\/\/365-housse.com\/wp-content\/uploads\/2023\/06\/LOGO-400-\u00d7-200-px-392-x-134-px-16.png","contentUrl":"https:\/\/365-housse.com\/wp-content\/uploads\/2023\/06\/LOGO-400-\u00d7-200-px-392-x-134-px-16.png","width":392,"height":134,"caption":"Housse de Canap\u00e9"},"image":{"@id":"https:\/\/365-housse.com\/es\/#\/schema\/logo\/image\/"}}]}},"_links":{"self":[{"href":"https:\/\/365-housse.com\/es\/wp-json\/wp\/v2\/product\/20807"}],"collection":[{"href":"https:\/\/365-housse.com\/es\/wp-json\/wp\/v2\/product"}],"about":[{"href":"https:\/\/365-housse.com\/es\/wp-json\/wp\/v2\/types\/product"}],"replies":[{"embeddable":true,"href":"https:\/\/365-housse.com\/es\/wp-json\/wp\/v2\/comments?post=20807"}],"wp:featuredmedia":[{"embeddable":true,"href":"https:\/\/365-housse.com\/es\/wp-json\/wp\/v2\/media\/15456"}],"wp:attachment":[{"href":"https:\/\/365-housse.com\/es\/wp-json\/wp\/v2\/media?parent=20807"}],"wp:term":[{"taxonomy":"product_cat","embeddable":true,"href":"https:\/\/365-housse.com\/es\/wp-json\/wp\/v2\/product_cat?post=20807"},{"taxonomy":"product_tag","embeddable":true,"href":"https:\/\/365-housse.com\/es\/wp-json\/wp\/v2\/product_tag?post=20807"}],"curies":[{"name":"wp","href":"https:\/\/api.w.org\/{rel}","templated":true}]}}