{"id":20817,"date":"2023-06-12T08:05:05","date_gmt":"2023-06-12T08:05:05","guid":{"rendered":"https:\/\/365-housse.com\/products\/housse-canape-universelle-gris-rose\/"},"modified":"2024-09-17T15:13:06","modified_gmt":"2024-09-17T15:13:06","slug":"housse-canape-universelle-gris-rose","status":"publish","type":"product","link":"https:\/\/365-housse.com\/es\/productos\/housse-canape-universelle-gris-rose\/","title":{"rendered":"Funda De Sof\u00e1 Universal Gris Rosa"},"content":{"rendered":"<h2>El gris y el rosa son colores perfectamente complementarios que combinan a la perfecci\u00f3n para decorar tu sal\u00f3n. Si te gustan estos tonos, nuestra Funda de Sof\u00e1 Universal Gris Rosa est\u00e1 hecha para ti.<\/h2>\n<h3 data-mce-fragment=\"1\"> <span data-mce-fragment=\"1\">La Funda Universal para Sof\u00e1 Rosa Gris aportar\u00e1 un nuevo ambiente a tu decoraci\u00f3n y un toque de alegr\u00eda<\/span>:<\/ h3 ><\/p>\n<ul>\n<li data-mce-fragment=\"1\">\n<p data-mce-fragment=\"1\">Agrega una<strong data-mce-fragment=\"1\">nota elegante<\/strong><span data-mce-> <\/span>y una sensaci\u00f3n de <strong data-mce-fragment=\"1\">bienestar<\/strong><span data-mce-fragment=\"1\"> <\/span>para tu interior<\/p>\n<\/li>\n<li data-mce-fragment=\"1\">\n<p data-mce-fragment=\"1\">Ideal para personalizar tu decoraci\u00f3n o renovar un espacio<\/p>\n<\/li>\n<li data-mce-fragment=\"1\">\n<p data-mce-fragment=\"1\">Garantiza <strong data-mce-fragment=\"1\">protecci\u00f3n \u00f3ptima<\/strong><span data-mce-fragment=\"1\"> <\/span>contra manchas y suciedad<\/p>\n<\/li>\n<li data-mce-fragment=\"1\">\n<p data-mce-fragment=\"1\">Hecho de <strong data-mce-fragment=\"1\">tejidos de calidad<\/strong><\/p>\n<\/li>\n<li data-mce-fragment=\"1\">F\u00e1cil de configurar e instalar<\/li>\n<\/ul>\n<p data-mce-fragment=\"1\"><strong data-mce-fragment=\"1\">Caracter\u00edsticas:<\/strong><\/p>\n<ul>\n<li data-mce-fragment=\"1\">\n<p data-mce-fragment=\"1\">Material: poli\u00e9ster y spandex (material el\u00e1stico)<\/p>\n<\/li>\n<li data-mce-fragment=\"1\">\n<p data-mce-fragment=\"1\"><strong data-mce-fragment=\"1\">tejidos de alta calidad<\/strong> que proteger\u00e1n tu sill\u00f3n<\/ p> <\/li>\n<li data-mce-fragment=\"1\">\n<p data-mce-fragment=\"1\">Tecnolog\u00eda de impresi\u00f3n <strong data-mce-fragment=\"1\">de alto rendimiento<\/strong><span> <\/span>para una mayor solidez del color a la luz y al lavado<\/p>\n<\/li>\n<li data-mce-fragment=\"1\">\n<p data-mce-fragment=\"1\">Lavable a m\u00e1quina a un m\u00e1ximo de 30\u00b0C.<\/p>\n<\/li>\n<li data-mce-fragment=\"1\">\n<p data-mce-fragment=\"1\"><strong data-mce-fragment=\"1\">Usos m\u00faltiples<\/strong><span data-mce-fragment=\"1\"> <\/span>: comedor, sal\u00f3n, despacho, dormitorio,&#8230;<\/p>\n<\/li>\n<li data-mce-fragment=\"1\">Diferentes tama\u00f1os disponibles<\/li>\n<\/ul>\n<p data-mce-fragment=\"1\"><strong data-mce-fragment=\"1\">Gu\u00eda de tallas:<\/strong><\/p>\n<p data-mce-fragment=\"1\"><img decoding=\"async\" alt=\"Gu\u00eda de tallas y medidas de una funda de sof\u00e1\" data-mce-fragment=\"1\" data-mce-src=\"https:\/\/365- Housse. com\/wp-content\/uploads\/2023\/06\/Guide-des-tailles-mesures-Housse-de-canape.jpg?v=1581085443\" data-mce-style=\"display: block; margin-left: auto; -derecha: autom\u00e1tico;\" height=\"602\" src=\"https:\/\/365-housse.com\/wp-content\/uploads\/2023\/06\/Guide-des-tailles-mesures-Housse-de-canape.jpg?v=1581085443\" \/><\/p>\n<p data-mce-fragment=\"1\"><span data-mce-fragment=\"1\">Nuestras fundas de sof\u00e1 son de <strong data-mce-fragment=\"1\">tama\u00f1o universal<\/strong>\u00a0y son adecuadas para <strong data-mce-fragment=\"1\">muchos sillones: <\/strong><\/span><\/p>\n<p data-mce-fragment=\"1\"><img decoding=\"async\" alt=\"Modelos y tipos de sof\u00e1s compatibles con nuestra funda de sof\u00e1 Stretch\" data-mce-fragment=\"1\" data-mce-src=\"https:\/\/ 365 -housse.com\/wp-content\/uploads\/2023\/06\/Modeles-types-canape-compatibles-avec-Housse-de-canape-extensible.jpg?v=1581085279\" data-mce-style=\"display: block ; margen izquierdo: autom\u00e1tico; margen derecho: autom\u00e1tico;\" height=\"146\" src=\"https:\/\/365-housse.com\/wp-content\/uploads\/2023\/06\/Modeles-types-canape-compatibles-avec-Housse-de-canape-extensible.jpg?v= 1581085279\" \/><\/p>\n<p data-mce-fragment=\"1\">C\u00f3mo <strong data-mce-fragment=\"1\"><span data-mce-fragment=\"1\"> <\/span>instalar<\/strong><span> <\/span>funda de mi sof\u00e1:<\/p>\n<p data-mce-fragment=\"1\"><img fetchpriority=\"high\" decoding=\"async\" alt=\"Instrucciones y pasos a seguir para instalar una Funda de Sof\u00e1\" data-mce-fragment=\"1\" data-mce-src=\"https:\/\/365 - housse.com\/wp-content\/uploads\/2023\/06\/Instructions-etapes-installation-pour-Housse-de-Canape.jpg?v=1581085043\" data-mce-style=\"display: block; margin-left: auto ; margen derecho: auto;\" height=\"398\" src=\"https:\/\/365-housse.com\/wp-content\/uploads\/2023\/06\/Instructions-etapes-installation-pour-Housse-de-Canape.jpg?v=1581085043\" style=\"margin-left: auto;margin-right: auto\" width=\"438\" \/>&lt;\/<\/p>\n<p data-mce-fragment=\"1\">Compare la apariencia antes y despu\u00e9s de la funda el\u00e1stica del sof\u00e1:<\/ p> <\/p>\n<p data-mce-fragment=\"1\"><img decoding=\"async\" alt=\"Comparaci\u00f3n antes y despu\u00e9s de la funda de sof\u00e1 el\u00e1stica\" data-mce-fragment=\"1\" data-mce-src=\" https:\/\/365-housse. com\/wp-content\/uploads\/2023\/06\/Demonstration-Avant-Apres-Housse-de-canape-extensible.jpg?v=1581085887\" data-mce-style=\"display: block ; margin-left: auto margin; -derecha: autom\u00e1tico;\" height=\"356\" src=\"https:\/\/365-housse.com\/wp-content\/uploads\/2023\/06\/Demostraci\u00f3n-Avant-Apres-Housse-de-canape-extensible.jpg?v=1581085887\" \/><\/p>\n","protected":false},"excerpt":{"rendered":"<p>El gris y el rosa son colores perfectamente complementarios que combinan a la perfecci\u00f3n para decorar tu sal\u00f3n. Si te gustan estos tonos, nuestra Funda de Sof\u00e1 Universal Gris Rosa est\u00e1 hecha para ti. La Funda Universal para Sof\u00e1 Rosa Gris aportar\u00e1 un nuevo ambiente a tu decoraci\u00f3n y un toque de alegr\u00eda: Agrega unanota [&hellip;]<\/p>\n","protected":false},"featured_media":15450,"comment_status":"open","ping_status":"closed","template":"","meta":[],"product_cat":[155],"product_tag":[213],"class_list":{"0":"post-20817","1":"product","2":"type-product","3":"status-publish","4":"has-post-thumbnail","6":"product_cat-funda-de-sofa","7":"product_tag-canape-es","9":"first","10":"instock","11":"shipping-taxable","12":"purchasable","13":"product-type-variable"},"yoast_head":"<title>Funda De Sof\u00e1 Universal Gris Rosa en entrega - gratis Ahorra un 30% en tu pedido<\/title>\n<meta name=\"description\" content=\"Recibe tu Funda De Sof\u00e1 Universal Gris Rosa hoy y benef\u00edciate de la entrega - gratuita Env\u00edo en 24\/48h\" \/>\n<meta name=\"robots\" content=\"index, follow, max-snippet:-1, max-image-preview:large, max-video-preview:-1\" \/>\n<link rel=\"canonical\" href=\"https:\/\/365-housse.com\/es\/productos\/housse-canape-universelle-gris-rose\/\" \/>\n<meta property=\"og:locale\" content=\"es_ES\" \/>\n<meta property=\"og:type\" content=\"article\" \/>\n<meta property=\"og:title\" content=\"Funda De Sof\u00e1 Universal Gris Rosa en entrega - gratis Ahorra un 30% en tu pedido\" \/>\n<meta property=\"og:description\" content=\"Recibe tu Funda De Sof\u00e1 Universal Gris Rosa hoy y benef\u00edciate de la entrega - gratuita Env\u00edo en 24\/48h\" \/>\n<meta property=\"og:url\" content=\"https:\/\/365-housse.com\/es\/productos\/housse-canape-universelle-gris-rose\/\" \/>\n<meta property=\"og:site_name\" content=\"Housse de Canap\u00e9\" \/>\n<meta property=\"article:modified_time\" content=\"2024-09-17T15:13:06+00:00\" \/>\n<meta property=\"og:image\" content=\"https:\/\/365-housse.com\/wp-content\/uploads\/2023\/06\/housse-canape-universelle-gris-rose.png\" \/>\n\t<meta property=\"og:image:width\" content=\"438\" \/>\n\t<meta property=\"og:image:height\" content=\"271\" \/>\n\t<meta property=\"og:image:type\" content=\"image\/png\" \/>\n<meta name=\"twitter:card\" content=\"summary_large_image\" \/>\n<meta name=\"twitter:label1\" content=\"Tiempo de lectura\" \/>\n\t<meta name=\"twitter:data1\" content=\"1 minuto\" \/>\n<script type=\"application\/ld+json\" class=\"yoast-schema-graph\">{\"@context\":\"https:\/\/schema.org\",\"@graph\":[{\"@type\":\"WebPage\",\"@id\":\"https:\/\/365-housse.com\/es\/productos\/housse-canape-universelle-gris-rose\/\",\"url\":\"https:\/\/365-housse.com\/es\/productos\/housse-canape-universelle-gris-rose\/\",\"name\":\"Funda De Sof\u00e1 Universal Gris Rosa en entrega - gratis Ahorra un 30% en tu pedido\",\"isPartOf\":{\"@id\":\"https:\/\/365-housse.com\/es\/#website\"},\"primaryImageOfPage\":{\"@id\":\"https:\/\/365-housse.com\/es\/productos\/housse-canape-universelle-gris-rose\/#primaryimage\"},\"image\":{\"@id\":\"https:\/\/365-housse.com\/es\/productos\/housse-canape-universelle-gris-rose\/#primaryimage\"},\"thumbnailUrl\":\"https:\/\/365-housse.com\/wp-content\/uploads\/2023\/06\/housse-canape-universelle-gris-rose.png\",\"datePublished\":\"2023-06-12T08:05:05+00:00\",\"dateModified\":\"2024-09-17T15:13:06+00:00\",\"description\":\"Recibe tu Funda De Sof\u00e1 Universal Gris Rosa hoy y benef\u00edciate de la entrega - gratuita Env\u00edo en 24\/48h\",\"breadcrumb\":{\"@id\":\"https:\/\/365-housse.com\/es\/productos\/housse-canape-universelle-gris-rose\/#breadcrumb\"},\"inLanguage\":\"es\",\"potentialAction\":[{\"@type\":\"ReadAction\",\"target\":[\"https:\/\/365-housse.com\/es\/productos\/housse-canape-universelle-gris-rose\/\"]}]},{\"@type\":\"ImageObject\",\"inLanguage\":\"es\",\"@id\":\"https:\/\/365-housse.com\/es\/productos\/housse-canape-universelle-gris-rose\/#primaryimage\",\"url\":\"https:\/\/365-housse.com\/wp-content\/uploads\/2023\/06\/housse-canape-universelle-gris-rose.png\",\"contentUrl\":\"https:\/\/365-housse.com\/wp-content\/uploads\/2023\/06\/housse-canape-universelle-gris-rose.png\",\"width\":438,\"height\":271},{\"@type\":\"BreadcrumbList\",\"@id\":\"https:\/\/365-housse.com\/es\/productos\/housse-canape-universelle-gris-rose\/#breadcrumb\",\"itemListElement\":[{\"@type\":\"ListItem\",\"position\":1,\"name\":\"Accueil\",\"item\":\"https:\/\/365-housse.com\/es\/\"},{\"@type\":\"ListItem\",\"position\":2,\"name\":\"Tienda\",\"item\":\"https:\/\/365-housse.com\/es\/tienda\/\"},{\"@type\":\"ListItem\",\"position\":3,\"name\":\"Funda De Sof\u00e1 Universal Gris Rosa\"}]},{\"@type\":\"WebSite\",\"@id\":\"https:\/\/365-housse.com\/es\/#website\",\"url\":\"https:\/\/365-housse.com\/es\/\",\"name\":\"Housse de Canap\u00e9\",\"description\":\"Le N\u00b01 de la Housse\",\"publisher\":{\"@id\":\"https:\/\/365-housse.com\/es\/#organization\"},\"potentialAction\":[{\"@type\":\"SearchAction\",\"target\":{\"@type\":\"EntryPoint\",\"urlTemplate\":\"https:\/\/365-housse.com\/es\/?s={search_term_string}\"},\"query-input\":{\"@type\":\"PropertyValueSpecification\",\"valueRequired\":true,\"valueName\":\"search_term_string\"}}],\"inLanguage\":\"es\"},{\"@type\":\"Organization\",\"@id\":\"https:\/\/365-housse.com\/es\/#organization\",\"name\":\"Housse de Canap\u00e9\",\"url\":\"https:\/\/365-housse.com\/es\/\",\"logo\":{\"@type\":\"ImageObject\",\"inLanguage\":\"es\",\"@id\":\"https:\/\/365-housse.com\/es\/#\/schema\/logo\/image\/\",\"url\":\"https:\/\/365-housse.com\/wp-content\/uploads\/2023\/06\/LOGO-400-\u00d7-200-px-392-x-134-px-16.png\",\"contentUrl\":\"https:\/\/365-housse.com\/wp-content\/uploads\/2023\/06\/LOGO-400-\u00d7-200-px-392-x-134-px-16.png\",\"width\":392,\"height\":134,\"caption\":\"Housse de Canap\u00e9\"},\"image\":{\"@id\":\"https:\/\/365-housse.com\/es\/#\/schema\/logo\/image\/\"}}]}<\/script>","yoast_head_json":{"title":"Funda De Sof\u00e1 Universal Gris Rosa en entrega - gratis Ahorra un 30% en tu pedido","description":"Recibe tu Funda De Sof\u00e1 Universal Gris Rosa hoy y benef\u00edciate de la entrega - gratuita Env\u00edo en 24\/48h","robots":{"index":"index","follow":"follow","max-snippet":"max-snippet:-1","max-image-preview":"max-image-preview:large","max-video-preview":"max-video-preview:-1"},"canonical":"https:\/\/365-housse.com\/es\/productos\/housse-canape-universelle-gris-rose\/","og_locale":"es_ES","og_type":"article","og_title":"Funda De Sof\u00e1 Universal Gris Rosa en entrega - gratis Ahorra un 30% en tu pedido","og_description":"Recibe tu Funda De Sof\u00e1 Universal Gris Rosa hoy y benef\u00edciate de la entrega - gratuita Env\u00edo en 24\/48h","og_url":"https:\/\/365-housse.com\/es\/productos\/housse-canape-universelle-gris-rose\/","og_site_name":"Housse de Canap\u00e9","article_modified_time":"2024-09-17T15:13:06+00:00","og_image":[{"width":438,"height":271,"url":"https:\/\/365-housse.com\/wp-content\/uploads\/2023\/06\/housse-canape-universelle-gris-rose.png","type":"image\/png"}],"twitter_card":"summary_large_image","twitter_misc":{"Tiempo de lectura":"1 minuto"},"schema":{"@context":"https:\/\/schema.org","@graph":[{"@type":"WebPage","@id":"https:\/\/365-housse.com\/es\/productos\/housse-canape-universelle-gris-rose\/","url":"https:\/\/365-housse.com\/es\/productos\/housse-canape-universelle-gris-rose\/","name":"Funda De Sof\u00e1 Universal Gris Rosa en entrega - gratis Ahorra un 30% en tu pedido","isPartOf":{"@id":"https:\/\/365-housse.com\/es\/#website"},"primaryImageOfPage":{"@id":"https:\/\/365-housse.com\/es\/productos\/housse-canape-universelle-gris-rose\/#primaryimage"},"image":{"@id":"https:\/\/365-housse.com\/es\/productos\/housse-canape-universelle-gris-rose\/#primaryimage"},"thumbnailUrl":"https:\/\/365-housse.com\/wp-content\/uploads\/2023\/06\/housse-canape-universelle-gris-rose.png","datePublished":"2023-06-12T08:05:05+00:00","dateModified":"2024-09-17T15:13:06+00:00","description":"Recibe tu Funda De Sof\u00e1 Universal Gris Rosa hoy y benef\u00edciate de la entrega - gratuita Env\u00edo en 24\/48h","breadcrumb":{"@id":"https:\/\/365-housse.com\/es\/productos\/housse-canape-universelle-gris-rose\/#breadcrumb"},"inLanguage":"es","potentialAction":[{"@type":"ReadAction","target":["https:\/\/365-housse.com\/es\/productos\/housse-canape-universelle-gris-rose\/"]}]},{"@type":"ImageObject","inLanguage":"es","@id":"https:\/\/365-housse.com\/es\/productos\/housse-canape-universelle-gris-rose\/#primaryimage","url":"https:\/\/365-housse.com\/wp-content\/uploads\/2023\/06\/housse-canape-universelle-gris-rose.png","contentUrl":"https:\/\/365-housse.com\/wp-content\/uploads\/2023\/06\/housse-canape-universelle-gris-rose.png","width":438,"height":271},{"@type":"BreadcrumbList","@id":"https:\/\/365-housse.com\/es\/productos\/housse-canape-universelle-gris-rose\/#breadcrumb","itemListElement":[{"@type":"ListItem","position":1,"name":"Accueil","item":"https:\/\/365-housse.com\/es\/"},{"@type":"ListItem","position":2,"name":"Tienda","item":"https:\/\/365-housse.com\/es\/tienda\/"},{"@type":"ListItem","position":3,"name":"Funda De Sof\u00e1 Universal Gris Rosa"}]},{"@type":"WebSite","@id":"https:\/\/365-housse.com\/es\/#website","url":"https:\/\/365-housse.com\/es\/","name":"Housse de Canap\u00e9","description":"Le N\u00b01 de la Housse","publisher":{"@id":"https:\/\/365-housse.com\/es\/#organization"},"potentialAction":[{"@type":"SearchAction","target":{"@type":"EntryPoint","urlTemplate":"https:\/\/365-housse.com\/es\/?s={search_term_string}"},"query-input":{"@type":"PropertyValueSpecification","valueRequired":true,"valueName":"search_term_string"}}],"inLanguage":"es"},{"@type":"Organization","@id":"https:\/\/365-housse.com\/es\/#organization","name":"Housse de Canap\u00e9","url":"https:\/\/365-housse.com\/es\/","logo":{"@type":"ImageObject","inLanguage":"es","@id":"https:\/\/365-housse.com\/es\/#\/schema\/logo\/image\/","url":"https:\/\/365-housse.com\/wp-content\/uploads\/2023\/06\/LOGO-400-\u00d7-200-px-392-x-134-px-16.png","contentUrl":"https:\/\/365-housse.com\/wp-content\/uploads\/2023\/06\/LOGO-400-\u00d7-200-px-392-x-134-px-16.png","width":392,"height":134,"caption":"Housse de Canap\u00e9"},"image":{"@id":"https:\/\/365-housse.com\/es\/#\/schema\/logo\/image\/"}}]}},"_links":{"self":[{"href":"https:\/\/365-housse.com\/es\/wp-json\/wp\/v2\/product\/20817"}],"collection":[{"href":"https:\/\/365-housse.com\/es\/wp-json\/wp\/v2\/product"}],"about":[{"href":"https:\/\/365-housse.com\/es\/wp-json\/wp\/v2\/types\/product"}],"replies":[{"embeddable":true,"href":"https:\/\/365-housse.com\/es\/wp-json\/wp\/v2\/comments?post=20817"}],"wp:featuredmedia":[{"embeddable":true,"href":"https:\/\/365-housse.com\/es\/wp-json\/wp\/v2\/media\/15450"}],"wp:attachment":[{"href":"https:\/\/365-housse.com\/es\/wp-json\/wp\/v2\/media?parent=20817"}],"wp:term":[{"taxonomy":"product_cat","embeddable":true,"href":"https:\/\/365-housse.com\/es\/wp-json\/wp\/v2\/product_cat?post=20817"},{"taxonomy":"product_tag","embeddable":true,"href":"https:\/\/365-housse.com\/es\/wp-json\/wp\/v2\/product_tag?post=20817"}],"curies":[{"name":"wp","href":"https:\/\/api.w.org\/{rel}","templated":true}]}}