{"id":20912,"date":"2023-06-12T08:04:48","date_gmt":"2023-06-12T08:04:48","guid":{"rendered":"https:\/\/365-housse.com\/products\/housse-canape-moderne-ecossaise-bleu\/"},"modified":"2024-09-17T15:14:05","modified_gmt":"2024-09-17T15:14:05","slug":"housse-canape-moderne-ecossaise-bleu","status":"publish","type":"product","link":"https:\/\/365-housse.com\/es\/productos\/housse-canape-moderne-ecossaise-bleu\/","title":{"rendered":"Funda de sof\u00e1 escocesa moderna azul"},"content":{"rendered":"<h2>D\u00e9jate seducir por el estampado de la funda de sof\u00e1 Modern Scottish Blue y descubre la belleza escocesa. Su color atemporal armoniza perfectamente con todos los temas decorativos.<\/h2>\n<h3>\u00a1Esta moderna funda de sof\u00e1 es la pieza central de una sala de estar acogedora y acogedora!<\/h3>\n<ul>\n<li>Da un toque de elegancia y un ambiente c\u00e1lido a tu interior<\/li>\n<li>Ideal para cambiar de decoraci\u00f3n o renovar tu habitaci\u00f3n<\/li>\n<li>Protecci\u00f3n \u00f3ptima contra la suciedad y las manchas<\/li>\n<li>Hecho con tela de calidad<\/li>\n<li>F\u00e1cil de configurar<\/li>\n<\/ul>\n<p><strong>Caracter\u00edsticas:<\/strong><\/p>\n<ul>\n<li>Material: poli\u00e9ster y spandex (material el\u00e1stico)<\/li>\n<li>Tela de alta calidad para preservar el sill\u00f3n<\/li>\n<li>Impresi\u00f3n de alta gama para una mejor resistencia al lavado y a la luz<\/li>\n<li>Lavable a m\u00e1quina hasta 30\u00b0C<\/li>\n<li>Multiusos: comedor, sal\u00f3n, despacho, dormitorio,&#8230;<\/li>\n<li>Varios tama\u00f1os disponibles<\/li>\n<\/ul>\n<p><strong>Gu\u00eda de tallas: <\/strong><\/p>\n<p><img fetchpriority=\"high\" decoding=\"async\" alt=\"Gu\u00eda de tallas y medidas de una funda de sof\u00e1\" data-mce-src=\"https:\/\/365-housse.com\/wp-content\/uploads\/2023\/06\/Guide-des-sizes -medidas-Housse-de-canape.jpg?v=1581085443\" height=\"602\" src=\"https:\/\/365-housse.com\/wp-content\/uploads\/2023\/06\/Guide-des-tailes- medidas -funda-sof\u00e1.jpg?v=1581085443\" width=\"448\" \/><\/p>\n<p><span>Nuestras fundas de sof\u00e1 el\u00e1sticas son universales y se adaptan a <strong>muchos modelos de sillones: <\/strong><\/span><\/p>\n<p><img decoding=\"async\" alt=\"Modelos y tipos de sof\u00e1s compatibles con nuestra funda de sof\u00e1 Stretch\" data-mce-src=\"https:\/\/365-housse.com\/wp-content\/uploads\/2023\/06\/Modeles-types -canape-compatible-con-funda-canape-extensible.jpg?v=1581085279\" height=\"146\" src=\"https:\/\/365-housse.com\/wp-content\/uploads\/2023\/06\/ Sof\u00e1-tipico -modelos-compatibles-con-funda-de-sofa-extensible.jpg?v=1581085279\" width=\"468\" \/><\/p>\n<p>\u00bfC\u00f3mo<strong>instalar<\/strong>mi funda de sof\u00e1 el\u00e1stica?<\/p>\n<p><img decoding=\"async\" alt=\"Instrucciones y pasos a seguir para instalar una Funda de Sof\u00e1\" data-mce-src=\"https:\/\/365-housse.com\/wp-content\/uploads\/2023\/06\/Instructions-etapes - instalaci\u00f3n-pour-Housse-de-Canape.jpg?v=1581085043\" height=\"398\" src=\"https:\/\/365-housse.com\/wp-content\/uploads\/2023\/06\/Instrucciones-etapes-instalaci\u00f3n - pour-Housse-de-Canape.jpg?v=1581085043\" width=\"438\" \/><\/p>\n<p data-mce-fragment=\"1\">Contraste entre antes y despu\u00e9s: <\/p>\n<p><img decoding=\"async\" alt=\"Diferencia antes y despu\u00e9s con una funda de sof\u00e1 el\u00e1stica\" data-mce-fragment=\"1\" data-mce-selected=\"1\" data-mce-src=\"https :\/\/365-housse.com\/wp-content\/uploads\/2023\/06\/Demonstration-Avant-Apres-Housse-de-canape-extensible.jpg?v=1581085887\" data-mce-style=\"display: block; margen izquierdo: autom\u00e1tico; margen derecho: autom\u00e1tico;\" height=\"356\" src=\"https:\/\/365-housse.com\/wp-content\/uploads\/2023\/06\/Demostraci\u00f3n-Avant-Apres-Housse-de-canape-extensible.jpg?v=1581085887\" \/><\/p>\n","protected":false},"excerpt":{"rendered":"<p>D\u00e9jate seducir por el estampado de la funda de sof\u00e1 Modern Scottish Blue y descubre la belleza escocesa. Su color atemporal armoniza perfectamente con todos los temas decorativos. \u00a1Esta moderna funda de sof\u00e1 es la pieza central de una sala de estar acogedora y acogedora! Da un toque de elegancia y un ambiente c\u00e1lido a [&hellip;]<\/p>\n","protected":false},"featured_media":15418,"comment_status":"open","ping_status":"closed","template":"","meta":[],"product_cat":[155,161],"product_tag":[213],"class_list":{"0":"post-20912","1":"product","2":"type-product","3":"status-publish","4":"has-post-thumbnail","6":"product_cat-funda-de-sofa","7":"product_cat-portada-interior","8":"product_tag-canape-es","10":"first","11":"instock","12":"shipping-taxable","13":"purchasable","14":"product-type-variable"},"yoast_head":"<title>Funda de sof\u00e1 escocesa moderna azul en entrega - gratis Ahorra un 30% en tu pedido<\/title>\n<meta name=\"description\" content=\"Recibe tu Funda de sof\u00e1 escocesa moderna azul hoy y benef\u00edciate de la entrega - gratuita Env\u00edo en 24\/48h\" \/>\n<meta name=\"robots\" content=\"index, follow, max-snippet:-1, max-image-preview:large, max-video-preview:-1\" \/>\n<link rel=\"canonical\" href=\"https:\/\/365-housse.com\/es\/productos\/housse-canape-moderne-ecossaise-bleu\/\" \/>\n<meta property=\"og:locale\" content=\"es_ES\" \/>\n<meta property=\"og:type\" content=\"article\" \/>\n<meta property=\"og:title\" content=\"Funda de sof\u00e1 escocesa moderna azul en entrega - gratis Ahorra un 30% en tu pedido\" \/>\n<meta property=\"og:description\" content=\"Recibe tu Funda de sof\u00e1 escocesa moderna azul hoy y benef\u00edciate de la entrega - gratuita Env\u00edo en 24\/48h\" \/>\n<meta property=\"og:url\" content=\"https:\/\/365-housse.com\/es\/productos\/housse-canape-moderne-ecossaise-bleu\/\" \/>\n<meta property=\"og:site_name\" content=\"Housse de Canap\u00e9\" \/>\n<meta property=\"article:modified_time\" content=\"2024-09-17T15:14:05+00:00\" \/>\n<meta property=\"og:image\" content=\"https:\/\/365-housse.com\/wp-content\/uploads\/2023\/06\/housse-canape-moderne-ecossaise-bleu.png\" \/>\n\t<meta property=\"og:image:width\" content=\"445\" \/>\n\t<meta property=\"og:image:height\" content=\"412\" \/>\n\t<meta property=\"og:image:type\" content=\"image\/png\" \/>\n<meta name=\"twitter:card\" content=\"summary_large_image\" \/>\n<meta name=\"twitter:label1\" content=\"Tiempo de lectura\" \/>\n\t<meta name=\"twitter:data1\" content=\"1 minuto\" \/>\n<script type=\"application\/ld+json\" class=\"yoast-schema-graph\">{\"@context\":\"https:\/\/schema.org\",\"@graph\":[{\"@type\":\"WebPage\",\"@id\":\"https:\/\/365-housse.com\/es\/productos\/housse-canape-moderne-ecossaise-bleu\/\",\"url\":\"https:\/\/365-housse.com\/es\/productos\/housse-canape-moderne-ecossaise-bleu\/\",\"name\":\"Funda de sof\u00e1 escocesa moderna azul en entrega - gratis Ahorra un 30% en tu pedido\",\"isPartOf\":{\"@id\":\"https:\/\/365-housse.com\/es\/#website\"},\"primaryImageOfPage\":{\"@id\":\"https:\/\/365-housse.com\/es\/productos\/housse-canape-moderne-ecossaise-bleu\/#primaryimage\"},\"image\":{\"@id\":\"https:\/\/365-housse.com\/es\/productos\/housse-canape-moderne-ecossaise-bleu\/#primaryimage\"},\"thumbnailUrl\":\"https:\/\/365-housse.com\/wp-content\/uploads\/2023\/06\/housse-canape-moderne-ecossaise-bleu.png\",\"datePublished\":\"2023-06-12T08:04:48+00:00\",\"dateModified\":\"2024-09-17T15:14:05+00:00\",\"description\":\"Recibe tu Funda de sof\u00e1 escocesa moderna azul hoy y benef\u00edciate de la entrega - gratuita Env\u00edo en 24\/48h\",\"breadcrumb\":{\"@id\":\"https:\/\/365-housse.com\/es\/productos\/housse-canape-moderne-ecossaise-bleu\/#breadcrumb\"},\"inLanguage\":\"es\",\"potentialAction\":[{\"@type\":\"ReadAction\",\"target\":[\"https:\/\/365-housse.com\/es\/productos\/housse-canape-moderne-ecossaise-bleu\/\"]}]},{\"@type\":\"ImageObject\",\"inLanguage\":\"es\",\"@id\":\"https:\/\/365-housse.com\/es\/productos\/housse-canape-moderne-ecossaise-bleu\/#primaryimage\",\"url\":\"https:\/\/365-housse.com\/wp-content\/uploads\/2023\/06\/housse-canape-moderne-ecossaise-bleu.png\",\"contentUrl\":\"https:\/\/365-housse.com\/wp-content\/uploads\/2023\/06\/housse-canape-moderne-ecossaise-bleu.png\",\"width\":445,\"height\":412},{\"@type\":\"BreadcrumbList\",\"@id\":\"https:\/\/365-housse.com\/es\/productos\/housse-canape-moderne-ecossaise-bleu\/#breadcrumb\",\"itemListElement\":[{\"@type\":\"ListItem\",\"position\":1,\"name\":\"Accueil\",\"item\":\"https:\/\/365-housse.com\/es\/\"},{\"@type\":\"ListItem\",\"position\":2,\"name\":\"Tienda\",\"item\":\"https:\/\/365-housse.com\/es\/tienda\/\"},{\"@type\":\"ListItem\",\"position\":3,\"name\":\"Funda de sof\u00e1 escocesa moderna azul\"}]},{\"@type\":\"WebSite\",\"@id\":\"https:\/\/365-housse.com\/es\/#website\",\"url\":\"https:\/\/365-housse.com\/es\/\",\"name\":\"Housse de Canap\u00e9\",\"description\":\"Le N\u00b01 de la Housse\",\"publisher\":{\"@id\":\"https:\/\/365-housse.com\/es\/#organization\"},\"potentialAction\":[{\"@type\":\"SearchAction\",\"target\":{\"@type\":\"EntryPoint\",\"urlTemplate\":\"https:\/\/365-housse.com\/es\/?s={search_term_string}\"},\"query-input\":{\"@type\":\"PropertyValueSpecification\",\"valueRequired\":true,\"valueName\":\"search_term_string\"}}],\"inLanguage\":\"es\"},{\"@type\":\"Organization\",\"@id\":\"https:\/\/365-housse.com\/es\/#organization\",\"name\":\"Housse de Canap\u00e9\",\"url\":\"https:\/\/365-housse.com\/es\/\",\"logo\":{\"@type\":\"ImageObject\",\"inLanguage\":\"es\",\"@id\":\"https:\/\/365-housse.com\/es\/#\/schema\/logo\/image\/\",\"url\":\"https:\/\/365-housse.com\/wp-content\/uploads\/2023\/06\/LOGO-400-\u00d7-200-px-392-x-134-px-16.png\",\"contentUrl\":\"https:\/\/365-housse.com\/wp-content\/uploads\/2023\/06\/LOGO-400-\u00d7-200-px-392-x-134-px-16.png\",\"width\":392,\"height\":134,\"caption\":\"Housse de Canap\u00e9\"},\"image\":{\"@id\":\"https:\/\/365-housse.com\/es\/#\/schema\/logo\/image\/\"}}]}<\/script>","yoast_head_json":{"title":"Funda de sof\u00e1 escocesa moderna azul en entrega - gratis Ahorra un 30% en tu pedido","description":"Recibe tu Funda de sof\u00e1 escocesa moderna azul hoy y benef\u00edciate de la entrega - gratuita Env\u00edo en 24\/48h","robots":{"index":"index","follow":"follow","max-snippet":"max-snippet:-1","max-image-preview":"max-image-preview:large","max-video-preview":"max-video-preview:-1"},"canonical":"https:\/\/365-housse.com\/es\/productos\/housse-canape-moderne-ecossaise-bleu\/","og_locale":"es_ES","og_type":"article","og_title":"Funda de sof\u00e1 escocesa moderna azul en entrega - gratis Ahorra un 30% en tu pedido","og_description":"Recibe tu Funda de sof\u00e1 escocesa moderna azul hoy y benef\u00edciate de la entrega - gratuita Env\u00edo en 24\/48h","og_url":"https:\/\/365-housse.com\/es\/productos\/housse-canape-moderne-ecossaise-bleu\/","og_site_name":"Housse de Canap\u00e9","article_modified_time":"2024-09-17T15:14:05+00:00","og_image":[{"width":445,"height":412,"url":"https:\/\/365-housse.com\/wp-content\/uploads\/2023\/06\/housse-canape-moderne-ecossaise-bleu.png","type":"image\/png"}],"twitter_card":"summary_large_image","twitter_misc":{"Tiempo de lectura":"1 minuto"},"schema":{"@context":"https:\/\/schema.org","@graph":[{"@type":"WebPage","@id":"https:\/\/365-housse.com\/es\/productos\/housse-canape-moderne-ecossaise-bleu\/","url":"https:\/\/365-housse.com\/es\/productos\/housse-canape-moderne-ecossaise-bleu\/","name":"Funda de sof\u00e1 escocesa moderna azul en entrega - gratis Ahorra un 30% en tu pedido","isPartOf":{"@id":"https:\/\/365-housse.com\/es\/#website"},"primaryImageOfPage":{"@id":"https:\/\/365-housse.com\/es\/productos\/housse-canape-moderne-ecossaise-bleu\/#primaryimage"},"image":{"@id":"https:\/\/365-housse.com\/es\/productos\/housse-canape-moderne-ecossaise-bleu\/#primaryimage"},"thumbnailUrl":"https:\/\/365-housse.com\/wp-content\/uploads\/2023\/06\/housse-canape-moderne-ecossaise-bleu.png","datePublished":"2023-06-12T08:04:48+00:00","dateModified":"2024-09-17T15:14:05+00:00","description":"Recibe tu Funda de sof\u00e1 escocesa moderna azul hoy y benef\u00edciate de la entrega - gratuita Env\u00edo en 24\/48h","breadcrumb":{"@id":"https:\/\/365-housse.com\/es\/productos\/housse-canape-moderne-ecossaise-bleu\/#breadcrumb"},"inLanguage":"es","potentialAction":[{"@type":"ReadAction","target":["https:\/\/365-housse.com\/es\/productos\/housse-canape-moderne-ecossaise-bleu\/"]}]},{"@type":"ImageObject","inLanguage":"es","@id":"https:\/\/365-housse.com\/es\/productos\/housse-canape-moderne-ecossaise-bleu\/#primaryimage","url":"https:\/\/365-housse.com\/wp-content\/uploads\/2023\/06\/housse-canape-moderne-ecossaise-bleu.png","contentUrl":"https:\/\/365-housse.com\/wp-content\/uploads\/2023\/06\/housse-canape-moderne-ecossaise-bleu.png","width":445,"height":412},{"@type":"BreadcrumbList","@id":"https:\/\/365-housse.com\/es\/productos\/housse-canape-moderne-ecossaise-bleu\/#breadcrumb","itemListElement":[{"@type":"ListItem","position":1,"name":"Accueil","item":"https:\/\/365-housse.com\/es\/"},{"@type":"ListItem","position":2,"name":"Tienda","item":"https:\/\/365-housse.com\/es\/tienda\/"},{"@type":"ListItem","position":3,"name":"Funda de sof\u00e1 escocesa moderna azul"}]},{"@type":"WebSite","@id":"https:\/\/365-housse.com\/es\/#website","url":"https:\/\/365-housse.com\/es\/","name":"Housse de Canap\u00e9","description":"Le N\u00b01 de la Housse","publisher":{"@id":"https:\/\/365-housse.com\/es\/#organization"},"potentialAction":[{"@type":"SearchAction","target":{"@type":"EntryPoint","urlTemplate":"https:\/\/365-housse.com\/es\/?s={search_term_string}"},"query-input":{"@type":"PropertyValueSpecification","valueRequired":true,"valueName":"search_term_string"}}],"inLanguage":"es"},{"@type":"Organization","@id":"https:\/\/365-housse.com\/es\/#organization","name":"Housse de Canap\u00e9","url":"https:\/\/365-housse.com\/es\/","logo":{"@type":"ImageObject","inLanguage":"es","@id":"https:\/\/365-housse.com\/es\/#\/schema\/logo\/image\/","url":"https:\/\/365-housse.com\/wp-content\/uploads\/2023\/06\/LOGO-400-\u00d7-200-px-392-x-134-px-16.png","contentUrl":"https:\/\/365-housse.com\/wp-content\/uploads\/2023\/06\/LOGO-400-\u00d7-200-px-392-x-134-px-16.png","width":392,"height":134,"caption":"Housse de Canap\u00e9"},"image":{"@id":"https:\/\/365-housse.com\/es\/#\/schema\/logo\/image\/"}}]}},"_links":{"self":[{"href":"https:\/\/365-housse.com\/es\/wp-json\/wp\/v2\/product\/20912"}],"collection":[{"href":"https:\/\/365-housse.com\/es\/wp-json\/wp\/v2\/product"}],"about":[{"href":"https:\/\/365-housse.com\/es\/wp-json\/wp\/v2\/types\/product"}],"replies":[{"embeddable":true,"href":"https:\/\/365-housse.com\/es\/wp-json\/wp\/v2\/comments?post=20912"}],"wp:featuredmedia":[{"embeddable":true,"href":"https:\/\/365-housse.com\/es\/wp-json\/wp\/v2\/media\/15418"}],"wp:attachment":[{"href":"https:\/\/365-housse.com\/es\/wp-json\/wp\/v2\/media?parent=20912"}],"wp:term":[{"taxonomy":"product_cat","embeddable":true,"href":"https:\/\/365-housse.com\/es\/wp-json\/wp\/v2\/product_cat?post=20912"},{"taxonomy":"product_tag","embeddable":true,"href":"https:\/\/365-housse.com\/es\/wp-json\/wp\/v2\/product_tag?post=20912"}],"curies":[{"name":"wp","href":"https:\/\/api.w.org\/{rel}","templated":true}]}}