{"id":20922,"date":"2023-06-12T07:59:24","date_gmt":"2023-06-12T07:59:24","guid":{"rendered":"https:\/\/365-housse.com\/products\/etui-passeport-cuir-rouge\/"},"modified":"2024-09-17T15:13:38","modified_gmt":"2024-09-17T15:13:38","slug":"etui-passeport-cuir-rouge","status":"publish","type":"product","link":"https:\/\/365-housse.com\/es\/productos\/etui-passeport-cuir-rouge\/","title":{"rendered":"Estuche para pasaporte de cuero rojo"},"content":{"rendered":"<h2>\u00bfAccesorio de moda o buscas estilo elegante y protecci\u00f3n? Descubre la <strong>funda para pasaporte de piel roja<\/strong>. Pr\u00e1ctico y multifuncional, te resultar\u00e1 muy \u00fatil en el d\u00eda a d\u00eda.<\/h2>\n<h3>Las ventajas de la funda para pasaporte de cuero rojo:<\/h3>\n<ul>\n<li>\n<p>Un clutch moderno, elegante y sencillo<\/p>\n<\/li>\n<li>\n<p><span>Perfecto para uso diario, vacaciones, fines de semana, etc.<\/span><\/p>\n<\/li>\n<li>\n<p><span>Ligero y protector<\/span><\/p>\n<\/li>\n<li>\n<p>Mant\u00e9n tu pasaporte y papeles en buen estado<\/p>\n<\/li>\n<li>\n<p><strong>IMPRESCINDIBLE<\/strong><span> <\/span>: el compa\u00f1ero ideal para viajar<\/p>\n<\/li>\n<li>\n<p>Adecuado para pasaporte, tarjetas de cr\u00e9dito, etc.<\/p>\n<\/li>\n<\/ul>\n<p><strong>Caracter\u00edsticas:<\/strong><\/p>\n<ul>\n<li>\n<p><span>Material<strong>: 100% piel de vacuno<\/strong><\/span><\/p>\n<\/li>\n<li>\n<p><span>Forma flexible y pr\u00e1ctica para un uso f\u00e1cil<\/span><\/p>\n<\/li>\n<li>\n<p>Tama\u00f1o: <span> <\/span><span> <\/span><span data-mce-fragment=\"1\">(largo x ancho): 14*9,5 cm<\/span><\/p>\n<\/li>\n<li><span data-mce-fragment=\"1\">Peso: 0,50 g<\/span><\/li>\n<\/ul>\n<p><span data-mce-fragment=\"1\">El interior de nuestra funda de cuero para pasaporte:<\/span><\/p>\n<div style=\"text-align: left\"><img decoding=\"async\" alt=\"leather-passport-case\" src=\"https:\/\/365-housse.com\/wp-content\/uploads\/2023\/06\/etui- passport- leather-interior_480x480.png?v=1625648040\" style=\"margin-right: 35.5px;margin-left: 35.5px;float: none\" \/><\/div>\n","protected":false},"excerpt":{"rendered":"<p>\u00bfAccesorio de moda o buscas estilo elegante y protecci\u00f3n? Descubre la funda para pasaporte de piel roja. Pr\u00e1ctico y multifuncional, te resultar\u00e1 muy \u00fatil en el d\u00eda a d\u00eda. Las ventajas de la funda para pasaporte de cuero rojo: Un clutch moderno, elegante y sencillo Perfecto para uso diario, vacaciones, fines de semana, etc. Ligero [&hellip;]<\/p>\n","protected":false},"featured_media":15404,"comment_status":"open","ping_status":"closed","template":"","meta":[],"product_cat":[190,192],"product_tag":[214],"class_list":{"0":"post-20922","1":"product","2":"type-product","3":"status-publish","4":"has-post-thumbnail","6":"product_cat-caso","7":"product_cat-titular-de-pasaporte","8":"product_tag-passeport-es","10":"first","11":"instock","12":"shipping-taxable","13":"purchasable","14":"product-type-simple"},"yoast_head":"<title>Estuche para pasaporte de cuero rojo en entrega - gratis Ahorra un 30% en tu pedido<\/title>\n<meta name=\"description\" content=\"Recibe tu Estuche para pasaporte de cuero rojo hoy y benef\u00edciate de la entrega - gratuita Env\u00edo en 24\/48h\" \/>\n<meta name=\"robots\" content=\"index, follow, max-snippet:-1, max-image-preview:large, max-video-preview:-1\" \/>\n<link rel=\"canonical\" href=\"https:\/\/365-housse.com\/es\/productos\/etui-passeport-cuir-rouge\/\" \/>\n<meta property=\"og:locale\" content=\"es_ES\" \/>\n<meta property=\"og:type\" content=\"article\" \/>\n<meta property=\"og:title\" content=\"Estuche para pasaporte de cuero rojo en entrega - gratis Ahorra un 30% en tu pedido\" \/>\n<meta property=\"og:description\" content=\"Recibe tu Estuche para pasaporte de cuero rojo hoy y benef\u00edciate de la entrega - gratuita Env\u00edo en 24\/48h\" \/>\n<meta property=\"og:url\" content=\"https:\/\/365-housse.com\/es\/productos\/etui-passeport-cuir-rouge\/\" \/>\n<meta property=\"og:site_name\" content=\"Housse de Canap\u00e9\" \/>\n<meta property=\"article:modified_time\" content=\"2024-09-17T15:13:38+00:00\" \/>\n<meta property=\"og:image\" content=\"https:\/\/365-housse.com\/wp-content\/uploads\/2023\/06\/etui-passeport-cuir-rouge.png\" \/>\n\t<meta property=\"og:image:width\" content=\"826\" \/>\n\t<meta property=\"og:image:height\" content=\"920\" \/>\n\t<meta property=\"og:image:type\" content=\"image\/png\" \/>\n<meta name=\"twitter:card\" content=\"summary_large_image\" \/>\n<meta name=\"twitter:label1\" content=\"Tiempo de lectura\" \/>\n\t<meta name=\"twitter:data1\" content=\"1 minuto\" \/>\n<script type=\"application\/ld+json\" class=\"yoast-schema-graph\">{\"@context\":\"https:\/\/schema.org\",\"@graph\":[{\"@type\":\"WebPage\",\"@id\":\"https:\/\/365-housse.com\/es\/productos\/etui-passeport-cuir-rouge\/\",\"url\":\"https:\/\/365-housse.com\/es\/productos\/etui-passeport-cuir-rouge\/\",\"name\":\"Estuche para pasaporte de cuero rojo en entrega - gratis Ahorra un 30% en tu pedido\",\"isPartOf\":{\"@id\":\"https:\/\/365-housse.com\/es\/#website\"},\"primaryImageOfPage\":{\"@id\":\"https:\/\/365-housse.com\/es\/productos\/etui-passeport-cuir-rouge\/#primaryimage\"},\"image\":{\"@id\":\"https:\/\/365-housse.com\/es\/productos\/etui-passeport-cuir-rouge\/#primaryimage\"},\"thumbnailUrl\":\"https:\/\/365-housse.com\/wp-content\/uploads\/2023\/06\/etui-passeport-cuir-rouge.jpg\",\"datePublished\":\"2023-06-12T07:59:24+00:00\",\"dateModified\":\"2024-09-17T15:13:38+00:00\",\"description\":\"Recibe tu Estuche para pasaporte de cuero rojo hoy y benef\u00edciate de la entrega - gratuita Env\u00edo en 24\/48h\",\"breadcrumb\":{\"@id\":\"https:\/\/365-housse.com\/es\/productos\/etui-passeport-cuir-rouge\/#breadcrumb\"},\"inLanguage\":\"es\",\"potentialAction\":[{\"@type\":\"ReadAction\",\"target\":[\"https:\/\/365-housse.com\/es\/productos\/etui-passeport-cuir-rouge\/\"]}]},{\"@type\":\"ImageObject\",\"inLanguage\":\"es\",\"@id\":\"https:\/\/365-housse.com\/es\/productos\/etui-passeport-cuir-rouge\/#primaryimage\",\"url\":\"https:\/\/365-housse.com\/wp-content\/uploads\/2023\/06\/etui-passeport-cuir-rouge.jpg\",\"contentUrl\":\"https:\/\/365-housse.com\/wp-content\/uploads\/2023\/06\/etui-passeport-cuir-rouge.jpg\",\"width\":826,\"height\":920},{\"@type\":\"BreadcrumbList\",\"@id\":\"https:\/\/365-housse.com\/es\/productos\/etui-passeport-cuir-rouge\/#breadcrumb\",\"itemListElement\":[{\"@type\":\"ListItem\",\"position\":1,\"name\":\"Accueil\",\"item\":\"https:\/\/365-housse.com\/es\/\"},{\"@type\":\"ListItem\",\"position\":2,\"name\":\"Tienda\",\"item\":\"https:\/\/365-housse.com\/es\/tienda\/\"},{\"@type\":\"ListItem\",\"position\":3,\"name\":\"Estuche para pasaporte de cuero rojo\"}]},{\"@type\":\"WebSite\",\"@id\":\"https:\/\/365-housse.com\/es\/#website\",\"url\":\"https:\/\/365-housse.com\/es\/\",\"name\":\"Housse de Canap\u00e9\",\"description\":\"Le N\u00b01 de la Housse\",\"publisher\":{\"@id\":\"https:\/\/365-housse.com\/es\/#organization\"},\"potentialAction\":[{\"@type\":\"SearchAction\",\"target\":{\"@type\":\"EntryPoint\",\"urlTemplate\":\"https:\/\/365-housse.com\/es\/?s={search_term_string}\"},\"query-input\":{\"@type\":\"PropertyValueSpecification\",\"valueRequired\":true,\"valueName\":\"search_term_string\"}}],\"inLanguage\":\"es\"},{\"@type\":\"Organization\",\"@id\":\"https:\/\/365-housse.com\/es\/#organization\",\"name\":\"Housse de Canap\u00e9\",\"url\":\"https:\/\/365-housse.com\/es\/\",\"logo\":{\"@type\":\"ImageObject\",\"inLanguage\":\"es\",\"@id\":\"https:\/\/365-housse.com\/es\/#\/schema\/logo\/image\/\",\"url\":\"https:\/\/365-housse.com\/wp-content\/uploads\/2023\/06\/LOGO-400-\u00d7-200-px-392-x-134-px-16.png\",\"contentUrl\":\"https:\/\/365-housse.com\/wp-content\/uploads\/2023\/06\/LOGO-400-\u00d7-200-px-392-x-134-px-16.png\",\"width\":392,\"height\":134,\"caption\":\"Housse de Canap\u00e9\"},\"image\":{\"@id\":\"https:\/\/365-housse.com\/es\/#\/schema\/logo\/image\/\"}}]}<\/script>","yoast_head_json":{"title":"Estuche para pasaporte de cuero rojo en entrega - gratis Ahorra un 30% en tu pedido","description":"Recibe tu Estuche para pasaporte de cuero rojo hoy y benef\u00edciate de la entrega - gratuita Env\u00edo en 24\/48h","robots":{"index":"index","follow":"follow","max-snippet":"max-snippet:-1","max-image-preview":"max-image-preview:large","max-video-preview":"max-video-preview:-1"},"canonical":"https:\/\/365-housse.com\/es\/productos\/etui-passeport-cuir-rouge\/","og_locale":"es_ES","og_type":"article","og_title":"Estuche para pasaporte de cuero rojo en entrega - gratis Ahorra un 30% en tu pedido","og_description":"Recibe tu Estuche para pasaporte de cuero rojo hoy y benef\u00edciate de la entrega - gratuita Env\u00edo en 24\/48h","og_url":"https:\/\/365-housse.com\/es\/productos\/etui-passeport-cuir-rouge\/","og_site_name":"Housse de Canap\u00e9","article_modified_time":"2024-09-17T15:13:38+00:00","og_image":[{"width":826,"height":920,"url":"https:\/\/365-housse.com\/wp-content\/uploads\/2023\/06\/etui-passeport-cuir-rouge.png","type":"image\/png"}],"twitter_card":"summary_large_image","twitter_misc":{"Tiempo de lectura":"1 minuto"},"schema":{"@context":"https:\/\/schema.org","@graph":[{"@type":"WebPage","@id":"https:\/\/365-housse.com\/es\/productos\/etui-passeport-cuir-rouge\/","url":"https:\/\/365-housse.com\/es\/productos\/etui-passeport-cuir-rouge\/","name":"Estuche para pasaporte de cuero rojo en entrega - gratis Ahorra un 30% en tu pedido","isPartOf":{"@id":"https:\/\/365-housse.com\/es\/#website"},"primaryImageOfPage":{"@id":"https:\/\/365-housse.com\/es\/productos\/etui-passeport-cuir-rouge\/#primaryimage"},"image":{"@id":"https:\/\/365-housse.com\/es\/productos\/etui-passeport-cuir-rouge\/#primaryimage"},"thumbnailUrl":"https:\/\/365-housse.com\/wp-content\/uploads\/2023\/06\/etui-passeport-cuir-rouge.jpg","datePublished":"2023-06-12T07:59:24+00:00","dateModified":"2024-09-17T15:13:38+00:00","description":"Recibe tu Estuche para pasaporte de cuero rojo hoy y benef\u00edciate de la entrega - gratuita Env\u00edo en 24\/48h","breadcrumb":{"@id":"https:\/\/365-housse.com\/es\/productos\/etui-passeport-cuir-rouge\/#breadcrumb"},"inLanguage":"es","potentialAction":[{"@type":"ReadAction","target":["https:\/\/365-housse.com\/es\/productos\/etui-passeport-cuir-rouge\/"]}]},{"@type":"ImageObject","inLanguage":"es","@id":"https:\/\/365-housse.com\/es\/productos\/etui-passeport-cuir-rouge\/#primaryimage","url":"https:\/\/365-housse.com\/wp-content\/uploads\/2023\/06\/etui-passeport-cuir-rouge.jpg","contentUrl":"https:\/\/365-housse.com\/wp-content\/uploads\/2023\/06\/etui-passeport-cuir-rouge.jpg","width":826,"height":920},{"@type":"BreadcrumbList","@id":"https:\/\/365-housse.com\/es\/productos\/etui-passeport-cuir-rouge\/#breadcrumb","itemListElement":[{"@type":"ListItem","position":1,"name":"Accueil","item":"https:\/\/365-housse.com\/es\/"},{"@type":"ListItem","position":2,"name":"Tienda","item":"https:\/\/365-housse.com\/es\/tienda\/"},{"@type":"ListItem","position":3,"name":"Estuche para pasaporte de cuero rojo"}]},{"@type":"WebSite","@id":"https:\/\/365-housse.com\/es\/#website","url":"https:\/\/365-housse.com\/es\/","name":"Housse de Canap\u00e9","description":"Le N\u00b01 de la Housse","publisher":{"@id":"https:\/\/365-housse.com\/es\/#organization"},"potentialAction":[{"@type":"SearchAction","target":{"@type":"EntryPoint","urlTemplate":"https:\/\/365-housse.com\/es\/?s={search_term_string}"},"query-input":{"@type":"PropertyValueSpecification","valueRequired":true,"valueName":"search_term_string"}}],"inLanguage":"es"},{"@type":"Organization","@id":"https:\/\/365-housse.com\/es\/#organization","name":"Housse de Canap\u00e9","url":"https:\/\/365-housse.com\/es\/","logo":{"@type":"ImageObject","inLanguage":"es","@id":"https:\/\/365-housse.com\/es\/#\/schema\/logo\/image\/","url":"https:\/\/365-housse.com\/wp-content\/uploads\/2023\/06\/LOGO-400-\u00d7-200-px-392-x-134-px-16.png","contentUrl":"https:\/\/365-housse.com\/wp-content\/uploads\/2023\/06\/LOGO-400-\u00d7-200-px-392-x-134-px-16.png","width":392,"height":134,"caption":"Housse de Canap\u00e9"},"image":{"@id":"https:\/\/365-housse.com\/es\/#\/schema\/logo\/image\/"}}]}},"_links":{"self":[{"href":"https:\/\/365-housse.com\/es\/wp-json\/wp\/v2\/product\/20922"}],"collection":[{"href":"https:\/\/365-housse.com\/es\/wp-json\/wp\/v2\/product"}],"about":[{"href":"https:\/\/365-housse.com\/es\/wp-json\/wp\/v2\/types\/product"}],"replies":[{"embeddable":true,"href":"https:\/\/365-housse.com\/es\/wp-json\/wp\/v2\/comments?post=20922"}],"wp:featuredmedia":[{"embeddable":true,"href":"https:\/\/365-housse.com\/es\/wp-json\/wp\/v2\/media\/15404"}],"wp:attachment":[{"href":"https:\/\/365-housse.com\/es\/wp-json\/wp\/v2\/media?parent=20922"}],"wp:term":[{"taxonomy":"product_cat","embeddable":true,"href":"https:\/\/365-housse.com\/es\/wp-json\/wp\/v2\/product_cat?post=20922"},{"taxonomy":"product_tag","embeddable":true,"href":"https:\/\/365-housse.com\/es\/wp-json\/wp\/v2\/product_tag?post=20922"}],"curies":[{"name":"wp","href":"https:\/\/api.w.org\/{rel}","templated":true}]}}