{"id":20940,"date":"2023-06-12T07:59:14","date_gmt":"2023-06-12T07:59:14","guid":{"rendered":"https:\/\/365-housse.com\/products\/etui-lunettes-cuir-souple\/"},"modified":"2024-09-17T15:13:43","modified_gmt":"2024-09-17T15:13:43","slug":"etui-lunettes-cuir-souple","status":"publish","type":"product","link":"https:\/\/365-housse.com\/es\/productos\/etui-lunettes-cuir-souple\/","title":{"rendered":"Estuche para gafas Cuero suave"},"content":{"rendered":"<h2>Este <strong>estuche de cuero suave<\/strong> es un soporte para gafas estilo bolsillo que brinda una mejor protecci\u00f3n para sus gafas. Si no eres fan\u00e1tico del cierre o el bot\u00f3n, te permite un acceso r\u00e1pido y c\u00f3modo a tus gafas.<\/h2>\n<ul>\n<li>\n<p><span>Material: Cuero<\/span><\/p>\n<\/li>\n<li>\n<p><span>Mantiene tus gafas como nuevas y en buenas condiciones<\/span><\/p>\n<\/li>\n<li>\n<p><span>Forma de bolsillo que te permite acceder f\u00e1cilmente a tus gafas<br \/><\/span><\/p>\n<\/li>\n<li>\n<p><span>Adecuado para gafas de sol, gafas de lectura, etc.<\/span><\/p>\n<\/li>\n<li>Tama\u00f1o: <span>(L*W): 15,3*7 cm<br \/><\/span><\/li>\n<\/ul>\n<h3>Nota: \u00a1Ayuda a prolongar la vida \u00fatil de tus gafas!<\/h3>\n","protected":false},"excerpt":{"rendered":"<p>Este estuche de cuero suave es un soporte para gafas estilo bolsillo que brinda una mejor protecci\u00f3n para sus gafas. Si no eres fan\u00e1tico del cierre o el bot\u00f3n, te permite un acceso r\u00e1pido y c\u00f3modo a tus gafas. Material: Cuero Mantiene tus gafas como nuevas y en buenas condiciones Forma de bolsillo que te [&hellip;]<\/p>\n","protected":false},"featured_media":15376,"comment_status":"open","ping_status":"closed","template":"","meta":[],"product_cat":[190,191],"product_tag":[215,197],"class_list":{"0":"post-20940","1":"product","2":"type-product","3":"status-publish","4":"has-post-thumbnail","6":"product_cat-caso","7":"product_cat-estuche-para-gafas","8":"product_tag-etui-es","9":"product_tag-lunette-es","11":"first","12":"instock","13":"shipping-taxable","14":"purchasable","15":"product-type-simple"},"yoast_head":"<title>Estuche para gafas Cuero suave en entrega - gratis Ahorra un 30% en tu pedido<\/title>\n<meta name=\"description\" content=\"Recibe tu Estuche para gafas Cuero suave hoy y benef\u00edciate de la entrega - gratuita Env\u00edo en 24\/48h\" \/>\n<meta name=\"robots\" content=\"index, follow, max-snippet:-1, max-image-preview:large, max-video-preview:-1\" \/>\n<link rel=\"canonical\" href=\"https:\/\/365-housse.com\/es\/productos\/etui-lunettes-cuir-souple\/\" \/>\n<meta property=\"og:locale\" content=\"es_ES\" \/>\n<meta property=\"og:type\" content=\"article\" \/>\n<meta property=\"og:title\" content=\"Estuche para gafas Cuero suave en entrega - gratis Ahorra un 30% en tu pedido\" \/>\n<meta property=\"og:description\" content=\"Recibe tu Estuche para gafas Cuero suave hoy y benef\u00edciate de la entrega - gratuita Env\u00edo en 24\/48h\" \/>\n<meta property=\"og:url\" content=\"https:\/\/365-housse.com\/es\/productos\/etui-lunettes-cuir-souple\/\" \/>\n<meta property=\"og:site_name\" content=\"Housse de Canap\u00e9\" \/>\n<meta property=\"article:modified_time\" content=\"2024-09-17T15:13:43+00:00\" \/>\n<meta property=\"og:image\" content=\"https:\/\/365-housse.com\/wp-content\/uploads\/2023\/06\/etui-lunettes-cuir-souple.png\" \/>\n\t<meta property=\"og:image:width\" content=\"456\" \/>\n\t<meta property=\"og:image:height\" content=\"331\" \/>\n\t<meta property=\"og:image:type\" content=\"image\/png\" \/>\n<meta name=\"twitter:card\" content=\"summary_large_image\" \/>\n<script type=\"application\/ld+json\" class=\"yoast-schema-graph\">{\"@context\":\"https:\/\/schema.org\",\"@graph\":[{\"@type\":\"WebPage\",\"@id\":\"https:\/\/365-housse.com\/es\/productos\/etui-lunettes-cuir-souple\/\",\"url\":\"https:\/\/365-housse.com\/es\/productos\/etui-lunettes-cuir-souple\/\",\"name\":\"Estuche para gafas Cuero suave en entrega - gratis Ahorra un 30% en tu pedido\",\"isPartOf\":{\"@id\":\"https:\/\/365-housse.com\/es\/#website\"},\"primaryImageOfPage\":{\"@id\":\"https:\/\/365-housse.com\/es\/productos\/etui-lunettes-cuir-souple\/#primaryimage\"},\"image\":{\"@id\":\"https:\/\/365-housse.com\/es\/productos\/etui-lunettes-cuir-souple\/#primaryimage\"},\"thumbnailUrl\":\"https:\/\/365-housse.com\/wp-content\/uploads\/2023\/06\/etui-lunettes-cuir-souple.png\",\"datePublished\":\"2023-06-12T07:59:14+00:00\",\"dateModified\":\"2024-09-17T15:13:43+00:00\",\"description\":\"Recibe tu Estuche para gafas Cuero suave hoy y benef\u00edciate de la entrega - gratuita Env\u00edo en 24\/48h\",\"breadcrumb\":{\"@id\":\"https:\/\/365-housse.com\/es\/productos\/etui-lunettes-cuir-souple\/#breadcrumb\"},\"inLanguage\":\"es\",\"potentialAction\":[{\"@type\":\"ReadAction\",\"target\":[\"https:\/\/365-housse.com\/es\/productos\/etui-lunettes-cuir-souple\/\"]}]},{\"@type\":\"ImageObject\",\"inLanguage\":\"es\",\"@id\":\"https:\/\/365-housse.com\/es\/productos\/etui-lunettes-cuir-souple\/#primaryimage\",\"url\":\"https:\/\/365-housse.com\/wp-content\/uploads\/2023\/06\/etui-lunettes-cuir-souple.png\",\"contentUrl\":\"https:\/\/365-housse.com\/wp-content\/uploads\/2023\/06\/etui-lunettes-cuir-souple.png\",\"width\":456,\"height\":331},{\"@type\":\"BreadcrumbList\",\"@id\":\"https:\/\/365-housse.com\/es\/productos\/etui-lunettes-cuir-souple\/#breadcrumb\",\"itemListElement\":[{\"@type\":\"ListItem\",\"position\":1,\"name\":\"Accueil\",\"item\":\"https:\/\/365-housse.com\/es\/\"},{\"@type\":\"ListItem\",\"position\":2,\"name\":\"Tienda\",\"item\":\"https:\/\/365-housse.com\/es\/tienda\/\"},{\"@type\":\"ListItem\",\"position\":3,\"name\":\"Estuche para gafas Cuero suave\"}]},{\"@type\":\"WebSite\",\"@id\":\"https:\/\/365-housse.com\/es\/#website\",\"url\":\"https:\/\/365-housse.com\/es\/\",\"name\":\"Housse de Canap\u00e9\",\"description\":\"Le N\u00b01 de la Housse\",\"publisher\":{\"@id\":\"https:\/\/365-housse.com\/es\/#organization\"},\"potentialAction\":[{\"@type\":\"SearchAction\",\"target\":{\"@type\":\"EntryPoint\",\"urlTemplate\":\"https:\/\/365-housse.com\/es\/?s={search_term_string}\"},\"query-input\":{\"@type\":\"PropertyValueSpecification\",\"valueRequired\":true,\"valueName\":\"search_term_string\"}}],\"inLanguage\":\"es\"},{\"@type\":\"Organization\",\"@id\":\"https:\/\/365-housse.com\/es\/#organization\",\"name\":\"Housse de Canap\u00e9\",\"url\":\"https:\/\/365-housse.com\/es\/\",\"logo\":{\"@type\":\"ImageObject\",\"inLanguage\":\"es\",\"@id\":\"https:\/\/365-housse.com\/es\/#\/schema\/logo\/image\/\",\"url\":\"https:\/\/365-housse.com\/wp-content\/uploads\/2023\/06\/LOGO-400-\u00d7-200-px-392-x-134-px-16.png\",\"contentUrl\":\"https:\/\/365-housse.com\/wp-content\/uploads\/2023\/06\/LOGO-400-\u00d7-200-px-392-x-134-px-16.png\",\"width\":392,\"height\":134,\"caption\":\"Housse de Canap\u00e9\"},\"image\":{\"@id\":\"https:\/\/365-housse.com\/es\/#\/schema\/logo\/image\/\"}}]}<\/script>","yoast_head_json":{"title":"Estuche para gafas Cuero suave en entrega - gratis Ahorra un 30% en tu pedido","description":"Recibe tu Estuche para gafas Cuero suave hoy y benef\u00edciate de la entrega - gratuita Env\u00edo en 24\/48h","robots":{"index":"index","follow":"follow","max-snippet":"max-snippet:-1","max-image-preview":"max-image-preview:large","max-video-preview":"max-video-preview:-1"},"canonical":"https:\/\/365-housse.com\/es\/productos\/etui-lunettes-cuir-souple\/","og_locale":"es_ES","og_type":"article","og_title":"Estuche para gafas Cuero suave en entrega - gratis Ahorra un 30% en tu pedido","og_description":"Recibe tu Estuche para gafas Cuero suave hoy y benef\u00edciate de la entrega - gratuita Env\u00edo en 24\/48h","og_url":"https:\/\/365-housse.com\/es\/productos\/etui-lunettes-cuir-souple\/","og_site_name":"Housse de Canap\u00e9","article_modified_time":"2024-09-17T15:13:43+00:00","og_image":[{"width":456,"height":331,"url":"https:\/\/365-housse.com\/wp-content\/uploads\/2023\/06\/etui-lunettes-cuir-souple.png","type":"image\/png"}],"twitter_card":"summary_large_image","schema":{"@context":"https:\/\/schema.org","@graph":[{"@type":"WebPage","@id":"https:\/\/365-housse.com\/es\/productos\/etui-lunettes-cuir-souple\/","url":"https:\/\/365-housse.com\/es\/productos\/etui-lunettes-cuir-souple\/","name":"Estuche para gafas Cuero suave en entrega - gratis Ahorra un 30% en tu pedido","isPartOf":{"@id":"https:\/\/365-housse.com\/es\/#website"},"primaryImageOfPage":{"@id":"https:\/\/365-housse.com\/es\/productos\/etui-lunettes-cuir-souple\/#primaryimage"},"image":{"@id":"https:\/\/365-housse.com\/es\/productos\/etui-lunettes-cuir-souple\/#primaryimage"},"thumbnailUrl":"https:\/\/365-housse.com\/wp-content\/uploads\/2023\/06\/etui-lunettes-cuir-souple.png","datePublished":"2023-06-12T07:59:14+00:00","dateModified":"2024-09-17T15:13:43+00:00","description":"Recibe tu Estuche para gafas Cuero suave hoy y benef\u00edciate de la entrega - gratuita Env\u00edo en 24\/48h","breadcrumb":{"@id":"https:\/\/365-housse.com\/es\/productos\/etui-lunettes-cuir-souple\/#breadcrumb"},"inLanguage":"es","potentialAction":[{"@type":"ReadAction","target":["https:\/\/365-housse.com\/es\/productos\/etui-lunettes-cuir-souple\/"]}]},{"@type":"ImageObject","inLanguage":"es","@id":"https:\/\/365-housse.com\/es\/productos\/etui-lunettes-cuir-souple\/#primaryimage","url":"https:\/\/365-housse.com\/wp-content\/uploads\/2023\/06\/etui-lunettes-cuir-souple.png","contentUrl":"https:\/\/365-housse.com\/wp-content\/uploads\/2023\/06\/etui-lunettes-cuir-souple.png","width":456,"height":331},{"@type":"BreadcrumbList","@id":"https:\/\/365-housse.com\/es\/productos\/etui-lunettes-cuir-souple\/#breadcrumb","itemListElement":[{"@type":"ListItem","position":1,"name":"Accueil","item":"https:\/\/365-housse.com\/es\/"},{"@type":"ListItem","position":2,"name":"Tienda","item":"https:\/\/365-housse.com\/es\/tienda\/"},{"@type":"ListItem","position":3,"name":"Estuche para gafas Cuero suave"}]},{"@type":"WebSite","@id":"https:\/\/365-housse.com\/es\/#website","url":"https:\/\/365-housse.com\/es\/","name":"Housse de Canap\u00e9","description":"Le N\u00b01 de la Housse","publisher":{"@id":"https:\/\/365-housse.com\/es\/#organization"},"potentialAction":[{"@type":"SearchAction","target":{"@type":"EntryPoint","urlTemplate":"https:\/\/365-housse.com\/es\/?s={search_term_string}"},"query-input":{"@type":"PropertyValueSpecification","valueRequired":true,"valueName":"search_term_string"}}],"inLanguage":"es"},{"@type":"Organization","@id":"https:\/\/365-housse.com\/es\/#organization","name":"Housse de Canap\u00e9","url":"https:\/\/365-housse.com\/es\/","logo":{"@type":"ImageObject","inLanguage":"es","@id":"https:\/\/365-housse.com\/es\/#\/schema\/logo\/image\/","url":"https:\/\/365-housse.com\/wp-content\/uploads\/2023\/06\/LOGO-400-\u00d7-200-px-392-x-134-px-16.png","contentUrl":"https:\/\/365-housse.com\/wp-content\/uploads\/2023\/06\/LOGO-400-\u00d7-200-px-392-x-134-px-16.png","width":392,"height":134,"caption":"Housse de Canap\u00e9"},"image":{"@id":"https:\/\/365-housse.com\/es\/#\/schema\/logo\/image\/"}}]}},"_links":{"self":[{"href":"https:\/\/365-housse.com\/es\/wp-json\/wp\/v2\/product\/20940"}],"collection":[{"href":"https:\/\/365-housse.com\/es\/wp-json\/wp\/v2\/product"}],"about":[{"href":"https:\/\/365-housse.com\/es\/wp-json\/wp\/v2\/types\/product"}],"replies":[{"embeddable":true,"href":"https:\/\/365-housse.com\/es\/wp-json\/wp\/v2\/comments?post=20940"}],"wp:featuredmedia":[{"embeddable":true,"href":"https:\/\/365-housse.com\/es\/wp-json\/wp\/v2\/media\/15376"}],"wp:attachment":[{"href":"https:\/\/365-housse.com\/es\/wp-json\/wp\/v2\/media?parent=20940"}],"wp:term":[{"taxonomy":"product_cat","embeddable":true,"href":"https:\/\/365-housse.com\/es\/wp-json\/wp\/v2\/product_cat?post=20940"},{"taxonomy":"product_tag","embeddable":true,"href":"https:\/\/365-housse.com\/es\/wp-json\/wp\/v2\/product_tag?post=20940"}],"curies":[{"name":"wp","href":"https:\/\/api.w.org\/{rel}","templated":true}]}}