{"id":20949,"date":"2023-06-12T07:59:09","date_gmt":"2023-06-12T07:59:09","guid":{"rendered":"https:\/\/365-housse.com\/products\/etui-pour-cigarette-100s\/"},"modified":"2024-09-17T15:13:52","modified_gmt":"2024-09-17T15:13:52","slug":"etui-pour-cigarette-100s","status":"publish","type":"product","link":"https:\/\/365-housse.com\/es\/productos\/etui-pour-cigarette-100s\/","title":{"rendered":"pitillera de los a\u00f1os 100"},"content":{"rendered":"<h2><span data-mce-fragment=\"1\">\u00bfQuieres asegurar tu pitillera o simplemente adornarla con elegancia? \u00a1Descubre nuestra <strong>caja de cigarrillos 100s<\/strong>! Es muy pr\u00e1ctico e incluye una carcasa especialmente dise\u00f1ada para contener cigarrillos largos llamados 100s.<\/span><\/h2>\n<ul>\n<li>\n<p><span>Material: <strong>Metal<\/strong><\/span><\/p>\n<\/li>\n<li>\n<p><span><strong>Calidad superior<\/strong><\/span><\/p>\n<\/li>\n<li>\n<p><span data-mce-fragment=\"1\"><strong>Resistente al desgaste<\/strong>, a la presi\u00f3n y protege los cigarrillos de da\u00f1os.<\/span><\/p>\n<\/li>\n<li>\n<p>El tabaco<span> <\/span><strong>ya no se seca<\/strong> <\/p>\n<\/li>\n<li>\n<p><span><strong>Carcasa duradera<\/strong> que proporciona una <strong>protecci\u00f3n \u00f3ptima<\/strong> contra aplastamientos<\/span><\/p>\n<\/li>\n<li>\n<p><span>Regalo ideal<\/span><\/p>\n<\/li>\n<li>\n<p><span> <strong>Ligero y port\u00e1til<\/strong>: f\u00e1cil de transportar <\/span><\/p>\n<\/li>\n<\/ul>\n","protected":false},"excerpt":{"rendered":"<p>\u00bfQuieres asegurar tu pitillera o simplemente adornarla con elegancia? \u00a1Descubre nuestra caja de cigarrillos 100s! Es muy pr\u00e1ctico e incluye una carcasa especialmente dise\u00f1ada para contener cigarrillos largos llamados 100s. Material: Metal Calidad superior Resistente al desgaste, a la presi\u00f3n y protege los cigarrillos de da\u00f1os. El tabaco ya no se seca Carcasa duradera que [&hellip;]<\/p>\n","protected":false},"featured_media":15365,"comment_status":"open","ping_status":"closed","template":"","meta":[],"product_cat":[190,193],"product_tag":[215],"class_list":{"0":"post-20949","1":"product","2":"type-product","3":"status-publish","4":"has-post-thumbnail","6":"product_cat-caso","7":"product_cat-pitillera","8":"product_tag-etui-es","10":"first","11":"instock","12":"shipping-taxable","13":"purchasable","14":"product-type-simple"},"yoast_head":"<title>pitillera de los a\u00f1os 100 en entrega - gratis Ahorra un 30% en tu pedido<\/title>\n<meta name=\"description\" content=\"Recibe tu pitillera de los a\u00f1os 100 hoy y benef\u00edciate de la entrega - gratuita Env\u00edo en 24\/48h\" \/>\n<meta name=\"robots\" content=\"index, follow, max-snippet:-1, max-image-preview:large, max-video-preview:-1\" \/>\n<link rel=\"canonical\" href=\"https:\/\/365-housse.com\/es\/productos\/etui-pour-cigarette-100s\/\" \/>\n<meta property=\"og:locale\" content=\"es_ES\" \/>\n<meta property=\"og:type\" content=\"article\" \/>\n<meta property=\"og:title\" content=\"pitillera de los a\u00f1os 100 en entrega - gratis Ahorra un 30% en tu pedido\" \/>\n<meta property=\"og:description\" content=\"Recibe tu pitillera de los a\u00f1os 100 hoy y benef\u00edciate de la entrega - gratuita Env\u00edo en 24\/48h\" \/>\n<meta property=\"og:url\" content=\"https:\/\/365-housse.com\/es\/productos\/etui-pour-cigarette-100s\/\" \/>\n<meta property=\"og:site_name\" content=\"Housse de Canap\u00e9\" \/>\n<meta property=\"article:modified_time\" content=\"2024-09-17T15:13:52+00:00\" \/>\n<meta property=\"og:image\" content=\"https:\/\/365-housse.com\/wp-content\/uploads\/2023\/06\/etui-pour-cigarette-100s.png\" \/>\n\t<meta property=\"og:image:width\" content=\"500\" \/>\n\t<meta property=\"og:image:height\" content=\"500\" \/>\n\t<meta property=\"og:image:type\" content=\"image\/png\" \/>\n<meta name=\"twitter:card\" content=\"summary_large_image\" \/>\n<script type=\"application\/ld+json\" class=\"yoast-schema-graph\">{\"@context\":\"https:\/\/schema.org\",\"@graph\":[{\"@type\":\"WebPage\",\"@id\":\"https:\/\/365-housse.com\/es\/productos\/etui-pour-cigarette-100s\/\",\"url\":\"https:\/\/365-housse.com\/es\/productos\/etui-pour-cigarette-100s\/\",\"name\":\"pitillera de los a\u00f1os 100 en entrega - gratis Ahorra un 30% en tu pedido\",\"isPartOf\":{\"@id\":\"https:\/\/365-housse.com\/es\/#website\"},\"primaryImageOfPage\":{\"@id\":\"https:\/\/365-housse.com\/es\/productos\/etui-pour-cigarette-100s\/#primaryimage\"},\"image\":{\"@id\":\"https:\/\/365-housse.com\/es\/productos\/etui-pour-cigarette-100s\/#primaryimage\"},\"thumbnailUrl\":\"https:\/\/365-housse.com\/wp-content\/uploads\/2023\/06\/etui-pour-cigarette-100s.png\",\"datePublished\":\"2023-06-12T07:59:09+00:00\",\"dateModified\":\"2024-09-17T15:13:52+00:00\",\"description\":\"Recibe tu pitillera de los a\u00f1os 100 hoy y benef\u00edciate de la entrega - gratuita Env\u00edo en 24\/48h\",\"breadcrumb\":{\"@id\":\"https:\/\/365-housse.com\/es\/productos\/etui-pour-cigarette-100s\/#breadcrumb\"},\"inLanguage\":\"es\",\"potentialAction\":[{\"@type\":\"ReadAction\",\"target\":[\"https:\/\/365-housse.com\/es\/productos\/etui-pour-cigarette-100s\/\"]}]},{\"@type\":\"ImageObject\",\"inLanguage\":\"es\",\"@id\":\"https:\/\/365-housse.com\/es\/productos\/etui-pour-cigarette-100s\/#primaryimage\",\"url\":\"https:\/\/365-housse.com\/wp-content\/uploads\/2023\/06\/etui-pour-cigarette-100s.png\",\"contentUrl\":\"https:\/\/365-housse.com\/wp-content\/uploads\/2023\/06\/etui-pour-cigarette-100s.png\",\"width\":500,\"height\":500},{\"@type\":\"BreadcrumbList\",\"@id\":\"https:\/\/365-housse.com\/es\/productos\/etui-pour-cigarette-100s\/#breadcrumb\",\"itemListElement\":[{\"@type\":\"ListItem\",\"position\":1,\"name\":\"Accueil\",\"item\":\"https:\/\/365-housse.com\/es\/\"},{\"@type\":\"ListItem\",\"position\":2,\"name\":\"Tienda\",\"item\":\"https:\/\/365-housse.com\/es\/tienda\/\"},{\"@type\":\"ListItem\",\"position\":3,\"name\":\"pitillera de los a\u00f1os 100\"}]},{\"@type\":\"WebSite\",\"@id\":\"https:\/\/365-housse.com\/es\/#website\",\"url\":\"https:\/\/365-housse.com\/es\/\",\"name\":\"Housse de Canap\u00e9\",\"description\":\"Le N\u00b01 de la Housse\",\"publisher\":{\"@id\":\"https:\/\/365-housse.com\/es\/#organization\"},\"potentialAction\":[{\"@type\":\"SearchAction\",\"target\":{\"@type\":\"EntryPoint\",\"urlTemplate\":\"https:\/\/365-housse.com\/es\/?s={search_term_string}\"},\"query-input\":{\"@type\":\"PropertyValueSpecification\",\"valueRequired\":true,\"valueName\":\"search_term_string\"}}],\"inLanguage\":\"es\"},{\"@type\":\"Organization\",\"@id\":\"https:\/\/365-housse.com\/es\/#organization\",\"name\":\"Housse de Canap\u00e9\",\"url\":\"https:\/\/365-housse.com\/es\/\",\"logo\":{\"@type\":\"ImageObject\",\"inLanguage\":\"es\",\"@id\":\"https:\/\/365-housse.com\/es\/#\/schema\/logo\/image\/\",\"url\":\"https:\/\/365-housse.com\/wp-content\/uploads\/2023\/06\/LOGO-400-\u00d7-200-px-392-x-134-px-16.png\",\"contentUrl\":\"https:\/\/365-housse.com\/wp-content\/uploads\/2023\/06\/LOGO-400-\u00d7-200-px-392-x-134-px-16.png\",\"width\":392,\"height\":134,\"caption\":\"Housse de Canap\u00e9\"},\"image\":{\"@id\":\"https:\/\/365-housse.com\/es\/#\/schema\/logo\/image\/\"}}]}<\/script>","yoast_head_json":{"title":"pitillera de los a\u00f1os 100 en entrega - gratis Ahorra un 30% en tu pedido","description":"Recibe tu pitillera de los a\u00f1os 100 hoy y benef\u00edciate de la entrega - gratuita Env\u00edo en 24\/48h","robots":{"index":"index","follow":"follow","max-snippet":"max-snippet:-1","max-image-preview":"max-image-preview:large","max-video-preview":"max-video-preview:-1"},"canonical":"https:\/\/365-housse.com\/es\/productos\/etui-pour-cigarette-100s\/","og_locale":"es_ES","og_type":"article","og_title":"pitillera de los a\u00f1os 100 en entrega - gratis Ahorra un 30% en tu pedido","og_description":"Recibe tu pitillera de los a\u00f1os 100 hoy y benef\u00edciate de la entrega - gratuita Env\u00edo en 24\/48h","og_url":"https:\/\/365-housse.com\/es\/productos\/etui-pour-cigarette-100s\/","og_site_name":"Housse de Canap\u00e9","article_modified_time":"2024-09-17T15:13:52+00:00","og_image":[{"width":500,"height":500,"url":"https:\/\/365-housse.com\/wp-content\/uploads\/2023\/06\/etui-pour-cigarette-100s.png","type":"image\/png"}],"twitter_card":"summary_large_image","schema":{"@context":"https:\/\/schema.org","@graph":[{"@type":"WebPage","@id":"https:\/\/365-housse.com\/es\/productos\/etui-pour-cigarette-100s\/","url":"https:\/\/365-housse.com\/es\/productos\/etui-pour-cigarette-100s\/","name":"pitillera de los a\u00f1os 100 en entrega - gratis Ahorra un 30% en tu pedido","isPartOf":{"@id":"https:\/\/365-housse.com\/es\/#website"},"primaryImageOfPage":{"@id":"https:\/\/365-housse.com\/es\/productos\/etui-pour-cigarette-100s\/#primaryimage"},"image":{"@id":"https:\/\/365-housse.com\/es\/productos\/etui-pour-cigarette-100s\/#primaryimage"},"thumbnailUrl":"https:\/\/365-housse.com\/wp-content\/uploads\/2023\/06\/etui-pour-cigarette-100s.png","datePublished":"2023-06-12T07:59:09+00:00","dateModified":"2024-09-17T15:13:52+00:00","description":"Recibe tu pitillera de los a\u00f1os 100 hoy y benef\u00edciate de la entrega - gratuita Env\u00edo en 24\/48h","breadcrumb":{"@id":"https:\/\/365-housse.com\/es\/productos\/etui-pour-cigarette-100s\/#breadcrumb"},"inLanguage":"es","potentialAction":[{"@type":"ReadAction","target":["https:\/\/365-housse.com\/es\/productos\/etui-pour-cigarette-100s\/"]}]},{"@type":"ImageObject","inLanguage":"es","@id":"https:\/\/365-housse.com\/es\/productos\/etui-pour-cigarette-100s\/#primaryimage","url":"https:\/\/365-housse.com\/wp-content\/uploads\/2023\/06\/etui-pour-cigarette-100s.png","contentUrl":"https:\/\/365-housse.com\/wp-content\/uploads\/2023\/06\/etui-pour-cigarette-100s.png","width":500,"height":500},{"@type":"BreadcrumbList","@id":"https:\/\/365-housse.com\/es\/productos\/etui-pour-cigarette-100s\/#breadcrumb","itemListElement":[{"@type":"ListItem","position":1,"name":"Accueil","item":"https:\/\/365-housse.com\/es\/"},{"@type":"ListItem","position":2,"name":"Tienda","item":"https:\/\/365-housse.com\/es\/tienda\/"},{"@type":"ListItem","position":3,"name":"pitillera de los a\u00f1os 100"}]},{"@type":"WebSite","@id":"https:\/\/365-housse.com\/es\/#website","url":"https:\/\/365-housse.com\/es\/","name":"Housse de Canap\u00e9","description":"Le N\u00b01 de la Housse","publisher":{"@id":"https:\/\/365-housse.com\/es\/#organization"},"potentialAction":[{"@type":"SearchAction","target":{"@type":"EntryPoint","urlTemplate":"https:\/\/365-housse.com\/es\/?s={search_term_string}"},"query-input":{"@type":"PropertyValueSpecification","valueRequired":true,"valueName":"search_term_string"}}],"inLanguage":"es"},{"@type":"Organization","@id":"https:\/\/365-housse.com\/es\/#organization","name":"Housse de Canap\u00e9","url":"https:\/\/365-housse.com\/es\/","logo":{"@type":"ImageObject","inLanguage":"es","@id":"https:\/\/365-housse.com\/es\/#\/schema\/logo\/image\/","url":"https:\/\/365-housse.com\/wp-content\/uploads\/2023\/06\/LOGO-400-\u00d7-200-px-392-x-134-px-16.png","contentUrl":"https:\/\/365-housse.com\/wp-content\/uploads\/2023\/06\/LOGO-400-\u00d7-200-px-392-x-134-px-16.png","width":392,"height":134,"caption":"Housse de Canap\u00e9"},"image":{"@id":"https:\/\/365-housse.com\/es\/#\/schema\/logo\/image\/"}}]}},"_links":{"self":[{"href":"https:\/\/365-housse.com\/es\/wp-json\/wp\/v2\/product\/20949"}],"collection":[{"href":"https:\/\/365-housse.com\/es\/wp-json\/wp\/v2\/product"}],"about":[{"href":"https:\/\/365-housse.com\/es\/wp-json\/wp\/v2\/types\/product"}],"replies":[{"embeddable":true,"href":"https:\/\/365-housse.com\/es\/wp-json\/wp\/v2\/comments?post=20949"}],"wp:featuredmedia":[{"embeddable":true,"href":"https:\/\/365-housse.com\/es\/wp-json\/wp\/v2\/media\/15365"}],"wp:attachment":[{"href":"https:\/\/365-housse.com\/es\/wp-json\/wp\/v2\/media?parent=20949"}],"wp:term":[{"taxonomy":"product_cat","embeddable":true,"href":"https:\/\/365-housse.com\/es\/wp-json\/wp\/v2\/product_cat?post=20949"},{"taxonomy":"product_tag","embeddable":true,"href":"https:\/\/365-housse.com\/es\/wp-json\/wp\/v2\/product_tag?post=20949"}],"curies":[{"name":"wp","href":"https:\/\/api.w.org\/{rel}","templated":true}]}}