{"id":20952,"date":"2023-06-12T07:59:06","date_gmt":"2023-06-12T07:59:06","guid":{"rendered":"https:\/\/365-housse.com\/products\/etui-passeport-lifestyle\/"},"modified":"2024-09-17T15:13:52","modified_gmt":"2024-09-17T15:13:52","slug":"etui-passeport-lifestyle","status":"publish","type":"product","link":"https:\/\/365-housse.com\/es\/productos\/etui-passeport-lifestyle\/","title":{"rendered":"Funda para pasaporte estilo de vida"},"content":{"rendered":"<h2>\u00a1Vive tu mejor <strong>experiencia de estilo de vida<\/strong> con el estuche Lifestyle Passport! Elige tu estilo de vida: viajero, mochilero, etc. y v\u00edvelo como quieras.<\/h2>\n<h3>Ventajas de la funda para pasaporte Lifestyle:<\/h3>\n<ul>\n<li>\n<p>Clutch chic, elegante y pr\u00e1ctico<\/p>\n<\/li>\n<li>\n<p>Ideal para vacaciones, fines de semana, etc.<\/p>\n<\/li>\n<li>\n<p>Ligero y protector<\/p>\n<\/li>\n<li>\n<p>Mant\u00e9n tu pasaporte y documentos seguros<\/p>\n<\/li>\n<li>\n<p><strong>IMPRESCINDIBLE<\/strong>: el compa\u00f1ero de viaje ideal<\/p>\n<\/li>\n<li>\n<p>Adecuado para pasaporte, tarjetas de cr\u00e9dito, etc.<\/p>\n<\/li>\n<\/ul>\n<p><strong>Caracter\u00edsticas:<\/strong><\/p>\n<ul>\n<li>\n<p>Material: Poliuretano de alta calidad<\/p>\n<\/li>\n<li>\n<p>Forma adaptada y pr\u00e1ctica para facilitar su uso<\/p>\n<\/li>\n<li>\n<p>Tama\u00f1o: (largo x ancho): 14*9,5 cm<\/p>\n<\/li>\n<li>\n<p>Peso: 0,50 g<\/p>\n<\/li>\n<\/ul>\n","protected":false},"excerpt":{"rendered":"<p>\u00a1Vive tu mejor experiencia de estilo de vida con el estuche Lifestyle Passport! Elige tu estilo de vida: viajero, mochilero, etc. y v\u00edvelo como quieras. Ventajas de la funda para pasaporte Lifestyle: Clutch chic, elegante y pr\u00e1ctico Ideal para vacaciones, fines de semana, etc. Ligero y protector Mant\u00e9n tu pasaporte y documentos seguros IMPRESCINDIBLE: el [&hellip;]<\/p>\n","protected":false},"featured_media":15352,"comment_status":"open","ping_status":"closed","template":"","meta":[],"product_cat":[190,192],"product_tag":[214],"class_list":{"0":"post-20952","1":"product","2":"type-product","3":"status-publish","4":"has-post-thumbnail","6":"product_cat-caso","7":"product_cat-titular-de-pasaporte","8":"product_tag-passeport-es","10":"first","11":"instock","12":"shipping-taxable","13":"purchasable","14":"product-type-simple"},"yoast_head":"<title>Funda para pasaporte estilo de vida en entrega - gratis Ahorra un 30% en tu pedido<\/title>\n<meta name=\"description\" content=\"Recibe tu Funda para pasaporte estilo de vida hoy y benef\u00edciate de la entrega - gratuita Env\u00edo en 24\/48h\" \/>\n<meta name=\"robots\" content=\"index, follow, max-snippet:-1, max-image-preview:large, max-video-preview:-1\" \/>\n<link rel=\"canonical\" href=\"https:\/\/365-housse.com\/es\/productos\/etui-passeport-lifestyle\/\" \/>\n<meta property=\"og:locale\" content=\"es_ES\" \/>\n<meta property=\"og:type\" content=\"article\" \/>\n<meta property=\"og:title\" content=\"Funda para pasaporte estilo de vida en entrega - gratis Ahorra un 30% en tu pedido\" \/>\n<meta property=\"og:description\" content=\"Recibe tu Funda para pasaporte estilo de vida hoy y benef\u00edciate de la entrega - gratuita Env\u00edo en 24\/48h\" \/>\n<meta property=\"og:url\" content=\"https:\/\/365-housse.com\/es\/productos\/etui-passeport-lifestyle\/\" \/>\n<meta property=\"og:site_name\" content=\"Housse de Canap\u00e9\" \/>\n<meta property=\"article:modified_time\" content=\"2024-09-17T15:13:52+00:00\" \/>\n<meta property=\"og:image\" content=\"https:\/\/365-housse.com\/wp-content\/uploads\/2023\/06\/etui-passeport-lifestyle.png\" \/>\n\t<meta property=\"og:image:width\" content=\"497\" \/>\n\t<meta property=\"og:image:height\" content=\"502\" \/>\n\t<meta property=\"og:image:type\" content=\"image\/png\" \/>\n<meta name=\"twitter:card\" content=\"summary_large_image\" \/>\n<script type=\"application\/ld+json\" class=\"yoast-schema-graph\">{\"@context\":\"https:\/\/schema.org\",\"@graph\":[{\"@type\":\"WebPage\",\"@id\":\"https:\/\/365-housse.com\/es\/productos\/etui-passeport-lifestyle\/\",\"url\":\"https:\/\/365-housse.com\/es\/productos\/etui-passeport-lifestyle\/\",\"name\":\"Funda para pasaporte estilo de vida en entrega - gratis Ahorra un 30% en tu pedido\",\"isPartOf\":{\"@id\":\"https:\/\/365-housse.com\/es\/#website\"},\"primaryImageOfPage\":{\"@id\":\"https:\/\/365-housse.com\/es\/productos\/etui-passeport-lifestyle\/#primaryimage\"},\"image\":{\"@id\":\"https:\/\/365-housse.com\/es\/productos\/etui-passeport-lifestyle\/#primaryimage\"},\"thumbnailUrl\":\"https:\/\/365-housse.com\/wp-content\/uploads\/2023\/06\/etui-passeport-lifestyle.png\",\"datePublished\":\"2023-06-12T07:59:06+00:00\",\"dateModified\":\"2024-09-17T15:13:52+00:00\",\"description\":\"Recibe tu Funda para pasaporte estilo de vida hoy y benef\u00edciate de la entrega - gratuita Env\u00edo en 24\/48h\",\"breadcrumb\":{\"@id\":\"https:\/\/365-housse.com\/es\/productos\/etui-passeport-lifestyle\/#breadcrumb\"},\"inLanguage\":\"es\",\"potentialAction\":[{\"@type\":\"ReadAction\",\"target\":[\"https:\/\/365-housse.com\/es\/productos\/etui-passeport-lifestyle\/\"]}]},{\"@type\":\"ImageObject\",\"inLanguage\":\"es\",\"@id\":\"https:\/\/365-housse.com\/es\/productos\/etui-passeport-lifestyle\/#primaryimage\",\"url\":\"https:\/\/365-housse.com\/wp-content\/uploads\/2023\/06\/etui-passeport-lifestyle.png\",\"contentUrl\":\"https:\/\/365-housse.com\/wp-content\/uploads\/2023\/06\/etui-passeport-lifestyle.png\",\"width\":497,\"height\":502},{\"@type\":\"BreadcrumbList\",\"@id\":\"https:\/\/365-housse.com\/es\/productos\/etui-passeport-lifestyle\/#breadcrumb\",\"itemListElement\":[{\"@type\":\"ListItem\",\"position\":1,\"name\":\"Accueil\",\"item\":\"https:\/\/365-housse.com\/es\/\"},{\"@type\":\"ListItem\",\"position\":2,\"name\":\"Tienda\",\"item\":\"https:\/\/365-housse.com\/es\/tienda\/\"},{\"@type\":\"ListItem\",\"position\":3,\"name\":\"Funda para pasaporte estilo de vida\"}]},{\"@type\":\"WebSite\",\"@id\":\"https:\/\/365-housse.com\/es\/#website\",\"url\":\"https:\/\/365-housse.com\/es\/\",\"name\":\"Housse de Canap\u00e9\",\"description\":\"Le N\u00b01 de la Housse\",\"publisher\":{\"@id\":\"https:\/\/365-housse.com\/es\/#organization\"},\"potentialAction\":[{\"@type\":\"SearchAction\",\"target\":{\"@type\":\"EntryPoint\",\"urlTemplate\":\"https:\/\/365-housse.com\/es\/?s={search_term_string}\"},\"query-input\":{\"@type\":\"PropertyValueSpecification\",\"valueRequired\":true,\"valueName\":\"search_term_string\"}}],\"inLanguage\":\"es\"},{\"@type\":\"Organization\",\"@id\":\"https:\/\/365-housse.com\/es\/#organization\",\"name\":\"Housse de Canap\u00e9\",\"url\":\"https:\/\/365-housse.com\/es\/\",\"logo\":{\"@type\":\"ImageObject\",\"inLanguage\":\"es\",\"@id\":\"https:\/\/365-housse.com\/es\/#\/schema\/logo\/image\/\",\"url\":\"https:\/\/365-housse.com\/wp-content\/uploads\/2023\/06\/LOGO-400-\u00d7-200-px-392-x-134-px-16.png\",\"contentUrl\":\"https:\/\/365-housse.com\/wp-content\/uploads\/2023\/06\/LOGO-400-\u00d7-200-px-392-x-134-px-16.png\",\"width\":392,\"height\":134,\"caption\":\"Housse de Canap\u00e9\"},\"image\":{\"@id\":\"https:\/\/365-housse.com\/es\/#\/schema\/logo\/image\/\"}}]}<\/script>","yoast_head_json":{"title":"Funda para pasaporte estilo de vida en entrega - gratis Ahorra un 30% en tu pedido","description":"Recibe tu Funda para pasaporte estilo de vida hoy y benef\u00edciate de la entrega - gratuita Env\u00edo en 24\/48h","robots":{"index":"index","follow":"follow","max-snippet":"max-snippet:-1","max-image-preview":"max-image-preview:large","max-video-preview":"max-video-preview:-1"},"canonical":"https:\/\/365-housse.com\/es\/productos\/etui-passeport-lifestyle\/","og_locale":"es_ES","og_type":"article","og_title":"Funda para pasaporte estilo de vida en entrega - gratis Ahorra un 30% en tu pedido","og_description":"Recibe tu Funda para pasaporte estilo de vida hoy y benef\u00edciate de la entrega - gratuita Env\u00edo en 24\/48h","og_url":"https:\/\/365-housse.com\/es\/productos\/etui-passeport-lifestyle\/","og_site_name":"Housse de Canap\u00e9","article_modified_time":"2024-09-17T15:13:52+00:00","og_image":[{"width":497,"height":502,"url":"https:\/\/365-housse.com\/wp-content\/uploads\/2023\/06\/etui-passeport-lifestyle.png","type":"image\/png"}],"twitter_card":"summary_large_image","schema":{"@context":"https:\/\/schema.org","@graph":[{"@type":"WebPage","@id":"https:\/\/365-housse.com\/es\/productos\/etui-passeport-lifestyle\/","url":"https:\/\/365-housse.com\/es\/productos\/etui-passeport-lifestyle\/","name":"Funda para pasaporte estilo de vida en entrega - gratis Ahorra un 30% en tu pedido","isPartOf":{"@id":"https:\/\/365-housse.com\/es\/#website"},"primaryImageOfPage":{"@id":"https:\/\/365-housse.com\/es\/productos\/etui-passeport-lifestyle\/#primaryimage"},"image":{"@id":"https:\/\/365-housse.com\/es\/productos\/etui-passeport-lifestyle\/#primaryimage"},"thumbnailUrl":"https:\/\/365-housse.com\/wp-content\/uploads\/2023\/06\/etui-passeport-lifestyle.png","datePublished":"2023-06-12T07:59:06+00:00","dateModified":"2024-09-17T15:13:52+00:00","description":"Recibe tu Funda para pasaporte estilo de vida hoy y benef\u00edciate de la entrega - gratuita Env\u00edo en 24\/48h","breadcrumb":{"@id":"https:\/\/365-housse.com\/es\/productos\/etui-passeport-lifestyle\/#breadcrumb"},"inLanguage":"es","potentialAction":[{"@type":"ReadAction","target":["https:\/\/365-housse.com\/es\/productos\/etui-passeport-lifestyle\/"]}]},{"@type":"ImageObject","inLanguage":"es","@id":"https:\/\/365-housse.com\/es\/productos\/etui-passeport-lifestyle\/#primaryimage","url":"https:\/\/365-housse.com\/wp-content\/uploads\/2023\/06\/etui-passeport-lifestyle.png","contentUrl":"https:\/\/365-housse.com\/wp-content\/uploads\/2023\/06\/etui-passeport-lifestyle.png","width":497,"height":502},{"@type":"BreadcrumbList","@id":"https:\/\/365-housse.com\/es\/productos\/etui-passeport-lifestyle\/#breadcrumb","itemListElement":[{"@type":"ListItem","position":1,"name":"Accueil","item":"https:\/\/365-housse.com\/es\/"},{"@type":"ListItem","position":2,"name":"Tienda","item":"https:\/\/365-housse.com\/es\/tienda\/"},{"@type":"ListItem","position":3,"name":"Funda para pasaporte estilo de vida"}]},{"@type":"WebSite","@id":"https:\/\/365-housse.com\/es\/#website","url":"https:\/\/365-housse.com\/es\/","name":"Housse de Canap\u00e9","description":"Le N\u00b01 de la Housse","publisher":{"@id":"https:\/\/365-housse.com\/es\/#organization"},"potentialAction":[{"@type":"SearchAction","target":{"@type":"EntryPoint","urlTemplate":"https:\/\/365-housse.com\/es\/?s={search_term_string}"},"query-input":{"@type":"PropertyValueSpecification","valueRequired":true,"valueName":"search_term_string"}}],"inLanguage":"es"},{"@type":"Organization","@id":"https:\/\/365-housse.com\/es\/#organization","name":"Housse de Canap\u00e9","url":"https:\/\/365-housse.com\/es\/","logo":{"@type":"ImageObject","inLanguage":"es","@id":"https:\/\/365-housse.com\/es\/#\/schema\/logo\/image\/","url":"https:\/\/365-housse.com\/wp-content\/uploads\/2023\/06\/LOGO-400-\u00d7-200-px-392-x-134-px-16.png","contentUrl":"https:\/\/365-housse.com\/wp-content\/uploads\/2023\/06\/LOGO-400-\u00d7-200-px-392-x-134-px-16.png","width":392,"height":134,"caption":"Housse de Canap\u00e9"},"image":{"@id":"https:\/\/365-housse.com\/es\/#\/schema\/logo\/image\/"}}]}},"_links":{"self":[{"href":"https:\/\/365-housse.com\/es\/wp-json\/wp\/v2\/product\/20952"}],"collection":[{"href":"https:\/\/365-housse.com\/es\/wp-json\/wp\/v2\/product"}],"about":[{"href":"https:\/\/365-housse.com\/es\/wp-json\/wp\/v2\/types\/product"}],"replies":[{"embeddable":true,"href":"https:\/\/365-housse.com\/es\/wp-json\/wp\/v2\/comments?post=20952"}],"wp:featuredmedia":[{"embeddable":true,"href":"https:\/\/365-housse.com\/es\/wp-json\/wp\/v2\/media\/15352"}],"wp:attachment":[{"href":"https:\/\/365-housse.com\/es\/wp-json\/wp\/v2\/media?parent=20952"}],"wp:term":[{"taxonomy":"product_cat","embeddable":true,"href":"https:\/\/365-housse.com\/es\/wp-json\/wp\/v2\/product_cat?post=20952"},{"taxonomy":"product_tag","embeddable":true,"href":"https:\/\/365-housse.com\/es\/wp-json\/wp\/v2\/product_tag?post=20952"}],"curies":[{"name":"wp","href":"https:\/\/api.w.org\/{rel}","templated":true}]}}