{"id":20956,"date":"2023-06-12T07:59:03","date_gmt":"2023-06-12T07:59:03","guid":{"rendered":"https:\/\/365-housse.com\/products\/etui-a-cigarette-metal\/"},"modified":"2024-09-17T15:13:53","modified_gmt":"2024-09-17T15:13:53","slug":"etui-a-cigarette-metal","status":"publish","type":"product","link":"https:\/\/365-housse.com\/es\/productos\/etui-a-cigarette-metal\/","title":{"rendered":"Pitillera met\u00e1lica"},"content":{"rendered":"<h2><span data-mce-fragment=\"1\">\u00a1Usa la <strong>pitillera de metal<\/strong>! El mejor compa\u00f1ero de viaje para tener sin duda. Muy funcional y entretenido, est\u00e1 fabricado en material met\u00e1lico, resistente al agua, resistente, duradero y no mojar\u00e1 tus cigarrillos. <\/span><\/h2>\n<ul>\n<li>\n<p><span>Material: <strong>Metal<\/strong><\/span><\/p>\n<\/li>\n<li>\n<p><span><strong>Calidad superior<\/strong><\/span><\/p>\n<\/li>\n<li>\n<p><span><strong>Estuche de doble cara<\/strong><\/span><\/p>\n<\/li>\n<li>\n<p><span data-mce-fragment=\"1\"><strong>Desgaste duradero<\/strong>, presi\u00f3n y protege los cigarrillos contra da\u00f1os.<\/span><\/p>\n<\/li>\n<li>\n<p><span data-mce-fragment=\"1\">La correa interior protege el cigarrillo contra ca\u00eddas<\/span><\/p>\n<\/li>\n<li>\n<p>El tabaco <span> <\/span><strong>ya no se secar\u00e1<\/strong> <\/p>\n<\/li>\n<li>\n<p><span><strong>Carcasa de larga duraci\u00f3n<\/strong> que proporciona una <strong>protecci\u00f3n \u00f3ptima<\/strong> contra aplastamientos<\/span><\/p>\n<\/li>\n<li>\n<p><span>Idea de regalo perfecta<\/span><\/p>\n<\/li>\n<li>\n<p><span>Contiene: 18 cigarrillos <\/span><\/p>\n<\/li>\n<li>\n<p><span> <strong>Ligero y port\u00e1til<\/strong>: f\u00e1cil de transportar<\/span><\/p>\n<\/li>\n<li>Tama\u00f1o: ver imagen<\/li>\n<\/ul>\n<p><img decoding=\"async\" alt=\"\" height=\"300\" src=\"https:\/\/365-housse.com\/wp-content\/uploads\/2023\/06\/taille-etui-a-cigarette-metal_480x480.jpg?v =1630056597\" \/><\/p>\n","protected":false},"excerpt":{"rendered":"<p>\u00a1Usa la pitillera de metal! El mejor compa\u00f1ero de viaje para tener sin duda. Muy funcional y entretenido, est\u00e1 fabricado en material met\u00e1lico, resistente al agua, resistente, duradero y no mojar\u00e1 tus cigarrillos. Material: Metal Calidad superior Estuche de doble cara Desgaste duradero, presi\u00f3n y protege los cigarrillos contra da\u00f1os. La correa interior protege el [&hellip;]<\/p>\n","protected":false},"featured_media":15344,"comment_status":"open","ping_status":"closed","template":"","meta":[],"product_cat":[190,193],"product_tag":[215],"class_list":{"0":"post-20956","1":"product","2":"type-product","3":"status-publish","4":"has-post-thumbnail","6":"product_cat-caso","7":"product_cat-pitillera","8":"product_tag-etui-es","10":"first","11":"instock","12":"shipping-taxable","13":"purchasable","14":"product-type-simple"},"yoast_head":"<title>Pitillera met\u00e1lica en entrega - gratis Ahorra un 30% en tu pedido<\/title>\n<meta name=\"description\" content=\"Recibe tu Pitillera met\u00e1lica hoy y benef\u00edciate de la entrega - gratuita Env\u00edo en 24\/48h\" \/>\n<meta name=\"robots\" content=\"index, follow, max-snippet:-1, max-image-preview:large, max-video-preview:-1\" \/>\n<link rel=\"canonical\" href=\"https:\/\/365-housse.com\/es\/productos\/etui-a-cigarette-metal\/\" \/>\n<meta property=\"og:locale\" content=\"es_ES\" \/>\n<meta property=\"og:type\" content=\"article\" \/>\n<meta property=\"og:title\" content=\"Pitillera met\u00e1lica en entrega - gratis Ahorra un 30% en tu pedido\" \/>\n<meta property=\"og:description\" content=\"Recibe tu Pitillera met\u00e1lica hoy y benef\u00edciate de la entrega - gratuita Env\u00edo en 24\/48h\" \/>\n<meta property=\"og:url\" content=\"https:\/\/365-housse.com\/es\/productos\/etui-a-cigarette-metal\/\" \/>\n<meta property=\"og:site_name\" content=\"Housse de Canap\u00e9\" \/>\n<meta property=\"article:modified_time\" content=\"2024-09-17T15:13:53+00:00\" \/>\n<meta property=\"og:image\" content=\"https:\/\/365-housse.com\/wp-content\/uploads\/2023\/06\/etui-a-cigarette-metal.png\" \/>\n\t<meta property=\"og:image:width\" content=\"504\" \/>\n\t<meta property=\"og:image:height\" content=\"495\" \/>\n\t<meta property=\"og:image:type\" content=\"image\/png\" \/>\n<meta name=\"twitter:card\" content=\"summary_large_image\" \/>\n<meta name=\"twitter:label1\" content=\"Tiempo de lectura\" \/>\n\t<meta name=\"twitter:data1\" content=\"1 minuto\" \/>\n<script type=\"application\/ld+json\" class=\"yoast-schema-graph\">{\"@context\":\"https:\/\/schema.org\",\"@graph\":[{\"@type\":\"WebPage\",\"@id\":\"https:\/\/365-housse.com\/es\/productos\/etui-a-cigarette-metal\/\",\"url\":\"https:\/\/365-housse.com\/es\/productos\/etui-a-cigarette-metal\/\",\"name\":\"Pitillera met\u00e1lica en entrega - gratis Ahorra un 30% en tu pedido\",\"isPartOf\":{\"@id\":\"https:\/\/365-housse.com\/es\/#website\"},\"primaryImageOfPage\":{\"@id\":\"https:\/\/365-housse.com\/es\/productos\/etui-a-cigarette-metal\/#primaryimage\"},\"image\":{\"@id\":\"https:\/\/365-housse.com\/es\/productos\/etui-a-cigarette-metal\/#primaryimage\"},\"thumbnailUrl\":\"https:\/\/365-housse.com\/wp-content\/uploads\/2023\/06\/etui-a-cigarette-metal.png\",\"datePublished\":\"2023-06-12T07:59:03+00:00\",\"dateModified\":\"2024-09-17T15:13:53+00:00\",\"description\":\"Recibe tu Pitillera met\u00e1lica hoy y benef\u00edciate de la entrega - gratuita Env\u00edo en 24\/48h\",\"breadcrumb\":{\"@id\":\"https:\/\/365-housse.com\/es\/productos\/etui-a-cigarette-metal\/#breadcrumb\"},\"inLanguage\":\"es\",\"potentialAction\":[{\"@type\":\"ReadAction\",\"target\":[\"https:\/\/365-housse.com\/es\/productos\/etui-a-cigarette-metal\/\"]}]},{\"@type\":\"ImageObject\",\"inLanguage\":\"es\",\"@id\":\"https:\/\/365-housse.com\/es\/productos\/etui-a-cigarette-metal\/#primaryimage\",\"url\":\"https:\/\/365-housse.com\/wp-content\/uploads\/2023\/06\/etui-a-cigarette-metal.png\",\"contentUrl\":\"https:\/\/365-housse.com\/wp-content\/uploads\/2023\/06\/etui-a-cigarette-metal.png\",\"width\":504,\"height\":495},{\"@type\":\"BreadcrumbList\",\"@id\":\"https:\/\/365-housse.com\/es\/productos\/etui-a-cigarette-metal\/#breadcrumb\",\"itemListElement\":[{\"@type\":\"ListItem\",\"position\":1,\"name\":\"Accueil\",\"item\":\"https:\/\/365-housse.com\/es\/\"},{\"@type\":\"ListItem\",\"position\":2,\"name\":\"Tienda\",\"item\":\"https:\/\/365-housse.com\/es\/tienda\/\"},{\"@type\":\"ListItem\",\"position\":3,\"name\":\"Pitillera met\u00e1lica\"}]},{\"@type\":\"WebSite\",\"@id\":\"https:\/\/365-housse.com\/es\/#website\",\"url\":\"https:\/\/365-housse.com\/es\/\",\"name\":\"Housse de Canap\u00e9\",\"description\":\"Le N\u00b01 de la Housse\",\"publisher\":{\"@id\":\"https:\/\/365-housse.com\/es\/#organization\"},\"potentialAction\":[{\"@type\":\"SearchAction\",\"target\":{\"@type\":\"EntryPoint\",\"urlTemplate\":\"https:\/\/365-housse.com\/es\/?s={search_term_string}\"},\"query-input\":{\"@type\":\"PropertyValueSpecification\",\"valueRequired\":true,\"valueName\":\"search_term_string\"}}],\"inLanguage\":\"es\"},{\"@type\":\"Organization\",\"@id\":\"https:\/\/365-housse.com\/es\/#organization\",\"name\":\"Housse de Canap\u00e9\",\"url\":\"https:\/\/365-housse.com\/es\/\",\"logo\":{\"@type\":\"ImageObject\",\"inLanguage\":\"es\",\"@id\":\"https:\/\/365-housse.com\/es\/#\/schema\/logo\/image\/\",\"url\":\"https:\/\/365-housse.com\/wp-content\/uploads\/2023\/06\/LOGO-400-\u00d7-200-px-392-x-134-px-16.png\",\"contentUrl\":\"https:\/\/365-housse.com\/wp-content\/uploads\/2023\/06\/LOGO-400-\u00d7-200-px-392-x-134-px-16.png\",\"width\":392,\"height\":134,\"caption\":\"Housse de Canap\u00e9\"},\"image\":{\"@id\":\"https:\/\/365-housse.com\/es\/#\/schema\/logo\/image\/\"}}]}<\/script>","yoast_head_json":{"title":"Pitillera met\u00e1lica en entrega - gratis Ahorra un 30% en tu pedido","description":"Recibe tu Pitillera met\u00e1lica hoy y benef\u00edciate de la entrega - gratuita Env\u00edo en 24\/48h","robots":{"index":"index","follow":"follow","max-snippet":"max-snippet:-1","max-image-preview":"max-image-preview:large","max-video-preview":"max-video-preview:-1"},"canonical":"https:\/\/365-housse.com\/es\/productos\/etui-a-cigarette-metal\/","og_locale":"es_ES","og_type":"article","og_title":"Pitillera met\u00e1lica en entrega - gratis Ahorra un 30% en tu pedido","og_description":"Recibe tu Pitillera met\u00e1lica hoy y benef\u00edciate de la entrega - gratuita Env\u00edo en 24\/48h","og_url":"https:\/\/365-housse.com\/es\/productos\/etui-a-cigarette-metal\/","og_site_name":"Housse de Canap\u00e9","article_modified_time":"2024-09-17T15:13:53+00:00","og_image":[{"width":504,"height":495,"url":"https:\/\/365-housse.com\/wp-content\/uploads\/2023\/06\/etui-a-cigarette-metal.png","type":"image\/png"}],"twitter_card":"summary_large_image","twitter_misc":{"Tiempo de lectura":"1 minuto"},"schema":{"@context":"https:\/\/schema.org","@graph":[{"@type":"WebPage","@id":"https:\/\/365-housse.com\/es\/productos\/etui-a-cigarette-metal\/","url":"https:\/\/365-housse.com\/es\/productos\/etui-a-cigarette-metal\/","name":"Pitillera met\u00e1lica en entrega - gratis Ahorra un 30% en tu pedido","isPartOf":{"@id":"https:\/\/365-housse.com\/es\/#website"},"primaryImageOfPage":{"@id":"https:\/\/365-housse.com\/es\/productos\/etui-a-cigarette-metal\/#primaryimage"},"image":{"@id":"https:\/\/365-housse.com\/es\/productos\/etui-a-cigarette-metal\/#primaryimage"},"thumbnailUrl":"https:\/\/365-housse.com\/wp-content\/uploads\/2023\/06\/etui-a-cigarette-metal.png","datePublished":"2023-06-12T07:59:03+00:00","dateModified":"2024-09-17T15:13:53+00:00","description":"Recibe tu Pitillera met\u00e1lica hoy y benef\u00edciate de la entrega - gratuita Env\u00edo en 24\/48h","breadcrumb":{"@id":"https:\/\/365-housse.com\/es\/productos\/etui-a-cigarette-metal\/#breadcrumb"},"inLanguage":"es","potentialAction":[{"@type":"ReadAction","target":["https:\/\/365-housse.com\/es\/productos\/etui-a-cigarette-metal\/"]}]},{"@type":"ImageObject","inLanguage":"es","@id":"https:\/\/365-housse.com\/es\/productos\/etui-a-cigarette-metal\/#primaryimage","url":"https:\/\/365-housse.com\/wp-content\/uploads\/2023\/06\/etui-a-cigarette-metal.png","contentUrl":"https:\/\/365-housse.com\/wp-content\/uploads\/2023\/06\/etui-a-cigarette-metal.png","width":504,"height":495},{"@type":"BreadcrumbList","@id":"https:\/\/365-housse.com\/es\/productos\/etui-a-cigarette-metal\/#breadcrumb","itemListElement":[{"@type":"ListItem","position":1,"name":"Accueil","item":"https:\/\/365-housse.com\/es\/"},{"@type":"ListItem","position":2,"name":"Tienda","item":"https:\/\/365-housse.com\/es\/tienda\/"},{"@type":"ListItem","position":3,"name":"Pitillera met\u00e1lica"}]},{"@type":"WebSite","@id":"https:\/\/365-housse.com\/es\/#website","url":"https:\/\/365-housse.com\/es\/","name":"Housse de Canap\u00e9","description":"Le N\u00b01 de la Housse","publisher":{"@id":"https:\/\/365-housse.com\/es\/#organization"},"potentialAction":[{"@type":"SearchAction","target":{"@type":"EntryPoint","urlTemplate":"https:\/\/365-housse.com\/es\/?s={search_term_string}"},"query-input":{"@type":"PropertyValueSpecification","valueRequired":true,"valueName":"search_term_string"}}],"inLanguage":"es"},{"@type":"Organization","@id":"https:\/\/365-housse.com\/es\/#organization","name":"Housse de Canap\u00e9","url":"https:\/\/365-housse.com\/es\/","logo":{"@type":"ImageObject","inLanguage":"es","@id":"https:\/\/365-housse.com\/es\/#\/schema\/logo\/image\/","url":"https:\/\/365-housse.com\/wp-content\/uploads\/2023\/06\/LOGO-400-\u00d7-200-px-392-x-134-px-16.png","contentUrl":"https:\/\/365-housse.com\/wp-content\/uploads\/2023\/06\/LOGO-400-\u00d7-200-px-392-x-134-px-16.png","width":392,"height":134,"caption":"Housse de Canap\u00e9"},"image":{"@id":"https:\/\/365-housse.com\/es\/#\/schema\/logo\/image\/"}}]}},"_links":{"self":[{"href":"https:\/\/365-housse.com\/es\/wp-json\/wp\/v2\/product\/20956"}],"collection":[{"href":"https:\/\/365-housse.com\/es\/wp-json\/wp\/v2\/product"}],"about":[{"href":"https:\/\/365-housse.com\/es\/wp-json\/wp\/v2\/types\/product"}],"replies":[{"embeddable":true,"href":"https:\/\/365-housse.com\/es\/wp-json\/wp\/v2\/comments?post=20956"}],"wp:featuredmedia":[{"embeddable":true,"href":"https:\/\/365-housse.com\/es\/wp-json\/wp\/v2\/media\/15344"}],"wp:attachment":[{"href":"https:\/\/365-housse.com\/es\/wp-json\/wp\/v2\/media?parent=20956"}],"wp:term":[{"taxonomy":"product_cat","embeddable":true,"href":"https:\/\/365-housse.com\/es\/wp-json\/wp\/v2\/product_cat?post=20956"},{"taxonomy":"product_tag","embeddable":true,"href":"https:\/\/365-housse.com\/es\/wp-json\/wp\/v2\/product_tag?post=20956"}],"curies":[{"name":"wp","href":"https:\/\/api.w.org\/{rel}","templated":true}]}}