{"id":20958,"date":"2023-06-12T07:59:03","date_gmt":"2023-06-12T07:59:03","guid":{"rendered":"https:\/\/365-housse.com\/products\/etui-a-cigarette-personnalise\/"},"modified":"2024-09-17T15:13:54","modified_gmt":"2024-09-17T15:13:54","slug":"etui-a-cigarette-personnalise","status":"publish","type":"product","link":"https:\/\/365-housse.com\/es\/productos\/etui-a-cigarette-personnalise\/","title":{"rendered":"Pitillera personalizada"},"content":{"rendered":"<h2><span>\u00bfEst\u00e1s buscando una manera de <strong>proteger<\/strong> y <strong>mejorar<\/strong> tu paquete de cigarrillos? Descubra nuestra <strong>funda protectora<\/strong> para cigarrillos personalizada, con capacidad para hasta 20 cigarrillos.<\/span><\/h2>\n<ul>\n<li><strong>Material: Pl\u00e1stico.<\/strong><\/li>\n<li><strong>Robusto,<\/strong> es resistente al desgaste y a la compresi\u00f3n y protege los cigarrillos contra da\u00f1os.<\/li>\n<li>El tabaco <strong>no se deteriora<\/strong>.<\/li>\n<li><strong>Funda duradera<\/strong> que ofrece una <strong>protecci\u00f3n \u00f3ptima<\/strong> contra aplastamientos.<\/li>\n<li>Se adapta a paquetes de cigarrillos est\u00e1ndar.<\/li>\n<li><strong>Ligero y pr\u00e1ctico<\/strong>, es f\u00e1cil de transportar.<\/li>\n<li>Tama\u00f1o: ver imagen.<\/li>\n<\/ul>\n<p><img decoding=\"async\" alt=\"\" height=\"378\" src=\"https:\/\/365-housse.com\/wp-content\/uploads\/2023\/06\/etui-cigarette-personnalise_480x480.jpg?v=1629997865\" \/><\/p>\n","protected":false},"excerpt":{"rendered":"<p>\u00bfEst\u00e1s buscando una manera de proteger y mejorar tu paquete de cigarrillos? Descubra nuestra funda protectora para cigarrillos personalizada, con capacidad para hasta 20 cigarrillos. Material: Pl\u00e1stico. Robusto, es resistente al desgaste y a la compresi\u00f3n y protege los cigarrillos contra da\u00f1os. El tabaco no se deteriora. Funda duradera que ofrece una protecci\u00f3n \u00f3ptima contra [&hellip;]<\/p>\n","protected":false},"featured_media":15350,"comment_status":"open","ping_status":"closed","template":"","meta":[],"product_cat":[190,189,193],"product_tag":[215],"class_list":{"0":"post-20958","1":"product","2":"type-product","3":"status-publish","4":"has-post-thumbnail","6":"product_cat-caso","7":"product_cat-los-mas-vendidos","8":"product_cat-pitillera","9":"product_tag-etui-es","11":"first","12":"instock","13":"shipping-taxable","14":"purchasable","15":"product-type-simple"},"yoast_head":"<title>Pitillera personalizada en entrega - gratis Ahorra un 30% en tu pedido<\/title>\n<meta name=\"description\" content=\"Recibe tu Pitillera personalizada hoy y benef\u00edciate de la entrega - gratuita Env\u00edo en 24\/48h\" \/>\n<meta name=\"robots\" content=\"index, follow, max-snippet:-1, max-image-preview:large, max-video-preview:-1\" \/>\n<link rel=\"canonical\" href=\"https:\/\/365-housse.com\/es\/productos\/etui-a-cigarette-personnalise\/\" \/>\n<meta property=\"og:locale\" content=\"es_ES\" \/>\n<meta property=\"og:type\" content=\"article\" \/>\n<meta property=\"og:title\" content=\"Pitillera personalizada en entrega - gratis Ahorra un 30% en tu pedido\" \/>\n<meta property=\"og:description\" content=\"Recibe tu Pitillera personalizada hoy y benef\u00edciate de la entrega - gratuita Env\u00edo en 24\/48h\" \/>\n<meta property=\"og:url\" content=\"https:\/\/365-housse.com\/es\/productos\/etui-a-cigarette-personnalise\/\" \/>\n<meta property=\"og:site_name\" content=\"Housse de Canap\u00e9\" \/>\n<meta property=\"article:modified_time\" content=\"2024-09-17T15:13:54+00:00\" \/>\n<meta property=\"og:image\" content=\"https:\/\/365-housse.com\/wp-content\/uploads\/2023\/06\/etui-a-cigarette-personnalise.png\" \/>\n\t<meta property=\"og:image:width\" content=\"818\" \/>\n\t<meta property=\"og:image:height\" content=\"938\" \/>\n\t<meta property=\"og:image:type\" content=\"image\/png\" \/>\n<meta name=\"twitter:card\" content=\"summary_large_image\" \/>\n<script type=\"application\/ld+json\" class=\"yoast-schema-graph\">{\"@context\":\"https:\/\/schema.org\",\"@graph\":[{\"@type\":\"WebPage\",\"@id\":\"https:\/\/365-housse.com\/es\/productos\/etui-a-cigarette-personnalise\/\",\"url\":\"https:\/\/365-housse.com\/es\/productos\/etui-a-cigarette-personnalise\/\",\"name\":\"Pitillera personalizada en entrega - gratis Ahorra un 30% en tu pedido\",\"isPartOf\":{\"@id\":\"https:\/\/365-housse.com\/es\/#website\"},\"primaryImageOfPage\":{\"@id\":\"https:\/\/365-housse.com\/es\/productos\/etui-a-cigarette-personnalise\/#primaryimage\"},\"image\":{\"@id\":\"https:\/\/365-housse.com\/es\/productos\/etui-a-cigarette-personnalise\/#primaryimage\"},\"thumbnailUrl\":\"https:\/\/365-housse.com\/wp-content\/uploads\/2023\/06\/etui-a-cigarette-personnalise.jpg\",\"datePublished\":\"2023-06-12T07:59:03+00:00\",\"dateModified\":\"2024-09-17T15:13:54+00:00\",\"description\":\"Recibe tu Pitillera personalizada hoy y benef\u00edciate de la entrega - gratuita Env\u00edo en 24\/48h\",\"breadcrumb\":{\"@id\":\"https:\/\/365-housse.com\/es\/productos\/etui-a-cigarette-personnalise\/#breadcrumb\"},\"inLanguage\":\"es\",\"potentialAction\":[{\"@type\":\"ReadAction\",\"target\":[\"https:\/\/365-housse.com\/es\/productos\/etui-a-cigarette-personnalise\/\"]}]},{\"@type\":\"ImageObject\",\"inLanguage\":\"es\",\"@id\":\"https:\/\/365-housse.com\/es\/productos\/etui-a-cigarette-personnalise\/#primaryimage\",\"url\":\"https:\/\/365-housse.com\/wp-content\/uploads\/2023\/06\/etui-a-cigarette-personnalise.jpg\",\"contentUrl\":\"https:\/\/365-housse.com\/wp-content\/uploads\/2023\/06\/etui-a-cigarette-personnalise.jpg\",\"width\":818,\"height\":938},{\"@type\":\"BreadcrumbList\",\"@id\":\"https:\/\/365-housse.com\/es\/productos\/etui-a-cigarette-personnalise\/#breadcrumb\",\"itemListElement\":[{\"@type\":\"ListItem\",\"position\":1,\"name\":\"Accueil\",\"item\":\"https:\/\/365-housse.com\/es\/\"},{\"@type\":\"ListItem\",\"position\":2,\"name\":\"Tienda\",\"item\":\"https:\/\/365-housse.com\/es\/tienda\/\"},{\"@type\":\"ListItem\",\"position\":3,\"name\":\"Pitillera personalizada\"}]},{\"@type\":\"WebSite\",\"@id\":\"https:\/\/365-housse.com\/es\/#website\",\"url\":\"https:\/\/365-housse.com\/es\/\",\"name\":\"Housse de Canap\u00e9\",\"description\":\"Le N\u00b01 de la Housse\",\"publisher\":{\"@id\":\"https:\/\/365-housse.com\/es\/#organization\"},\"potentialAction\":[{\"@type\":\"SearchAction\",\"target\":{\"@type\":\"EntryPoint\",\"urlTemplate\":\"https:\/\/365-housse.com\/es\/?s={search_term_string}\"},\"query-input\":{\"@type\":\"PropertyValueSpecification\",\"valueRequired\":true,\"valueName\":\"search_term_string\"}}],\"inLanguage\":\"es\"},{\"@type\":\"Organization\",\"@id\":\"https:\/\/365-housse.com\/es\/#organization\",\"name\":\"Housse de Canap\u00e9\",\"url\":\"https:\/\/365-housse.com\/es\/\",\"logo\":{\"@type\":\"ImageObject\",\"inLanguage\":\"es\",\"@id\":\"https:\/\/365-housse.com\/es\/#\/schema\/logo\/image\/\",\"url\":\"https:\/\/365-housse.com\/wp-content\/uploads\/2023\/06\/LOGO-400-\u00d7-200-px-392-x-134-px-16.png\",\"contentUrl\":\"https:\/\/365-housse.com\/wp-content\/uploads\/2023\/06\/LOGO-400-\u00d7-200-px-392-x-134-px-16.png\",\"width\":392,\"height\":134,\"caption\":\"Housse de Canap\u00e9\"},\"image\":{\"@id\":\"https:\/\/365-housse.com\/es\/#\/schema\/logo\/image\/\"}}]}<\/script>","yoast_head_json":{"title":"Pitillera personalizada en entrega - gratis Ahorra un 30% en tu pedido","description":"Recibe tu Pitillera personalizada hoy y benef\u00edciate de la entrega - gratuita Env\u00edo en 24\/48h","robots":{"index":"index","follow":"follow","max-snippet":"max-snippet:-1","max-image-preview":"max-image-preview:large","max-video-preview":"max-video-preview:-1"},"canonical":"https:\/\/365-housse.com\/es\/productos\/etui-a-cigarette-personnalise\/","og_locale":"es_ES","og_type":"article","og_title":"Pitillera personalizada en entrega - gratis Ahorra un 30% en tu pedido","og_description":"Recibe tu Pitillera personalizada hoy y benef\u00edciate de la entrega - gratuita Env\u00edo en 24\/48h","og_url":"https:\/\/365-housse.com\/es\/productos\/etui-a-cigarette-personnalise\/","og_site_name":"Housse de Canap\u00e9","article_modified_time":"2024-09-17T15:13:54+00:00","og_image":[{"width":818,"height":938,"url":"https:\/\/365-housse.com\/wp-content\/uploads\/2023\/06\/etui-a-cigarette-personnalise.png","type":"image\/png"}],"twitter_card":"summary_large_image","schema":{"@context":"https:\/\/schema.org","@graph":[{"@type":"WebPage","@id":"https:\/\/365-housse.com\/es\/productos\/etui-a-cigarette-personnalise\/","url":"https:\/\/365-housse.com\/es\/productos\/etui-a-cigarette-personnalise\/","name":"Pitillera personalizada en entrega - gratis Ahorra un 30% en tu pedido","isPartOf":{"@id":"https:\/\/365-housse.com\/es\/#website"},"primaryImageOfPage":{"@id":"https:\/\/365-housse.com\/es\/productos\/etui-a-cigarette-personnalise\/#primaryimage"},"image":{"@id":"https:\/\/365-housse.com\/es\/productos\/etui-a-cigarette-personnalise\/#primaryimage"},"thumbnailUrl":"https:\/\/365-housse.com\/wp-content\/uploads\/2023\/06\/etui-a-cigarette-personnalise.jpg","datePublished":"2023-06-12T07:59:03+00:00","dateModified":"2024-09-17T15:13:54+00:00","description":"Recibe tu Pitillera personalizada hoy y benef\u00edciate de la entrega - gratuita Env\u00edo en 24\/48h","breadcrumb":{"@id":"https:\/\/365-housse.com\/es\/productos\/etui-a-cigarette-personnalise\/#breadcrumb"},"inLanguage":"es","potentialAction":[{"@type":"ReadAction","target":["https:\/\/365-housse.com\/es\/productos\/etui-a-cigarette-personnalise\/"]}]},{"@type":"ImageObject","inLanguage":"es","@id":"https:\/\/365-housse.com\/es\/productos\/etui-a-cigarette-personnalise\/#primaryimage","url":"https:\/\/365-housse.com\/wp-content\/uploads\/2023\/06\/etui-a-cigarette-personnalise.jpg","contentUrl":"https:\/\/365-housse.com\/wp-content\/uploads\/2023\/06\/etui-a-cigarette-personnalise.jpg","width":818,"height":938},{"@type":"BreadcrumbList","@id":"https:\/\/365-housse.com\/es\/productos\/etui-a-cigarette-personnalise\/#breadcrumb","itemListElement":[{"@type":"ListItem","position":1,"name":"Accueil","item":"https:\/\/365-housse.com\/es\/"},{"@type":"ListItem","position":2,"name":"Tienda","item":"https:\/\/365-housse.com\/es\/tienda\/"},{"@type":"ListItem","position":3,"name":"Pitillera personalizada"}]},{"@type":"WebSite","@id":"https:\/\/365-housse.com\/es\/#website","url":"https:\/\/365-housse.com\/es\/","name":"Housse de Canap\u00e9","description":"Le N\u00b01 de la Housse","publisher":{"@id":"https:\/\/365-housse.com\/es\/#organization"},"potentialAction":[{"@type":"SearchAction","target":{"@type":"EntryPoint","urlTemplate":"https:\/\/365-housse.com\/es\/?s={search_term_string}"},"query-input":{"@type":"PropertyValueSpecification","valueRequired":true,"valueName":"search_term_string"}}],"inLanguage":"es"},{"@type":"Organization","@id":"https:\/\/365-housse.com\/es\/#organization","name":"Housse de Canap\u00e9","url":"https:\/\/365-housse.com\/es\/","logo":{"@type":"ImageObject","inLanguage":"es","@id":"https:\/\/365-housse.com\/es\/#\/schema\/logo\/image\/","url":"https:\/\/365-housse.com\/wp-content\/uploads\/2023\/06\/LOGO-400-\u00d7-200-px-392-x-134-px-16.png","contentUrl":"https:\/\/365-housse.com\/wp-content\/uploads\/2023\/06\/LOGO-400-\u00d7-200-px-392-x-134-px-16.png","width":392,"height":134,"caption":"Housse de Canap\u00e9"},"image":{"@id":"https:\/\/365-housse.com\/es\/#\/schema\/logo\/image\/"}}]}},"_links":{"self":[{"href":"https:\/\/365-housse.com\/es\/wp-json\/wp\/v2\/product\/20958"}],"collection":[{"href":"https:\/\/365-housse.com\/es\/wp-json\/wp\/v2\/product"}],"about":[{"href":"https:\/\/365-housse.com\/es\/wp-json\/wp\/v2\/types\/product"}],"replies":[{"embeddable":true,"href":"https:\/\/365-housse.com\/es\/wp-json\/wp\/v2\/comments?post=20958"}],"wp:featuredmedia":[{"embeddable":true,"href":"https:\/\/365-housse.com\/es\/wp-json\/wp\/v2\/media\/15350"}],"wp:attachment":[{"href":"https:\/\/365-housse.com\/es\/wp-json\/wp\/v2\/media?parent=20958"}],"wp:term":[{"taxonomy":"product_cat","embeddable":true,"href":"https:\/\/365-housse.com\/es\/wp-json\/wp\/v2\/product_cat?post=20958"},{"taxonomy":"product_tag","embeddable":true,"href":"https:\/\/365-housse.com\/es\/wp-json\/wp\/v2\/product_tag?post=20958"}],"curies":[{"name":"wp","href":"https:\/\/api.w.org\/{rel}","templated":true}]}}