{"id":20965,"date":"2023-06-12T07:59:00","date_gmt":"2023-06-12T07:59:00","guid":{"rendered":"https:\/\/365-housse.com\/products\/etui-lunettes-voiture\/"},"modified":"2024-09-17T15:14:02","modified_gmt":"2024-09-17T15:14:02","slug":"etui-lunettes-voiture","status":"publish","type":"product","link":"https:\/\/365-housse.com\/es\/productos\/etui-lunettes-voiture\/","title":{"rendered":"Estuche para gafas de coche"},"content":{"rendered":"<h2>Este <strong>estuche para gafas de coche<\/strong> est\u00e1 especialmente dise\u00f1ado para guardar y conservar tus gafas de forma segura mientras est\u00e1s en movimiento. Se adapta a todos los modelos de gafas.<\/h2>\n<ul>\n<li>\n<p data-mce-fragment=\"1\"><span data-mce-fragment=\"1\">Material: cuero PU<strong data-mce-fragment=\"1\"><br \/><\/strong><\/ lapso><\/p>\n<\/li>\n<li>\n<p data-mce-fragment=\"1\"><span data-mce-fragment=\"1\">Mantiene tus gafas intactas y en buen estado<\/span>&lt;br data-mce-fragment=&quot;1&quot; \/ <\/ p>\n  <\/li>\n<li>\n<p data-mce-fragment=\"1\"><span data-mce-fragment=\"1\">Forma moldeada que proporciona protecci\u00f3n contra impactos<\/span><\/p>\n<\/li>\n<li>\n<p data-mce-fragment=\"1\"><span data-mce-fragment=\"1\">Apto para todo tipo de gafas: gafas de sol, gafas de lectura, etc.<\/span><\/p>\n<\/li>\n<\/ul>\n<ul>\n<li><span data-mce-fragment=\"1\">Cierre y fijaci\u00f3n con im\u00e1n<br \/><\/span><\/li>\n<\/ul>\n<ul>\n<li data-mce-fragment=\"1\">Tama\u00f1o: <span data-mce-fragment=\"1\">(largo x ancho x alto): 17*8*5,1 cm<\/span>\n  <\/li>\n<\/ul>\n<p><span data-mce-fragment=\"1\"><img fetchpriority=\"high\" decoding=\"async\" alt=\"\" height=\"260\" src=\"https:\/\/365-housse.com\/wp-content\/uploads\/2023\/06\/Capture_d_ecran_2021 -08-29_a_15.50.49_480x480.png?v=1630245143\" style=\"margin-left: auto;margin-right: auto\" width=\"380\" \/><\/span><\/p>\n<\/p>\n<h3 data-mce-fragment=\"1\">NOTA: \u00a1Asegure una larga vida \u00fatil a sus gafas!<\/h3>\n","protected":false},"excerpt":{"rendered":"<p>Este estuche para gafas de coche est\u00e1 especialmente dise\u00f1ado para guardar y conservar tus gafas de forma segura mientras est\u00e1s en movimiento. Se adapta a todos los modelos de gafas. Material: cuero PU Mantiene tus gafas intactas y en buen estado&lt;br data-mce-fragment=&quot;1&quot; \/ Forma moldeada que proporciona protecci\u00f3n contra impactos Apto para todo tipo de [&hellip;]<\/p>\n","protected":false},"featured_media":15339,"comment_status":"open","ping_status":"closed","template":"","meta":[],"product_cat":[190,191],"product_tag":[215,205],"class_list":{"0":"post-20965","1":"product","2":"type-product","3":"status-publish","4":"has-post-thumbnail","6":"product_cat-caso","7":"product_cat-estuche-para-gafas","8":"product_tag-etui-es","9":"product_tag-voiture-es","11":"first","12":"instock","13":"shipping-taxable","14":"purchasable","15":"product-type-simple"},"yoast_head":"<title>Estuche para gafas de coche en entrega - gratis Ahorra un 30% en tu pedido<\/title>\n<meta name=\"description\" content=\"Recibe tu Estuche para gafas de coche hoy y benef\u00edciate de la entrega - gratuita Env\u00edo en 24\/48h\" \/>\n<meta name=\"robots\" content=\"index, follow, max-snippet:-1, max-image-preview:large, max-video-preview:-1\" \/>\n<link rel=\"canonical\" href=\"https:\/\/365-housse.com\/es\/productos\/etui-lunettes-voiture\/\" \/>\n<meta property=\"og:locale\" content=\"es_ES\" \/>\n<meta property=\"og:type\" content=\"article\" \/>\n<meta property=\"og:title\" content=\"Estuche para gafas de coche en entrega - gratis Ahorra un 30% en tu pedido\" \/>\n<meta property=\"og:description\" content=\"Recibe tu Estuche para gafas de coche hoy y benef\u00edciate de la entrega - gratuita Env\u00edo en 24\/48h\" \/>\n<meta property=\"og:url\" content=\"https:\/\/365-housse.com\/es\/productos\/etui-lunettes-voiture\/\" \/>\n<meta property=\"og:site_name\" content=\"Housse de Canap\u00e9\" \/>\n<meta property=\"article:modified_time\" content=\"2024-09-17T15:14:02+00:00\" \/>\n<meta property=\"og:image\" content=\"https:\/\/365-housse.com\/wp-content\/uploads\/2023\/06\/etui-lunettes-voiture.png\" \/>\n\t<meta property=\"og:image:width\" content=\"409\" \/>\n\t<meta property=\"og:image:height\" content=\"268\" \/>\n\t<meta property=\"og:image:type\" content=\"image\/png\" \/>\n<meta name=\"twitter:card\" content=\"summary_large_image\" \/>\n<script type=\"application\/ld+json\" class=\"yoast-schema-graph\">{\"@context\":\"https:\/\/schema.org\",\"@graph\":[{\"@type\":\"WebPage\",\"@id\":\"https:\/\/365-housse.com\/es\/productos\/etui-lunettes-voiture\/\",\"url\":\"https:\/\/365-housse.com\/es\/productos\/etui-lunettes-voiture\/\",\"name\":\"Estuche para gafas de coche en entrega - gratis Ahorra un 30% en tu pedido\",\"isPartOf\":{\"@id\":\"https:\/\/365-housse.com\/es\/#website\"},\"primaryImageOfPage\":{\"@id\":\"https:\/\/365-housse.com\/es\/productos\/etui-lunettes-voiture\/#primaryimage\"},\"image\":{\"@id\":\"https:\/\/365-housse.com\/es\/productos\/etui-lunettes-voiture\/#primaryimage\"},\"thumbnailUrl\":\"https:\/\/365-housse.com\/wp-content\/uploads\/2023\/06\/etui-lunettes-voiture.png\",\"datePublished\":\"2023-06-12T07:59:00+00:00\",\"dateModified\":\"2024-09-17T15:14:02+00:00\",\"description\":\"Recibe tu Estuche para gafas de coche hoy y benef\u00edciate de la entrega - gratuita Env\u00edo en 24\/48h\",\"breadcrumb\":{\"@id\":\"https:\/\/365-housse.com\/es\/productos\/etui-lunettes-voiture\/#breadcrumb\"},\"inLanguage\":\"es\",\"potentialAction\":[{\"@type\":\"ReadAction\",\"target\":[\"https:\/\/365-housse.com\/es\/productos\/etui-lunettes-voiture\/\"]}]},{\"@type\":\"ImageObject\",\"inLanguage\":\"es\",\"@id\":\"https:\/\/365-housse.com\/es\/productos\/etui-lunettes-voiture\/#primaryimage\",\"url\":\"https:\/\/365-housse.com\/wp-content\/uploads\/2023\/06\/etui-lunettes-voiture.png\",\"contentUrl\":\"https:\/\/365-housse.com\/wp-content\/uploads\/2023\/06\/etui-lunettes-voiture.png\",\"width\":409,\"height\":268},{\"@type\":\"BreadcrumbList\",\"@id\":\"https:\/\/365-housse.com\/es\/productos\/etui-lunettes-voiture\/#breadcrumb\",\"itemListElement\":[{\"@type\":\"ListItem\",\"position\":1,\"name\":\"Accueil\",\"item\":\"https:\/\/365-housse.com\/es\/\"},{\"@type\":\"ListItem\",\"position\":2,\"name\":\"Tienda\",\"item\":\"https:\/\/365-housse.com\/es\/tienda\/\"},{\"@type\":\"ListItem\",\"position\":3,\"name\":\"Estuche para gafas de coche\"}]},{\"@type\":\"WebSite\",\"@id\":\"https:\/\/365-housse.com\/es\/#website\",\"url\":\"https:\/\/365-housse.com\/es\/\",\"name\":\"Housse de Canap\u00e9\",\"description\":\"Le N\u00b01 de la Housse\",\"publisher\":{\"@id\":\"https:\/\/365-housse.com\/es\/#organization\"},\"potentialAction\":[{\"@type\":\"SearchAction\",\"target\":{\"@type\":\"EntryPoint\",\"urlTemplate\":\"https:\/\/365-housse.com\/es\/?s={search_term_string}\"},\"query-input\":{\"@type\":\"PropertyValueSpecification\",\"valueRequired\":true,\"valueName\":\"search_term_string\"}}],\"inLanguage\":\"es\"},{\"@type\":\"Organization\",\"@id\":\"https:\/\/365-housse.com\/es\/#organization\",\"name\":\"Housse de Canap\u00e9\",\"url\":\"https:\/\/365-housse.com\/es\/\",\"logo\":{\"@type\":\"ImageObject\",\"inLanguage\":\"es\",\"@id\":\"https:\/\/365-housse.com\/es\/#\/schema\/logo\/image\/\",\"url\":\"https:\/\/365-housse.com\/wp-content\/uploads\/2023\/06\/LOGO-400-\u00d7-200-px-392-x-134-px-16.png\",\"contentUrl\":\"https:\/\/365-housse.com\/wp-content\/uploads\/2023\/06\/LOGO-400-\u00d7-200-px-392-x-134-px-16.png\",\"width\":392,\"height\":134,\"caption\":\"Housse de Canap\u00e9\"},\"image\":{\"@id\":\"https:\/\/365-housse.com\/es\/#\/schema\/logo\/image\/\"}}]}<\/script>","yoast_head_json":{"title":"Estuche para gafas de coche en entrega - gratis Ahorra un 30% en tu pedido","description":"Recibe tu Estuche para gafas de coche hoy y benef\u00edciate de la entrega - gratuita Env\u00edo en 24\/48h","robots":{"index":"index","follow":"follow","max-snippet":"max-snippet:-1","max-image-preview":"max-image-preview:large","max-video-preview":"max-video-preview:-1"},"canonical":"https:\/\/365-housse.com\/es\/productos\/etui-lunettes-voiture\/","og_locale":"es_ES","og_type":"article","og_title":"Estuche para gafas de coche en entrega - gratis Ahorra un 30% en tu pedido","og_description":"Recibe tu Estuche para gafas de coche hoy y benef\u00edciate de la entrega - gratuita Env\u00edo en 24\/48h","og_url":"https:\/\/365-housse.com\/es\/productos\/etui-lunettes-voiture\/","og_site_name":"Housse de Canap\u00e9","article_modified_time":"2024-09-17T15:14:02+00:00","og_image":[{"width":409,"height":268,"url":"https:\/\/365-housse.com\/wp-content\/uploads\/2023\/06\/etui-lunettes-voiture.png","type":"image\/png"}],"twitter_card":"summary_large_image","schema":{"@context":"https:\/\/schema.org","@graph":[{"@type":"WebPage","@id":"https:\/\/365-housse.com\/es\/productos\/etui-lunettes-voiture\/","url":"https:\/\/365-housse.com\/es\/productos\/etui-lunettes-voiture\/","name":"Estuche para gafas de coche en entrega - gratis Ahorra un 30% en tu pedido","isPartOf":{"@id":"https:\/\/365-housse.com\/es\/#website"},"primaryImageOfPage":{"@id":"https:\/\/365-housse.com\/es\/productos\/etui-lunettes-voiture\/#primaryimage"},"image":{"@id":"https:\/\/365-housse.com\/es\/productos\/etui-lunettes-voiture\/#primaryimage"},"thumbnailUrl":"https:\/\/365-housse.com\/wp-content\/uploads\/2023\/06\/etui-lunettes-voiture.png","datePublished":"2023-06-12T07:59:00+00:00","dateModified":"2024-09-17T15:14:02+00:00","description":"Recibe tu Estuche para gafas de coche hoy y benef\u00edciate de la entrega - gratuita Env\u00edo en 24\/48h","breadcrumb":{"@id":"https:\/\/365-housse.com\/es\/productos\/etui-lunettes-voiture\/#breadcrumb"},"inLanguage":"es","potentialAction":[{"@type":"ReadAction","target":["https:\/\/365-housse.com\/es\/productos\/etui-lunettes-voiture\/"]}]},{"@type":"ImageObject","inLanguage":"es","@id":"https:\/\/365-housse.com\/es\/productos\/etui-lunettes-voiture\/#primaryimage","url":"https:\/\/365-housse.com\/wp-content\/uploads\/2023\/06\/etui-lunettes-voiture.png","contentUrl":"https:\/\/365-housse.com\/wp-content\/uploads\/2023\/06\/etui-lunettes-voiture.png","width":409,"height":268},{"@type":"BreadcrumbList","@id":"https:\/\/365-housse.com\/es\/productos\/etui-lunettes-voiture\/#breadcrumb","itemListElement":[{"@type":"ListItem","position":1,"name":"Accueil","item":"https:\/\/365-housse.com\/es\/"},{"@type":"ListItem","position":2,"name":"Tienda","item":"https:\/\/365-housse.com\/es\/tienda\/"},{"@type":"ListItem","position":3,"name":"Estuche para gafas de coche"}]},{"@type":"WebSite","@id":"https:\/\/365-housse.com\/es\/#website","url":"https:\/\/365-housse.com\/es\/","name":"Housse de Canap\u00e9","description":"Le N\u00b01 de la Housse","publisher":{"@id":"https:\/\/365-housse.com\/es\/#organization"},"potentialAction":[{"@type":"SearchAction","target":{"@type":"EntryPoint","urlTemplate":"https:\/\/365-housse.com\/es\/?s={search_term_string}"},"query-input":{"@type":"PropertyValueSpecification","valueRequired":true,"valueName":"search_term_string"}}],"inLanguage":"es"},{"@type":"Organization","@id":"https:\/\/365-housse.com\/es\/#organization","name":"Housse de Canap\u00e9","url":"https:\/\/365-housse.com\/es\/","logo":{"@type":"ImageObject","inLanguage":"es","@id":"https:\/\/365-housse.com\/es\/#\/schema\/logo\/image\/","url":"https:\/\/365-housse.com\/wp-content\/uploads\/2023\/06\/LOGO-400-\u00d7-200-px-392-x-134-px-16.png","contentUrl":"https:\/\/365-housse.com\/wp-content\/uploads\/2023\/06\/LOGO-400-\u00d7-200-px-392-x-134-px-16.png","width":392,"height":134,"caption":"Housse de Canap\u00e9"},"image":{"@id":"https:\/\/365-housse.com\/es\/#\/schema\/logo\/image\/"}}]}},"_links":{"self":[{"href":"https:\/\/365-housse.com\/es\/wp-json\/wp\/v2\/product\/20965"}],"collection":[{"href":"https:\/\/365-housse.com\/es\/wp-json\/wp\/v2\/product"}],"about":[{"href":"https:\/\/365-housse.com\/es\/wp-json\/wp\/v2\/types\/product"}],"replies":[{"embeddable":true,"href":"https:\/\/365-housse.com\/es\/wp-json\/wp\/v2\/comments?post=20965"}],"wp:featuredmedia":[{"embeddable":true,"href":"https:\/\/365-housse.com\/es\/wp-json\/wp\/v2\/media\/15339"}],"wp:attachment":[{"href":"https:\/\/365-housse.com\/es\/wp-json\/wp\/v2\/media?parent=20965"}],"wp:term":[{"taxonomy":"product_cat","embeddable":true,"href":"https:\/\/365-housse.com\/es\/wp-json\/wp\/v2\/product_cat?post=20965"},{"taxonomy":"product_tag","embeddable":true,"href":"https:\/\/365-housse.com\/es\/wp-json\/wp\/v2\/product_tag?post=20965"}],"curies":[{"name":"wp","href":"https:\/\/api.w.org\/{rel}","templated":true}]}}