{"id":20978,"date":"2023-06-12T07:58:49","date_gmt":"2023-06-12T07:58:49","guid":{"rendered":"https:\/\/365-housse.com\/products\/etui-a-cigarette-automatique\/"},"modified":"2024-09-17T15:14:13","modified_gmt":"2024-09-17T15:14:13","slug":"etui-a-cigarette-automatique","status":"publish","type":"product","link":"https:\/\/365-housse.com\/es\/productos\/etui-a-cigarette-automatique\/","title":{"rendered":"pitillera autom\u00e1tica"},"content":{"rendered":"<h2><span data-mce-fragment=\"1\">\u00bfEst\u00e1s buscando un estuche para proteger tu paquete de cigarrillos? \u00a1Descubre nuestra <strong>cigarrera autom\u00e1tica<\/strong>! \u00a1Es el accesorio perfecto para llevar tus cigarrillos y tu fuego, adem\u00e1s de tener un dise\u00f1o chic y elegante!<\/span><\/h2>\n<ul>\n<li><span>Material <strong>Metal<\/strong><\/span><\/li>\n<li><span><strong>Calidad superior<\/strong><\/span><\/li>\n<li><span><strong>Resistente a la abrasi\u00f3n<\/strong>, a la compresi\u00f3n y protege los cigarrillos de da\u00f1os.<\/span><\/li>\n<li>El tabaco<span> <\/span><strong>no se seca<\/strong> <\/li>\n<li><span><strong>Carcasa robusta<\/strong> que ofrece una <strong>protecci\u00f3n \u00f3ptima<\/strong> contra aplastamientos<\/span><\/li>\n<li><span>Regalo ideal<\/span><\/li>\n<li><span> <strong>Ligero y f\u00e1cil de transportar<\/strong> <\/span><\/li>\n<li><span><strong>Multifunci\u00f3n<\/strong>: tambi\u00e9n puedes guardar un encendedor <\/span><\/li>\n<li>Tama\u00f1o: <span data-mce-fragment=\"1\">9,2&#215;6,9x2cm<\/span><\/li>\n<li>Capacidad: 10 cigarrillos <\/li>\n<\/ul>\n<p><img decoding=\"async\" alt=\"\" height=\"377\" src=\"https:\/\/365-housse.com\/wp-content\/uploads\/2023\/06\/etui-a-cigarette_480x480.jpg?v=1630056143\" \/><\/p>\n","protected":false},"excerpt":{"rendered":"<p>\u00bfEst\u00e1s buscando un estuche para proteger tu paquete de cigarrillos? \u00a1Descubre nuestra cigarrera autom\u00e1tica! \u00a1Es el accesorio perfecto para llevar tus cigarrillos y tu fuego, adem\u00e1s de tener un dise\u00f1o chic y elegante! Material Metal Calidad superior Resistente a la abrasi\u00f3n, a la compresi\u00f3n y protege los cigarrillos de da\u00f1os. El tabaco no se seca [&hellip;]<\/p>\n","protected":false},"featured_media":15309,"comment_status":"open","ping_status":"closed","template":"","meta":[],"product_cat":[190,193],"product_tag":[215],"class_list":{"0":"post-20978","1":"product","2":"type-product","3":"status-publish","4":"has-post-thumbnail","6":"product_cat-caso","7":"product_cat-pitillera","8":"product_tag-etui-es","10":"first","11":"instock","12":"shipping-taxable","13":"purchasable","14":"product-type-variable"},"yoast_head":"<title>pitillera autom\u00e1tica en entrega - gratis Ahorra un 30% en tu pedido<\/title>\n<meta name=\"description\" content=\"Recibe tu pitillera autom\u00e1tica hoy y benef\u00edciate de la entrega - gratuita Env\u00edo en 24\/48h\" \/>\n<meta name=\"robots\" content=\"index, follow, max-snippet:-1, max-image-preview:large, max-video-preview:-1\" \/>\n<link rel=\"canonical\" href=\"https:\/\/365-housse.com\/es\/productos\/etui-a-cigarette-automatique\/\" \/>\n<meta property=\"og:locale\" content=\"es_ES\" \/>\n<meta property=\"og:type\" content=\"article\" \/>\n<meta property=\"og:title\" content=\"pitillera autom\u00e1tica en entrega - gratis Ahorra un 30% en tu pedido\" \/>\n<meta property=\"og:description\" content=\"Recibe tu pitillera autom\u00e1tica hoy y benef\u00edciate de la entrega - gratuita Env\u00edo en 24\/48h\" \/>\n<meta property=\"og:url\" content=\"https:\/\/365-housse.com\/es\/productos\/etui-a-cigarette-automatique\/\" \/>\n<meta property=\"og:site_name\" content=\"Housse de Canap\u00e9\" \/>\n<meta property=\"article:modified_time\" content=\"2024-09-17T15:14:13+00:00\" \/>\n<meta property=\"og:image\" content=\"https:\/\/365-housse.com\/wp-content\/uploads\/2023\/06\/etui-a-cigarette-automatique.png\" \/>\n\t<meta property=\"og:image:width\" content=\"499\" \/>\n\t<meta property=\"og:image:height\" content=\"500\" \/>\n\t<meta property=\"og:image:type\" content=\"image\/png\" \/>\n<meta name=\"twitter:card\" content=\"summary_large_image\" \/>\n<script type=\"application\/ld+json\" class=\"yoast-schema-graph\">{\"@context\":\"https:\/\/schema.org\",\"@graph\":[{\"@type\":\"WebPage\",\"@id\":\"https:\/\/365-housse.com\/es\/productos\/etui-a-cigarette-automatique\/\",\"url\":\"https:\/\/365-housse.com\/es\/productos\/etui-a-cigarette-automatique\/\",\"name\":\"pitillera autom\u00e1tica en entrega - gratis Ahorra un 30% en tu pedido\",\"isPartOf\":{\"@id\":\"https:\/\/365-housse.com\/es\/#website\"},\"primaryImageOfPage\":{\"@id\":\"https:\/\/365-housse.com\/es\/productos\/etui-a-cigarette-automatique\/#primaryimage\"},\"image\":{\"@id\":\"https:\/\/365-housse.com\/es\/productos\/etui-a-cigarette-automatique\/#primaryimage\"},\"thumbnailUrl\":\"https:\/\/365-housse.com\/wp-content\/uploads\/2023\/06\/etui-a-cigarette-automatique.png\",\"datePublished\":\"2023-06-12T07:58:49+00:00\",\"dateModified\":\"2024-09-17T15:14:13+00:00\",\"description\":\"Recibe tu pitillera autom\u00e1tica hoy y benef\u00edciate de la entrega - gratuita Env\u00edo en 24\/48h\",\"breadcrumb\":{\"@id\":\"https:\/\/365-housse.com\/es\/productos\/etui-a-cigarette-automatique\/#breadcrumb\"},\"inLanguage\":\"es\",\"potentialAction\":[{\"@type\":\"ReadAction\",\"target\":[\"https:\/\/365-housse.com\/es\/productos\/etui-a-cigarette-automatique\/\"]}]},{\"@type\":\"ImageObject\",\"inLanguage\":\"es\",\"@id\":\"https:\/\/365-housse.com\/es\/productos\/etui-a-cigarette-automatique\/#primaryimage\",\"url\":\"https:\/\/365-housse.com\/wp-content\/uploads\/2023\/06\/etui-a-cigarette-automatique.png\",\"contentUrl\":\"https:\/\/365-housse.com\/wp-content\/uploads\/2023\/06\/etui-a-cigarette-automatique.png\",\"width\":499,\"height\":500},{\"@type\":\"BreadcrumbList\",\"@id\":\"https:\/\/365-housse.com\/es\/productos\/etui-a-cigarette-automatique\/#breadcrumb\",\"itemListElement\":[{\"@type\":\"ListItem\",\"position\":1,\"name\":\"Accueil\",\"item\":\"https:\/\/365-housse.com\/es\/\"},{\"@type\":\"ListItem\",\"position\":2,\"name\":\"Tienda\",\"item\":\"https:\/\/365-housse.com\/es\/tienda\/\"},{\"@type\":\"ListItem\",\"position\":3,\"name\":\"pitillera autom\u00e1tica\"}]},{\"@type\":\"WebSite\",\"@id\":\"https:\/\/365-housse.com\/es\/#website\",\"url\":\"https:\/\/365-housse.com\/es\/\",\"name\":\"Housse de Canap\u00e9\",\"description\":\"Le N\u00b01 de la Housse\",\"publisher\":{\"@id\":\"https:\/\/365-housse.com\/es\/#organization\"},\"potentialAction\":[{\"@type\":\"SearchAction\",\"target\":{\"@type\":\"EntryPoint\",\"urlTemplate\":\"https:\/\/365-housse.com\/es\/?s={search_term_string}\"},\"query-input\":{\"@type\":\"PropertyValueSpecification\",\"valueRequired\":true,\"valueName\":\"search_term_string\"}}],\"inLanguage\":\"es\"},{\"@type\":\"Organization\",\"@id\":\"https:\/\/365-housse.com\/es\/#organization\",\"name\":\"Housse de Canap\u00e9\",\"url\":\"https:\/\/365-housse.com\/es\/\",\"logo\":{\"@type\":\"ImageObject\",\"inLanguage\":\"es\",\"@id\":\"https:\/\/365-housse.com\/es\/#\/schema\/logo\/image\/\",\"url\":\"https:\/\/365-housse.com\/wp-content\/uploads\/2023\/06\/LOGO-400-\u00d7-200-px-392-x-134-px-16.png\",\"contentUrl\":\"https:\/\/365-housse.com\/wp-content\/uploads\/2023\/06\/LOGO-400-\u00d7-200-px-392-x-134-px-16.png\",\"width\":392,\"height\":134,\"caption\":\"Housse de Canap\u00e9\"},\"image\":{\"@id\":\"https:\/\/365-housse.com\/es\/#\/schema\/logo\/image\/\"}}]}<\/script>","yoast_head_json":{"title":"pitillera autom\u00e1tica en entrega - gratis Ahorra un 30% en tu pedido","description":"Recibe tu pitillera autom\u00e1tica hoy y benef\u00edciate de la entrega - gratuita Env\u00edo en 24\/48h","robots":{"index":"index","follow":"follow","max-snippet":"max-snippet:-1","max-image-preview":"max-image-preview:large","max-video-preview":"max-video-preview:-1"},"canonical":"https:\/\/365-housse.com\/es\/productos\/etui-a-cigarette-automatique\/","og_locale":"es_ES","og_type":"article","og_title":"pitillera autom\u00e1tica en entrega - gratis Ahorra un 30% en tu pedido","og_description":"Recibe tu pitillera autom\u00e1tica hoy y benef\u00edciate de la entrega - gratuita Env\u00edo en 24\/48h","og_url":"https:\/\/365-housse.com\/es\/productos\/etui-a-cigarette-automatique\/","og_site_name":"Housse de Canap\u00e9","article_modified_time":"2024-09-17T15:14:13+00:00","og_image":[{"width":499,"height":500,"url":"https:\/\/365-housse.com\/wp-content\/uploads\/2023\/06\/etui-a-cigarette-automatique.png","type":"image\/png"}],"twitter_card":"summary_large_image","schema":{"@context":"https:\/\/schema.org","@graph":[{"@type":"WebPage","@id":"https:\/\/365-housse.com\/es\/productos\/etui-a-cigarette-automatique\/","url":"https:\/\/365-housse.com\/es\/productos\/etui-a-cigarette-automatique\/","name":"pitillera autom\u00e1tica en entrega - gratis Ahorra un 30% en tu pedido","isPartOf":{"@id":"https:\/\/365-housse.com\/es\/#website"},"primaryImageOfPage":{"@id":"https:\/\/365-housse.com\/es\/productos\/etui-a-cigarette-automatique\/#primaryimage"},"image":{"@id":"https:\/\/365-housse.com\/es\/productos\/etui-a-cigarette-automatique\/#primaryimage"},"thumbnailUrl":"https:\/\/365-housse.com\/wp-content\/uploads\/2023\/06\/etui-a-cigarette-automatique.png","datePublished":"2023-06-12T07:58:49+00:00","dateModified":"2024-09-17T15:14:13+00:00","description":"Recibe tu pitillera autom\u00e1tica hoy y benef\u00edciate de la entrega - gratuita Env\u00edo en 24\/48h","breadcrumb":{"@id":"https:\/\/365-housse.com\/es\/productos\/etui-a-cigarette-automatique\/#breadcrumb"},"inLanguage":"es","potentialAction":[{"@type":"ReadAction","target":["https:\/\/365-housse.com\/es\/productos\/etui-a-cigarette-automatique\/"]}]},{"@type":"ImageObject","inLanguage":"es","@id":"https:\/\/365-housse.com\/es\/productos\/etui-a-cigarette-automatique\/#primaryimage","url":"https:\/\/365-housse.com\/wp-content\/uploads\/2023\/06\/etui-a-cigarette-automatique.png","contentUrl":"https:\/\/365-housse.com\/wp-content\/uploads\/2023\/06\/etui-a-cigarette-automatique.png","width":499,"height":500},{"@type":"BreadcrumbList","@id":"https:\/\/365-housse.com\/es\/productos\/etui-a-cigarette-automatique\/#breadcrumb","itemListElement":[{"@type":"ListItem","position":1,"name":"Accueil","item":"https:\/\/365-housse.com\/es\/"},{"@type":"ListItem","position":2,"name":"Tienda","item":"https:\/\/365-housse.com\/es\/tienda\/"},{"@type":"ListItem","position":3,"name":"pitillera autom\u00e1tica"}]},{"@type":"WebSite","@id":"https:\/\/365-housse.com\/es\/#website","url":"https:\/\/365-housse.com\/es\/","name":"Housse de Canap\u00e9","description":"Le N\u00b01 de la Housse","publisher":{"@id":"https:\/\/365-housse.com\/es\/#organization"},"potentialAction":[{"@type":"SearchAction","target":{"@type":"EntryPoint","urlTemplate":"https:\/\/365-housse.com\/es\/?s={search_term_string}"},"query-input":{"@type":"PropertyValueSpecification","valueRequired":true,"valueName":"search_term_string"}}],"inLanguage":"es"},{"@type":"Organization","@id":"https:\/\/365-housse.com\/es\/#organization","name":"Housse de Canap\u00e9","url":"https:\/\/365-housse.com\/es\/","logo":{"@type":"ImageObject","inLanguage":"es","@id":"https:\/\/365-housse.com\/es\/#\/schema\/logo\/image\/","url":"https:\/\/365-housse.com\/wp-content\/uploads\/2023\/06\/LOGO-400-\u00d7-200-px-392-x-134-px-16.png","contentUrl":"https:\/\/365-housse.com\/wp-content\/uploads\/2023\/06\/LOGO-400-\u00d7-200-px-392-x-134-px-16.png","width":392,"height":134,"caption":"Housse de Canap\u00e9"},"image":{"@id":"https:\/\/365-housse.com\/es\/#\/schema\/logo\/image\/"}}]}},"_links":{"self":[{"href":"https:\/\/365-housse.com\/es\/wp-json\/wp\/v2\/product\/20978"}],"collection":[{"href":"https:\/\/365-housse.com\/es\/wp-json\/wp\/v2\/product"}],"about":[{"href":"https:\/\/365-housse.com\/es\/wp-json\/wp\/v2\/types\/product"}],"replies":[{"embeddable":true,"href":"https:\/\/365-housse.com\/es\/wp-json\/wp\/v2\/comments?post=20978"}],"wp:featuredmedia":[{"embeddable":true,"href":"https:\/\/365-housse.com\/es\/wp-json\/wp\/v2\/media\/15309"}],"wp:attachment":[{"href":"https:\/\/365-housse.com\/es\/wp-json\/wp\/v2\/media?parent=20978"}],"wp:term":[{"taxonomy":"product_cat","embeddable":true,"href":"https:\/\/365-housse.com\/es\/wp-json\/wp\/v2\/product_cat?post=20978"},{"taxonomy":"product_tag","embeddable":true,"href":"https:\/\/365-housse.com\/es\/wp-json\/wp\/v2\/product_tag?post=20978"}],"curies":[{"name":"wp","href":"https:\/\/api.w.org\/{rel}","templated":true}]}}