{"id":8761,"date":"2023-06-12T08:12:02","date_gmt":"2023-06-12T08:12:02","guid":{"rendered":"https:\/\/365-housse.com\/produit\/housse-de-chaise-jacquard-vert\/"},"modified":"2023-11-03T12:39:48","modified_gmt":"2023-11-03T12:39:48","slug":"housse-de-chaise-jacquard-vert","status":"publish","type":"product","link":"https:\/\/365-housse.com\/es\/products\/housse-de-chaise-jacquard-vert\/","title":{"rendered":"Housse de chaise  Jacquard Vert"},"content":{"rendered":"<p>Notre <a href=\"https:\/\/365-housse.com\/collections\/housse-de-chaise\" rel=\"noopener\" target=\"_blank\" title=\"Housse de Chaise\"><strong>Housse de Chaise Jacquard Vert<\/strong><\/a> repr\u00e9sente un choix id\u00e9al pour recouvrir et prot\u00e9ger votre chaise. Elle est \u00e9l\u00e9gante et luxueuse et ravira vos invit\u00e9s. L&#8217;effet jacquard de cette housse de chaise ajoute une touche suppl\u00e9mentaire de beaut\u00e9 qui ne passera pas inaper\u00e7ue ! C&#8217;est un produit classique et polyvalent qui s&#8217;adapte \u00e0 tous les styles de d\u00e9cor. C&#8217;est la solution parfaite pour votre bureau ou votre maison.<\/p>\n<h3>Les avantages de notre\u00a0<strong>housse de chaise\u00a0jacquard vert<\/strong><span>\u00a0<\/span>:<\/h3>\n<ul data-mce-fragment=\"1\">\n<li data-mce-fragment=\"1\">Elle offre une touche d&#8217;\u00e9l\u00e9gance et une touche de design \u00e0 votre int\u00e9rieur<\/li>\n<li data-mce-fragment=\"1\">La housse de chaise assure une protection optimale contre l&#8217;usure, la salet\u00e9, les t\u00e2ches, les animaux de compagnie,&#8230;<\/li>\n<li data-mce-fragment=\"1\">S&#8217;adapte en quelques secondes,\u00a0nos housses de protection sont dot\u00e9es de caract\u00e9ristiques \u00e9lastiques pour un ajustement parfait \u00e0 99% des mod\u00e8les de chaises<\/li>\n<li data-mce-fragment=\"1\">Housse r\u00e9alis\u00e9e \u00e0 partir d&#8217;un tissu de qualit\u00e9 premium<\/li>\n<\/ul>\n<p data-mce-fragment=\"1\"><strong data-mce-fragment=\"1\">Caract\u00e9ristiques :\u00a0<\/strong><\/p>\n<ul data-mce-fragment=\"1\">\n<li data-mce-fragment=\"1\">Mat\u00e9riel :\u00a0Jacquard (doux et confortable)<\/li>\n<li data-mce-fragment=\"1\">Tissu haute densit\u00e9 prot\u00e8ge votre chaise des taches inattendues<\/li>\n<li data-mce-fragment=\"1\">Technologie d&#8217;impression\u00a0<strong data-mce-fragment=\"1\">ultra performante<\/strong>\u00a0pour une r\u00e9sistance des couleurs accrue \u00e0 la lumi\u00e8re et au lavage<\/li>\n<li data-mce-fragment=\"1\">Facile \u00e0 mettre\u00a0<\/li>\n<li data-mce-fragment=\"1\">Garder votre chaise propre et en excellent \u00e9tat<\/li>\n<li data-mce-fragment=\"1\">La conception de la bande \u00e9lastique apporte un ajustement parfait et une prise antid\u00e9rapante<\/li>\n<li data-mce-fragment=\"1\">Lavable en machine<\/li>\n<\/ul>\n<p data-mce-fragment=\"1\"><strong data-mce-fragment=\"1\">Guide des tailles :<\/strong><\/p>\n<p data-mce-fragment=\"1\">\u00a0<img decoding=\"async\" alt=\"\" data-mce-fragment=\"1\" data-mce-src=\"https:\/\/365-housse.com\/wp-content\/uploads\/2023\/06\/Housse-de-chaise-guide-taille_480x480.png?v=1673805991\" src=\"https:\/\/365-housse.com\/wp-content\/uploads\/2023\/06\/Housse-de-chaise-guide-taille_480x480.png?v=1673805991\" style=\"margin-left: auto;margin-right: auto\"\/><\/p>\n<p data-pm-slice=\"1 1 []\">Notre <a href=\"https:\/\/365-housse.com\/collections\/housse-de-chaise\" rel=\"noopener\" target=\"_blank\" title=\"Housse de Chaise\"><strong>Housse de Chaise<\/strong><\/a> en jacquard est disponible dans une vari\u00e9t\u00e9 de couleurs afin que vous puissiez l&#8217;accorder \u00e0 votre d\u00e9cor ou \u00e0 votre th\u00e8me. Notre <a href=\"https:\/\/365-housse.com\/products\/housse-de-chaise-jacquard-rose\" rel=\"noopener\" target=\"_blank\" title=\"Housse de Chaise Jacquard Rose\"><strong>Housse de Chaise Jacquard Rose<\/strong><\/a> apportera \u00e0 votre \u00e9v\u00e9nement un aspect \u00e9l\u00e9gant et chic. Elle est parfaite pour les mariages, les anniversaires, les douches de b\u00e9b\u00e9, les d\u00eeners de r\u00e9p\u00e9tition et autres \u00e9v\u00e9nements o\u00f9 vous souhaitez ajouter de la classe au d\u00e9cor.<\/p>\n","protected":false},"excerpt":{"rendered":"<p>Notre Housse de Chaise Jacquard Vert repr\u00e9sente un choix id\u00e9al pour recouvrir et prot\u00e9ger votre chaise. Elle est \u00e9l\u00e9gante et luxueuse et ravira vos invit\u00e9s. L&#8217;effet jacquard de cette housse de chaise ajoute une touche suppl\u00e9mentaire de beaut\u00e9 qui ne passera pas inaper\u00e7ue ! C&#8217;est un produit classique et polyvalent qui s&#8217;adapte \u00e0 tous les [&hellip;]<\/p>\n","protected":false},"featured_media":9946,"comment_status":"open","ping_status":"closed","template":"","meta":[],"product_cat":[71,78],"product_tag":[99],"class_list":{"0":"post-8761","1":"product","2":"type-product","3":"status-publish","4":"has-post-thumbnail","6":"product_cat-housse-de-chaise","7":"product_cat-housse-interieur","8":"product_tag-chaise","10":"first","11":"instock","12":"shipping-taxable","13":"purchasable","14":"product-type-simple"},"yoast_head":"<title>Housse de chaise Jacquard Vert en entrega - gratis Ahorra un 30% en tu pedido<\/title>\n<meta name=\"description\" content=\"Recibe tu Housse de chaise Jacquard Vert hoy y benef\u00edciate de la entrega - gratuita Env\u00edo en 24\/48h\" \/>\n<meta name=\"robots\" content=\"index, follow, max-snippet:-1, max-image-preview:large, max-video-preview:-1\" \/>\n<link rel=\"canonical\" href=\"https:\/\/365-housse.com\/es\/products\/housse-de-chaise-jacquard-vert\/\" \/>\n<meta property=\"og:locale\" content=\"es_ES\" \/>\n<meta property=\"og:type\" content=\"article\" \/>\n<meta property=\"og:title\" content=\"Housse de chaise Jacquard Vert en entrega - gratis Ahorra un 30% en tu pedido\" \/>\n<meta property=\"og:description\" content=\"Recibe tu Housse de chaise Jacquard Vert hoy y benef\u00edciate de la entrega - gratuita Env\u00edo en 24\/48h\" \/>\n<meta property=\"og:url\" content=\"https:\/\/365-housse.com\/es\/products\/housse-de-chaise-jacquard-vert\/\" \/>\n<meta property=\"og:site_name\" content=\"Housse de Canap\u00e9\" \/>\n<meta property=\"article:modified_time\" content=\"2023-11-03T12:39:48+00:00\" \/>\n<meta property=\"og:image\" content=\"https:\/\/365-housse.com\/wp-content\/uploads\/2023\/06\/housse-de-chaise-jacquard-vert.jpg\" \/>\n\t<meta property=\"og:image:width\" content=\"440\" \/>\n\t<meta property=\"og:image:height\" content=\"475\" \/>\n\t<meta property=\"og:image:type\" content=\"image\/jpeg\" \/>\n<meta name=\"twitter:card\" content=\"summary_large_image\" \/>\n<meta name=\"twitter:label1\" content=\"Tiempo de lectura\" \/>\n\t<meta name=\"twitter:data1\" content=\"1 minuto\" \/>\n<script type=\"application\/ld+json\" class=\"yoast-schema-graph\">{\"@context\":\"https:\/\/schema.org\",\"@graph\":[{\"@type\":\"WebPage\",\"@id\":\"https:\/\/365-housse.com\/es\/products\/housse-de-chaise-jacquard-vert\/\",\"url\":\"https:\/\/365-housse.com\/es\/products\/housse-de-chaise-jacquard-vert\/\",\"name\":\"Housse de chaise Jacquard Vert en entrega - gratis Ahorra un 30% en tu pedido\",\"isPartOf\":{\"@id\":\"https:\/\/365-housse.com\/es\/#website\"},\"primaryImageOfPage\":{\"@id\":\"https:\/\/365-housse.com\/es\/products\/housse-de-chaise-jacquard-vert\/#primaryimage\"},\"image\":{\"@id\":\"https:\/\/365-housse.com\/es\/products\/housse-de-chaise-jacquard-vert\/#primaryimage\"},\"thumbnailUrl\":\"https:\/\/365-housse.com\/wp-content\/uploads\/2023\/06\/housse-de-chaise-jacquard-vert.jpg\",\"datePublished\":\"2023-06-12T08:12:02+00:00\",\"dateModified\":\"2023-11-03T12:39:48+00:00\",\"description\":\"Recibe tu Housse de chaise Jacquard Vert hoy y benef\u00edciate de la entrega - gratuita Env\u00edo en 24\/48h\",\"breadcrumb\":{\"@id\":\"https:\/\/365-housse.com\/es\/products\/housse-de-chaise-jacquard-vert\/#breadcrumb\"},\"inLanguage\":\"es\",\"potentialAction\":[{\"@type\":\"ReadAction\",\"target\":[\"https:\/\/365-housse.com\/es\/products\/housse-de-chaise-jacquard-vert\/\"]}]},{\"@type\":\"ImageObject\",\"inLanguage\":\"es\",\"@id\":\"https:\/\/365-housse.com\/es\/products\/housse-de-chaise-jacquard-vert\/#primaryimage\",\"url\":\"https:\/\/365-housse.com\/wp-content\/uploads\/2023\/06\/housse-de-chaise-jacquard-vert.jpg\",\"contentUrl\":\"https:\/\/365-housse.com\/wp-content\/uploads\/2023\/06\/housse-de-chaise-jacquard-vert.jpg\",\"width\":440,\"height\":475},{\"@type\":\"BreadcrumbList\",\"@id\":\"https:\/\/365-housse.com\/es\/products\/housse-de-chaise-jacquard-vert\/#breadcrumb\",\"itemListElement\":[{\"@type\":\"ListItem\",\"position\":1,\"name\":\"Accueil\",\"item\":\"https:\/\/365-housse.com\/es\/\"},{\"@type\":\"ListItem\",\"position\":2,\"name\":\"Tienda\",\"item\":\"https:\/\/365-housse.com\/es\/tienda\/\"},{\"@type\":\"ListItem\",\"position\":3,\"name\":\"Housse de chaise Jacquard Vert\"}]},{\"@type\":\"WebSite\",\"@id\":\"https:\/\/365-housse.com\/es\/#website\",\"url\":\"https:\/\/365-housse.com\/es\/\",\"name\":\"Housse de Canap\u00e9\",\"description\":\"Le N\u00b01 de la Housse\",\"publisher\":{\"@id\":\"https:\/\/365-housse.com\/es\/#organization\"},\"potentialAction\":[{\"@type\":\"SearchAction\",\"target\":{\"@type\":\"EntryPoint\",\"urlTemplate\":\"https:\/\/365-housse.com\/es\/?s={search_term_string}\"},\"query-input\":{\"@type\":\"PropertyValueSpecification\",\"valueRequired\":true,\"valueName\":\"search_term_string\"}}],\"inLanguage\":\"es\"},{\"@type\":\"Organization\",\"@id\":\"https:\/\/365-housse.com\/es\/#organization\",\"name\":\"Housse de Canap\u00e9\",\"url\":\"https:\/\/365-housse.com\/es\/\",\"logo\":{\"@type\":\"ImageObject\",\"inLanguage\":\"es\",\"@id\":\"https:\/\/365-housse.com\/es\/#\/schema\/logo\/image\/\",\"url\":\"https:\/\/365-housse.com\/wp-content\/uploads\/2023\/06\/LOGO-400-\u00d7-200-px-392-x-134-px-16.png\",\"contentUrl\":\"https:\/\/365-housse.com\/wp-content\/uploads\/2023\/06\/LOGO-400-\u00d7-200-px-392-x-134-px-16.png\",\"width\":392,\"height\":134,\"caption\":\"Housse de Canap\u00e9\"},\"image\":{\"@id\":\"https:\/\/365-housse.com\/es\/#\/schema\/logo\/image\/\"}}]}<\/script>","yoast_head_json":{"title":"Housse de chaise Jacquard Vert en entrega - gratis Ahorra un 30% en tu pedido","description":"Recibe tu Housse de chaise Jacquard Vert hoy y benef\u00edciate de la entrega - gratuita Env\u00edo en 24\/48h","robots":{"index":"index","follow":"follow","max-snippet":"max-snippet:-1","max-image-preview":"max-image-preview:large","max-video-preview":"max-video-preview:-1"},"canonical":"https:\/\/365-housse.com\/es\/products\/housse-de-chaise-jacquard-vert\/","og_locale":"es_ES","og_type":"article","og_title":"Housse de chaise Jacquard Vert en entrega - gratis Ahorra un 30% en tu pedido","og_description":"Recibe tu Housse de chaise Jacquard Vert hoy y benef\u00edciate de la entrega - gratuita Env\u00edo en 24\/48h","og_url":"https:\/\/365-housse.com\/es\/products\/housse-de-chaise-jacquard-vert\/","og_site_name":"Housse de Canap\u00e9","article_modified_time":"2023-11-03T12:39:48+00:00","og_image":[{"width":440,"height":475,"url":"https:\/\/365-housse.com\/wp-content\/uploads\/2023\/06\/housse-de-chaise-jacquard-vert.jpg","type":"image\/jpeg"}],"twitter_card":"summary_large_image","twitter_misc":{"Tiempo de lectura":"1 minuto"},"schema":{"@context":"https:\/\/schema.org","@graph":[{"@type":"WebPage","@id":"https:\/\/365-housse.com\/es\/products\/housse-de-chaise-jacquard-vert\/","url":"https:\/\/365-housse.com\/es\/products\/housse-de-chaise-jacquard-vert\/","name":"Housse de chaise Jacquard Vert en entrega - gratis Ahorra un 30% en tu pedido","isPartOf":{"@id":"https:\/\/365-housse.com\/es\/#website"},"primaryImageOfPage":{"@id":"https:\/\/365-housse.com\/es\/products\/housse-de-chaise-jacquard-vert\/#primaryimage"},"image":{"@id":"https:\/\/365-housse.com\/es\/products\/housse-de-chaise-jacquard-vert\/#primaryimage"},"thumbnailUrl":"https:\/\/365-housse.com\/wp-content\/uploads\/2023\/06\/housse-de-chaise-jacquard-vert.jpg","datePublished":"2023-06-12T08:12:02+00:00","dateModified":"2023-11-03T12:39:48+00:00","description":"Recibe tu Housse de chaise Jacquard Vert hoy y benef\u00edciate de la entrega - gratuita Env\u00edo en 24\/48h","breadcrumb":{"@id":"https:\/\/365-housse.com\/es\/products\/housse-de-chaise-jacquard-vert\/#breadcrumb"},"inLanguage":"es","potentialAction":[{"@type":"ReadAction","target":["https:\/\/365-housse.com\/es\/products\/housse-de-chaise-jacquard-vert\/"]}]},{"@type":"ImageObject","inLanguage":"es","@id":"https:\/\/365-housse.com\/es\/products\/housse-de-chaise-jacquard-vert\/#primaryimage","url":"https:\/\/365-housse.com\/wp-content\/uploads\/2023\/06\/housse-de-chaise-jacquard-vert.jpg","contentUrl":"https:\/\/365-housse.com\/wp-content\/uploads\/2023\/06\/housse-de-chaise-jacquard-vert.jpg","width":440,"height":475},{"@type":"BreadcrumbList","@id":"https:\/\/365-housse.com\/es\/products\/housse-de-chaise-jacquard-vert\/#breadcrumb","itemListElement":[{"@type":"ListItem","position":1,"name":"Accueil","item":"https:\/\/365-housse.com\/es\/"},{"@type":"ListItem","position":2,"name":"Tienda","item":"https:\/\/365-housse.com\/es\/tienda\/"},{"@type":"ListItem","position":3,"name":"Housse de chaise Jacquard Vert"}]},{"@type":"WebSite","@id":"https:\/\/365-housse.com\/es\/#website","url":"https:\/\/365-housse.com\/es\/","name":"Housse de Canap\u00e9","description":"Le N\u00b01 de la Housse","publisher":{"@id":"https:\/\/365-housse.com\/es\/#organization"},"potentialAction":[{"@type":"SearchAction","target":{"@type":"EntryPoint","urlTemplate":"https:\/\/365-housse.com\/es\/?s={search_term_string}"},"query-input":{"@type":"PropertyValueSpecification","valueRequired":true,"valueName":"search_term_string"}}],"inLanguage":"es"},{"@type":"Organization","@id":"https:\/\/365-housse.com\/es\/#organization","name":"Housse de Canap\u00e9","url":"https:\/\/365-housse.com\/es\/","logo":{"@type":"ImageObject","inLanguage":"es","@id":"https:\/\/365-housse.com\/es\/#\/schema\/logo\/image\/","url":"https:\/\/365-housse.com\/wp-content\/uploads\/2023\/06\/LOGO-400-\u00d7-200-px-392-x-134-px-16.png","contentUrl":"https:\/\/365-housse.com\/wp-content\/uploads\/2023\/06\/LOGO-400-\u00d7-200-px-392-x-134-px-16.png","width":392,"height":134,"caption":"Housse de Canap\u00e9"},"image":{"@id":"https:\/\/365-housse.com\/es\/#\/schema\/logo\/image\/"}}]}},"_links":{"self":[{"href":"https:\/\/365-housse.com\/es\/wp-json\/wp\/v2\/product\/8761"}],"collection":[{"href":"https:\/\/365-housse.com\/es\/wp-json\/wp\/v2\/product"}],"about":[{"href":"https:\/\/365-housse.com\/es\/wp-json\/wp\/v2\/types\/product"}],"replies":[{"embeddable":true,"href":"https:\/\/365-housse.com\/es\/wp-json\/wp\/v2\/comments?post=8761"}],"wp:featuredmedia":[{"embeddable":true,"href":"https:\/\/365-housse.com\/es\/wp-json\/wp\/v2\/media\/9946"}],"wp:attachment":[{"href":"https:\/\/365-housse.com\/es\/wp-json\/wp\/v2\/media?parent=8761"}],"wp:term":[{"taxonomy":"product_cat","embeddable":true,"href":"https:\/\/365-housse.com\/es\/wp-json\/wp\/v2\/product_cat?post=8761"},{"taxonomy":"product_tag","embeddable":true,"href":"https:\/\/365-housse.com\/es\/wp-json\/wp\/v2\/product_tag?post=8761"}],"curies":[{"name":"wp","href":"https:\/\/api.w.org\/{rel}","templated":true}]}}